{"id":11791,"date":"2019-02-07T12:06:05","date_gmt":"2019-02-07T11:06:05","guid":{"rendered":"https:\/\/www.comosoft.com\/?page_id=11791"},"modified":"2019-04-25T08:47:03","modified_gmt":"2019-04-25T06:47:03","slug":"comunicado-de-prensa-asim","status":"publish","type":"page","link":"https:\/\/www.comosoft.eu\/es\/comunicado-de-prensa-asim\/","title":{"rendered":"Comunicado de prensa  asim"},"content":{"rendered":"<div class=\"wpb-content-wrapper\"><p>[vc_row][vc_column width=&#8221;1\/1&#8243;][vc_column_text]<\/p>\n<h1>El Grupo Eversfrank ampl\u00eda la cartera del grupo en direcci\u00f3n a la industria<\/h1>\n<p><strong>Con asim GmbH, la filial Comosoft refuerza a\u00fan m\u00e1s su competencia en el mercado.<\/strong><\/p>\n<p><strong>Hamburgo\/Meldorf, 2 de julio de 2015<\/strong> &#8211; El 1 de julio de 2015, el grupo Eversfrank se har\u00e1 cargo de asim GmbH, que surgir\u00e1 de Druckhaus Waiblingen. Con ello, el Grupo Eversfrank se ha ampliado hasta convertirse en uno de los proveedores l\u00edderes en Europa de soluciones PIM estandarizadas y configurables individualmente desde hace m\u00e1s de 15 a\u00f1os. Adem\u00e1s de varios centros de impresi\u00f3n, el grupo de tama\u00f1o mediano de Eversfrank tambi\u00e9n incluye a Comosoft GmbH y ppi Media GmbH, dos de los fabricantes de software l\u00edderes en el campo de los sistemas de producci\u00f3n de medios de comunicaci\u00f3n. Comosoft GmbH se convierte en accionista al 100% de asim GmbH.<\/p>\n<p>&#8220;Para Comosoft GmbH, un a\u00f1o fiscal exitoso est\u00e1 llegando a su fin y con el comienzo del nuevo a\u00f1o fiscal, nos complace dar la bienvenida a asim GmbH como una subsidiaria 100% de Comosoft&#8221;, dice Peter Jozefiak, Director General de Comosoft GmbH y asim GmbH. Hartmut Villinger, gerente de asim GmbH, subraya: &#8220;Estamos muy contentos de haber conseguido que asim sea una empresa de futuro en el grupo Eversfrank&#8221;. Esta nueva constelaci\u00f3n no s\u00f3lo permite estar m\u00e1s cerca del mercado, sino tambi\u00e9n ser m\u00e1s eficaces en las importantes \u00e1reas de servicio, innovaci\u00f3n y calidad. asim GmbH conservar\u00e1 su sede central en Waiblingen y los clientes seguir\u00e1n siendo atendidos como de costumbre &#8211; ahora bajo la marca paraguas Comosoft. Comosoft GmbH es uno de los proveedores l\u00edderes en el comercio omni-canal para empresas B2B y B2C en los sectores minorista y de venta por correo. Entre sus clientes en Alemania se encuentran Metro Group, Lidl, Bader, Klingel, Kaiser &amp; Kraft y Printus, as\u00ed como Sears, K-Mart, Bass Pro y Quill (Staples) en Norteam\u00e9rica. &#8220;<em>La compra no s\u00f3lo refuerza la competencia de mercado de Comosoft, sino que tambi\u00e9n refuerza su gama de servicios. La experiencia comercial y los amplios conocimientos en los \u00e1mbitos de la venta por correo, el comercio, la industria y la edici\u00f3n pueden convertirse as\u00ed en un potente y real valor a\u00f1adido para nuestros clientes<\/em>&#8220;, explica Peter Jozefiak, Director General de Comosoft and asim GmbH. &#8220;<em>Hemos logrado crear la base para la continuidad y el desarrollo<\/em>&#8220;, dice Hartmut Villinger, Director General de asim GmbH. &#8220;A<em> trav\u00e9s de Comosoft y la cercan\u00eda a ppi Media, una empresa hermana de Comosoft, aumentaremos nuestra importancia en el \u00e1rea de desarrollo y calidad de servicio, pero sobre todo ampliaremos considerablemente nuestra gama de servicios para nuestros clientes<\/em>&#8220;.<\/p>\n<p>[\/vc_column_text][\/vc_column][\/vc_row]<\/p>\n<\/div>","protected":false},"excerpt":{"rendered":"<p>[vc_row][vc_column width=&#8221;1\/1&#8243;][vc_column_text] El Grupo Eversfrank ampl\u00eda la cartera del grupo en direcci\u00f3n a la industria Con asim GmbH, la filial [&hellip;]<\/p>\n","protected":false},"author":103,"featured_media":0,"parent":0,"menu_order":0,"comment_status":"closed","ping_status":"closed","template":"","meta":{"footnotes":""},"class_list":["post-11791","page","type-page","status-publish","hentry"],"yoast_head":"<!-- This site is optimized with the Yoast SEO plugin v27.3 - https:\/\/yoast.com\/product\/yoast-seo-wordpress\/ -->\n<title>Comunicado de prensa asim \/ Comosoft<\/title>\n<meta name=\"description\" content=\"Comunicado de prensa asim: El Grupo Eversfrank ampl\u00eda la cartera del grupo en direcci\u00f3n a la industria Con asim GmbH, la filial Comosoft refuerza a\u00fan m\u00e1s su competencia en el\" \/>\n<meta name=\"robots\" content=\"index, follow, max-snippet:-1, max-image-preview:large, max-video-preview:-1\" \/>\n<link rel=\"canonical\" href=\"https:\/\/www.comosoft.eu\/es\/comunicado-de-prensa-asim\/\" \/>\n<meta property=\"og:locale\" content=\"es_ES\" \/>\n<meta property=\"og:type\" content=\"article\" \/>\n<meta property=\"og:title\" content=\"Comunicado de prensa asim \/ Comosoft\" \/>\n<meta property=\"og:description\" content=\"Comunicado de prensa asim: El Grupo Eversfrank ampl\u00eda la cartera del grupo en direcci\u00f3n a la industria Con asim GmbH, la filial Comosoft refuerza a\u00fan m\u00e1s su competencia en el\" \/>\n<meta property=\"og:url\" content=\"https:\/\/www.comosoft.eu\/es\/comunicado-de-prensa-asim\/\" \/>\n<meta property=\"og:site_name\" content=\"Comosoft\" \/>\n<meta property=\"article:modified_time\" content=\"2019-04-25T06:47:03+00:00\" \/>\n<meta property=\"og:image\" content=\"https:\/\/www.comosoft.eu\/wp-content\/uploads\/2021\/01\/Digital-publishing.jpg\" \/>\n\t<meta property=\"og:image:width\" content=\"2000\" \/>\n\t<meta property=\"og:image:height\" content=\"1334\" \/>\n\t<meta property=\"og:image:type\" content=\"image\/jpeg\" \/>\n<meta name=\"twitter:card\" content=\"summary_large_image\" \/>\n<!-- \/ Yoast SEO plugin. -->","yoast_head_json":{"title":"Comunicado de prensa asim \/ Comosoft","description":"Comunicado de prensa asim: El Grupo Eversfrank ampl\u00eda la cartera del grupo en direcci\u00f3n a la industria Con asim GmbH, la filial Comosoft refuerza a\u00fan m\u00e1s su competencia en el","robots":{"index":"index","follow":"follow","max-snippet":"max-snippet:-1","max-image-preview":"max-image-preview:large","max-video-preview":"max-video-preview:-1"},"canonical":"https:\/\/www.comosoft.eu\/es\/comunicado-de-prensa-asim\/","og_locale":"es_ES","og_type":"article","og_title":"Comunicado de prensa asim \/ Comosoft","og_description":"Comunicado de prensa asim: El Grupo Eversfrank ampl\u00eda la cartera del grupo en direcci\u00f3n a la industria Con asim GmbH, la filial Comosoft refuerza a\u00fan m\u00e1s su competencia en el","og_url":"https:\/\/www.comosoft.eu\/es\/comunicado-de-prensa-asim\/","og_site_name":"Comosoft","article_modified_time":"2019-04-25T06:47:03+00:00","og_image":[{"width":2000,"height":1334,"url":"https:\/\/www.comosoft.eu\/wp-content\/uploads\/2021\/01\/Digital-publishing.jpg","type":"image\/jpeg"}],"twitter_card":"summary_large_image","schema":{"@context":"https:\/\/schema.org","@graph":[{"@type":"WebPage","@id":"https:\/\/www.comosoft.eu\/es\/comunicado-de-prensa-asim\/","url":"https:\/\/www.comosoft.eu\/es\/comunicado-de-prensa-asim\/","name":"Comunicado de prensa asim \/ Comosoft","isPartOf":{"@id":"https:\/\/www.comosoft.eu\/es\/#website"},"datePublished":"2019-02-07T11:06:05+00:00","dateModified":"2019-04-25T06:47:03+00:00","description":"Comunicado de prensa asim: El Grupo Eversfrank ampl\u00eda la cartera del grupo en direcci\u00f3n a la industria Con asim GmbH, la filial Comosoft refuerza a\u00fan m\u00e1s su competencia en el","breadcrumb":{"@id":"https:\/\/www.comosoft.eu\/es\/comunicado-de-prensa-asim\/#breadcrumb"},"inLanguage":"es","potentialAction":[{"@type":"ReadAction","target":["https:\/\/www.comosoft.eu\/es\/comunicado-de-prensa-asim\/"]}]},{"@type":"BreadcrumbList","@id":"https:\/\/www.comosoft.eu\/es\/comunicado-de-prensa-asim\/#breadcrumb","itemListElement":[{"@type":"ListItem","position":1,"name":"Home","item":"https:\/\/www.comosoft.eu\/es\/"},{"@type":"ListItem","position":2,"name":"Comunicado de prensa asim"}]},{"@type":"WebSite","@id":"https:\/\/www.comosoft.eu\/es\/#website","url":"https:\/\/www.comosoft.eu\/es\/","name":"Comosoft","description":"Multichannel Solutions","publisher":{"@id":"https:\/\/www.comosoft.eu\/es\/#organization"},"potentialAction":[{"@type":"SearchAction","target":{"@type":"EntryPoint","urlTemplate":"https:\/\/www.comosoft.eu\/es\/?s={search_term_string}"},"query-input":{"@type":"PropertyValueSpecification","valueRequired":true,"valueName":"search_term_string"}}],"inLanguage":"es"},{"@type":"Organization","@id":"https:\/\/www.comosoft.eu\/es\/#organization","name":"Comosoft GmbH","alternateName":"Multichannel Solutions","url":"https:\/\/www.comosoft.eu\/es\/","logo":{"@type":"ImageObject","inLanguage":"es","@id":"https:\/\/www.comosoft.eu\/es\/#\/schema\/logo\/image\/","url":"https:\/\/www.comosoft.eu\/wp-content\/uploads\/2021\/01\/Comosoft-Logo463.png","contentUrl":"https:\/\/www.comosoft.eu\/wp-content\/uploads\/2021\/01\/Comosoft-Logo463.png","width":1654,"height":337,"caption":"Comosoft GmbH"},"image":{"@id":"https:\/\/www.comosoft.eu\/es\/#\/schema\/logo\/image\/"},"sameAs":["https:\/\/de.linkedin.com\/company\/comosoft?original_referer=httpswww.google.com"]}]}},"_links":{"self":[{"href":"https:\/\/www.comosoft.eu\/es\/wp-json\/wp\/v2\/pages\/11791","targetHints":{"allow":["GET"]}}],"collection":[{"href":"https:\/\/www.comosoft.eu\/es\/wp-json\/wp\/v2\/pages"}],"about":[{"href":"https:\/\/www.comosoft.eu\/es\/wp-json\/wp\/v2\/types\/page"}],"author":[{"embeddable":true,"href":"https:\/\/www.comosoft.eu\/es\/wp-json\/wp\/v2\/users\/103"}],"replies":[{"embeddable":true,"href":"https:\/\/www.comosoft.eu\/es\/wp-json\/wp\/v2\/comments?post=11791"}],"version-history":[{"count":2,"href":"https:\/\/www.comosoft.eu\/es\/wp-json\/wp\/v2\/pages\/11791\/revisions"}],"predecessor-version":[{"id":11793,"href":"https:\/\/www.comosoft.eu\/es\/wp-json\/wp\/v2\/pages\/11791\/revisions\/11793"}],"wp:attachment":[{"href":"https:\/\/www.comosoft.eu\/es\/wp-json\/wp\/v2\/media?parent=11791"}],"curies":[{"name":"wp","href":"https:\/\/api.w.org\/{rel}","templated":true}]}}