{"id":11716,"date":"2019-02-01T12:36:41","date_gmt":"2019-02-01T11:36:41","guid":{"rendered":"https:\/\/www.comosoft.com\/?page_id=11716"},"modified":"2024-01-10T11:37:07","modified_gmt":"2024-01-10T10:37:07","slug":"socios","status":"publish","type":"page","link":"https:\/\/www.comosoft.eu\/es\/empresa\/socios\/","title":{"rendered":"Socios"},"content":{"rendered":"<div class=\"wpb-content-wrapper\"><p>[vc_row][vc_column width=&#8221;1\/1&#8243;][vc_column_text text_lead=&#8221;yes&#8221; uncode_shortcode_id=&#8221;527171&#8243;]<\/p>\n<h2>Con socios fuertes hacia el \u00e9xito<\/h2>\n<p><strong>A trav\u00e9s de nuestra red, encontramos juntos las mejores soluciones para sus necesidades individuales.<\/strong>[\/vc_column_text][\/vc_column][\/vc_row][vc_row row_height_percent=&#8221;0&#8243; overlay_alpha=&#8221;50&#8243; gutter_size=&#8221;0&#8243; column_width_percent=&#8221;100&#8243; shift_y=&#8221;0&#8243; z_index=&#8221;0&#8243; uncode_shortcode_id=&#8221;113356&#8243;][vc_column column_width_percent=&#8221;100&#8243; position_vertical=&#8221;middle&#8221; align_horizontal=&#8221;align_center&#8221; gutter_size=&#8221;0&#8243; style=&#8221;dark&#8221; overlay_alpha=&#8221;50&#8243; shift_x=&#8221;0&#8243; shift_y=&#8221;0&#8243; z_index=&#8221;0&#8243; medium_width=&#8221;0&#8243; css_animation=&#8221;zoom-in&#8221; width=&#8221;1\/1&#8243;][vc_row_inner][vc_column_inner column_width_use_pixel=&#8221;yes&#8221; position_vertical=&#8221;middle&#8221; align_horizontal=&#8221;align_center&#8221; gutter_size=&#8221;3&#8243; overlay_alpha=&#8221;50&#8243; shift_x=&#8221;0&#8243; shift_y=&#8221;0&#8243; z_index=&#8221;0&#8243; medium_width=&#8221;0&#8243; width=&#8221;1\/4&#8243; column_width_pixel=&#8221;100&#8243;][vc_single_image media=&#8221;3588&#8243; media_width_use_pixel=&#8221;yes&#8221; alignment=&#8221;center&#8221; media_width_pixel=&#8221;100&#8243; media_link=&#8221;url:http%3A%2F%2Fwww.adobe.com%2Fde%2F||target:%20_blank|&#8221;][\/vc_column_inner][vc_column_inner column_width_percent=&#8221;100&#8243; position_vertical=&#8221;middle&#8221; gutter_size=&#8221;3&#8243; overlay_alpha=&#8221;50&#8243; shift_x=&#8221;0&#8243; shift_y=&#8221;0&#8243; z_index=&#8221;0&#8243; medium_width=&#8221;0&#8243; width=&#8221;3\/4&#8243;][vc_column_text text_lead=&#8221;yes&#8221; css_animation=&#8221;zoom-in&#8221;]<\/p>\n<h2 style=\"text-align: left;\"><span class=\"font-762333\">ADOBE<\/span><\/h2>\n<p><span class=\"font-762333\"><b>Automatizaci\u00f3n en InDesign y Photoshop<\/b><\/span><br \/>\n<span class=\"font-762333\">Con el complemento autodesarrollado, Comosoft proporciona una funci\u00f3n adicional e integral para la creaci\u00f3n autom\u00e1tica de materiales impresos de todo tipo.<\/span>[\/vc_column_text][\/vc_column_inner][\/vc_row_inner][vc_row_inner][vc_column_inner width=&#8221;1\/1&#8243;][vc_empty_space empty_h=&#8221;3&#8243;][\/vc_column_inner][\/vc_row_inner][vc_row_inner][vc_column_inner column_width_use_pixel=&#8221;yes&#8221; position_vertical=&#8221;middle&#8221; align_horizontal=&#8221;align_center&#8221; gutter_size=&#8221;3&#8243; overlay_alpha=&#8221;50&#8243; shift_x=&#8221;0&#8243; shift_y=&#8221;0&#8243; z_index=&#8221;0&#8243; medium_width=&#8221;0&#8243; width=&#8221;1\/4&#8243; column_width_pixel=&#8221;500&#8243;][vc_single_image media=&#8221;19716&#8243; media_width_use_pixel=&#8221;yes&#8221; alignment=&#8221;center&#8221; media_width_pixel=&#8221;300&#8243; media_link=&#8221;url:https%3A%2F%2Fwww.atex.com|target:_blank&#8221; uncode_shortcode_id=&#8221;292963&#8243;][\/vc_column_inner][vc_column_inner column_width_percent=&#8221;100&#8243; position_vertical=&#8221;middle&#8221; gutter_size=&#8221;3&#8243; overlay_alpha=&#8221;50&#8243; shift_x=&#8221;0&#8243; shift_y=&#8221;0&#8243; z_index=&#8221;0&#8243; medium_width=&#8221;0&#8243; width=&#8221;3\/4&#8243;][vc_column_text css_animation=&#8221;zoom-in&#8221; uncode_shortcode_id=&#8221;125101&#8243;]<span class=\"font-762333\"><strong>ATEX<\/strong><\/span><\/p>\n<p><span class=\"font-762333\">Atex es una empresa de software l\u00edder que ofrece soluciones para las industrias centradas en los medios de comunicaci\u00f3n. Atex ayuda a las empresas a aumentar los ingresos y reducir los costes mediante productos cada vez m\u00e1s personalizados, localizados, colaborativos, contextuales y a la carta. Para m\u00e1s informaci\u00f3n: <a href=\"http:\/\/www.atex.com\/\">www.atex.com<\/a><\/span>[\/vc_column_text][\/vc_column_inner][\/vc_row_inner][vc_row_inner][vc_column_inner width=&#8221;1\/1&#8243;][vc_empty_space empty_h=&#8221;3&#8243;][\/vc_column_inner][\/vc_row_inner][vc_row_inner][vc_column_inner column_width_use_pixel=&#8221;yes&#8221; position_vertical=&#8221;middle&#8221; align_horizontal=&#8221;align_center&#8221; gutter_size=&#8221;3&#8243; overlay_alpha=&#8221;50&#8243; shift_x=&#8221;0&#8243; shift_y=&#8221;0&#8243; z_index=&#8221;0&#8243; medium_width=&#8221;0&#8243; width=&#8221;1\/4&#8243; column_width_pixel=&#8221;200&#8243;][vc_single_image media=&#8221;3598&#8243; media_width_use_pixel=&#8221;yes&#8221; alignment=&#8221;center&#8221; media_width_pixel=&#8221;200&#8243; media_link=&#8221;url:https%3A%2F%2Fwww.oracle.com%2Fde%2Fdatabase%2Findex.html||target:%20_blank|&#8221;][\/vc_column_inner][vc_column_inner column_width_percent=&#8221;100&#8243; position_vertical=&#8221;middle&#8221; gutter_size=&#8221;3&#8243; overlay_alpha=&#8221;50&#8243; shift_x=&#8221;0&#8243; shift_y=&#8221;0&#8243; z_index=&#8221;0&#8243; medium_width=&#8221;0&#8243; width=&#8221;3\/4&#8243;][vc_column_text text_lead=&#8221;yes&#8221; css_animation=&#8221;zoom-in&#8221;]<\/p>\n<h2><span class=\"font-762333\">ORACLE<\/span><\/h2>\n<p><span class=\"font-762333\"><b>Sin una base no es posible el \u00e9xito<br \/>\n<\/b><\/span><span class=\"font-762333\">Entre otras cosas, Oracle es la base exitosa de LAGO Enterprise y permite un alto rendimiento cuando se trata de multicanal.\u00a0<\/span>[\/vc_column_text][\/vc_column_inner][\/vc_row_inner][vc_row_inner][vc_column_inner width=&#8221;1\/1&#8243;][vc_empty_space empty_h=&#8221;3&#8243;][\/vc_column_inner][\/vc_row_inner][vc_row_inner][vc_column_inner column_width_percent=&#8221;100&#8243; position_vertical=&#8221;middle&#8221; gutter_size=&#8221;3&#8243; overlay_alpha=&#8221;50&#8243; shift_x=&#8221;0&#8243; shift_y=&#8221;0&#8243; shift_y_down=&#8221;0&#8243; z_index=&#8221;0&#8243; medium_width=&#8221;0&#8243; mobile_width=&#8221;0&#8243; width=&#8221;1\/4&#8243; uncode_shortcode_id=&#8221;163497&#8243;][vc_single_image media=&#8221;45675&#8243; media_width_use_pixel=&#8221;yes&#8221; media_link=&#8221;url:https%3A%2F%2Fwww.hyper-trade.com%2F&#8221; media_width_pixel=&#8221;200&#8243; uncode_shortcode_id=&#8221;196172&#8243;][\/vc_column_inner][vc_column_inner width=&#8221;3\/4&#8243;][vc_column_text text_lead=&#8221;yes&#8221; css_animation=&#8221;zoom-in&#8221; uncode_shortcode_id=&#8221;210508&#8243;]<\/p>\n<h2><span class=\"font-762333\">Hypertrade<\/span><\/h2>\n<p><span class=\"font-762333\">Hypertrade destaca en la automatizaci\u00f3n de la gesti\u00f3n por categor\u00edas, proporcionando a las empresas herramientas de \u00faltima generaci\u00f3n para mejorar la visibilidad de los productos y el rendimiento de las ventas.\u2028\u2028 La colaboraci\u00f3n con Hypertrade est\u00e1 dise\u00f1ada para unir nuestros puntos fuertes y ofrecer una soluci\u00f3n global que integre flujos de trabajo de promoci\u00f3n, gesti\u00f3n de categor\u00edas y CRM a la perfecci\u00f3n para minoristas y agencias.<\/span>[\/vc_column_text][\/vc_column_inner][\/vc_row_inner][vc_row_inner][vc_column_inner width=&#8221;1\/1&#8243;][vc_empty_space empty_h=&#8221;3&#8243;][\/vc_column_inner][\/vc_row_inner][vc_row_inner][vc_column_inner width=&#8221;1\/4&#8243;][vc_single_image media=&#8221;12389&#8243; media_width_use_pixel=&#8221;yes&#8221; media_link=&#8221;url:http%3A%2F%2Fwww.x-plus-management.com%2F%3Flang%3Den&#8221; media_width_pixel=&#8221;200&#8243; uncode_shortcode_id=&#8221;544515&#8243;][\/vc_column_inner][vc_column_inner width=&#8221;3\/4&#8243;][vc_column_text text_lead=&#8221;yes&#8221; css_animation=&#8221;zoom-in&#8221;]<\/p>\n<h2><span class=\"font-762333\">X-plus-Management<\/span><\/h2>\n<p><span class=\"font-762333\"><strong>Marketing y consultor\u00eda<\/strong><br \/>\nPara la comercializaci\u00f3n de nuestro software LAGO en Austria, X-plus-Management es la contrapartida perfecta para nosotros.<br \/>\nA trav\u00e9s de un servicio de consultor\u00eda orientado al futuro y un contacto y una red de contactos \u00f3ptimos, tenemos un socio experimentado y fiable en X-plus-Management GmbH.<\/span>[\/vc_column_text][\/vc_column_inner][\/vc_row_inner][\/vc_column][\/vc_row]<\/p>\n<\/div>","protected":false},"excerpt":{"rendered":"<p>[vc_row][vc_column width=&#8221;1\/1&#8243;][vc_column_text text_lead=&#8221;yes&#8221; uncode_shortcode_id=&#8221;527171&#8243;] Con socios fuertes hacia el \u00e9xito A trav\u00e9s de nuestra red, encontramos juntos las mejores soluciones [&hellip;]<\/p>\n","protected":false},"author":103,"featured_media":10888,"parent":11705,"menu_order":0,"comment_status":"closed","ping_status":"closed","template":"","meta":{"footnotes":""},"class_list":["post-11716","page","type-page","status-publish","has-post-thumbnail","hentry"],"yoast_head":"<!-- This site is optimized with the Yoast SEO plugin v27.3 - https:\/\/yoast.com\/product\/yoast-seo-wordpress\/ -->\n<title>Socios \/ Comosoft<\/title>\n<meta name=\"description\" content=\"Socios: Con socios fuertes hacia el \u00e9xito A trav\u00e9s de nuestra red, encontramos juntos las mejores soluciones para sus necesidades individuales. ADOBE\" \/>\n<meta name=\"robots\" content=\"index, follow, max-snippet:-1, max-image-preview:large, max-video-preview:-1\" \/>\n<link rel=\"canonical\" href=\"https:\/\/www.comosoft.eu\/es\/empresa\/socios\/\" \/>\n<meta property=\"og:locale\" content=\"es_ES\" \/>\n<meta property=\"og:type\" content=\"article\" \/>\n<meta property=\"og:title\" content=\"Socios \/ Comosoft\" \/>\n<meta property=\"og:description\" content=\"Socios: Con socios fuertes hacia el \u00e9xito A trav\u00e9s de nuestra red, encontramos juntos las mejores soluciones para sus necesidades individuales. ADOBE\" \/>\n<meta property=\"og:url\" content=\"https:\/\/www.comosoft.eu\/es\/empresa\/socios\/\" \/>\n<meta property=\"og:site_name\" content=\"Comosoft\" \/>\n<meta property=\"article:modified_time\" content=\"2024-01-10T10:37:07+00:00\" \/>\n<meta property=\"og:image\" content=\"https:\/\/www.comosoft.eu\/wp-content\/uploads\/2016\/08\/Partner-2.jpg\" \/>\n\t<meta property=\"og:image:width\" content=\"2000\" \/>\n\t<meta property=\"og:image:height\" content=\"1330\" \/>\n\t<meta property=\"og:image:type\" content=\"image\/jpeg\" \/>\n<meta name=\"twitter:card\" content=\"summary_large_image\" \/>\n<!-- \/ Yoast SEO plugin. -->","yoast_head_json":{"title":"Socios \/ Comosoft","description":"Socios: Con socios fuertes hacia el \u00e9xito A trav\u00e9s de nuestra red, encontramos juntos las mejores soluciones para sus necesidades individuales. ADOBE","robots":{"index":"index","follow":"follow","max-snippet":"max-snippet:-1","max-image-preview":"max-image-preview:large","max-video-preview":"max-video-preview:-1"},"canonical":"https:\/\/www.comosoft.eu\/es\/empresa\/socios\/","og_locale":"es_ES","og_type":"article","og_title":"Socios \/ Comosoft","og_description":"Socios: Con socios fuertes hacia el \u00e9xito A trav\u00e9s de nuestra red, encontramos juntos las mejores soluciones para sus necesidades individuales. ADOBE","og_url":"https:\/\/www.comosoft.eu\/es\/empresa\/socios\/","og_site_name":"Comosoft","article_modified_time":"2024-01-10T10:37:07+00:00","og_image":[{"width":2000,"height":1330,"url":"https:\/\/www.comosoft.eu\/wp-content\/uploads\/2016\/08\/Partner-2.jpg","type":"image\/jpeg"}],"twitter_card":"summary_large_image","schema":{"@context":"https:\/\/schema.org","@graph":[{"@type":"WebPage","@id":"https:\/\/www.comosoft.eu\/es\/empresa\/socios\/","url":"https:\/\/www.comosoft.eu\/es\/empresa\/socios\/","name":"Socios \/ Comosoft","isPartOf":{"@id":"https:\/\/www.comosoft.eu\/es\/#website"},"primaryImageOfPage":{"@id":"https:\/\/www.comosoft.eu\/es\/empresa\/socios\/#primaryimage"},"image":{"@id":"https:\/\/www.comosoft.eu\/es\/empresa\/socios\/#primaryimage"},"thumbnailUrl":"https:\/\/www.comosoft.eu\/wp-content\/uploads\/2016\/08\/Partner-2.jpg","datePublished":"2019-02-01T11:36:41+00:00","dateModified":"2024-01-10T10:37:07+00:00","description":"Socios: Con socios fuertes hacia el \u00e9xito A trav\u00e9s de nuestra red, encontramos juntos las mejores soluciones para sus necesidades individuales. ADOBE","breadcrumb":{"@id":"https:\/\/www.comosoft.eu\/es\/empresa\/socios\/#breadcrumb"},"inLanguage":"es","potentialAction":[{"@type":"ReadAction","target":["https:\/\/www.comosoft.eu\/es\/empresa\/socios\/"]}]},{"@type":"ImageObject","inLanguage":"es","@id":"https:\/\/www.comosoft.eu\/es\/empresa\/socios\/#primaryimage","url":"https:\/\/www.comosoft.eu\/wp-content\/uploads\/2016\/08\/Partner-2.jpg","contentUrl":"https:\/\/www.comosoft.eu\/wp-content\/uploads\/2016\/08\/Partner-2.jpg","width":2000,"height":1330,"caption":"Comosoft Netzwerk und Partner"},{"@type":"BreadcrumbList","@id":"https:\/\/www.comosoft.eu\/es\/empresa\/socios\/#breadcrumb","itemListElement":[{"@type":"ListItem","position":1,"name":"Home","item":"https:\/\/www.comosoft.eu\/es\/"},{"@type":"ListItem","position":2,"name":"Empresa","item":"https:\/\/www.comosoft.eu\/es\/empresa\/"},{"@type":"ListItem","position":3,"name":"Socios"}]},{"@type":"WebSite","@id":"https:\/\/www.comosoft.eu\/es\/#website","url":"https:\/\/www.comosoft.eu\/es\/","name":"Comosoft","description":"Multichannel Solutions","publisher":{"@id":"https:\/\/www.comosoft.eu\/es\/#organization"},"potentialAction":[{"@type":"SearchAction","target":{"@type":"EntryPoint","urlTemplate":"https:\/\/www.comosoft.eu\/es\/?s={search_term_string}"},"query-input":{"@type":"PropertyValueSpecification","valueRequired":true,"valueName":"search_term_string"}}],"inLanguage":"es"},{"@type":"Organization","@id":"https:\/\/www.comosoft.eu\/es\/#organization","name":"Comosoft GmbH","alternateName":"Multichannel Solutions","url":"https:\/\/www.comosoft.eu\/es\/","logo":{"@type":"ImageObject","inLanguage":"es","@id":"https:\/\/www.comosoft.eu\/es\/#\/schema\/logo\/image\/","url":"https:\/\/www.comosoft.eu\/wp-content\/uploads\/2021\/01\/Comosoft-Logo463.png","contentUrl":"https:\/\/www.comosoft.eu\/wp-content\/uploads\/2021\/01\/Comosoft-Logo463.png","width":1654,"height":337,"caption":"Comosoft GmbH"},"image":{"@id":"https:\/\/www.comosoft.eu\/es\/#\/schema\/logo\/image\/"},"sameAs":["https:\/\/de.linkedin.com\/company\/comosoft?original_referer=httpswww.google.com"]}]}},"_links":{"self":[{"href":"https:\/\/www.comosoft.eu\/es\/wp-json\/wp\/v2\/pages\/11716","targetHints":{"allow":["GET"]}}],"collection":[{"href":"https:\/\/www.comosoft.eu\/es\/wp-json\/wp\/v2\/pages"}],"about":[{"href":"https:\/\/www.comosoft.eu\/es\/wp-json\/wp\/v2\/types\/page"}],"author":[{"embeddable":true,"href":"https:\/\/www.comosoft.eu\/es\/wp-json\/wp\/v2\/users\/103"}],"replies":[{"embeddable":true,"href":"https:\/\/www.comosoft.eu\/es\/wp-json\/wp\/v2\/comments?post=11716"}],"version-history":[{"count":12,"href":"https:\/\/www.comosoft.eu\/es\/wp-json\/wp\/v2\/pages\/11716\/revisions"}],"predecessor-version":[{"id":45858,"href":"https:\/\/www.comosoft.eu\/es\/wp-json\/wp\/v2\/pages\/11716\/revisions\/45858"}],"up":[{"embeddable":true,"href":"https:\/\/www.comosoft.eu\/es\/wp-json\/wp\/v2\/pages\/11705"}],"wp:featuredmedia":[{"embeddable":true,"href":"https:\/\/www.comosoft.eu\/es\/wp-json\/wp\/v2\/media\/10888"}],"wp:attachment":[{"href":"https:\/\/www.comosoft.eu\/es\/wp-json\/wp\/v2\/media?parent=11716"}],"curies":[{"name":"wp","href":"https:\/\/api.w.org\/{rel}","templated":true}]}}