{"id":11705,"date":"2019-03-29T14:25:25","date_gmt":"2019-03-29T13:25:25","guid":{"rendered":"https:\/\/www.comosoft.com\/?page_id=11705"},"modified":"2025-02-04T11:13:06","modified_gmt":"2025-02-04T10:13:06","slug":"empresa","status":"publish","type":"page","link":"https:\/\/www.comosoft.eu\/es\/empresa\/","title":{"rendered":"Empresa"},"content":{"rendered":"<div class=\"wpb-content-wrapper\"><p>[vc_row][vc_column width=&#8221;1\/1&#8243;][vc_column_text text_lead=&#8221;yes&#8221; uncode_shortcode_id=&#8221;303274&#8243;]<\/p>\n<h2>Su experto a la hora de digitalizar sus procesos de marketing<\/h2>\n<p>Comosoft es uno de los principales proveedores de tecnolog\u00eda para software multicanal en las \u00e1reas de bienes de consumo, venta al por menor, venta por correo y comercio electr\u00f3nico, as\u00ed como en la industria. Con la experiencia en software y consultor\u00eda de Comosoft, ayudamos a las empresas a dise\u00f1ar procesos de marketing de manera eficiente, eficaz y ecol\u00f3gica: multicanal y teniendo en cuenta todo el proceso, as\u00ed como todos los departamentos relevantes en la empresa.<\/p>\n<p data-pm-slice=\"1 1 []\">Pertenecemos a Constellation Software Inc. y, por tanto, formamos parte de una organizaci\u00f3n s\u00f3lida y global. Esta expansi\u00f3n nos da la oportunidad de abrir otros mercados prometedores. La expansi\u00f3n de una red fuerte y cosmopolita es el objetivo de Comosoft.<\/p>\n<p>[\/vc_column_text][\/vc_column][\/vc_row][vc_row row_height_percent=&#8221;0&#8243; override_padding=&#8221;yes&#8221; h_padding=&#8221;2&#8243; top_padding=&#8221;4&#8243; bottom_padding=&#8221;4&#8243; back_color=&#8221;color-nhtu&#8221; overlay_alpha=&#8221;100&#8243; gutter_size=&#8221;4&#8243; shift_y=&#8221;0&#8243;][vc_column column_width_percent=&#8221;100&#8243; position_horizontal=&#8221;left&#8221; gutter_size=&#8221;3&#8243; expand_height=&#8221;yes&#8221; style=&#8221;dark&#8221; overlay_alpha=&#8221;100&#8243; shift_x=&#8221;0&#8243; shift_y=&#8221;0&#8243; z_index=&#8221;0&#8243; medium_width=&#8221;0&#8243; width=&#8221;1\/4&#8243;][uncode_counter value=&#8221;+ 114&#8243; counter_color=&#8221;&#8221; font=&#8221;font-908663&#8243; weight=&#8221;600&#8243; height=&#8221;fontheight-128528&#8243; text=&#8221;MARCAS INTERNACIONALES&#8221; uncode_shortcode_id=&#8221;329418&#8243;][vc_separator sep_color=&#8221;accent&#8221; el_width=&#8221;50%&#8221;][vc_column_text uncode_shortcode_id=&#8221;394222&#8243;]Utilizan LAGO y producen con \u00e9xito sus materiales publicitarios.[\/vc_column_text][\/vc_column][vc_column column_width_percent=&#8221;100&#8243; position_horizontal=&#8221;left&#8221; gutter_size=&#8221;3&#8243; expand_height=&#8221;yes&#8221; style=&#8221;dark&#8221; overlay_alpha=&#8221;50&#8243; shift_x=&#8221;0&#8243; shift_y=&#8221;0&#8243; z_index=&#8221;0&#8243; medium_width=&#8221;0&#8243; width=&#8221;1\/4&#8243;][uncode_counter value=&#8221;+ 30&#8243; counter_color=&#8221;&#8221; font=&#8221;font-908663&#8243; weight=&#8221;600&#8243; height=&#8221;fontheight-128528&#8243; text=&#8221;A\u00d1OS DE EXPERIENCIA MULTICANAL&#8221; uncode_shortcode_id=&#8221;125347&#8243;][vc_separator sep_color=&#8221;accent&#8221; el_width=&#8221;50%&#8221;][vc_column_text uncode_shortcode_id=&#8221;611822&#8243;]Durante tres d\u00e9cadas, Comosoft ha sido el n\u00famero 1 en la planificaci\u00f3n y producci\u00f3n de innumerables retailers.[\/vc_column_text][\/vc_column][vc_column column_width_percent=&#8221;100&#8243; align_horizontal=&#8221;align_center&#8221; gutter_size=&#8221;3&#8243; expand_height=&#8221;yes&#8221; style=&#8221;dark&#8221; overlay_alpha=&#8221;50&#8243; shift_x=&#8221;0&#8243; shift_y=&#8221;0&#8243; shift_y_down=&#8221;0&#8243; z_index=&#8221;0&#8243; medium_width=&#8221;0&#8243; mobile_width=&#8221;0&#8243; width=&#8221;1\/2&#8243; uncode_shortcode_id=&#8221;720329&#8243;][vc_single_image media=&#8221;47925&#8243; media_width_percent=&#8221;75&#8243; alignment=&#8221;center&#8221; uncode_shortcode_id=&#8221;701717&#8243;][\/vc_column][\/vc_row][vc_row][vc_column width=&#8221;1\/1&#8243;][uncode_index el_id=&#8221;index-879040&#8243; loop=&#8221;size:3|order_by:date|post_type:post|categories:328|taxonomy_count:10&#8243; screen_lg=&#8221;1000&#8243; screen_md=&#8221;600&#8243; screen_sm=&#8221;480&#8243; gutter_size=&#8221;3&#8243; post_items=&#8221;media|featured|onpost|original,title,date,text|excerpt,link|default&#8221; single_overlay_opacity=&#8221;50&#8243; single_padding=&#8221;2&#8243; uncode_shortcode_id=&#8221;123163&#8243;][\/vc_column][\/vc_row]<\/p>\n<\/div>","protected":false},"excerpt":{"rendered":"<p>[vc_row][vc_column width=&#8221;1\/1&#8243;][vc_column_text text_lead=&#8221;yes&#8221; uncode_shortcode_id=&#8221;303274&#8243;] Su experto a la hora de digitalizar sus procesos de marketing Comosoft es uno de los [&hellip;]<\/p>\n","protected":false},"author":103,"featured_media":7592,"parent":0,"menu_order":0,"comment_status":"closed","ping_status":"closed","template":"","meta":{"footnotes":""},"class_list":["post-11705","page","type-page","status-publish","has-post-thumbnail","hentry"],"yoast_head":"<!-- This site is optimized with the Yoast SEO plugin v27.3 - https:\/\/yoast.com\/product\/yoast-seo-wordpress\/ -->\n<title>Empresa \/ Comosoft<\/title>\n<meta name=\"description\" content=\"Comosoft es un proveedor l\u00edder de software multicanal en las \u00e1reas de bienes de consumo y comercio minorista, venta por cat\u00e1logo.\" \/>\n<meta name=\"robots\" content=\"index, follow, max-snippet:-1, max-image-preview:large, max-video-preview:-1\" \/>\n<link rel=\"canonical\" href=\"https:\/\/www.comosoft.eu\/es\/empresa\/\" \/>\n<meta property=\"og:locale\" content=\"es_ES\" \/>\n<meta property=\"og:type\" content=\"article\" \/>\n<meta property=\"og:title\" content=\"Empresa \/ Comosoft\" \/>\n<meta property=\"og:description\" content=\"Comosoft es un proveedor l\u00edder de software multicanal en las \u00e1reas de bienes de consumo y comercio minorista, venta por cat\u00e1logo.\" \/>\n<meta property=\"og:url\" content=\"https:\/\/www.comosoft.eu\/es\/empresa\/\" \/>\n<meta property=\"og:site_name\" content=\"Comosoft\" \/>\n<meta property=\"article:modified_time\" content=\"2025-02-04T10:13:06+00:00\" \/>\n<meta property=\"og:image\" content=\"https:\/\/www.comosoft.eu\/wp-content\/uploads\/2016\/08\/IMG_9451_1.jpg\" \/>\n\t<meta property=\"og:image:width\" content=\"3146\" \/>\n\t<meta property=\"og:image:height\" content=\"2183\" \/>\n\t<meta property=\"og:image:type\" content=\"image\/jpeg\" \/>\n<meta name=\"twitter:card\" content=\"summary_large_image\" \/>\n<!-- \/ Yoast SEO plugin. -->","yoast_head_json":{"title":"Empresa \/ Comosoft","description":"Comosoft es un proveedor l\u00edder de software multicanal en las \u00e1reas de bienes de consumo y comercio minorista, venta por cat\u00e1logo.","robots":{"index":"index","follow":"follow","max-snippet":"max-snippet:-1","max-image-preview":"max-image-preview:large","max-video-preview":"max-video-preview:-1"},"canonical":"https:\/\/www.comosoft.eu\/es\/empresa\/","og_locale":"es_ES","og_type":"article","og_title":"Empresa \/ Comosoft","og_description":"Comosoft es un proveedor l\u00edder de software multicanal en las \u00e1reas de bienes de consumo y comercio minorista, venta por cat\u00e1logo.","og_url":"https:\/\/www.comosoft.eu\/es\/empresa\/","og_site_name":"Comosoft","article_modified_time":"2025-02-04T10:13:06+00:00","og_image":[{"width":3146,"height":2183,"url":"https:\/\/www.comosoft.eu\/wp-content\/uploads\/2016\/08\/IMG_9451_1.jpg","type":"image\/jpeg"}],"twitter_card":"summary_large_image","schema":{"@context":"https:\/\/schema.org","@graph":[{"@type":"WebPage","@id":"https:\/\/www.comosoft.eu\/es\/empresa\/","url":"https:\/\/www.comosoft.eu\/es\/empresa\/","name":"Empresa \/ Comosoft","isPartOf":{"@id":"https:\/\/www.comosoft.eu\/es\/#website"},"primaryImageOfPage":{"@id":"https:\/\/www.comosoft.eu\/es\/empresa\/#primaryimage"},"image":{"@id":"https:\/\/www.comosoft.eu\/es\/empresa\/#primaryimage"},"thumbnailUrl":"https:\/\/www.comosoft.eu\/wp-content\/uploads\/2016\/08\/IMG_9451_1.jpg","datePublished":"2019-03-29T13:25:25+00:00","dateModified":"2025-02-04T10:13:06+00:00","description":"Comosoft es un proveedor l\u00edder de software multicanal en las \u00e1reas de bienes de consumo y comercio minorista, venta por cat\u00e1logo.","breadcrumb":{"@id":"https:\/\/www.comosoft.eu\/es\/empresa\/#breadcrumb"},"inLanguage":"es","potentialAction":[{"@type":"ReadAction","target":["https:\/\/www.comosoft.eu\/es\/empresa\/"]}]},{"@type":"ImageObject","inLanguage":"es","@id":"https:\/\/www.comosoft.eu\/es\/empresa\/#primaryimage","url":"https:\/\/www.comosoft.eu\/wp-content\/uploads\/2016\/08\/IMG_9451_1.jpg","contentUrl":"https:\/\/www.comosoft.eu\/wp-content\/uploads\/2016\/08\/IMG_9451_1.jpg","width":3146,"height":2183,"caption":"Der Hauptsitz von Comosoft ist in Hamburg Alsterdorf."},{"@type":"BreadcrumbList","@id":"https:\/\/www.comosoft.eu\/es\/empresa\/#breadcrumb","itemListElement":[{"@type":"ListItem","position":1,"name":"Home","item":"https:\/\/www.comosoft.eu\/es\/"},{"@type":"ListItem","position":2,"name":"Empresa"}]},{"@type":"WebSite","@id":"https:\/\/www.comosoft.eu\/es\/#website","url":"https:\/\/www.comosoft.eu\/es\/","name":"Comosoft","description":"Multichannel Solutions","publisher":{"@id":"https:\/\/www.comosoft.eu\/es\/#organization"},"potentialAction":[{"@type":"SearchAction","target":{"@type":"EntryPoint","urlTemplate":"https:\/\/www.comosoft.eu\/es\/?s={search_term_string}"},"query-input":{"@type":"PropertyValueSpecification","valueRequired":true,"valueName":"search_term_string"}}],"inLanguage":"es"},{"@type":"Organization","@id":"https:\/\/www.comosoft.eu\/es\/#organization","name":"Comosoft GmbH","alternateName":"Multichannel Solutions","url":"https:\/\/www.comosoft.eu\/es\/","logo":{"@type":"ImageObject","inLanguage":"es","@id":"https:\/\/www.comosoft.eu\/es\/#\/schema\/logo\/image\/","url":"https:\/\/www.comosoft.eu\/wp-content\/uploads\/2021\/01\/Comosoft-Logo463.png","contentUrl":"https:\/\/www.comosoft.eu\/wp-content\/uploads\/2021\/01\/Comosoft-Logo463.png","width":1654,"height":337,"caption":"Comosoft GmbH"},"image":{"@id":"https:\/\/www.comosoft.eu\/es\/#\/schema\/logo\/image\/"},"sameAs":["https:\/\/de.linkedin.com\/company\/comosoft?original_referer=httpswww.google.com"]}]}},"_links":{"self":[{"href":"https:\/\/www.comosoft.eu\/es\/wp-json\/wp\/v2\/pages\/11705","targetHints":{"allow":["GET"]}}],"collection":[{"href":"https:\/\/www.comosoft.eu\/es\/wp-json\/wp\/v2\/pages"}],"about":[{"href":"https:\/\/www.comosoft.eu\/es\/wp-json\/wp\/v2\/types\/page"}],"author":[{"embeddable":true,"href":"https:\/\/www.comosoft.eu\/es\/wp-json\/wp\/v2\/users\/103"}],"replies":[{"embeddable":true,"href":"https:\/\/www.comosoft.eu\/es\/wp-json\/wp\/v2\/comments?post=11705"}],"version-history":[{"count":14,"href":"https:\/\/www.comosoft.eu\/es\/wp-json\/wp\/v2\/pages\/11705\/revisions"}],"predecessor-version":[{"id":48076,"href":"https:\/\/www.comosoft.eu\/es\/wp-json\/wp\/v2\/pages\/11705\/revisions\/48076"}],"wp:featuredmedia":[{"embeddable":true,"href":"https:\/\/www.comosoft.eu\/es\/wp-json\/wp\/v2\/media\/7592"}],"wp:attachment":[{"href":"https:\/\/www.comosoft.eu\/es\/wp-json\/wp\/v2\/media?parent=11705"}],"curies":[{"name":"wp","href":"https:\/\/api.w.org\/{rel}","templated":true}]}}