{"id":11690,"date":"2019-03-14T12:38:28","date_gmt":"2019-03-14T11:38:28","guid":{"rendered":"https:\/\/www.comosoft.com\/?page_id=11690"},"modified":"2025-09-19T13:14:27","modified_gmt":"2025-09-19T11:14:27","slug":"servicios","status":"publish","type":"page","link":"https:\/\/www.comosoft.eu\/es\/software-y-soluciones\/servicios\/","title":{"rendered":"Servicios"},"content":{"rendered":"<div class=\"wpb-content-wrapper\"><p>[vc_row][vc_column width=&#8221;1\/1&#8243;][vc_column_text text_lead=&#8221;yes&#8221; uncode_shortcode_id=&#8221;135105&#8243;]<\/p>\n<h2>Le damos a su equipo la libertad de desarrollar las pr\u00f3ximas grandes ideas<\/h2>\n<p>Juntos alcanzamos su objetivo: Nuestros jefes de proyecto y consultores est\u00e1n entusiasmados con la mejora de su negocio cada d\u00eda. Estaremos encantados de asesorarle en la <strong>digitalizaci\u00f3n de sus procesos de marketing<\/strong> y de trabajar con usted para desarrollar <strong>conceptos de \u00e9xito a medida<\/strong>.<br \/>\nDesde hace m\u00e1s de 30 a\u00f1os nos hemos especializado en procesos de marketing de producto y producci\u00f3n de medios multicanal. <strong>Analizamos, optimizamos y agilizamos<\/strong>.\u00a0Muchas asociaciones de muchos a\u00f1os con nuestros clientes de \u00e9xito mundial de los sectores de la venta por correo y la venta al por menor hablan de nuestra experiencia. Ya sea en l\u00ednea o estacionario &#8211; la consultor\u00eda de Comosoft ofrece nuevas oportunidades para sus canales de venta.<\/p>\n<p>\u00bfDesea iniciar un nuevo proyecto u optimizar sus procesos existentes?\u00a0Nuestros consultores tienen experiencia en el desarrollo e implementaci\u00f3n de procesos claramente definidos para el \u00e9xito econ\u00f3mico. Aproveche nuestra amplia gama de servicios de consultor\u00eda:[\/vc_column_text][vc_row_inner row_inner_height_percent=&#8221;0&#8243; force_width_grid=&#8221;yes&#8221; overlay_alpha=&#8221;50&#8243; equal_height=&#8221;yes&#8221; gutter_size=&#8221;1&#8243; shift_y=&#8221;0&#8243;][vc_column_inner column_width_percent=&#8221;100&#8243; align_horizontal=&#8221;align_center&#8221; gutter_size=&#8221;3&#8243; override_padding=&#8221;yes&#8221; column_padding=&#8221;2&#8243; expand_height=&#8221;yes&#8221; overlay_alpha=&#8221;50&#8243; shift_x=&#8221;0&#8243; shift_y=&#8221;0&#8243; z_index=&#8221;0&#8243; medium_width=&#8221;0&#8243; css_animation=&#8221;zoom-in&#8221; width=&#8221;1\/3&#8243;][vc_pie value=&#8221;90&#8243; arc_width=&#8221;5&#8243; icon=&#8221;fa fa-shopping-cart&#8221; bar_color=&#8221;accent&#8221; el_class=&#8221;h2&#8243;][vc_column_text uncode_shortcode_id=&#8221;969275&#8243;]<\/p>\n<h2>Canales<\/h2>\n<p><span class=\"font-762333\">Planificaci\u00f3n y seguimiento de la gesti\u00f3n del cambioEstudio del proyecto y registro de las necesidades<\/span>[\/vc_column_text][\/vc_column_inner][vc_column_inner column_width_percent=&#8221;100&#8243; align_horizontal=&#8221;align_center&#8221; gutter_size=&#8221;3&#8243; override_padding=&#8221;yes&#8221; column_padding=&#8221;2&#8243; overlay_alpha=&#8221;50&#8243; shift_x=&#8221;0&#8243; shift_y=&#8221;0&#8243; z_index=&#8221;0&#8243; medium_width=&#8221;0&#8243; css_animation=&#8221;zoom-in&#8221; width=&#8221;1\/3&#8243;][vc_pie value=&#8221;87&#8243; arc_width=&#8221;5&#8243; icon=&#8221;fa fa-group&#8221; bar_color=&#8221;accent&#8221;][vc_column_text uncode_shortcode_id=&#8221;661863&#8243;]<\/p>\n<h2>Equipos<\/h2>\n<p><span class=\"font-762333\">An\u00e1lisis de la estructura y de la interfazPlanificaci\u00f3n de proyectos y talleres.<\/span>[\/vc_column_text][\/vc_column_inner][vc_column_inner column_width_percent=&#8221;100&#8243; align_horizontal=&#8221;align_center&#8221; gutter_size=&#8221;3&#8243; override_padding=&#8221;yes&#8221; column_padding=&#8221;2&#8243; overlay_alpha=&#8221;50&#8243; shift_x=&#8221;0&#8243; shift_y=&#8221;0&#8243; z_index=&#8221;0&#8243; medium_width=&#8221;0&#8243; css_animation=&#8221;zoom-in&#8221; width=&#8221;1\/3&#8243;][vc_pie value=&#8221;77&#8243; arc_width=&#8221;5&#8243; icon=&#8221;fa fa-bar-chart&#8221; bar_color=&#8221;accent&#8221;][vc_column_text]<\/p>\n<h2>An\u00e1lisis<\/h2>\n<p><span class=\"font-762333\">An\u00e1lisis y concepci\u00f3n de conceptos reales\/objetivos<br \/>\nDefinici\u00f3n y seguimiento de los ROI<\/span>[\/vc_column_text][\/vc_column_inner][\/vc_row_inner][\/vc_column][\/vc_row][vc_row row_height_percent=&#8221;0&#8243; override_padding=&#8221;yes&#8221; h_padding=&#8221;2&#8243; top_padding=&#8221;0&#8243; bottom_padding=&#8221;0&#8243; overlay_alpha=&#8221;50&#8243; gutter_size=&#8221;3&#8243; shift_y=&#8221;0&#8243;][vc_column column_width_percent=&#8221;100&#8243; position_vertical=&#8221;bottom&#8221; gutter_size=&#8221;3&#8243; override_padding=&#8221;yes&#8221; column_padding=&#8221;0&#8243; overlay_alpha=&#8221;50&#8243; shift_x=&#8221;0&#8243; shift_y=&#8221;0&#8243; z_index=&#8221;0&#8243; medium_width=&#8221;0&#8243; width=&#8221;1\/3&#8243; css=&#8221;.vc_custom_1503478917930{padding-bottom: 0px !important;}&#8221;][vc_single_image media=&#8221;2901&#8243; media_width_percent=&#8221;100&#8243;][\/vc_column][vc_column column_width_percent=&#8221;100&#8243; gutter_size=&#8221;3&#8243; override_padding=&#8221;yes&#8221; column_padding=&#8221;3&#8243; overlay_alpha=&#8221;50&#8243; shift_x=&#8221;0&#8243; shift_y=&#8221;0&#8243; z_index=&#8221;0&#8243; medium_width=&#8221;0&#8243; width=&#8221;2\/3&#8243;][vc_column_text]<\/p>\n<h2>Solicite una demostraci\u00f3n en vivo personalizada y gratuita<\/h2>\n<p>Tan pronto como solicite una demostraci\u00f3n en vivo con la fecha deseada a trav\u00e9s del campo de contacto, un empleado de Comosoft se pondr\u00e1 en contacto con usted a la brevedad. Sus intereses ser\u00e1n tenidos en cuenta y acordados con usted para definir los puntos centrales de la presentaci\u00f3n del software. Nuestro equipo de expertos prepara una demostraci\u00f3n en vivo de media hora a una hora con sus m\u00f3dulos favoritos en su empresa o en una sesi\u00f3n web. Naturalmente, tambi\u00e9n in situ respondemos a todas las preguntas que nos plantee el cliente.[\/vc_column_text][vc_button button_color=&#8221;accent&#8221; border_width=&#8221;0&#8243; display=&#8221;inline&#8221; top_margin=&#8221;yes&#8221; link=&#8221;url:%23live-demo|||&#8221;]Solicite una demostraci\u00f3n en vivo[\/vc_button][\/vc_column][\/vc_row][vc_row row_height_percent=&#8221;0&#8243; back_color=&#8221;color-lxmt&#8221; overlay_alpha=&#8221;50&#8243; gutter_size=&#8221;3&#8243; shift_y=&#8221;0&#8243;][vc_column column_width_percent=&#8221;100&#8243; position_vertical=&#8221;middle&#8221; gutter_size=&#8221;3&#8243; override_padding=&#8221;yes&#8221; column_padding=&#8221;0&#8243; overlay_alpha=&#8221;50&#8243; shift_x=&#8221;0&#8243; shift_y=&#8221;0&#8243; z_index=&#8221;0&#8243; medium_width=&#8221;0&#8243; width=&#8221;2\/3&#8243;][vc_column_text]<\/p>\n<h2>Nuestro software LAGO le permite automatizar la producci\u00f3n de medios publicitarios<\/h2>\n<p>Ya se trate de procesos automatizados o de una transferencia multicanal de su producci\u00f3n de medios publicitarios, LAGO est\u00e1 dise\u00f1ado para satisfacer sus necesidades.[\/vc_column_text][\/vc_column][vc_column column_width_percent=&#8221;100&#8243; gutter_size=&#8221;3&#8243; overlay_alpha=&#8221;50&#8243; shift_x=&#8221;0&#8243; shift_y=&#8221;0&#8243; z_index=&#8221;0&#8243; medium_width=&#8221;0&#8243; css_animation=&#8221;zoom-in&#8221; animation_delay=&#8221;600&#8243; width=&#8221;1\/3&#8243;][vc_single_image media=&#8221;11488&#8243; media_width_percent=&#8221;100&#8243;][\/vc_column][\/vc_row][vc_row row_height_percent=&#8221;0&#8243; overlay_alpha=&#8221;50&#8243; gutter_size=&#8221;3&#8243; shift_y=&#8221;0&#8243;][vc_column width=&#8221;1\/1&#8243;][uncode_block id=&#8221;15826&#8243;][\/vc_column][\/vc_row][vc_row][vc_column column_width_percent=&#8221;100&#8243; gutter_size=&#8221;3&#8243; override_padding=&#8221;yes&#8221; column_padding=&#8221;3&#8243; back_color=&#8221;color-lxmt&#8221; overlay_alpha=&#8221;50&#8243; shift_x=&#8221;0&#8243; shift_y=&#8221;0&#8243; z_index=&#8221;0&#8243; medium_width=&#8221;0&#8243; width=&#8221;1\/1&#8243;][vc_row_inner row_inner_height_percent=&#8221;0&#8243; overlay_alpha=&#8221;50&#8243; equal_height=&#8221;yes&#8221; gutter_size=&#8221;3&#8243; shift_y=&#8221;0&#8243;][vc_column_inner column_width_percent=&#8221;100&#8243; position_vertical=&#8221;middle&#8221; gutter_size=&#8221;3&#8243; overlay_alpha=&#8221;50&#8243; shift_x=&#8221;0&#8243; shift_y=&#8221;0&#8243; z_index=&#8221;0&#8243; medium_width=&#8221;0&#8243; width=&#8221;2\/3&#8243;][vc_column_text]<\/p>\n<h2>Comosoft\u00a0 \u201afascina\u2019 a Hawesko en la producci\u00f3n de medios: Hawesko opta por LAGO4<\/h2>\n<p>El principal proveedor de vinos y champ\u00e1n de alta calidad de Alemania conf\u00eda para el futuro en Comosoft GmbH en el \u00e1rea de sistemas de producci\u00f3n de medios PIM y multicanal. Estructurado, r\u00e1pido, flexible y multicanal: Hawesko opta por las disciplinas PIM (Product Information Management), MAM (Media Asset Management) y la salida multicanal en el software LAGO4 de Comosoft para garantizar un flujo de informaci\u00f3n integral en todos los canales de venta.[\/vc_column_text][vc_button button_color=&#8221;color-wvjs&#8221; size=&#8221;btn-sm&#8221; outline=&#8221;yes&#8221; border_width=&#8221;0&#8243; link=&#8221;url:https%3A%2F%2Fwww.comosoft.com%2Feu%2Fes%2Fcomunicado-de-prensa-hawesko%2F|||&#8221;]LEER M\u00c1S[\/vc_button][\/vc_column_inner][vc_column_inner column_width_percent=&#8221;100&#8243; position_vertical=&#8221;middle&#8221; gutter_size=&#8221;3&#8243; overlay_alpha=&#8221;50&#8243; shift_x=&#8221;0&#8243; shift_y=&#8221;0&#8243; z_index=&#8221;0&#8243; medium_width=&#8221;0&#8243; width=&#8221;1\/3&#8243;][vc_single_image media=&#8221;2732&#8243; media_width_percent=&#8221;100&#8243;][\/vc_column_inner][\/vc_row_inner][\/vc_column][\/vc_row][vc_row row_height_percent=&#8221;0&#8243; override_padding=&#8221;yes&#8221; h_padding=&#8221;3&#8243; top_padding=&#8221;3&#8243; bottom_padding=&#8221;3&#8243; back_image=&#8221;163&#8243; parallax=&#8221;yes&#8221; overlay_color=&#8221;accent&#8221; overlay_alpha=&#8221;85&#8243; gutter_size=&#8221;0&#8243; shift_y=&#8221;0&#8243;][vc_column column_width_percent=&#8221;100&#8243; position_vertical=&#8221;middle&#8221; gutter_size=&#8221;3&#8243; style=&#8221;light&#8221; overlay_alpha=&#8221;50&#8243; shift_x=&#8221;0&#8243; shift_y=&#8221;0&#8243; shift_y_down=&#8221;0&#8243; z_index=&#8221;0&#8243; medium_width=&#8221;0&#8243; mobile_width=&#8221;0&#8243; width=&#8221;1\/1&#8243; uncode_shortcode_id=&#8221;557440&#8243;][vc_column_text text_color=&#8221;color-xsdn&#8221; uncode_shortcode_id=&#8221;343989&#8243; text_color_type=&#8221;uncode-palette&#8221;]<\/p>\n<h2 id=\"live-demo\"><span class=\"font-762333\" style=\"color: #ffffff;\"><span class=\"font-762333, fontsize-148062\">Concierte und demostraci\u00f3n en vivo<\/span><\/span><\/h2>\n<p><span style=\"color: #ffffff;\"><strong>\u00bfSiente curiosidad? De ser as\u00ed, concierte ahora una demostraci\u00f3n en vivo de LAGO.<\/strong><\/span>[\/vc_column_text]\n<div class=\"wpcf7 no-js\" id=\"wpcf7-f19522-o1\" lang=\"en-GB\" dir=\"ltr\" data-wpcf7-id=\"19522\">\n<div class=\"screen-reader-response\"><p role=\"status\" aria-live=\"polite\" aria-atomic=\"true\"><\/p> <ul><\/ul><\/div>\n<form action=\"\/es\/wp-json\/wp\/v2\/pages\/11690#wpcf7-f19522-o1\" method=\"post\" class=\"wpcf7-form init\" aria-label=\"Contact form\" novalidate=\"novalidate\" data-status=\"init\">\n<fieldset class=\"hidden-fields-container\"><input type=\"hidden\" name=\"_wpcf7\" value=\"19522\" \/><input type=\"hidden\" name=\"_wpcf7_version\" value=\"6.1.5\" \/><input type=\"hidden\" name=\"_wpcf7_locale\" value=\"en_GB\" \/><input type=\"hidden\" name=\"_wpcf7_unit_tag\" value=\"wpcf7-f19522-o1\" \/><input type=\"hidden\" name=\"_wpcf7_container_post\" value=\"0\" \/><input type=\"hidden\" name=\"_wpcf7_posted_data_hash\" value=\"\" \/>\n<\/fieldset>\n<style>\n.wpcf7 div.wpcf7-response-output{\n border: 1px solid #b6d741;\n padding: 1rem;\n font-size: 1.2rem;\n}\n.l {\n display:inline-block;\n width:calc(100% - 16px);\n margin-right:16px;\n}\n@media (min-width: 500px){\n .l-50 {\n width:calc(50% - 16px);\n }\n}\n@media (min-width: 500px){\n .l-70 {\n width:calc(70% - 16px);\n }\n}\n@media (min-width: 500px){\n .l-30 {\n width:calc(30% - 16px);\n }\n}\n<\/style>\n<div>\n\t<p><label class=\"l l-50\"; style=\"color: #ffffff\"> *Nombre <a style=\"color: #8c8c8c\"><span class=\"wpcf7-form-control-wrap\" data-name=\"your-name\"><input size=\"40\" maxlength=\"400\" class=\"wpcf7-form-control wpcf7-text wpcf7-validates-as-required\" aria-required=\"true\" aria-invalid=\"false\" value=\"\" type=\"text\" name=\"your-name\" \/><\/span> <\/a><\/label><label class=\"l l-50\"; style=\"color: #ffffff\"> *Apellidos <a style=\"color: #8c8c8c\"><span class=\"wpcf7-form-control-wrap\" data-name=\"your-surname\"><input size=\"40\" maxlength=\"400\" class=\"wpcf7-form-control wpcf7-text wpcf7-validates-as-required\" aria-required=\"true\" aria-invalid=\"false\" value=\"\" type=\"text\" name=\"your-surname\" \/><\/span><\/a> <\/label>\n\t<\/p>\n<\/div>\n<div>\n\t<p><label class=\"l l-50\"; style=\"color: #ffffff\"> *Empresa <a style=\"color: #8c8c8c\"><span class=\"wpcf7-form-control-wrap\" data-name=\"your-company\"><input size=\"40\" maxlength=\"400\" class=\"wpcf7-form-control wpcf7-text wpcf7-validates-as-required\" aria-required=\"true\" aria-invalid=\"false\" value=\"\" type=\"text\" name=\"your-company\" \/><\/span> <\/a><\/label><label class=\"l l-50\"; style=\"color: #ffffff\"> *Email <a style=\"color: #8c8c8c\"><span class=\"wpcf7-form-control-wrap\" data-name=\"your-email\"><input size=\"40\" maxlength=\"400\" class=\"wpcf7-form-control wpcf7-text wpcf7-validates-as-required\" aria-required=\"true\" aria-invalid=\"false\" value=\"\" type=\"text\" name=\"your-email\" \/><\/span> <\/a><\/label>\n\t<\/p>\n<\/div>\n<div>\n\t<p><label class=\"l l-50\"; style=\"color: #ffffff\"> \u00bfCu\u00e1ndo desea participar? <span class=\"wpcf7-form-control-wrap\" data-name=\"date-508\"><input class=\"wpcf7-form-control wpcf7-date wpcf7-validates-as-date\" aria-invalid=\"false\" value=\"\" type=\"date\" name=\"date-508\" \/><\/span> <\/label><label class=\"l l-50\"; style=\"color: #ffffff\"> Aqu\u00ed puede seleccionar una franja horaria <span class=\"wpcf7-form-control-wrap\" data-name=\"menu-549\"><select class=\"wpcf7-form-control wpcf7-select\" aria-invalid=\"false\" name=\"menu-549\"><option value=\"Horarios\">Horarios<\/option><option value=\"9-12h\">9-12h<\/option><option value=\"13-15h\">13-15h<\/option><option value=\"16-18h\">16-18h<\/option><\/select><\/span> <\/label>\n\t<\/p>\n<\/div>\n<p><span id=\"wpcf7-69f60989ac5bc-wrapper\" class=\"wpcf7-form-control-wrap website-162-wrap\" ><label for=\"wpcf7-69f60989ac5bc-field\" class=\"hp-message\">Please leave this field empty.<\/label><input id=\"wpcf7-69f60989ac5bc-field\"  class=\"wpcf7-form-control wpcf7-text\" type=\"text\" name=\"website-162\" value=\"\" size=\"40\" tabindex=\"-1\" autocomplete=\"new-password\" \/><\/span><br \/>\n<span id=\"wpcf7-69f60989ac62f-wrapper\" class=\"wpcf7-form-control-wrap email-162-wrap\" ><label for=\"wpcf7-69f60989ac62f-field\" class=\"hp-message\">Please leave this field empty.<\/label><input id=\"wpcf7-69f60989ac62f-field\"  class=\"wpcf7-form-control wpcf7-text\" type=\"text\" name=\"email-162\" value=\"\" size=\"40\" tabindex=\"-1\" autocomplete=\"new-password\" \/><\/span>\n<\/p>\n<div>\n\t<p style=\"color: #ffffff;\">Los datos del formulario de contacto se recogen y procesan para responder a su consulta. Encontrar\u00e1 informaci\u00f3n detallada sobre el tratamiento de los datos de los usuarios en nuestra <a href=\"https:\/\/www.comosoft.eu\/es\/proteccion-de-datos\/\"; style=\"color: #ffffff\"><u>Pol\u00edtica de privacidad<\/u><\/a>.\n\t<\/p>\n<\/div>\n<div>\n\t<p style=\"color: #ffffff;\">\n\t<\/p>\n<\/div>\n<p><input class=\"wpcf7-form-control wpcf7-submit has-spinner btn btn-black\" type=\"submit\" value=\"Pedir cita\" \/>\n<\/p><div class=\"wpcf7-response-output\" aria-hidden=\"true\"><\/div>\n<\/form>\n<\/div>\n[\/vc_column][\/vc_row]<\/p>\n<\/div>","protected":false},"excerpt":{"rendered":"<p>Nuestros consultores est\u00e1n encantados de asesorarle en la digitalizaci\u00f3n de sus procesos de marketing para desarrollar conceptos a medida.<\/p>\n","protected":false},"author":103,"featured_media":7767,"parent":11656,"menu_order":0,"comment_status":"closed","ping_status":"closed","template":"","meta":{"footnotes":""},"class_list":["post-11690","page","type-page","status-publish","has-post-thumbnail","hentry"],"yoast_head":"<!-- This site is optimized with the Yoast SEO plugin v27.3 - https:\/\/yoast.com\/product\/yoast-seo-wordpress\/ -->\n<title>Servicios \/ Comosoft<\/title>\n<meta name=\"description\" content=\"Nuestros consultores est\u00e1n encantados de asesorarle en la digitalizaci\u00f3n de sus procesos de marketing para desarrollar conceptos a medida.\" \/>\n<meta name=\"robots\" content=\"index, follow, max-snippet:-1, max-image-preview:large, max-video-preview:-1\" \/>\n<link rel=\"canonical\" href=\"https:\/\/www.comosoft.eu\/es\/software-y-soluciones\/servicios\/\" \/>\n<meta property=\"og:locale\" content=\"es_ES\" \/>\n<meta property=\"og:type\" content=\"article\" \/>\n<meta property=\"og:title\" content=\"Servicios \/ Comosoft\" \/>\n<meta property=\"og:description\" content=\"Nuestros consultores est\u00e1n encantados de asesorarle en la digitalizaci\u00f3n de sus procesos de marketing para desarrollar conceptos a medida.\" \/>\n<meta property=\"og:url\" content=\"https:\/\/www.comosoft.eu\/es\/software-y-soluciones\/servicios\/\" \/>\n<meta property=\"og:site_name\" content=\"Comosoft\" \/>\n<meta property=\"article:modified_time\" content=\"2025-09-19T11:14:27+00:00\" \/>\n<meta property=\"og:image\" content=\"https:\/\/www.comosoft.eu\/wp-content\/uploads\/2016\/08\/CS-darts.jpg\" \/>\n\t<meta property=\"og:image:width\" content=\"2000\" \/>\n\t<meta property=\"og:image:height\" content=\"1333\" \/>\n\t<meta property=\"og:image:type\" content=\"image\/jpeg\" \/>\n<meta name=\"twitter:card\" content=\"summary_large_image\" \/>\n<!-- \/ Yoast SEO plugin. -->","yoast_head_json":{"title":"Servicios \/ Comosoft","description":"Nuestros consultores est\u00e1n encantados de asesorarle en la digitalizaci\u00f3n de sus procesos de marketing para desarrollar conceptos a medida.","robots":{"index":"index","follow":"follow","max-snippet":"max-snippet:-1","max-image-preview":"max-image-preview:large","max-video-preview":"max-video-preview:-1"},"canonical":"https:\/\/www.comosoft.eu\/es\/software-y-soluciones\/servicios\/","og_locale":"es_ES","og_type":"article","og_title":"Servicios \/ Comosoft","og_description":"Nuestros consultores est\u00e1n encantados de asesorarle en la digitalizaci\u00f3n de sus procesos de marketing para desarrollar conceptos a medida.","og_url":"https:\/\/www.comosoft.eu\/es\/software-y-soluciones\/servicios\/","og_site_name":"Comosoft","article_modified_time":"2025-09-19T11:14:27+00:00","og_image":[{"width":2000,"height":1333,"url":"https:\/\/www.comosoft.eu\/wp-content\/uploads\/2016\/08\/CS-darts.jpg","type":"image\/jpeg"}],"twitter_card":"summary_large_image","schema":{"@context":"https:\/\/schema.org","@graph":[{"@type":"WebPage","@id":"https:\/\/www.comosoft.eu\/es\/software-y-soluciones\/servicios\/","url":"https:\/\/www.comosoft.eu\/es\/software-y-soluciones\/servicios\/","name":"Servicios \/ Comosoft","isPartOf":{"@id":"https:\/\/www.comosoft.eu\/es\/#website"},"primaryImageOfPage":{"@id":"https:\/\/www.comosoft.eu\/es\/software-y-soluciones\/servicios\/#primaryimage"},"image":{"@id":"https:\/\/www.comosoft.eu\/es\/software-y-soluciones\/servicios\/#primaryimage"},"thumbnailUrl":"https:\/\/www.comosoft.eu\/wp-content\/uploads\/2016\/08\/CS-darts.jpg","datePublished":"2019-03-14T11:38:28+00:00","dateModified":"2025-09-19T11:14:27+00:00","description":"Nuestros consultores est\u00e1n encantados de asesorarle en la digitalizaci\u00f3n de sus procesos de marketing para desarrollar conceptos a medida.","breadcrumb":{"@id":"https:\/\/www.comosoft.eu\/es\/software-y-soluciones\/servicios\/#breadcrumb"},"inLanguage":"es","potentialAction":[{"@type":"ReadAction","target":["https:\/\/www.comosoft.eu\/es\/software-y-soluciones\/servicios\/"]}]},{"@type":"ImageObject","inLanguage":"es","@id":"https:\/\/www.comosoft.eu\/es\/software-y-soluciones\/servicios\/#primaryimage","url":"https:\/\/www.comosoft.eu\/wp-content\/uploads\/2016\/08\/CS-darts.jpg","contentUrl":"https:\/\/www.comosoft.eu\/wp-content\/uploads\/2016\/08\/CS-darts.jpg","width":2000,"height":1333,"caption":"Ziele"},{"@type":"BreadcrumbList","@id":"https:\/\/www.comosoft.eu\/es\/software-y-soluciones\/servicios\/#breadcrumb","itemListElement":[{"@type":"ListItem","position":1,"name":"Home","item":"https:\/\/www.comosoft.eu\/es\/"},{"@type":"ListItem","position":2,"name":"Software y soluciones","item":"https:\/\/www.comosoft.eu\/es\/software-y-soluciones\/"},{"@type":"ListItem","position":3,"name":"Servicios"}]},{"@type":"WebSite","@id":"https:\/\/www.comosoft.eu\/es\/#website","url":"https:\/\/www.comosoft.eu\/es\/","name":"Comosoft","description":"Multichannel Solutions","publisher":{"@id":"https:\/\/www.comosoft.eu\/es\/#organization"},"potentialAction":[{"@type":"SearchAction","target":{"@type":"EntryPoint","urlTemplate":"https:\/\/www.comosoft.eu\/es\/?s={search_term_string}"},"query-input":{"@type":"PropertyValueSpecification","valueRequired":true,"valueName":"search_term_string"}}],"inLanguage":"es"},{"@type":"Organization","@id":"https:\/\/www.comosoft.eu\/es\/#organization","name":"Comosoft GmbH","alternateName":"Multichannel Solutions","url":"https:\/\/www.comosoft.eu\/es\/","logo":{"@type":"ImageObject","inLanguage":"es","@id":"https:\/\/www.comosoft.eu\/es\/#\/schema\/logo\/image\/","url":"https:\/\/www.comosoft.eu\/wp-content\/uploads\/2021\/01\/Comosoft-Logo463.png","contentUrl":"https:\/\/www.comosoft.eu\/wp-content\/uploads\/2021\/01\/Comosoft-Logo463.png","width":1654,"height":337,"caption":"Comosoft GmbH"},"image":{"@id":"https:\/\/www.comosoft.eu\/es\/#\/schema\/logo\/image\/"},"sameAs":["https:\/\/de.linkedin.com\/company\/comosoft?original_referer=httpswww.google.com"]}]}},"_links":{"self":[{"href":"https:\/\/www.comosoft.eu\/es\/wp-json\/wp\/v2\/pages\/11690","targetHints":{"allow":["GET"]}}],"collection":[{"href":"https:\/\/www.comosoft.eu\/es\/wp-json\/wp\/v2\/pages"}],"about":[{"href":"https:\/\/www.comosoft.eu\/es\/wp-json\/wp\/v2\/types\/page"}],"author":[{"embeddable":true,"href":"https:\/\/www.comosoft.eu\/es\/wp-json\/wp\/v2\/users\/103"}],"replies":[{"embeddable":true,"href":"https:\/\/www.comosoft.eu\/es\/wp-json\/wp\/v2\/comments?post=11690"}],"version-history":[{"count":18,"href":"https:\/\/www.comosoft.eu\/es\/wp-json\/wp\/v2\/pages\/11690\/revisions"}],"predecessor-version":[{"id":49652,"href":"https:\/\/www.comosoft.eu\/es\/wp-json\/wp\/v2\/pages\/11690\/revisions\/49652"}],"up":[{"embeddable":true,"href":"https:\/\/www.comosoft.eu\/es\/wp-json\/wp\/v2\/pages\/11656"}],"wp:featuredmedia":[{"embeddable":true,"href":"https:\/\/www.comosoft.eu\/es\/wp-json\/wp\/v2\/media\/7767"}],"wp:attachment":[{"href":"https:\/\/www.comosoft.eu\/es\/wp-json\/wp\/v2\/media?parent=11690"}],"curies":[{"name":"wp","href":"https:\/\/api.w.org\/{rel}","templated":true}]}}