{"id":11641,"date":"2019-01-30T10:32:45","date_gmt":"2019-01-30T09:32:45","guid":{"rendered":"https:\/\/www.comosoft.com\/?page_id=11641"},"modified":"2025-09-19T13:25:31","modified_gmt":"2025-09-19T11:25:31","slug":"desarrollo-especifico","status":"publish","type":"page","link":"https:\/\/www.comosoft.eu\/es\/software-y-soluciones\/desarrollo-especifico\/","title":{"rendered":"Desarrollo espec\u00edfico del cliente"},"content":{"rendered":"<div class=\"wpb-content-wrapper\"><p>[vc_row][vc_column width=&#8221;1\/1&#8243;][vc_column_text text_lead=&#8221;yes&#8221; uncode_shortcode_id=&#8221;488973&#8243;]<\/p>\n<h2>Juntos desarrollamos\u00a0soluciones de software estandarizadas<\/h2>\n<p>Comosoft le ofrece la realizaci\u00f3n de soluciones espec\u00edficas para el cliente en varios niveles. Despu\u00e9s de un an\u00e1lisis exhaustivo de las necesidades con nuestros consultores, tomamos el camino \u00f3ptimo.<br \/>\nCon el fin de <strong>optimizar la comunicaci\u00f3n de las herramientas<\/strong> que est\u00e1 utilizando, una herramienta aislada para preparar los datos para nuestras interfaces est\u00e1ndar puede ser la soluci\u00f3n. El uso de nuestra API CRUD abierta puede ser la mejor manera para usted, ya sea un cliente con sus <strong>propias capacidades<\/strong> de desarrollo o un proveedor de servicios. Para una <strong>integraci\u00f3n profunda<\/strong> en el n\u00facleo LAGO existente, ofrecemos extensiones a trav\u00e9s de nuestro <strong>equipo<\/strong> de desarrollo <strong>especializado<\/strong>.<br \/>\nPuesto que el desarrollo en Comosoft siempre se realiza a partir de una l\u00ednea de desarrollo, es decir, no hay <strong>versiones o paquetes espec\u00edficos<\/strong> del cliente, la disponibilidad de su desarrollo en nuevas versiones est\u00e1 siempre garantizada. Lo que todas las soluciones tienen en com\u00fan es que en Comosoft trabajamos con el patr\u00f3n de desarrollo \u00e1gil &#8220;Scrum&#8221; y <strong>pensamos, dise\u00f1amos y desarrollamos<\/strong> en consecuencia en ciclos cortos.[\/vc_column_text][vc_row_inner][vc_column_inner width=&#8221;1\/2&#8243;][vc_column_text]<\/p>\n<h2>LAGO resuelve problemas en la PIM<\/h2>\n<p><b>Haga como nuestros clientes y:<\/b><\/p>\n<ul>\n<li>Desp\u00eddase de la informaci\u00f3n inconsistente de los productos en sus diversos canales de venta<\/li>\n<li>Reduzca considerablemente los costes del procesamiento de datos de los productos<\/li>\n<li>Gane m\u00e1s flexibilidad en la informaci\u00f3n de sus productos, gracias a la actualizaci\u00f3n con solo presionar un bot\u00f3n, incluso poco antes de presionar<\/li>\n<li>Elimine las fuentes t\u00edpicas de error en sus datos<\/li>\n<li>Evite en el futuro los pasos de trabajo redundantes provocados por la existencia de islas de informaci\u00f3n<\/li>\n<li>Benef\u00edciese de responsabilidades de productos claramente definidas<\/li>\n<li>Ahorre a su empresa el aumento de los costes en la producci\u00f3n de medios publicitarios provocados por los flujos de trabajo incontrolables<\/li>\n<\/ul>\n<p>[\/vc_column_text][\/vc_column_inner][vc_column_inner width=&#8221;1\/2&#8243;][vc_single_image media=&#8221;44548&#8243; media_width_percent=&#8221;100&#8243; uncode_shortcode_id=&#8221;205885&#8243;][\/vc_column_inner][\/vc_row_inner][\/vc_column][\/vc_row][vc_row row_height_percent=&#8221;0&#8243; override_padding=&#8221;yes&#8221; h_padding=&#8221;2&#8243; top_padding=&#8221;2&#8243; bottom_padding=&#8221;0&#8243; back_color=&#8221;color-lxmt&#8221; overlay_alpha=&#8221;50&#8243; gutter_size=&#8221;3&#8243; shift_y=&#8221;0&#8243;][vc_column column_width_percent=&#8221;100&#8243; position_vertical=&#8221;middle&#8221; gutter_size=&#8221;3&#8243; override_padding=&#8221;yes&#8221; column_padding=&#8221;0&#8243; overlay_alpha=&#8221;50&#8243; shift_x=&#8221;0&#8243; shift_y=&#8221;0&#8243; z_index=&#8221;0&#8243; medium_width=&#8221;0&#8243; width=&#8221;2\/3&#8243;][vc_column_text text_lead=&#8221;yes&#8221;]<\/p>\n<h2>Nuestros asesores le ayudan a encontrar la soluci\u00f3n adecuada<\/h2>\n<p>Ya sea que est\u00e9 buscando procesos automatizados o una transferencia multicanal de su producci\u00f3n de medios publicitarios, nuestros expertos estar\u00e1n a su disposici\u00f3n para ayudarle con cualquier pregunta que tenga. A pesar del software est\u00e1ndar, brindamos a nuestros clientes la flexibilidad necesaria para adaptar LAGO de forma \u00f3ptima e individual a los procesos y la organizaci\u00f3n correspondientes.[\/vc_column_text][vc_button button_color=&#8221;accent&#8221; border_width=&#8221;0&#8243; display=&#8221;inline&#8221; top_margin=&#8221;yes&#8221; link=&#8221;url:https%3A%2F%2Fwww.comosoft.com%2Feu%2Fde%2Fsoftware-loesungen%2Fservices%2F|||&#8221;]M\u00e1s informaci\u00f3n sobre nuestros servicios[\/vc_button][\/vc_column][vc_column column_width_percent=&#8221;100&#8243; position_vertical=&#8221;bottom&#8221; gutter_size=&#8221;3&#8243; override_padding=&#8221;yes&#8221; column_padding=&#8221;0&#8243; overlay_alpha=&#8221;50&#8243; shift_x=&#8221;0&#8243; shift_y=&#8221;0&#8243; z_index=&#8221;0&#8243; medium_width=&#8221;0&#8243; css_animation=&#8221;bottom-t-top&#8221; animation_delay=&#8221;400&#8243; width=&#8221;1\/3&#8243;][vc_single_image media=&#8221;3177&#8243; media_width_percent=&#8221;100&#8243;][\/vc_column][\/vc_row][vc_row unlock_row_content=&#8221;yes&#8221; row_height_percent=&#8221;0&#8243; back_image=&#8221;1078&#8243; overlay_color=&#8221;color-xsdn&#8221; overlay_alpha=&#8221;50&#8243; gutter_size=&#8221;3&#8243; shift_y=&#8221;0&#8243;][vc_column width=&#8221;1\/4&#8243;][\/vc_column][vc_column column_width_percent=&#8221;100&#8243; position_horizontal=&#8221;left&#8221; gutter_size=&#8221;3&#8243; style=&#8221;light&#8221; overlay_alpha=&#8221;50&#8243; shift_x=&#8221;0&#8243; shift_y=&#8221;0&#8243; z_index=&#8221;0&#8243; medium_width=&#8221;0&#8243; width=&#8221;1\/2&#8243;]\n<div class=\"wpcf7 no-js\" id=\"wpcf7-f11827-o1\" lang=\"en-US\" dir=\"ltr\" data-wpcf7-id=\"11827\">\n<div class=\"screen-reader-response\"><p role=\"status\" aria-live=\"polite\" aria-atomic=\"true\"><\/p> <ul><\/ul><\/div>\n<form action=\"\/es\/wp-json\/wp\/v2\/pages\/11641#wpcf7-f11827-o1\" method=\"post\" class=\"wpcf7-form init\" aria-label=\"Contact form\" novalidate=\"novalidate\" data-status=\"init\">\n<fieldset class=\"hidden-fields-container\"><input type=\"hidden\" name=\"_wpcf7\" value=\"11827\" \/><input type=\"hidden\" name=\"_wpcf7_version\" value=\"6.1.5\" \/><input type=\"hidden\" name=\"_wpcf7_locale\" value=\"en_US\" \/><input type=\"hidden\" name=\"_wpcf7_unit_tag\" value=\"wpcf7-f11827-o1\" \/><input type=\"hidden\" name=\"_wpcf7_container_post\" value=\"0\" \/><input type=\"hidden\" name=\"_wpcf7_posted_data_hash\" value=\"\" \/>\n<\/fieldset>\n<style>\n.style-light input[type=\"text\"],\n.style-light input[type=\"email\"],\n.style-light textarea {\n border-color: #b2b2b2;\n}\nlabel {\n font-weight: bold;\n}\n<\/style>\n<div class=\"row\">\n\t<div class=\"row-inner\">\n\t\t<div class=\"col-lg-6\">\n\t\t\t<p><label> *Nombre<br \/>\n<span class=\"wpcf7-form-control-wrap\" data-name=\"your-firstname\"><input size=\"40\" maxlength=\"400\" class=\"wpcf7-form-control wpcf7-text wpcf7-validates-as-required\" aria-required=\"true\" aria-invalid=\"false\" value=\"\" type=\"text\" name=\"your-firstname\" \/><\/span> <\/label>\n\t\t\t<\/p>\n\t\t<\/div>\n\t\t<div class=\"col-lg-6\" style=\"padding-top: 0;\">\n\t\t\t<p><label> *Apellidos<br \/>\n<span class=\"wpcf7-form-control-wrap\" data-name=\"your-name\"><input size=\"40\" maxlength=\"400\" class=\"wpcf7-form-control wpcf7-text wpcf7-validates-as-required\" aria-required=\"true\" aria-invalid=\"false\" value=\"\" type=\"text\" name=\"your-name\" \/><\/span> <\/label>\n\t\t\t<\/p>\n\t\t<\/div>\n\t<\/div>\n<\/div>\n<div class=\"row\">\n\t<div class=\"row-inner\">\n\t\t<div class=\"col-lg-6\">\n\t\t\t<p><label> *Empresa<br \/>\n<span class=\"wpcf7-form-control-wrap\" data-name=\"your-company\"><input size=\"40\" maxlength=\"400\" class=\"wpcf7-form-control wpcf7-text wpcf7-validates-as-required\" aria-required=\"true\" aria-invalid=\"false\" value=\"\" type=\"text\" name=\"your-company\" \/><\/span> <\/label>\n\t\t\t<\/p>\n\t\t<\/div>\n\t\t<div class=\"col-lg-6\" style=\"padding-top: 0;\">\n\t\t\t<p><label> *Email<br \/>\n<span class=\"wpcf7-form-control-wrap\" data-name=\"your-email\"><input size=\"40\" maxlength=\"400\" class=\"wpcf7-form-control wpcf7-email wpcf7-validates-as-required wpcf7-text wpcf7-validates-as-email\" aria-required=\"true\" aria-invalid=\"false\" value=\"\" type=\"email\" name=\"your-email\" \/><\/span> <\/label>\n\t\t\t<\/p>\n\t\t<\/div>\n\t<\/div>\n<\/div>\n<div class=\"row\">\n\t<div class=\"row-inner\">\n\t\t<div class=\"col-lg-12\">\n\t\t\t<p><label> Mensaje<br \/>\n<span class=\"wpcf7-form-control-wrap\" data-name=\"your-message\"><textarea cols=\"40\" rows=\"10\" maxlength=\"2000\" class=\"wpcf7-form-control wpcf7-textarea\" aria-invalid=\"false\" name=\"your-message\"><\/textarea><\/span> <\/label><br \/>\n<span id=\"wpcf7-69de1cf4db26d-wrapper\" class=\"wpcf7-form-control-wrap website-162-wrap\" ><label for=\"wpcf7-69de1cf4db26d-field\" class=\"hp-message\">Please leave this field empty.<\/label><input id=\"wpcf7-69de1cf4db26d-field\"  class=\"wpcf7-form-control wpcf7-text\" type=\"text\" name=\"website-162\" value=\"\" size=\"40\" tabindex=\"-1\" autocomplete=\"new-password\" \/><\/span><br \/>\n<span id=\"wpcf7-69de1cf4db2fe-wrapper\" class=\"wpcf7-form-control-wrap email-162-wrap\" ><label for=\"wpcf7-69de1cf4db2fe-field\" class=\"hp-message\">Please leave this field empty.<\/label><input id=\"wpcf7-69de1cf4db2fe-field\"  class=\"wpcf7-form-control wpcf7-text\" type=\"text\" name=\"email-162\" value=\"\" size=\"40\" tabindex=\"-1\" autocomplete=\"new-password\" \/><\/span>\n\t\t\t<\/p>\n\t\t\t<div>\n\t\t\t\t<p>* Obligatorio\n\t\t\t\t<\/p>\n\t\t\t<\/div>\n\t\t\t<div>\n\t\t\t\t<p>Sus datos del formulario de contacto ser\u00e1n recogidos y procesados para responder a su consulta. Encontrar\u00e1 informaci\u00f3n detallada sobre el tratamiento de los datos de los usuarios en nuestro\u00a0<a href=\"https:\/\/www.comosoft.eu\/es\/aviso-legal\/\">aviso legal<\/a>.\n\t\t\t\t<\/p>\n\t\t\t<\/div>\n\t\t<\/div>\n\t<\/div>\n<\/div>\n<div class=\"row\">\n\t<div class=\"row-inner\">\n\t\t<div class=\"col-lg-12\">\n\t\t\t<p><input class=\"wpcf7-form-control wpcf7-submit has-spinner btn btn-accent\" type=\"submit\" value=\"Enviar\" \/>\n\t\t\t<\/p>\n\t\t<\/div>\n\t<\/div>\n<\/div>\n<p><script>\ndocument.addEventListener( 'wpcf7mailsent', function(e) {\n\tif ( '11827' == event.detail.contactFormId ) {\n gtag('event', 'submit', {\n 'event_category': 'Kontakt',\n 'event_label': 'Kontakt ES'\n })};\n}, false );\n<\/script>\n<\/p><div class=\"wpcf7-response-output\" aria-hidden=\"true\"><\/div>\n<\/form>\n<\/div>\n[\/vc_column][vc_column width=&#8221;1\/4&#8243;][\/vc_column][\/vc_row][vc_row row_height_percent=&#8221;0&#8243; overlay_alpha=&#8221;50&#8243; gutter_size=&#8221;3&#8243; shift_y=&#8221;0&#8243;][vc_column width=&#8221;1\/1&#8243;][uncode_block id=&#8221;15826&#8243;][\/vc_column][\/vc_row][vc_row][vc_column width=&#8221;1\/1&#8243;][vc_row_inner row_inner_height_percent=&#8221;0&#8243; overlay_alpha=&#8221;50&#8243; equal_height=&#8221;yes&#8221; gutter_size=&#8221;3&#8243; shift_y=&#8221;0&#8243;][vc_column_inner column_width_percent=&#8221;100&#8243; position_vertical=&#8221;middle&#8221; gutter_size=&#8221;3&#8243; overlay_alpha=&#8221;50&#8243; shift_x=&#8221;0&#8243; shift_y=&#8221;0&#8243; z_index=&#8221;0&#8243; medium_width=&#8221;0&#8243; width=&#8221;1\/1&#8243;][vc_column_text]<\/p>\n<blockquote><p><span class=\"font-762333\">&#8220;Hemos llevado a cabo un proceso de selecci\u00f3n muy largo e intenso y estamos 100% seguros de haber encontrado en Comosoft un socio a largo plazo, considerablemente innovador. Con \u00e9l podemos optimizar los procesos internos y continuar aumentando nuestra competitividad&#8221;, dice <\/span><\/p>\n<p><span class=\"font-762333\"><strong>H\u00e9l\u00e8ne Gariba, RAJA MEDIA<\/strong><\/span><\/p><\/blockquote>\n<p>[\/vc_column_text][\/vc_column_inner][\/vc_row_inner][\/vc_column][\/vc_row][vc_row][vc_column column_width_percent=&#8221;100&#8243; gutter_size=&#8221;3&#8243; override_padding=&#8221;yes&#8221; column_padding=&#8221;3&#8243; back_color=&#8221;color-lxmt&#8221; overlay_alpha=&#8221;50&#8243; shift_x=&#8221;0&#8243; shift_y=&#8221;0&#8243; z_index=&#8221;0&#8243; medium_width=&#8221;0&#8243; width=&#8221;1\/1&#8243;][vc_row_inner row_inner_height_percent=&#8221;0&#8243; overlay_alpha=&#8221;50&#8243; equal_height=&#8221;yes&#8221; gutter_size=&#8221;3&#8243; shift_y=&#8221;0&#8243;][vc_column_inner column_width_percent=&#8221;100&#8243; position_vertical=&#8221;middle&#8221; gutter_size=&#8221;3&#8243; overlay_alpha=&#8221;50&#8243; shift_x=&#8221;0&#8243; shift_y=&#8221;0&#8243; z_index=&#8221;0&#8243; medium_width=&#8221;0&#8243; width=&#8221;2\/3&#8243;][vc_column_text]<\/p>\n<div class=\"uncoltable\">\n<div class=\"uncell boomapps_vccolumn no-block-padding\">\n<div class=\"uncont\">\n<div class=\"uncode_text_column\">\n<h2>Comosoft, proveedor l\u00edder de software de producci\u00f3n de medios PIM y multicanal, gana el primer puesto en Europa como proveedor de embalaje, Grupo RAJA<\/h2>\n<\/div>\n<\/div>\n<\/div>\n<\/div>\n<p class=\"p1\"><strong>Hamburgo\/Par\u00eds, octubre de 2016<\/strong> \u2013 El grupo franc\u00e9s RAJA, experto en envases de todo tipo, se ha convertido en los \u00faltimos a\u00f1os en un reproductor multicanal. El cat\u00e1logo, las tiendas web, el tel\u00e9fono y 19 empresas nacionales de ventas han sido hasta ahora los principales canales con los que vender \u201cuna amplia gama de productos de alta calidad\u201d. Para poder seguir expandi\u00e9ndose en este \u00e1mbito, la empresa lanz\u00f3 su proyecto \u201cRAJAMEDIA Vision\u201d en 2015 y, por lo tanto, inici\u00f3 una b\u00fasqueda muy amplia de la(s) soluci\u00f3n(es) de sistema adecuada(s). El resultado del proceso de selecci\u00f3n en cuatro etapas: LAGO4 de Comosoft.<\/p>\n<p>[\/vc_column_text][vc_button button_color=&#8221;color-wvjs&#8221; size=&#8221;btn-sm&#8221; outline=&#8221;yes&#8221; border_width=&#8221;0&#8243; link=&#8221;url:https%3A%2F%2Fwww.comosoft.com%2Feu%2Fes%2Fcomunicado-de-prensa-raja%2F|||&#8221;]LEER M\u00c1S[\/vc_button][\/vc_column_inner][vc_column_inner column_width_percent=&#8221;100&#8243; position_vertical=&#8221;middle&#8221; gutter_size=&#8221;3&#8243; overlay_alpha=&#8221;50&#8243; shift_x=&#8221;0&#8243; shift_y=&#8221;0&#8243; z_index=&#8221;0&#8243; medium_width=&#8221;0&#8243; width=&#8221;1\/3&#8243;][vc_single_image media=&#8221;3278&#8243; media_width_percent=&#8221;100&#8243;][\/vc_column_inner][\/vc_row_inner][\/vc_column][\/vc_row]<\/p>\n<\/div>","protected":false},"excerpt":{"rendered":"<p>Comosoft le ofrece la realizaci\u00f3n de soluciones espec\u00edficas para el cliente en varios niveles. Despu\u00e9s de un an\u00e1lisis exhaustivo de las necesidades con nuestros consultores, tomamos el camino \u00f3ptimo.<\/p>\n","protected":false},"author":103,"featured_media":7830,"parent":11656,"menu_order":0,"comment_status":"closed","ping_status":"closed","template":"","meta":{"footnotes":""},"class_list":["post-11641","page","type-page","status-publish","has-post-thumbnail","hentry"],"yoast_head":"<!-- This site is optimized with the Yoast SEO plugin v27.3 - https:\/\/yoast.com\/product\/yoast-seo-wordpress\/ -->\n<title>Desarrollo espec\u00edfico del cliente \/ Comosoft<\/title>\n<meta name=\"description\" content=\"El equipo de desarrollo junto el asesoramiento de Comosoft ofrece la realizaci\u00f3n de soluciones espec\u00edficas a todos los niveles.\" \/>\n<meta name=\"robots\" content=\"index, follow, max-snippet:-1, max-image-preview:large, max-video-preview:-1\" \/>\n<link rel=\"canonical\" href=\"https:\/\/www.comosoft.eu\/es\/software-y-soluciones\/desarrollo-especifico\/\" \/>\n<meta property=\"og:locale\" content=\"es_ES\" \/>\n<meta property=\"og:type\" content=\"article\" \/>\n<meta property=\"og:title\" content=\"Desarrollo espec\u00edfico del cliente \/ Comosoft\" \/>\n<meta property=\"og:description\" content=\"El equipo de desarrollo junto el asesoramiento de Comosoft ofrece la realizaci\u00f3n de soluciones espec\u00edficas a todos los niveles.\" \/>\n<meta property=\"og:url\" content=\"https:\/\/www.comosoft.eu\/es\/software-y-soluciones\/desarrollo-especifico\/\" \/>\n<meta property=\"og:site_name\" content=\"Comosoft\" \/>\n<meta property=\"article:modified_time\" content=\"2025-09-19T11:25:31+00:00\" \/>\n<meta property=\"og:image\" content=\"https:\/\/www.comosoft.eu\/wp-content\/uploads\/2016\/08\/develop.jpg\" \/>\n\t<meta property=\"og:image:width\" content=\"1418\" \/>\n\t<meta property=\"og:image:height\" content=\"590\" \/>\n\t<meta property=\"og:image:type\" content=\"image\/jpeg\" \/>\n<meta name=\"twitter:card\" content=\"summary_large_image\" \/>\n<!-- \/ Yoast SEO plugin. -->","yoast_head_json":{"title":"Desarrollo espec\u00edfico del cliente \/ Comosoft","description":"El equipo de desarrollo junto el asesoramiento de Comosoft ofrece la realizaci\u00f3n de soluciones espec\u00edficas a todos los niveles.","robots":{"index":"index","follow":"follow","max-snippet":"max-snippet:-1","max-image-preview":"max-image-preview:large","max-video-preview":"max-video-preview:-1"},"canonical":"https:\/\/www.comosoft.eu\/es\/software-y-soluciones\/desarrollo-especifico\/","og_locale":"es_ES","og_type":"article","og_title":"Desarrollo espec\u00edfico del cliente \/ Comosoft","og_description":"El equipo de desarrollo junto el asesoramiento de Comosoft ofrece la realizaci\u00f3n de soluciones espec\u00edficas a todos los niveles.","og_url":"https:\/\/www.comosoft.eu\/es\/software-y-soluciones\/desarrollo-especifico\/","og_site_name":"Comosoft","article_modified_time":"2025-09-19T11:25:31+00:00","og_image":[{"width":1418,"height":590,"url":"https:\/\/www.comosoft.eu\/wp-content\/uploads\/2016\/08\/develop.jpg","type":"image\/jpeg"}],"twitter_card":"summary_large_image","schema":{"@context":"https:\/\/schema.org","@graph":[{"@type":"WebPage","@id":"https:\/\/www.comosoft.eu\/es\/software-y-soluciones\/desarrollo-especifico\/","url":"https:\/\/www.comosoft.eu\/es\/software-y-soluciones\/desarrollo-especifico\/","name":"Desarrollo espec\u00edfico del cliente \/ Comosoft","isPartOf":{"@id":"https:\/\/www.comosoft.eu\/es\/#website"},"primaryImageOfPage":{"@id":"https:\/\/www.comosoft.eu\/es\/software-y-soluciones\/desarrollo-especifico\/#primaryimage"},"image":{"@id":"https:\/\/www.comosoft.eu\/es\/software-y-soluciones\/desarrollo-especifico\/#primaryimage"},"thumbnailUrl":"https:\/\/www.comosoft.eu\/wp-content\/uploads\/2016\/08\/develop.jpg","datePublished":"2019-01-30T09:32:45+00:00","dateModified":"2025-09-19T11:25:31+00:00","description":"El equipo de desarrollo junto el asesoramiento de Comosoft ofrece la realizaci\u00f3n de soluciones espec\u00edficas a todos los niveles.","breadcrumb":{"@id":"https:\/\/www.comosoft.eu\/es\/software-y-soluciones\/desarrollo-especifico\/#breadcrumb"},"inLanguage":"es","potentialAction":[{"@type":"ReadAction","target":["https:\/\/www.comosoft.eu\/es\/software-y-soluciones\/desarrollo-especifico\/"]}]},{"@type":"ImageObject","inLanguage":"es","@id":"https:\/\/www.comosoft.eu\/es\/software-y-soluciones\/desarrollo-especifico\/#primaryimage","url":"https:\/\/www.comosoft.eu\/wp-content\/uploads\/2016\/08\/develop.jpg","contentUrl":"https:\/\/www.comosoft.eu\/wp-content\/uploads\/2016\/08\/develop.jpg","width":1418,"height":590,"caption":"comosoft development"},{"@type":"BreadcrumbList","@id":"https:\/\/www.comosoft.eu\/es\/software-y-soluciones\/desarrollo-especifico\/#breadcrumb","itemListElement":[{"@type":"ListItem","position":1,"name":"Home","item":"https:\/\/www.comosoft.eu\/es\/"},{"@type":"ListItem","position":2,"name":"Software y soluciones","item":"https:\/\/www.comosoft.eu\/es\/software-y-soluciones\/"},{"@type":"ListItem","position":3,"name":"Desarrollo espec\u00edfico del cliente"}]},{"@type":"WebSite","@id":"https:\/\/www.comosoft.eu\/es\/#website","url":"https:\/\/www.comosoft.eu\/es\/","name":"Comosoft","description":"Multichannel Solutions","publisher":{"@id":"https:\/\/www.comosoft.eu\/es\/#organization"},"potentialAction":[{"@type":"SearchAction","target":{"@type":"EntryPoint","urlTemplate":"https:\/\/www.comosoft.eu\/es\/?s={search_term_string}"},"query-input":{"@type":"PropertyValueSpecification","valueRequired":true,"valueName":"search_term_string"}}],"inLanguage":"es"},{"@type":"Organization","@id":"https:\/\/www.comosoft.eu\/es\/#organization","name":"Comosoft GmbH","alternateName":"Multichannel Solutions","url":"https:\/\/www.comosoft.eu\/es\/","logo":{"@type":"ImageObject","inLanguage":"es","@id":"https:\/\/www.comosoft.eu\/es\/#\/schema\/logo\/image\/","url":"https:\/\/www.comosoft.eu\/wp-content\/uploads\/2021\/01\/Comosoft-Logo463.png","contentUrl":"https:\/\/www.comosoft.eu\/wp-content\/uploads\/2021\/01\/Comosoft-Logo463.png","width":1654,"height":337,"caption":"Comosoft GmbH"},"image":{"@id":"https:\/\/www.comosoft.eu\/es\/#\/schema\/logo\/image\/"},"sameAs":["https:\/\/de.linkedin.com\/company\/comosoft?original_referer=httpswww.google.com"]}]}},"_links":{"self":[{"href":"https:\/\/www.comosoft.eu\/es\/wp-json\/wp\/v2\/pages\/11641","targetHints":{"allow":["GET"]}}],"collection":[{"href":"https:\/\/www.comosoft.eu\/es\/wp-json\/wp\/v2\/pages"}],"about":[{"href":"https:\/\/www.comosoft.eu\/es\/wp-json\/wp\/v2\/types\/page"}],"author":[{"embeddable":true,"href":"https:\/\/www.comosoft.eu\/es\/wp-json\/wp\/v2\/users\/103"}],"replies":[{"embeddable":true,"href":"https:\/\/www.comosoft.eu\/es\/wp-json\/wp\/v2\/comments?post=11641"}],"version-history":[{"count":11,"href":"https:\/\/www.comosoft.eu\/es\/wp-json\/wp\/v2\/pages\/11641\/revisions"}],"predecessor-version":[{"id":49654,"href":"https:\/\/www.comosoft.eu\/es\/wp-json\/wp\/v2\/pages\/11641\/revisions\/49654"}],"up":[{"embeddable":true,"href":"https:\/\/www.comosoft.eu\/es\/wp-json\/wp\/v2\/pages\/11656"}],"wp:featuredmedia":[{"embeddable":true,"href":"https:\/\/www.comosoft.eu\/es\/wp-json\/wp\/v2\/media\/7830"}],"wp:attachment":[{"href":"https:\/\/www.comosoft.eu\/es\/wp-json\/wp\/v2\/media?parent=11641"}],"curies":[{"name":"wp","href":"https:\/\/api.w.org\/{rel}","templated":true}]}}