{"id":6014,"date":"2017-09-20T16:39:28","date_gmt":"2017-09-20T14:39:28","guid":{"rendered":"https:\/\/www.comosoft.com\/?page_id=6014\/"},"modified":"2017-09-20T16:39:28","modified_gmt":"2017-09-20T14:39:28","slug":"pressemitteilung-hoerl-im","status":"publish","type":"page","link":"https:\/\/www.comosoft.eu\/de\/pressemitteilung-hoerl-im\/","title":{"rendered":"Pressemitteilung hoerl IM"},"content":{"rendered":"<div class=\"wpb-content-wrapper\"><p>[vc_row][vc_column width=&#8221;1\/1&#8243;][vc_column_text]<\/p>\n<h1 class=\"p1\">\u00dcbernahme der asim GmbH durch die hoerl Information Management GmbH: Partnerschaft zwischen Comosoft und hoerl IM wird intensiviert.<\/h1>\n<p class=\"p2\"><strong>Hamburg \/ Stuttgart, im Juli 2017<\/strong>: Weiterfu\u0308hrung der asim-Wartungsvertr\u00e4ge; erweiterte Sicherheit und Know-how in der asim Base Migration; Angebotskooperation zwischen hoerl IM, Comosoft und Eversfrank Gruppe; Bu\u0308ndelung der Beratungs- und Systemkompetenz fu\u0308r Hersteller und Industrie.<\/p>\n<p class=\"p2\">Die hoerl Information Management GmbH und die Comosoft GmbH haben zum 1. Juli 2017 die bisherige positive Zusammenarbeit auf eine neue Grundlage gestellt. So u\u0308bernimmt hoerl IM die bisher von Comosoft gehaltenen Anteile an dem Industrie-Software-PIM-Anbieter asim mit Sitz in Waiblingen bei Stuttgart. hoerl IM wird daru\u0308ber hinaus Implementierungspartner von Comosoft und bringt hierbei speziell das im Unternehmen bereits vorhandene Wissen bezu\u0308glich Industrie-PIM-L\u00f6sungen ein.<\/p>\n<p class=\"p2\">Comosoft hatte die asim GmbH vor zwei Jahren vom Druckhaus Waiblingen u\u0308bernommen und sich dabei verpflichtet, die Unterstu\u0308tzung der laufenden Systeme bei asim-Bestandskunden fu\u0308r wenigstens zwei Jahre zu gew\u00e4hrleisten und zudem einen lizenzkostenfreien Wechsel auf eine Comosoft-L\u00f6sung anzubieten. W\u00e4hrend einige asim-Kunden dieses Angebot bereits angenommen haben und nun auf Basis einer Comosoft-L\u00f6sung produzieren, haben andere darum gebeten, die bestehende asim-L\u00f6sung auch weiterhin unterstu\u0308tzt zu bekommen, bis sie die fu\u0308r eine Migration erforderliche Grundlage geschaffen haben.<\/p>\n<p class=\"p2\">Durch die \u00dcbernahme der asim GmbH durch die hoerl IM GmbH wird es nicht nur m\u00f6glich, weiterhin asim-Bestandskunden auf Basis eines breiteren System-Knows zu betreuen, sondern auch die Migration ganzheitlich zu begleiten. Dabei kann hoerl IM einerseits auf das vorhandene Wissen der asim-Mitarbeitenden zuru\u0308ckgreifen, anderseits diese auch durch eigene im Unternehmen vorhandene Kompetenzen im Bereich asim und vor allem im Segment \u201eHersteller und Industrie\u201c erg\u00e4nzen. Ferner k\u00f6nnen asim-Kunden gewohnt vollumf\u00e4nglich mit Dienstleistungen versorgt werden, die ihre Arbeit optimal abrunden, und sich im Falle eines Systemwechsels durch die hoerl IM als unabh\u00e4ngigen Berater und Integrator begleiten lassen. Fu\u0308r Comosoft ist die strategische Partnerschaft mit hoerl IM nicht nur ein weiterer wichtiger Schritt, um das Segment der Hersteller- und Industrieunternehmen mit einem vollumf\u00e4nglichen Leistungsportfolio bedienen zu k\u00f6nnen. hoerl IM als Implementierungspartner fu\u0308r die Softwareprodukte von Comosoft gewonnen zu haben, entspricht dem Trend der Branche und erm\u00f6glicht wichtige Skalierungseffekte. Um die Partnerschaft auf eine optimale Basis zu stellen, begleitet und unterstu\u0308tzt Peter Jozefiak als Gesch\u00e4ftsfu\u0308hrer der asim GmbH zudem aktiv den Transformationsprozess zur hoerl IM.<\/p>\n<p class=\"p2\">\u201e<em>Es freut uns sehr, dass wir mit hoerl IM einen Partner gefunden haben, der nicht nur den Weg der Migration von asim mit seiner Kompetenz unterstu\u0308tzt, sondern dabei auch den Mitarbeitenden von asim spannende Entwicklungsperspektiven bietet\u201c<\/em>, sagt Peter Jozefiak, Gesch\u00e4ftsfu\u0308hrer der Comosoft GmbH und Gesch\u00e4ftsfu\u0308hrer der asim GmbH. Thomas H\u00f6rl hingegen freut sich mit Comosoft das Portfolio um einen weiteren leistungsf\u00e4higen Medienproduktions-Softwareanbieter erweitern zu k\u00f6nnen. <em>\u201eIm Bereich der Print-Produktion, mit all ihren Facetten, nimmt Comosoft bereits eine Sonderstellung ein. Die enge Verzahnung mit eigenen PIM-, MAM- und Multikanal-Modulen sowie die Einbettung von Comosoft in den Verbund der Eversfrank Media macht das Unternehmen zu einem \u00e4u\u00dferst interessanten und verl\u00e4sslichen Partner.\u201c<\/em><\/p>\n<p class=\"p2\">Doch die Kooperation bietet noch weitergehende M\u00f6glichkeiten. Der Fokus der Eversfrank Gruppe liegt weiterhin auf den Synergien von Druckbranche und digitaler Transformation: \u201e<em>Wir sind davon u\u0308berzeugt, dass wir bereits jetzt unseren Kunden ein attraktives Leistungsangebot unterbreiten k\u00f6nnen und werden auch weiterhin in diese Schnittstelle investierten\u201c<\/em>, erkl\u00e4rt Dr. Jens Silligmu\u0308ller, Gesch\u00e4ftsfu\u0308hrer der Eversfrank Gruppe. <em>\u201eDurch die engere Zusammenarbeit mit hoerl IM haben alle Parteien die M\u00f6glichkeit, ihren Kunden noch vielf\u00e4ltigere Dienstleistungen und Services in diesem Bereich anzubieten\u201c<\/em> best\u00e4tigt Benjamin Ferreau, Gesch\u00e4ftsfu\u0308hrer fu\u0308r Vertrieb und Marketing bei der Comosoft GmbH. In dieselbe Kerbe schl\u00e4gt auch Jens Finkbeiner, Gesch\u00e4ftsfu\u0308hrer von hoerl IM: \u201e<em>Fu\u0308r hoerl IM steht ein stabiles, effizientes, zuverl\u00e4ssiges und werthaltiges Serviceangebot im Vordergrund; dieses werden wir zuku\u0308nftig nicht nur fu\u0308r unsere Kunden, sondern auch fu\u0308r die Kunden der asim GmbH erbringen und gew\u00e4hrleisten k\u00f6nnen.\u201c<\/em><\/p>\n<p>[\/vc_column_text][\/vc_column][\/vc_row]<\/p>\n<\/div>","protected":false},"excerpt":{"rendered":"<p>[vc_row][vc_column width=&#8221;1\/1&#8243;][vc_column_text] \u00dcbernahme der asim GmbH durch die hoerl Information Management GmbH: Partnerschaft zwischen Comosoft und hoerl IM wird intensiviert. [&hellip;]<\/p>\n","protected":false},"author":103,"featured_media":0,"parent":0,"menu_order":0,"comment_status":"closed","ping_status":"closed","template":"","meta":{"footnotes":""},"class_list":["post-6014","page","type-page","status-publish","hentry"],"yoast_head":"<!-- This site is optimized with the Yoast SEO plugin v27.3 - https:\/\/yoast.com\/product\/yoast-seo-wordpress\/ -->\n<title>Pressemitteilung hoerl IM \/ Comosoft<\/title>\n<meta name=\"description\" content=\"Pressemitteilung hoerl IM: \u00dcbernahme der asim GmbH durch die hoerl Information Management GmbH: Partnerschaft zwischen Comosoft und hoerl IM wird intensiviert. Hamburg \/ Stuttgart,\" \/>\n<meta name=\"robots\" content=\"index, follow, max-snippet:-1, max-image-preview:large, max-video-preview:-1\" \/>\n<link rel=\"canonical\" href=\"https:\/\/www.comosoft.eu\/de\/pressemitteilung-hoerl-im\/\" \/>\n<meta property=\"og:locale\" content=\"de_DE\" \/>\n<meta property=\"og:type\" content=\"article\" \/>\n<meta property=\"og:title\" content=\"Pressemitteilung hoerl IM \/ Comosoft\" \/>\n<meta property=\"og:description\" content=\"Pressemitteilung hoerl IM: \u00dcbernahme der asim GmbH durch die hoerl Information Management GmbH: Partnerschaft zwischen Comosoft und hoerl IM wird intensiviert. Hamburg \/ Stuttgart,\" \/>\n<meta property=\"og:url\" content=\"https:\/\/www.comosoft.eu\/de\/pressemitteilung-hoerl-im\/\" \/>\n<meta property=\"og:site_name\" content=\"comosoft.com\" \/>\n<meta property=\"og:image\" content=\"https:\/\/www.comosoft.eu\/wp-content\/uploads\/2021\/01\/Digital-publishing.jpg\" \/>\n\t<meta property=\"og:image:width\" content=\"2000\" \/>\n\t<meta property=\"og:image:height\" content=\"1334\" \/>\n\t<meta property=\"og:image:type\" content=\"image\/jpeg\" \/>\n<meta name=\"twitter:card\" content=\"summary_large_image\" \/>\n<!-- \/ Yoast SEO plugin. -->","yoast_head_json":{"title":"Pressemitteilung hoerl IM \/ Comosoft","description":"Pressemitteilung hoerl IM: \u00dcbernahme der asim GmbH durch die hoerl Information Management GmbH: Partnerschaft zwischen Comosoft und hoerl IM wird intensiviert. Hamburg \/ Stuttgart,","robots":{"index":"index","follow":"follow","max-snippet":"max-snippet:-1","max-image-preview":"max-image-preview:large","max-video-preview":"max-video-preview:-1"},"canonical":"https:\/\/www.comosoft.eu\/de\/pressemitteilung-hoerl-im\/","og_locale":"de_DE","og_type":"article","og_title":"Pressemitteilung hoerl IM \/ Comosoft","og_description":"Pressemitteilung hoerl IM: \u00dcbernahme der asim GmbH durch die hoerl Information Management GmbH: Partnerschaft zwischen Comosoft und hoerl IM wird intensiviert. Hamburg \/ Stuttgart,","og_url":"https:\/\/www.comosoft.eu\/de\/pressemitteilung-hoerl-im\/","og_site_name":"comosoft.com","og_image":[{"width":2000,"height":1334,"url":"https:\/\/www.comosoft.eu\/wp-content\/uploads\/2021\/01\/Digital-publishing.jpg","type":"image\/jpeg"}],"twitter_card":"summary_large_image","schema":{"@context":"https:\/\/schema.org","@graph":[{"@type":"WebPage","@id":"https:\/\/www.comosoft.eu\/de\/pressemitteilung-hoerl-im\/","url":"https:\/\/www.comosoft.eu\/de\/pressemitteilung-hoerl-im\/","name":"Pressemitteilung hoerl IM \/ Comosoft","isPartOf":{"@id":"https:\/\/www.comosoft.eu\/de\/#website"},"datePublished":"2017-09-20T14:39:28+00:00","description":"Pressemitteilung hoerl IM: \u00dcbernahme der asim GmbH durch die hoerl Information Management GmbH: Partnerschaft zwischen Comosoft und hoerl IM wird intensiviert. Hamburg \/ Stuttgart,","breadcrumb":{"@id":"https:\/\/www.comosoft.eu\/de\/pressemitteilung-hoerl-im\/#breadcrumb"},"inLanguage":"de-DE","potentialAction":[{"@type":"ReadAction","target":["https:\/\/www.comosoft.eu\/de\/pressemitteilung-hoerl-im\/"]}]},{"@type":"BreadcrumbList","@id":"https:\/\/www.comosoft.eu\/de\/pressemitteilung-hoerl-im\/#breadcrumb","itemListElement":[{"@type":"ListItem","position":1,"name":"Home","item":"https:\/\/www.comosoft.eu\/de\/multichannel-software-loesung-lago-von-comosoft\/"},{"@type":"ListItem","position":2,"name":"Pressemitteilung hoerl IM"}]},{"@type":"WebSite","@id":"https:\/\/www.comosoft.eu\/de\/#website","url":"https:\/\/www.comosoft.eu\/de\/","name":"Comosoft","description":"Multichannel Solutions","publisher":{"@id":"https:\/\/www.comosoft.eu\/de\/#organization"},"potentialAction":[{"@type":"SearchAction","target":{"@type":"EntryPoint","urlTemplate":"https:\/\/www.comosoft.eu\/de\/?s={search_term_string}"},"query-input":{"@type":"PropertyValueSpecification","valueRequired":true,"valueName":"search_term_string"}}],"inLanguage":"de-DE"},{"@type":"Organization","@id":"https:\/\/www.comosoft.eu\/de\/#organization","name":"Comosoft GmbH","alternateName":"Multichannel Solutions","url":"https:\/\/www.comosoft.eu\/de\/","logo":{"@type":"ImageObject","inLanguage":"de-DE","@id":"https:\/\/www.comosoft.eu\/de\/#\/schema\/logo\/image\/","url":"https:\/\/www.comosoft.eu\/wp-content\/uploads\/2021\/01\/Comosoft-Logo463.png","contentUrl":"https:\/\/www.comosoft.eu\/wp-content\/uploads\/2021\/01\/Comosoft-Logo463.png","width":1654,"height":337,"caption":"Comosoft GmbH"},"image":{"@id":"https:\/\/www.comosoft.eu\/de\/#\/schema\/logo\/image\/"},"sameAs":["https:\/\/de.linkedin.com\/company\/comosoft?original_referer=httpswww.google.com"]}]}},"_links":{"self":[{"href":"https:\/\/www.comosoft.eu\/de\/wp-json\/wp\/v2\/pages\/6014","targetHints":{"allow":["GET"]}}],"collection":[{"href":"https:\/\/www.comosoft.eu\/de\/wp-json\/wp\/v2\/pages"}],"about":[{"href":"https:\/\/www.comosoft.eu\/de\/wp-json\/wp\/v2\/types\/page"}],"author":[{"embeddable":true,"href":"https:\/\/www.comosoft.eu\/de\/wp-json\/wp\/v2\/users\/103"}],"replies":[{"embeddable":true,"href":"https:\/\/www.comosoft.eu\/de\/wp-json\/wp\/v2\/comments?post=6014"}],"version-history":[{"count":3,"href":"https:\/\/www.comosoft.eu\/de\/wp-json\/wp\/v2\/pages\/6014\/revisions"}],"predecessor-version":[{"id":6017,"href":"https:\/\/www.comosoft.eu\/de\/wp-json\/wp\/v2\/pages\/6014\/revisions\/6017"}],"wp:attachment":[{"href":"https:\/\/www.comosoft.eu\/de\/wp-json\/wp\/v2\/media?parent=6014"}],"curies":[{"name":"wp","href":"https:\/\/api.w.org\/{rel}","templated":true}]}}