{"id":5343,"date":"2017-09-01T17:11:25","date_gmt":"2017-09-01T15:11:25","guid":{"rendered":"https:\/\/www.comosoft.com\/?page_id=5343\/"},"modified":"2025-05-22T12:51:31","modified_gmt":"2025-05-22T10:51:31","slug":"support","status":"publish","type":"page","link":"https:\/\/www.comosoft.eu\/de\/kontakt\/support\/","title":{"rendered":"Support"},"content":{"rendered":"<div class=\"wpb-content-wrapper\"><p>[vc_row row_height_percent=&#8221;0&#8243; override_padding=&#8221;yes&#8221; h_padding=&#8221;2&#8243; top_padding=&#8221;2&#8243; bottom_padding=&#8221;0&#8243; overlay_alpha=&#8221;50&#8243; gutter_size=&#8221;3&#8243; shift_y=&#8221;0&#8243;][vc_column column_width_percent=&#8221;100&#8243; position_vertical=&#8221;middle&#8221; gutter_size=&#8221;3&#8243; override_padding=&#8221;yes&#8221; column_padding=&#8221;0&#8243; overlay_alpha=&#8221;50&#8243; shift_x=&#8221;0&#8243; shift_y=&#8221;0&#8243; z_index=&#8221;0&#8243; medium_width=&#8221;0&#8243; width=&#8221;2\/3&#8243;][vc_column_text text_lead=&#8221;yes&#8221; uncode_shortcode_id=&#8221;425169&#8243;]<\/p>\n<h1><b>Kunden Support<\/b><\/h1>\n<h2><b>Professional Service: <\/b>Wir sind f\u00fcr Sie da<\/h2>\n<p>Bei Comosoft sind wir stolz darauf, einen <strong>au\u00dfergew\u00f6hnlichen Kundenservice<\/strong> zu bieten. Unser Ziel ist es, sicherzustellen, dass jede Anfrage positiv verl\u00e4uft und dass Sie schnell und effizient die von Ihnen ben\u00f6tigten L\u00f6sungen finden.<\/p>\n<h2>Wie k\u00f6nnen wir unterst\u00fctzen?<\/h2>\n<p>[\/vc_column_text][vc_row_inner][vc_column_inner width=&#8221;1\/2&#8243;][vc_column_text uncode_shortcode_id=&#8221;100903&#8243;]<\/p>\n<h3><b>Professional Service<\/b><\/h3>\n<p>Haben Sie technische Probleme oder Fragen zur Funktionsweise von LAGO? Unser technisches Support-Team steht Ihnen bei allen Fragen zur Seite. Ob Sie Hilfe bei der Installation, Konfiguration oder Fehlerbehebung ben\u00f6tigen, wir sind f\u00fcr Sie da.[\/vc_column_text][vc_empty_space empty_h=&#8221;2&#8243;][\/vc_column_inner][vc_column_inner width=&#8221;1\/2&#8243;][vc_column_text uncode_shortcode_id=&#8221;179827&#8243;]<\/p>\n<h3>Anregungen und Feedback<\/h3>\n<p>Wir sch\u00e4tzen Ihre Anregungen und Vorschl\u00e4ge. Wenn Sie Ideen haben, wie wir unsere Produkte oder Dienstleistungen verbessern k\u00f6nnen, z\u00f6gern Sie bitte nicht, sie uns mitzuteilen. Ihre Meinung ist wichtig f\u00fcr unser Wachstum und unsere kontinuierliche Verbesserung.[\/vc_column_text][vc_empty_space empty_h=&#8221;2&#8243;][\/vc_column_inner][\/vc_row_inner][\/vc_column][vc_column column_width_percent=&#8221;100&#8243; position_vertical=&#8221;bottom&#8221; gutter_size=&#8221;3&#8243; override_padding=&#8221;yes&#8221; column_padding=&#8221;0&#8243; overlay_alpha=&#8221;50&#8243; shift_x=&#8221;0&#8243; shift_y=&#8221;0&#8243; z_index=&#8221;0&#8243; medium_width=&#8221;0&#8243; css_animation=&#8221;bottom-t-top&#8221; animation_delay=&#8221;400&#8243; width=&#8221;1\/3&#8243;][vc_single_image media=&#8221;8252&#8243; media_width_percent=&#8221;100&#8243;][\/vc_column][\/vc_row][vc_row unlock_row_content=&#8221;yes&#8221; row_height_percent=&#8221;0&#8243; override_padding=&#8221;yes&#8221; h_padding=&#8221;7&#8243; top_padding=&#8221;2&#8243; bottom_padding=&#8221;2&#8243; back_color=&#8221;color-prif&#8221; overlay_alpha=&#8221;50&#8243; gutter_size=&#8221;3&#8243; column_width_percent=&#8221;100&#8243; shift_y=&#8221;0&#8243; z_index=&#8221;0&#8243; uncode_shortcode_id=&#8221;530678&#8243; back_color_type=&#8221;uncode-palette&#8221;][vc_column column_width_percent=&#8221;100&#8243; gutter_size=&#8221;3&#8243; style=&#8221;dark&#8221; overlay_alpha=&#8221;50&#8243; shift_x=&#8221;0&#8243; shift_y=&#8221;0&#8243; shift_y_down=&#8221;0&#8243; z_index=&#8221;0&#8243; medium_width=&#8221;0&#8243; mobile_width=&#8221;0&#8243; width=&#8221;1\/1&#8243; uncode_shortcode_id=&#8221;940239&#8243;][vc_column_text text_lead=&#8221;yes&#8221; uncode_shortcode_id=&#8221;184416&#8243;]<\/p>\n<h3><b>Kontakt<\/b><\/h3>\n<p>Schicken Sie uns eine E-Mail an<strong> &#x69;&#x6e;&#102;&#111;&#64;c&#x6f;&#x6d;&#x6f;&#115;&#111;ft&#x2e;&#x64;&#x65;<\/strong> oder rufen Sie unseren Helpdesk montags bis freitags von 9:00 bis 18:00 Uhr unter der folgenden Telefonnummer an:<\/p>\n<h2>SUPPORT HOTLINE +49 (40) 85 33 180<\/h2>\n<p>In unserem <a href=\"https:\/\/www.comosoft.eu\/de\/faq\/\">FAQ<\/a> -Bereich finden Sie schnelle Antworten auf die am h\u00e4ufigsten gestellten Fragen. Dieser Bereich wird regelm\u00e4\u00dfig aktualisiert, um Ihnen die genauesten und relevantesten Informationen zur Verf\u00fcgung zu stellen.<\/p>\n<p>Bei Comosoft ist Ihre Zufriedenheit unsere Priorit\u00e4t. Vielen Dank, dass Sie sich f\u00fcr uns entschieden haben und uns Ihr Vertrauen schenken. Wir sind hier, um Ihnen bei jedem Schritt zu helfen. Als Benutzer k\u00f6nnen Sie unser Ticketing-System nutzen. Unser Team wird Ihre Fragen umgehend beantworten und steht Ihnen jederzeit zur Verf\u00fcgung. Aktuelle Informationen zu Patches, Releases, etc. erhalten Sie in unserem <a href=\"https:\/\/www.comosoft.eu\/de\/aktuelles\/#newsletter\">Newsletter<\/a> und im <strong>Kundenbereich<\/strong>:<\/p>\n<p>[\/vc_column_text][vc_button outline=&#8221;yes&#8221; text_skin=&#8221;yes&#8221; border_width=&#8221;0&#8243; link=&#8221;url:https%3A%2F%2Fsupport.comosoft.eu\/de|title:Kundenbereich%20LAGO|target:_blank&#8221; uncode_shortcode_id=&#8221;145395&#8243;]Kundenbereich[\/vc_button][\/vc_column][\/vc_row]<\/p>\n<\/div>","protected":false},"excerpt":{"rendered":"<p>[vc_row row_height_percent=&#8221;0&#8243; override_padding=&#8221;yes&#8221; h_padding=&#8221;2&#8243; top_padding=&#8221;2&#8243; bottom_padding=&#8221;0&#8243; overlay_alpha=&#8221;50&#8243; gutter_size=&#8221;3&#8243; shift_y=&#8221;0&#8243;][vc_column column_width_percent=&#8221;100&#8243; position_vertical=&#8221;middle&#8221; gutter_size=&#8221;3&#8243; override_padding=&#8221;yes&#8221; column_padding=&#8221;0&#8243; overlay_alpha=&#8221;50&#8243; shift_x=&#8221;0&#8243; shift_y=&#8221;0&#8243; z_index=&#8221;0&#8243; medium_width=&#8221;0&#8243; width=&#8221;2\/3&#8243;][vc_column_text [&hellip;]<\/p>\n","protected":false},"author":103,"featured_media":8618,"parent":5097,"menu_order":0,"comment_status":"closed","ping_status":"closed","template":"","meta":{"footnotes":""},"class_list":["post-5343","page","type-page","status-publish","has-post-thumbnail","hentry"],"yoast_head":"<!-- This site is optimized with the Yoast SEO plugin v27.3 - https:\/\/yoast.com\/product\/yoast-seo-wordpress\/ -->\n<title>Support von Comosoft - wir sind f\u00fcr Sie da<\/title>\n<meta name=\"description\" content=\"Technischer Support &amp; Beratung rund um LAGO: Wir helfen schnell und kompetent bei allen Fragen \u2013 per Hotline, E-Mail oder Ticket-System. \u2794 Kontakt aufnehmen\" \/>\n<meta name=\"robots\" content=\"index, follow, max-snippet:-1, max-image-preview:large, max-video-preview:-1\" \/>\n<link rel=\"canonical\" href=\"https:\/\/www.comosoft.eu\/de\/kontakt\/support\/\" \/>\n<meta property=\"og:locale\" content=\"de_DE\" \/>\n<meta property=\"og:type\" content=\"article\" \/>\n<meta property=\"og:title\" content=\"Support von Comosoft - wir sind f\u00fcr Sie da\" \/>\n<meta property=\"og:description\" content=\"Technischer Support &amp; Beratung rund um LAGO: Wir helfen schnell und kompetent bei allen Fragen \u2013 per Hotline, E-Mail oder Ticket-System. \u2794 Kontakt aufnehmen\" \/>\n<meta property=\"og:url\" content=\"https:\/\/www.comosoft.eu\/de\/kontakt\/support\/\" \/>\n<meta property=\"og:site_name\" content=\"comosoft.com\" \/>\n<meta property=\"article:modified_time\" content=\"2025-05-22T10:51:31+00:00\" \/>\n<meta property=\"og:image\" content=\"https:\/\/www.comosoft.eu\/wp-content\/uploads\/2017\/09\/support-como.jpg\" \/>\n\t<meta property=\"og:image:width\" content=\"2000\" \/>\n\t<meta property=\"og:image:height\" content=\"1131\" \/>\n\t<meta property=\"og:image:type\" content=\"image\/jpeg\" \/>\n<meta name=\"twitter:card\" content=\"summary_large_image\" \/>\n<!-- \/ Yoast SEO plugin. -->","yoast_head_json":{"title":"Support von Comosoft - wir sind f\u00fcr Sie da","description":"Technischer Support & Beratung rund um LAGO: Wir helfen schnell und kompetent bei allen Fragen \u2013 per Hotline, E-Mail oder Ticket-System. \u2794 Kontakt aufnehmen","robots":{"index":"index","follow":"follow","max-snippet":"max-snippet:-1","max-image-preview":"max-image-preview:large","max-video-preview":"max-video-preview:-1"},"canonical":"https:\/\/www.comosoft.eu\/de\/kontakt\/support\/","og_locale":"de_DE","og_type":"article","og_title":"Support von Comosoft - wir sind f\u00fcr Sie da","og_description":"Technischer Support & Beratung rund um LAGO: Wir helfen schnell und kompetent bei allen Fragen \u2013 per Hotline, E-Mail oder Ticket-System. \u2794 Kontakt aufnehmen","og_url":"https:\/\/www.comosoft.eu\/de\/kontakt\/support\/","og_site_name":"comosoft.com","article_modified_time":"2025-05-22T10:51:31+00:00","og_image":[{"width":2000,"height":1131,"url":"https:\/\/www.comosoft.eu\/wp-content\/uploads\/2017\/09\/support-como.jpg","type":"image\/jpeg"}],"twitter_card":"summary_large_image","schema":{"@context":"https:\/\/schema.org","@graph":[{"@type":"WebPage","@id":"https:\/\/www.comosoft.eu\/de\/kontakt\/support\/","url":"https:\/\/www.comosoft.eu\/de\/kontakt\/support\/","name":"Support von Comosoft - wir sind f\u00fcr Sie da","isPartOf":{"@id":"https:\/\/www.comosoft.eu\/de\/#website"},"primaryImageOfPage":{"@id":"https:\/\/www.comosoft.eu\/de\/kontakt\/support\/#primaryimage"},"image":{"@id":"https:\/\/www.comosoft.eu\/de\/kontakt\/support\/#primaryimage"},"thumbnailUrl":"https:\/\/www.comosoft.eu\/wp-content\/uploads\/2017\/09\/support-como.jpg","datePublished":"2017-09-01T15:11:25+00:00","dateModified":"2025-05-22T10:51:31+00:00","description":"Technischer Support & Beratung rund um LAGO: Wir helfen schnell und kompetent bei allen Fragen \u2013 per Hotline, E-Mail oder Ticket-System. \u2794 Kontakt aufnehmen","breadcrumb":{"@id":"https:\/\/www.comosoft.eu\/de\/kontakt\/support\/#breadcrumb"},"inLanguage":"de-DE","potentialAction":[{"@type":"ReadAction","target":["https:\/\/www.comosoft.eu\/de\/kontakt\/support\/"]}]},{"@type":"ImageObject","inLanguage":"de-DE","@id":"https:\/\/www.comosoft.eu\/de\/kontakt\/support\/#primaryimage","url":"https:\/\/www.comosoft.eu\/wp-content\/uploads\/2017\/09\/support-como.jpg","contentUrl":"https:\/\/www.comosoft.eu\/wp-content\/uploads\/2017\/09\/support-como.jpg","width":2000,"height":1131,"caption":"Unser Support-Team hilft Ihnen bei Fragen"},{"@type":"BreadcrumbList","@id":"https:\/\/www.comosoft.eu\/de\/kontakt\/support\/#breadcrumb","itemListElement":[{"@type":"ListItem","position":1,"name":"Home","item":"https:\/\/www.comosoft.eu\/de\/multichannel-software-loesung-lago-von-comosoft\/"},{"@type":"ListItem","position":2,"name":"Kontakt","item":"https:\/\/www.comosoft.eu\/de\/kontakt\/"},{"@type":"ListItem","position":3,"name":"Support"}]},{"@type":"WebSite","@id":"https:\/\/www.comosoft.eu\/de\/#website","url":"https:\/\/www.comosoft.eu\/de\/","name":"Comosoft","description":"Multichannel Solutions","publisher":{"@id":"https:\/\/www.comosoft.eu\/de\/#organization"},"potentialAction":[{"@type":"SearchAction","target":{"@type":"EntryPoint","urlTemplate":"https:\/\/www.comosoft.eu\/de\/?s={search_term_string}"},"query-input":{"@type":"PropertyValueSpecification","valueRequired":true,"valueName":"search_term_string"}}],"inLanguage":"de-DE"},{"@type":"Organization","@id":"https:\/\/www.comosoft.eu\/de\/#organization","name":"Comosoft GmbH","alternateName":"Multichannel Solutions","url":"https:\/\/www.comosoft.eu\/de\/","logo":{"@type":"ImageObject","inLanguage":"de-DE","@id":"https:\/\/www.comosoft.eu\/de\/#\/schema\/logo\/image\/","url":"https:\/\/www.comosoft.eu\/wp-content\/uploads\/2021\/01\/Comosoft-Logo463.png","contentUrl":"https:\/\/www.comosoft.eu\/wp-content\/uploads\/2021\/01\/Comosoft-Logo463.png","width":1654,"height":337,"caption":"Comosoft GmbH"},"image":{"@id":"https:\/\/www.comosoft.eu\/de\/#\/schema\/logo\/image\/"},"sameAs":["https:\/\/de.linkedin.com\/company\/comosoft?original_referer=httpswww.google.com"]}]}},"_links":{"self":[{"href":"https:\/\/www.comosoft.eu\/de\/wp-json\/wp\/v2\/pages\/5343","targetHints":{"allow":["GET"]}}],"collection":[{"href":"https:\/\/www.comosoft.eu\/de\/wp-json\/wp\/v2\/pages"}],"about":[{"href":"https:\/\/www.comosoft.eu\/de\/wp-json\/wp\/v2\/types\/page"}],"author":[{"embeddable":true,"href":"https:\/\/www.comosoft.eu\/de\/wp-json\/wp\/v2\/users\/103"}],"replies":[{"embeddable":true,"href":"https:\/\/www.comosoft.eu\/de\/wp-json\/wp\/v2\/comments?post=5343"}],"version-history":[{"count":18,"href":"https:\/\/www.comosoft.eu\/de\/wp-json\/wp\/v2\/pages\/5343\/revisions"}],"predecessor-version":[{"id":47931,"href":"https:\/\/www.comosoft.eu\/de\/wp-json\/wp\/v2\/pages\/5343\/revisions\/47931"}],"up":[{"embeddable":true,"href":"https:\/\/www.comosoft.eu\/de\/wp-json\/wp\/v2\/pages\/5097"}],"wp:featuredmedia":[{"embeddable":true,"href":"https:\/\/www.comosoft.eu\/de\/wp-json\/wp\/v2\/media\/8618"}],"wp:attachment":[{"href":"https:\/\/www.comosoft.eu\/de\/wp-json\/wp\/v2\/media?parent=5343"}],"curies":[{"name":"wp","href":"https:\/\/api.w.org\/{rel}","templated":true}]}}