{"id":5227,"date":"2017-08-31T16:53:03","date_gmt":"2017-08-31T14:53:03","guid":{"rendered":"https:\/\/www.comosoft.com\/?page_id=5227\/"},"modified":"2026-03-26T13:45:01","modified_gmt":"2026-03-26T12:45:01","slug":"fallbeispiel-gebrueder-goetz","status":"publish","type":"page","link":"https:\/\/www.comosoft.eu\/de\/fallbeispiel-gebrueder-goetz\/","title":{"rendered":"Fallbeispiel Gebr\u00fcder G\u00f6tz"},"content":{"rendered":"<div class=\"wpb-content-wrapper\"><p>[vc_row][vc_column width=&#8221;1\/1&#8243;][vc_column_text uncode_shortcode_id=&#8221;176110&#8243;]<\/p>\n<h1>Gebr\u00fcder G\u00f6tz \u2013 mehr als &#8220;nur&#8221; ein Programm<\/h1>\n<p class=\"p2\"><b>Das W\u00fcrzburger Unternehmen Gebr\u00fcder G\u00f6tz verwendet zur Produktion seiner Werbemittel seit 1999 LAGO-Software. Der Catalyst (Comosoft Kundenzeitung) sprach mit Karl-Heinz Lassotta, Werbeleiter Technische Katalogabwicklung, \u00fcber seine Erfahrungen mit dem System.<\/b><\/p>\n<p class=\"p2\"><b>The Catalyst: In welcher Branche ist Gebr\u00fcder G\u00f6tz t\u00e4tig?<br \/>\n<\/b>Karl-Heinz Lassotta: Gebr\u00fcder G\u00f6tz ist ein Versandhandelsunternehmen mit ca. 350 Mitarbeitern. Wir sind spezialisiert auf den Versand von Schuhen, Textilien, Sportartikeln und Haushaltsartikeln.<\/p>\n<p class=\"p2\"><b>Wie viele Kataloge bzw. Katalogseiten produzieren Sie im Jahr?<br \/>\n<\/b>Wir bringen einen Fr\u00fchjahr\/Sommer- und einen Herbst\/Winter-Katalog heraus, dazu kommen \u00fcber das Jahr verteilt mehrere Prospekte. Insgesamt kommen wir pro Jahr auf ca. 2000 Seiten \u2013 Tendenz steigend.<\/p>\n<p class=\"p2\"><b>Wann sind Sie auf LAGO umgestiegen?<br \/>\n<\/b>Im Mai 1999. Allerdings waren wir schon vorher auf der Suche nach einem geeigneten Katalogproduktions-System, jedoch fanden wir am Markt keine unseren Anforderungen entsprechende L\u00f6sung.<\/p>\n<p class=\"p2\"><b>Was hat den Ausschlag zugunsten von LAGO gegeben?<br \/>\n<\/b>Bevor wir auf LAGO umgestiegen sind, verlief die Produktion unserer Werbemittel zum gr\u00f6\u00dften Teil manuell. Das war trotz Zugriff auf eine Cumulus-Bilddatenbank un\u00fcbersichtlich, m\u00fchsam und zeitraubend. Zudem verf\u00fcgten wir nicht \u00fcber die M\u00f6glichkeit, \u201eharte Artikeldaten\u201c aus einem Warenwirtschaftssystem zu \u00fcbernehmen: Diese wichtigen Kataloginformationen mussten f\u00fcr jedes Werbemittel anhand von Artikellisten neu erfasst werden, was sehr zeitaufwendig und fehleranf\u00e4llig war. Deswegen w\u00fcnschten wir uns ein System, das eine integrierte Handhabung von Bild, Text und Grafik mit \u00dcbernahme der harten Artikeldaten sowie eine Aktualisierung aus dem Warenwirtschaftssystem erm\u00f6glicht.<\/p>\n<p class=\"p2\"><b>Und diese Funktionen haben Sie in LAGO gefunden?<br \/>\n<\/b>Auf jeden Fall! Die Produktion unserer Werbemittel ist mit LAGO schneller, effizienter und eindeutiger geworden. Allerdings muss ich dazu sagen: Das LAGO-System allein garantiert noch keine sprunghafte Verbesserung. Beim Einsatz von LAGO spielt die Strategie des\/der Produktionsverantwortlichen auf Kundenseite eine entscheidende Rolle bei Erfolg oder Misserfolg. Wenn ein Unternehmen vor dem Einsatz von LAGO keine funktionierende \u201emanuelle Produktionsstrategie\u201c besa\u00df, werden sich die gew\u00fcnschten Synergieeffekte nur sehr z\u00f6gerlich einstellen. Ich veranschauliche das immer ganz gern an einem Backrezept: Die Zutaten sind die Daten wie Bilder, Texte, Logos usw. Lago steht f\u00fcr die n\u00f6tigen Ger\u00e4tschaften, also R\u00fchrger\u00e4t oder Backform. Der Administrator\/Produktionsverantwortliche ist der B\u00e4cker, der das gute Rezept mitbringt und daf\u00fcr Sorge tr\u00e4gt, dass der Produktions-Workflow funktioniert und optimiert wird, also das Rezept gelingt.<\/p>\n<p class=\"p1\"><b>Rechnet sich LAGO? In welchem Bereich konnten Sie Einsparungen verbuchen?<br \/>\n<\/b>Die Kosten der LAGO-Software amortisieren sich rasch. Ein Vorteil ist, dass wir jetzt praktisch alles <em>inhouse<\/em> machen k\u00f6nnen \u2013 bis zur \u00dcbergabe an die Litho. So haben wir bei kleineren Beilagen mit Altartikeln eine Kostenersparnis von bis zu 60%. Und damit ist LAGO noch lange nicht ausgereizt: Das System birgt enormes Potenzial f\u00fcr weitere Kosten- und Zeiteinsparungen.<\/p>\n<p class=\"p1\"><b>Hatte die Umstellung auf LAGO weitere Effekte?<br \/>\n<\/b>LAGO hat sich als mehr als \u201enur\u201c ein Programm herausgestellt. Die interne Kommunikation zwischen den Unternehmensbereichen wurde teilweise neu und deutlicher definiert. Beispielsweise hat LAGO die Zust\u00e4ndigkeiten von Einkauf und Werbung klar geregelt. Ich w\u00fcrde sogar sagen, dass durch LAGO die Denkprozesse im Unternehmen neue Impulse bekommen haben.<\/p>\n<p class=\"p1\"><b>Inwiefern spielt E-Commerce f\u00fcr Gebr\u00fcder G\u00f6tz eine Rolle?<br \/>\n<\/b>Wir haben einen Online-Shop, allerdings ist unser System bisher in Bezug auf die Darstellung der Bilddaten und Logos wenig dynamisch. Sobald wir die neueste Lago-Version installiert haben, werden wir auch unseren Online-Shop auf LAGO umstellen.<\/p>\n<p class=\"p1\"><b>Wie sehen die Serviceleistungen aus, die Sie von Comosoft in Anspruch nehmen?<br \/>\n<\/b>Selbstverst\u00e4ndlich haben wir einen Supportvertrag. Doch unser Verh\u00e4ltnis zu Comosoft geht \u00fcber eine reine Beratung hinaus. Es herrscht eine rege Kommunikation, und beide Unternehmen lernen voneinander. Besonders freut mich, dass die Anregungen, die wir als Nutzer an Comosoft herantragen, gr\u00f6\u00dftenteils ihren Niederschlag in den neuen Versionen finden.<\/p>\n<hr \/>\n<p class=\"p1\">Hamburg, 1999<\/p>\n<p>[\/vc_column_text][\/vc_column][\/vc_row]<\/p>\n<\/div>","protected":false},"excerpt":{"rendered":"<p>Das W\u00fcrzburger Unternehmen Gebr\u00fcder G\u00f6tz verwendet zur Produktion seiner Werbemittel seit 1999 LAGO-Software.<\/p>\n","protected":false},"author":103,"featured_media":0,"parent":0,"menu_order":0,"comment_status":"closed","ping_status":"closed","template":"","meta":{"footnotes":""},"class_list":["post-5227","page","type-page","status-publish","hentry"],"yoast_head":"<!-- This site is optimized with the Yoast SEO plugin v27.3 - https:\/\/yoast.com\/product\/yoast-seo-wordpress\/ -->\n<title>Fallbeispiel Gebr\u00fcder G\u00f6tz \/ Comosoft<\/title>\n<meta name=\"description\" content=\"Fallbeispiel Gebr\u00fcder G\u00f6tz: Das W\u00fcrzburger Unternehmen Gebr\u00fcder G\u00f6tz verwendet zur Produktion seiner Werbemittel seit 1999 LAGO-Software.\" \/>\n<meta name=\"robots\" content=\"index, follow, max-snippet:-1, max-image-preview:large, max-video-preview:-1\" \/>\n<link rel=\"canonical\" href=\"https:\/\/www.comosoft.eu\/de\/fallbeispiel-gebrueder-goetz\/\" \/>\n<meta property=\"og:locale\" content=\"de_DE\" \/>\n<meta property=\"og:type\" content=\"article\" \/>\n<meta property=\"og:title\" content=\"Fallbeispiel Gebr\u00fcder G\u00f6tz \/ Comosoft\" \/>\n<meta property=\"og:description\" content=\"Fallbeispiel Gebr\u00fcder G\u00f6tz: Das W\u00fcrzburger Unternehmen Gebr\u00fcder G\u00f6tz verwendet zur Produktion seiner Werbemittel seit 1999 LAGO-Software.\" \/>\n<meta property=\"og:url\" content=\"https:\/\/www.comosoft.eu\/de\/fallbeispiel-gebrueder-goetz\/\" \/>\n<meta property=\"og:site_name\" content=\"comosoft.com\" \/>\n<meta property=\"article:modified_time\" content=\"2026-03-26T12:45:01+00:00\" \/>\n<meta property=\"og:image\" content=\"https:\/\/www.comosoft.eu\/wp-content\/uploads\/2021\/01\/Digital-publishing.jpg\" \/>\n\t<meta property=\"og:image:width\" content=\"2000\" \/>\n\t<meta property=\"og:image:height\" content=\"1334\" \/>\n\t<meta property=\"og:image:type\" content=\"image\/jpeg\" \/>\n<meta name=\"twitter:card\" content=\"summary_large_image\" \/>\n<!-- \/ Yoast SEO plugin. -->","yoast_head_json":{"title":"Fallbeispiel Gebr\u00fcder G\u00f6tz \/ Comosoft","description":"Fallbeispiel Gebr\u00fcder G\u00f6tz: Das W\u00fcrzburger Unternehmen Gebr\u00fcder G\u00f6tz verwendet zur Produktion seiner Werbemittel seit 1999 LAGO-Software.","robots":{"index":"index","follow":"follow","max-snippet":"max-snippet:-1","max-image-preview":"max-image-preview:large","max-video-preview":"max-video-preview:-1"},"canonical":"https:\/\/www.comosoft.eu\/de\/fallbeispiel-gebrueder-goetz\/","og_locale":"de_DE","og_type":"article","og_title":"Fallbeispiel Gebr\u00fcder G\u00f6tz \/ Comosoft","og_description":"Fallbeispiel Gebr\u00fcder G\u00f6tz: Das W\u00fcrzburger Unternehmen Gebr\u00fcder G\u00f6tz verwendet zur Produktion seiner Werbemittel seit 1999 LAGO-Software.","og_url":"https:\/\/www.comosoft.eu\/de\/fallbeispiel-gebrueder-goetz\/","og_site_name":"comosoft.com","article_modified_time":"2026-03-26T12:45:01+00:00","og_image":[{"width":2000,"height":1334,"url":"https:\/\/www.comosoft.eu\/wp-content\/uploads\/2021\/01\/Digital-publishing.jpg","type":"image\/jpeg"}],"twitter_card":"summary_large_image","schema":{"@context":"https:\/\/schema.org","@graph":[{"@type":"WebPage","@id":"https:\/\/www.comosoft.eu\/de\/fallbeispiel-gebrueder-goetz\/","url":"https:\/\/www.comosoft.eu\/de\/fallbeispiel-gebrueder-goetz\/","name":"Fallbeispiel Gebr\u00fcder G\u00f6tz \/ Comosoft","isPartOf":{"@id":"https:\/\/www.comosoft.eu\/de\/#website"},"datePublished":"2017-08-31T14:53:03+00:00","dateModified":"2026-03-26T12:45:01+00:00","description":"Fallbeispiel Gebr\u00fcder G\u00f6tz: Das W\u00fcrzburger Unternehmen Gebr\u00fcder G\u00f6tz verwendet zur Produktion seiner Werbemittel seit 1999 LAGO-Software.","breadcrumb":{"@id":"https:\/\/www.comosoft.eu\/de\/fallbeispiel-gebrueder-goetz\/#breadcrumb"},"inLanguage":"de-DE","potentialAction":[{"@type":"ReadAction","target":["https:\/\/www.comosoft.eu\/de\/fallbeispiel-gebrueder-goetz\/"]}]},{"@type":"BreadcrumbList","@id":"https:\/\/www.comosoft.eu\/de\/fallbeispiel-gebrueder-goetz\/#breadcrumb","itemListElement":[{"@type":"ListItem","position":1,"name":"Home","item":"https:\/\/www.comosoft.eu\/de\/multichannel-software-loesung-lago-von-comosoft\/"},{"@type":"ListItem","position":2,"name":"Fallbeispiel Gebr\u00fcder G\u00f6tz"}]},{"@type":"WebSite","@id":"https:\/\/www.comosoft.eu\/de\/#website","url":"https:\/\/www.comosoft.eu\/de\/","name":"Comosoft","description":"Multichannel Solutions","publisher":{"@id":"https:\/\/www.comosoft.eu\/de\/#organization"},"potentialAction":[{"@type":"SearchAction","target":{"@type":"EntryPoint","urlTemplate":"https:\/\/www.comosoft.eu\/de\/?s={search_term_string}"},"query-input":{"@type":"PropertyValueSpecification","valueRequired":true,"valueName":"search_term_string"}}],"inLanguage":"de-DE"},{"@type":"Organization","@id":"https:\/\/www.comosoft.eu\/de\/#organization","name":"Comosoft GmbH","alternateName":"Multichannel Solutions","url":"https:\/\/www.comosoft.eu\/de\/","logo":{"@type":"ImageObject","inLanguage":"de-DE","@id":"https:\/\/www.comosoft.eu\/de\/#\/schema\/logo\/image\/","url":"https:\/\/www.comosoft.eu\/wp-content\/uploads\/2021\/01\/Comosoft-Logo463.png","contentUrl":"https:\/\/www.comosoft.eu\/wp-content\/uploads\/2021\/01\/Comosoft-Logo463.png","width":1654,"height":337,"caption":"Comosoft GmbH"},"image":{"@id":"https:\/\/www.comosoft.eu\/de\/#\/schema\/logo\/image\/"},"sameAs":["https:\/\/de.linkedin.com\/company\/comosoft?original_referer=httpswww.google.com"]}]}},"_links":{"self":[{"href":"https:\/\/www.comosoft.eu\/de\/wp-json\/wp\/v2\/pages\/5227","targetHints":{"allow":["GET"]}}],"collection":[{"href":"https:\/\/www.comosoft.eu\/de\/wp-json\/wp\/v2\/pages"}],"about":[{"href":"https:\/\/www.comosoft.eu\/de\/wp-json\/wp\/v2\/types\/page"}],"author":[{"embeddable":true,"href":"https:\/\/www.comosoft.eu\/de\/wp-json\/wp\/v2\/users\/103"}],"replies":[{"embeddable":true,"href":"https:\/\/www.comosoft.eu\/de\/wp-json\/wp\/v2\/comments?post=5227"}],"version-history":[{"count":6,"href":"https:\/\/www.comosoft.eu\/de\/wp-json\/wp\/v2\/pages\/5227\/revisions"}],"predecessor-version":[{"id":50752,"href":"https:\/\/www.comosoft.eu\/de\/wp-json\/wp\/v2\/pages\/5227\/revisions\/50752"}],"wp:attachment":[{"href":"https:\/\/www.comosoft.eu\/de\/wp-json\/wp\/v2\/media?parent=5227"}],"curies":[{"name":"wp","href":"https:\/\/api.w.org\/{rel}","templated":true}]}}