{"id":5200,"date":"2017-08-31T16:02:33","date_gmt":"2017-08-31T14:02:33","guid":{"rendered":"https:\/\/www.comosoft.com\/?page_id=5200\/"},"modified":"2020-07-06T12:21:11","modified_gmt":"2020-07-06T10:21:11","slug":"pressemitteilung-zitra","status":"publish","type":"page","link":"https:\/\/www.comosoft.eu\/de\/pressemitteilung-zitra\/","title":{"rendered":"Pressemitteilung Zitra"},"content":{"rendered":"<div class=\"wpb-content-wrapper\"><p>[vc_row][vc_column width=&#8221;1\/1&#8243;][vc_column_text]<\/p>\n<h1>Zitra entscheidet sich f\u00fcr portlight<\/h1>\n<p class=\"p3\">Comosoft, spezialisierter Anbieter von PIM-Systemen f\u00fcr Handel &amp; Industrie, kehrt zu seinen Wurzeln zur\u00fcck und gewinnt ein Unternehmen der Otto Gruppe, die Zitra GmbH.<\/p>\n<p class=\"p4\">Zitra integriert mit dem vollumf\u00e4nglichen PIM System \u201eportlight\u201c ein Product Data Management Hub und steigert somit Effizienz und Effektivit\u00e4t des Produktdatenflusses in dem eigens erschaffenen \u00d6ko-System (Systemlandschaft).<\/p>\n<p class=\"p5\"><span class=\"s2\"><b>Hamburg, M\u00e4rz 2016 <\/b><\/span>\u2013 Zitra ist Teil der Otto Gruppe und JD.com und verfolgt die Mission, Marken mit allen relevanten Verkaufskan\u00e4len zu verbinden. Als unabh\u00e4ngiger Service Dienstleister erm\u00f6glicht es Zitra Marken, direkt auf internationalen online Markpl\u00e4tzen sowie Konzessionsfl\u00e4chen vertrieben zu werden. Daf\u00fcr bietet Zitra die IT, Management und Fulfillment Infrastruktur als One-Stop L\u00f6sung. Um die eigens entwickelte Systemlandschaft (\u00d6ko-System) zukunftstr\u00e4chtig ausrichten zu k\u00f6nnen, war Zitra auf der Suche nach einem PIM-System. Im Fokus der Evaluierung standen dabei die Bereiche \u201eProduct Onboarding\u201c und \u201eMedia &amp; Data Management\u201c zu optimieren und die Systemlandschaft durch eine Standard-Software zu stabilisieren.<\/p>\n<p class=\"p5\">Die passende Antwort darauf fand Zitra mit der Standard PIM Software portlight by Comosoft \u2013 das Projekt l\u00e4uft bereits aktiv unter dem Namen \u201eProduct Data Management Hub\u201c. Features, die ausschlaggebend f\u00fcr die Entscheidung von Zitra waren:<\/p>\n<ul>\n<li class=\"p6\">Erfolgreich erprobte Standard Software mit \u00fcber 20 Jahren Erfahrung<\/li>\n<li class=\"p6\">Komplett web-basierte Anwendung f\u00fcr den Zugriff von \u00fcberall<\/li>\n<li class=\"p6\">Modernes User-Interface<\/li>\n<li class=\"p6\">Einfache und User-freundliche Anwendungsoberfl\u00e4che<\/li>\n<li class=\"p6\">Vollumf\u00e4ngliches PIM (Product Information Management) mit integriertem MAM (Media Asset Management)<\/li>\n<li class=\"p6\">Multikanal Ausrichtung durch zentrale Kommunikationsaussteuerung<\/li>\n<\/ul>\n<p class=\"p5\">\u201e<em>Wir freuen uns sehr, mit \u201eportlight\u201c eine Standard-Software gefunden zu haben, die unserem Anspruch nach Fortschrittlichkeit und Modernit\u00e4t entspricht. Wir haben dar\u00fcber hinaus schnell festgestellt, mit comosoft einen kompetenten und weitsichtiger Partner gewonnen zu haben \u2013 eine enge und partnerschaftliche Zusammenarbeit ist Kern des Erfolges einer PIM-Einf\u00fchrung<\/em>\u201c, konstatiert Grit Marlow-Buchholz, Project Lead PIM bei Zitra.<\/p>\n<p class=\"p5\">\u201e<em>Wir sind \u201eback to roots\u201c und freuen uns sehr, mit Zitra ein modernes und innovatives Unternehmen zu unseren Kunden z\u00e4hlen zu d\u00fcrfen. Bereits in der Vertriebsphase haben wir gemerkt, das passt zusammen \u2013 und was zusammengeh\u00f6rt, soll auch zusammen kommen<\/em>\u201c, so Benjamin Ferreau, Gesch\u00e4ftsf\u00fchrer Comosoft GmbH.<\/p>\n<p class=\"p8\">Das Projekt wurde mit einer straffen Einf\u00fchrungszeit von knapp acht Wochen angesetzt: Der geplante Go-Live Ende Februar wurde erfolgreich erreicht. F\u00fcr die Zukunft ist eine enge Partnerschaft in Form von gemeinsamem Knowhow Transfer in der Weiterentwicklung geplant.<\/p>\n<p>[\/vc_column_text][\/vc_column][\/vc_row]<\/p>\n<\/div>","protected":false},"excerpt":{"rendered":"<p>[vc_row][vc_column width=&#8221;1\/1&#8243;][vc_column_text] Zitra entscheidet sich f\u00fcr portlight Comosoft, spezialisierter Anbieter von PIM-Systemen f\u00fcr Handel &amp; Industrie, kehrt zu seinen Wurzeln [&hellip;]<\/p>\n","protected":false},"author":103,"featured_media":0,"parent":0,"menu_order":0,"comment_status":"closed","ping_status":"closed","template":"","meta":{"footnotes":""},"class_list":["post-5200","page","type-page","status-publish","hentry"],"yoast_head":"<!-- This site is optimized with the Yoast SEO plugin v27.3 - https:\/\/yoast.com\/product\/yoast-seo-wordpress\/ -->\n<title>Pressemitteilung Zitra \/ Comosoft<\/title>\n<meta name=\"description\" content=\"Pressemitteilung Zitra: Zitra entscheidet sich f\u00fcr portlight Comosoft, spezialisierter Anbieter von PIM-Systemen f\u00fcr Handel &amp; Industrie, kehrt zu seinen Wurzeln zur\u00fcck und\" \/>\n<meta name=\"robots\" content=\"index, follow, max-snippet:-1, max-image-preview:large, max-video-preview:-1\" \/>\n<link rel=\"canonical\" href=\"https:\/\/www.comosoft.eu\/de\/pressemitteilung-zitra\/\" \/>\n<meta property=\"og:locale\" content=\"de_DE\" \/>\n<meta property=\"og:type\" content=\"article\" \/>\n<meta property=\"og:title\" content=\"Pressemitteilung Zitra \/ Comosoft\" \/>\n<meta property=\"og:description\" content=\"Pressemitteilung Zitra: Zitra entscheidet sich f\u00fcr portlight Comosoft, spezialisierter Anbieter von PIM-Systemen f\u00fcr Handel &amp; Industrie, kehrt zu seinen Wurzeln zur\u00fcck und\" \/>\n<meta property=\"og:url\" content=\"https:\/\/www.comosoft.eu\/de\/pressemitteilung-zitra\/\" \/>\n<meta property=\"og:site_name\" content=\"comosoft.com\" \/>\n<meta property=\"article:modified_time\" content=\"2020-07-06T10:21:11+00:00\" \/>\n<meta property=\"og:image\" content=\"https:\/\/www.comosoft.eu\/wp-content\/uploads\/2021\/01\/Digital-publishing.jpg\" \/>\n\t<meta property=\"og:image:width\" content=\"2000\" \/>\n\t<meta property=\"og:image:height\" content=\"1334\" \/>\n\t<meta property=\"og:image:type\" content=\"image\/jpeg\" \/>\n<meta name=\"twitter:card\" content=\"summary_large_image\" \/>\n<!-- \/ Yoast SEO plugin. -->","yoast_head_json":{"title":"Pressemitteilung Zitra \/ Comosoft","description":"Pressemitteilung Zitra: Zitra entscheidet sich f\u00fcr portlight Comosoft, spezialisierter Anbieter von PIM-Systemen f\u00fcr Handel &amp; Industrie, kehrt zu seinen Wurzeln zur\u00fcck und","robots":{"index":"index","follow":"follow","max-snippet":"max-snippet:-1","max-image-preview":"max-image-preview:large","max-video-preview":"max-video-preview:-1"},"canonical":"https:\/\/www.comosoft.eu\/de\/pressemitteilung-zitra\/","og_locale":"de_DE","og_type":"article","og_title":"Pressemitteilung Zitra \/ Comosoft","og_description":"Pressemitteilung Zitra: Zitra entscheidet sich f\u00fcr portlight Comosoft, spezialisierter Anbieter von PIM-Systemen f\u00fcr Handel &amp; Industrie, kehrt zu seinen Wurzeln zur\u00fcck und","og_url":"https:\/\/www.comosoft.eu\/de\/pressemitteilung-zitra\/","og_site_name":"comosoft.com","article_modified_time":"2020-07-06T10:21:11+00:00","og_image":[{"width":2000,"height":1334,"url":"https:\/\/www.comosoft.eu\/wp-content\/uploads\/2021\/01\/Digital-publishing.jpg","type":"image\/jpeg"}],"twitter_card":"summary_large_image","schema":{"@context":"https:\/\/schema.org","@graph":[{"@type":"WebPage","@id":"https:\/\/www.comosoft.eu\/de\/pressemitteilung-zitra\/","url":"https:\/\/www.comosoft.eu\/de\/pressemitteilung-zitra\/","name":"Pressemitteilung Zitra \/ Comosoft","isPartOf":{"@id":"https:\/\/www.comosoft.eu\/de\/#website"},"datePublished":"2017-08-31T14:02:33+00:00","dateModified":"2020-07-06T10:21:11+00:00","description":"Pressemitteilung Zitra: Zitra entscheidet sich f\u00fcr portlight Comosoft, spezialisierter Anbieter von PIM-Systemen f\u00fcr Handel &amp; Industrie, kehrt zu seinen Wurzeln zur\u00fcck und","breadcrumb":{"@id":"https:\/\/www.comosoft.eu\/de\/pressemitteilung-zitra\/#breadcrumb"},"inLanguage":"de-DE","potentialAction":[{"@type":"ReadAction","target":["https:\/\/www.comosoft.eu\/de\/pressemitteilung-zitra\/"]}]},{"@type":"BreadcrumbList","@id":"https:\/\/www.comosoft.eu\/de\/pressemitteilung-zitra\/#breadcrumb","itemListElement":[{"@type":"ListItem","position":1,"name":"Home","item":"https:\/\/www.comosoft.eu\/de\/multichannel-software-loesung-lago-von-comosoft\/"},{"@type":"ListItem","position":2,"name":"Pressemitteilung Zitra"}]},{"@type":"WebSite","@id":"https:\/\/www.comosoft.eu\/de\/#website","url":"https:\/\/www.comosoft.eu\/de\/","name":"Comosoft","description":"Multichannel Solutions","publisher":{"@id":"https:\/\/www.comosoft.eu\/de\/#organization"},"potentialAction":[{"@type":"SearchAction","target":{"@type":"EntryPoint","urlTemplate":"https:\/\/www.comosoft.eu\/de\/?s={search_term_string}"},"query-input":{"@type":"PropertyValueSpecification","valueRequired":true,"valueName":"search_term_string"}}],"inLanguage":"de-DE"},{"@type":"Organization","@id":"https:\/\/www.comosoft.eu\/de\/#organization","name":"Comosoft GmbH","alternateName":"Multichannel Solutions","url":"https:\/\/www.comosoft.eu\/de\/","logo":{"@type":"ImageObject","inLanguage":"de-DE","@id":"https:\/\/www.comosoft.eu\/de\/#\/schema\/logo\/image\/","url":"https:\/\/www.comosoft.eu\/wp-content\/uploads\/2021\/01\/Comosoft-Logo463.png","contentUrl":"https:\/\/www.comosoft.eu\/wp-content\/uploads\/2021\/01\/Comosoft-Logo463.png","width":1654,"height":337,"caption":"Comosoft GmbH"},"image":{"@id":"https:\/\/www.comosoft.eu\/de\/#\/schema\/logo\/image\/"},"sameAs":["https:\/\/de.linkedin.com\/company\/comosoft?original_referer=httpswww.google.com"]}]}},"_links":{"self":[{"href":"https:\/\/www.comosoft.eu\/de\/wp-json\/wp\/v2\/pages\/5200","targetHints":{"allow":["GET"]}}],"collection":[{"href":"https:\/\/www.comosoft.eu\/de\/wp-json\/wp\/v2\/pages"}],"about":[{"href":"https:\/\/www.comosoft.eu\/de\/wp-json\/wp\/v2\/types\/page"}],"author":[{"embeddable":true,"href":"https:\/\/www.comosoft.eu\/de\/wp-json\/wp\/v2\/users\/103"}],"replies":[{"embeddable":true,"href":"https:\/\/www.comosoft.eu\/de\/wp-json\/wp\/v2\/comments?post=5200"}],"version-history":[{"count":4,"href":"https:\/\/www.comosoft.eu\/de\/wp-json\/wp\/v2\/pages\/5200\/revisions"}],"predecessor-version":[{"id":5223,"href":"https:\/\/www.comosoft.eu\/de\/wp-json\/wp\/v2\/pages\/5200\/revisions\/5223"}],"wp:attachment":[{"href":"https:\/\/www.comosoft.eu\/de\/wp-json\/wp\/v2\/media?parent=5200"}],"curies":[{"name":"wp","href":"https:\/\/api.w.org\/{rel}","templated":true}]}}