{"id":5198,"date":"2017-08-31T16:01:57","date_gmt":"2017-08-31T14:01:57","guid":{"rendered":"https:\/\/www.comosoft.com\/?page_id=5198\/"},"modified":"2017-08-31T16:01:57","modified_gmt":"2017-08-31T14:01:57","slug":"pressemitteilung-magalog","status":"publish","type":"page","link":"https:\/\/www.comosoft.eu\/de\/pressemitteilung-magalog\/","title":{"rendered":"Pressemitteilung Magalog"},"content":{"rendered":"<div class=\"wpb-content-wrapper\"><p>[vc_row][vc_column width=&#8221;1\/1&#8243;][vc_column_text]<\/p>\n<h1>Print ist noch lange nicht tot &#8211; aber ver\u00e4ndert sich! Wie aus Magazin und Katalog der \u201eMagalog\u201c wird<\/h1>\n<p><b>ShipIt Days 2015: Die Comosoft GmbH und ppi Media nutzen 24 Stunden, um aus zwei Produktportfolios eine Vision zu machen und verknu\u0308pfen Redaktions- und PIM-Systeme. Gelebte Kreativit\u00e4t: Comosoft GmbH und ppi Media entwickeln \u201eMagalog-Prototyp\u201c<\/b><\/p>\n<p class=\"p3\"><strong>Hamburg, 01.06.2015<\/strong> &#8211; 24 Stunden, 60 Teilnehmerinnen und Teilnehmer, 16 Teams und eine Menge gute Konzepte. \u201eSmall \u2013 Sharp \u2013 Smart\u201c, unter diesem Motto fand am 7. und 8. Mai der zweite ShipIt Day bei ppi Media statt. Konkret hie\u00df dies, eigene Projektideen umzusetzen \u2013 innerhalb von nur 24 Stunden mit abschlie\u00dfender Pr\u00e4sentation im 4-Minuten-Pitch. Das Resultat ist unter anderem die erfolgreiche Verknu\u0308pfung der Redaktionssysteme zur Produktion von Magazinen (ppi Media) und der fu\u0308r PIM- &amp; Multichannel Publishing Systeme zur Herstellung von Katalogen (Comosoft GmbH) zum \u201eMagalog\u201c. Durch die Kombination aus Branchen Know-How in den Bereichen Publishing und Handel sowie der jahrelangen Erfahrung in der Softwareentwicklung ist es ppi Media und Comosoft gelungen, ihre Produkte innerhalb von 24 Stunden konzeptionell und technologisch zusammenzufu\u0308hren. Mit Ende der ShipIt Days ist es per \u201eMagalog\u201c Prototyp bereits m\u00f6glich, dass Publisher bei der Erstellung redaktioneller Seiten auf die PIM-Komponenten der Comosoft GmbH zuru\u0308ckgreifen k\u00f6nnen und H\u00e4ndler bei der Katalogerstellung Zugriff auf die redaktionellen St\u00e4rken der ppi Media Produkte haben. Die Betrachtung des Marktes und der Zielgruppen des klassischen Versandhandels best\u00e4tigt diesen Zusammenschluss. Die Kombination aus redaktionellem Content mit gezielt produktbezogenen Informationen spiegelt einen Trend wider, der sich an die Bedu\u0308rfnisse der Verbraucher und deren Kaufentscheidung anpasst. So ist es m\u00f6glich, den Kauf eines Produktes durch den Einsatz des \u201eMagalog\u201c positiv zu beeinflussen, den Kunden zu best\u00e4rken und die Absatzzahlen zu erh\u00f6hen.<\/p>\n<p>[\/vc_column_text][\/vc_column][\/vc_row]<\/p>\n<\/div>","protected":false},"excerpt":{"rendered":"<p>[vc_row][vc_column width=&#8221;1\/1&#8243;][vc_column_text] Print ist noch lange nicht tot &#8211; aber ver\u00e4ndert sich! Wie aus Magazin und Katalog der \u201eMagalog\u201c wird [&hellip;]<\/p>\n","protected":false},"author":103,"featured_media":0,"parent":0,"menu_order":0,"comment_status":"closed","ping_status":"closed","template":"","meta":{"footnotes":""},"class_list":["post-5198","page","type-page","status-publish","hentry"],"yoast_head":"<!-- This site is optimized with the Yoast SEO plugin v27.3 - https:\/\/yoast.com\/product\/yoast-seo-wordpress\/ -->\n<title>Pressemitteilung Magalog \/ Comosoft<\/title>\n<meta name=\"description\" content=\"Pressemitteilung Magalog: Print ist noch lange nicht tot - aber ver\u00e4ndert sich! Wie aus Magazin und Katalog der \u201eMagalog\u201c wird ShipIt Days 2015: Die Comosoft GmbH und ppi Media\" \/>\n<meta name=\"robots\" content=\"index, follow, max-snippet:-1, max-image-preview:large, max-video-preview:-1\" \/>\n<link rel=\"canonical\" href=\"https:\/\/www.comosoft.eu\/de\/pressemitteilung-magalog\/\" \/>\n<meta property=\"og:locale\" content=\"de_DE\" \/>\n<meta property=\"og:type\" content=\"article\" \/>\n<meta property=\"og:title\" content=\"Pressemitteilung Magalog \/ Comosoft\" \/>\n<meta property=\"og:description\" content=\"Pressemitteilung Magalog: Print ist noch lange nicht tot - aber ver\u00e4ndert sich! Wie aus Magazin und Katalog der \u201eMagalog\u201c wird ShipIt Days 2015: Die Comosoft GmbH und ppi Media\" \/>\n<meta property=\"og:url\" content=\"https:\/\/www.comosoft.eu\/de\/pressemitteilung-magalog\/\" \/>\n<meta property=\"og:site_name\" content=\"comosoft.com\" \/>\n<meta property=\"og:image\" content=\"https:\/\/www.comosoft.eu\/wp-content\/uploads\/2021\/01\/Digital-publishing.jpg\" \/>\n\t<meta property=\"og:image:width\" content=\"2000\" \/>\n\t<meta property=\"og:image:height\" content=\"1334\" \/>\n\t<meta property=\"og:image:type\" content=\"image\/jpeg\" \/>\n<meta name=\"twitter:card\" content=\"summary_large_image\" \/>\n<!-- \/ Yoast SEO plugin. -->","yoast_head_json":{"title":"Pressemitteilung Magalog \/ Comosoft","description":"Pressemitteilung Magalog: Print ist noch lange nicht tot - aber ver\u00e4ndert sich! Wie aus Magazin und Katalog der \u201eMagalog\u201c wird ShipIt Days 2015: Die Comosoft GmbH und ppi Media","robots":{"index":"index","follow":"follow","max-snippet":"max-snippet:-1","max-image-preview":"max-image-preview:large","max-video-preview":"max-video-preview:-1"},"canonical":"https:\/\/www.comosoft.eu\/de\/pressemitteilung-magalog\/","og_locale":"de_DE","og_type":"article","og_title":"Pressemitteilung Magalog \/ Comosoft","og_description":"Pressemitteilung Magalog: Print ist noch lange nicht tot - aber ver\u00e4ndert sich! Wie aus Magazin und Katalog der \u201eMagalog\u201c wird ShipIt Days 2015: Die Comosoft GmbH und ppi Media","og_url":"https:\/\/www.comosoft.eu\/de\/pressemitteilung-magalog\/","og_site_name":"comosoft.com","og_image":[{"width":2000,"height":1334,"url":"https:\/\/www.comosoft.eu\/wp-content\/uploads\/2021\/01\/Digital-publishing.jpg","type":"image\/jpeg"}],"twitter_card":"summary_large_image","schema":{"@context":"https:\/\/schema.org","@graph":[{"@type":"WebPage","@id":"https:\/\/www.comosoft.eu\/de\/pressemitteilung-magalog\/","url":"https:\/\/www.comosoft.eu\/de\/pressemitteilung-magalog\/","name":"Pressemitteilung Magalog \/ Comosoft","isPartOf":{"@id":"https:\/\/www.comosoft.eu\/de\/#website"},"datePublished":"2017-08-31T14:01:57+00:00","description":"Pressemitteilung Magalog: Print ist noch lange nicht tot - aber ver\u00e4ndert sich! Wie aus Magazin und Katalog der \u201eMagalog\u201c wird ShipIt Days 2015: Die Comosoft GmbH und ppi Media","breadcrumb":{"@id":"https:\/\/www.comosoft.eu\/de\/pressemitteilung-magalog\/#breadcrumb"},"inLanguage":"de-DE","potentialAction":[{"@type":"ReadAction","target":["https:\/\/www.comosoft.eu\/de\/pressemitteilung-magalog\/"]}]},{"@type":"BreadcrumbList","@id":"https:\/\/www.comosoft.eu\/de\/pressemitteilung-magalog\/#breadcrumb","itemListElement":[{"@type":"ListItem","position":1,"name":"Home","item":"https:\/\/www.comosoft.eu\/de\/multichannel-software-loesung-lago-von-comosoft\/"},{"@type":"ListItem","position":2,"name":"Pressemitteilung Magalog"}]},{"@type":"WebSite","@id":"https:\/\/www.comosoft.eu\/de\/#website","url":"https:\/\/www.comosoft.eu\/de\/","name":"Comosoft","description":"Multichannel Solutions","publisher":{"@id":"https:\/\/www.comosoft.eu\/de\/#organization"},"potentialAction":[{"@type":"SearchAction","target":{"@type":"EntryPoint","urlTemplate":"https:\/\/www.comosoft.eu\/de\/?s={search_term_string}"},"query-input":{"@type":"PropertyValueSpecification","valueRequired":true,"valueName":"search_term_string"}}],"inLanguage":"de-DE"},{"@type":"Organization","@id":"https:\/\/www.comosoft.eu\/de\/#organization","name":"Comosoft GmbH","alternateName":"Multichannel Solutions","url":"https:\/\/www.comosoft.eu\/de\/","logo":{"@type":"ImageObject","inLanguage":"de-DE","@id":"https:\/\/www.comosoft.eu\/de\/#\/schema\/logo\/image\/","url":"https:\/\/www.comosoft.eu\/wp-content\/uploads\/2021\/01\/Comosoft-Logo463.png","contentUrl":"https:\/\/www.comosoft.eu\/wp-content\/uploads\/2021\/01\/Comosoft-Logo463.png","width":1654,"height":337,"caption":"Comosoft GmbH"},"image":{"@id":"https:\/\/www.comosoft.eu\/de\/#\/schema\/logo\/image\/"},"sameAs":["https:\/\/de.linkedin.com\/company\/comosoft?original_referer=httpswww.google.com"]}]}},"_links":{"self":[{"href":"https:\/\/www.comosoft.eu\/de\/wp-json\/wp\/v2\/pages\/5198","targetHints":{"allow":["GET"]}}],"collection":[{"href":"https:\/\/www.comosoft.eu\/de\/wp-json\/wp\/v2\/pages"}],"about":[{"href":"https:\/\/www.comosoft.eu\/de\/wp-json\/wp\/v2\/types\/page"}],"author":[{"embeddable":true,"href":"https:\/\/www.comosoft.eu\/de\/wp-json\/wp\/v2\/users\/103"}],"replies":[{"embeddable":true,"href":"https:\/\/www.comosoft.eu\/de\/wp-json\/wp\/v2\/comments?post=5198"}],"version-history":[{"count":2,"href":"https:\/\/www.comosoft.eu\/de\/wp-json\/wp\/v2\/pages\/5198\/revisions"}],"predecessor-version":[{"id":5222,"href":"https:\/\/www.comosoft.eu\/de\/wp-json\/wp\/v2\/pages\/5198\/revisions\/5222"}],"wp:attachment":[{"href":"https:\/\/www.comosoft.eu\/de\/wp-json\/wp\/v2\/media?parent=5198"}],"curies":[{"name":"wp","href":"https:\/\/api.w.org\/{rel}","templated":true}]}}