{"id":5194,"date":"2017-08-31T16:00:51","date_gmt":"2017-08-31T14:00:51","guid":{"rendered":"https:\/\/www.comosoft.com\/?page_id=5194\/"},"modified":"2017-08-31T16:00:51","modified_gmt":"2017-08-31T14:00:51","slug":"pressemitteilung-brandlabel","status":"publish","type":"page","link":"https:\/\/www.comosoft.eu\/de\/pressemitteilung-brandlabel\/","title":{"rendered":"Pressemitteilung Brand&#038;Label"},"content":{"rendered":"<div class=\"wpb-content-wrapper\"><p>[vc_row][vc_column width=&#8221;1\/1&#8243;][vc_column_text]<\/p>\n<h1>Comosoft expandiert in S\u00fcdamerika<\/h1>\n<p><b>Comosoft setzt Internationalisierung erfolgreich fort und findet mit Brand&amp;Label den passenden Partner zum Ausbau des lateinamerikanischen Marktes<br \/>\nDie S\u00fcdamerikanische Digital Transformation Agentur Brand&amp;Label SPA und Comosoft bilden in S\u00fcdamerika (LATAM Markt) eine starke Kooperation.<\/b><\/p>\n<p class=\"p3\"><span class=\"s2\"><b>Hamburg\/Chile, Februar 2017: <\/b><\/span>Comosoft, einer der f\u00fchrenden Anbieter f\u00fcr Multichannel Solutions f\u00fcr die Segmente \u201eConsumer Goods &amp; Retail\u201c, \u201eVersandhandel &amp; E-Commerce\u201c sowie \u201eIndustrie\u201c setzt die bereits vor \u00fcber 16 Jahren erfolgreich gestartete Internationalisierung fort und findet mit Brand&amp;Label den perfekten Partner. Ziel ist es, Unternehmen im lateinamerikanischen Markt sowohl in der Digital Transformation als auch im Omnichannel Commerce aktiv zu unterst\u00fctzen.<\/p>\n<p class=\"p3\">Dabei bildet der vor \u00fcber 16 Jahren begonnene Markteintritt in Nordamerika eine gute Grundlage: F\u00fchrende US Agenturen, sowie die gr\u00f6\u00dften H\u00e4ndler der Welt (wie beispielsweise Sears, Lowe\u2019s, Walgreens, BassPro) aus den unterschiedlichsten Segmenten vertrauen auf die Technologie-Kompetenz der Comosoft GmbH. Auch konnte im Zuge des Eintritts in den nordamerikanischen Markt bereits ein wichtiges und erfolgreiches Handelsunternehmen f\u00fcr Cosmetics in S\u00fcdamerika (Peru) gewonnen werden.<\/p>\n<p class=\"p3\">Die Kooperation mit Brand&amp;Label ist ein logischer und wichtiger Schritt, um diesen Zukunftsmarkt weiter auszubauen. Brand&amp;Label spielt dabei eine ma\u00dfgebliche Rolle: nur so k\u00f6nnen die lokalen W\u00fcnsche und Anforderungen der Kunden bestm\u00f6glich abgedeckt werden.<\/p>\n<p class=\"p4\"><b>Mehr als nur die Sprache \u2013 Know-How par excellence <\/b><\/p>\n<p class=\"p3\">Ein wichtiger Faktor, um im LATAM Market als deutscher Anbieter erfolgreich zu sein, ist es die Sprachbarriere zu \u00fcberbr\u00fccken \u2013 keine Software kann erfolgreich eingesetzt werden, wenn diese nicht auch professionell und mit Industrie-Know-how implementiert wird. Mit Brand&amp;Label hat die Comosoft GmbH ein junges und dynamisches Team gefunden, das jedoch noch viel mehr als nur Landessprachen beherrscht. Das Team von Brand&amp;Label ist Experte, wenn es um Digitalisierungsstrategien geht. Sie wissen ganz genau, wie sie Unternehmen helfen k\u00f6nnen, viel Zeit und Kosten in den Marketingprozessen einzusparen \u2013 jetzt haben sie auch noch die richtigen Software-Tools im Portfolio.<\/p>\n<p class=\"p4\"><b>Think global, act local <\/b><\/p>\n<p class=\"p3\">Das langj\u00e4hrige Know-how aus internationalen Projekten m\u00f6chte Comosoft nun erfolgreich im lateinamerikanischen Markt einbringen und gemeinsam mit dem Partner Brand&amp;Label SPA das Potenzial dort weiter aussch\u00f6pfen. Beide Unternehmen verbindet die Leidenschaft zur Digital Transformation\/Omnichannel Commerce, das globale Mindset und die lokale Wurzel zur erfolgreichen Implementierung.<\/p>\n<p class=\"p3\">Benjamin Ferreau, Gesch\u00e4ftsf\u00fchrer der Comosoft GmbH und verantwortlich f\u00fcr globalen Vertrieb &amp; Marketing: <i>\u201eWir freuen uns sehr, mit Brand&amp;Label einen Partner gefunden zu haben, um gemeinsam Unternehmen in der Digital Transformation zu unterst\u00fctzen. Wir bringen dabei das \u201eBeste aus zwei Welten\u201c zusammen \u2013 nicht nur thematisch, sondern auch menschlich passen wir gut zueinander!\u201c <\/i><\/p>\n<p class=\"p3\">Sebastian Hercovich, Founder and CEO von Brand&amp;Label: <i>\u201cWir sind ein junges und dynamisches Team, das Unternehmen <\/i><i>L\u00f6sungen bieten m\u00f6chte, um den stetig steigenden Anforderungen gerecht zu werden \u2013 daf\u00fcr suchen wir L\u00f6sungen von Experten. Mit Comosoft und der Software LAGO haben wir f\u00fcr uns den perfekten Partner, Experten in Sachen Multichannel Solutions und Product Information Management gefunden. Wir freuen uns auf die Zusammenarbeit!\u201c <\/i><\/p>\n<p>[\/vc_column_text][\/vc_column][\/vc_row]<\/p>\n<\/div>","protected":false},"excerpt":{"rendered":"<p>[vc_row][vc_column width=&#8221;1\/1&#8243;][vc_column_text] Comosoft expandiert in S\u00fcdamerika Comosoft setzt Internationalisierung erfolgreich fort und findet mit Brand&amp;Label den passenden Partner zum Ausbau [&hellip;]<\/p>\n","protected":false},"author":103,"featured_media":0,"parent":0,"menu_order":0,"comment_status":"closed","ping_status":"closed","template":"","meta":{"footnotes":""},"class_list":["post-5194","page","type-page","status-publish","hentry"],"yoast_head":"<!-- This site is optimized with the Yoast SEO plugin v27.3 - https:\/\/yoast.com\/product\/yoast-seo-wordpress\/ -->\n<title>Pressemitteilung Brand&amp;Label \/ Comosoft<\/title>\n<meta name=\"description\" content=\"Pressemitteilung Brand&amp;Label: Comosoft expandiert in S\u00fcdamerika Comosoft setzt Internationalisierung erfolgreich fort und findet mit Brand&amp;Label den passenden Partner zum Ausbau\" \/>\n<meta name=\"robots\" content=\"index, follow, max-snippet:-1, max-image-preview:large, max-video-preview:-1\" \/>\n<link rel=\"canonical\" href=\"https:\/\/www.comosoft.eu\/de\/pressemitteilung-brandlabel\/\" \/>\n<meta property=\"og:locale\" content=\"de_DE\" \/>\n<meta property=\"og:type\" content=\"article\" \/>\n<meta property=\"og:title\" content=\"Pressemitteilung Brand&amp;Label \/ Comosoft\" \/>\n<meta property=\"og:description\" content=\"Pressemitteilung Brand&amp;Label: Comosoft expandiert in S\u00fcdamerika Comosoft setzt Internationalisierung erfolgreich fort und findet mit Brand&amp;Label den passenden Partner zum Ausbau\" \/>\n<meta property=\"og:url\" content=\"https:\/\/www.comosoft.eu\/de\/pressemitteilung-brandlabel\/\" \/>\n<meta property=\"og:site_name\" content=\"comosoft.com\" \/>\n<meta property=\"og:image\" content=\"https:\/\/www.comosoft.eu\/wp-content\/uploads\/2021\/01\/Digital-publishing.jpg\" \/>\n\t<meta property=\"og:image:width\" content=\"2000\" \/>\n\t<meta property=\"og:image:height\" content=\"1334\" \/>\n\t<meta property=\"og:image:type\" content=\"image\/jpeg\" \/>\n<meta name=\"twitter:card\" content=\"summary_large_image\" \/>\n<!-- \/ Yoast SEO plugin. -->","yoast_head_json":{"title":"Pressemitteilung Brand&Label \/ Comosoft","description":"Pressemitteilung Brand&Label: Comosoft expandiert in S\u00fcdamerika Comosoft setzt Internationalisierung erfolgreich fort und findet mit Brand&amp;Label den passenden Partner zum Ausbau","robots":{"index":"index","follow":"follow","max-snippet":"max-snippet:-1","max-image-preview":"max-image-preview:large","max-video-preview":"max-video-preview:-1"},"canonical":"https:\/\/www.comosoft.eu\/de\/pressemitteilung-brandlabel\/","og_locale":"de_DE","og_type":"article","og_title":"Pressemitteilung Brand&Label \/ Comosoft","og_description":"Pressemitteilung Brand&Label: Comosoft expandiert in S\u00fcdamerika Comosoft setzt Internationalisierung erfolgreich fort und findet mit Brand&amp;Label den passenden Partner zum Ausbau","og_url":"https:\/\/www.comosoft.eu\/de\/pressemitteilung-brandlabel\/","og_site_name":"comosoft.com","og_image":[{"width":2000,"height":1334,"url":"https:\/\/www.comosoft.eu\/wp-content\/uploads\/2021\/01\/Digital-publishing.jpg","type":"image\/jpeg"}],"twitter_card":"summary_large_image","schema":{"@context":"https:\/\/schema.org","@graph":[{"@type":"WebPage","@id":"https:\/\/www.comosoft.eu\/de\/pressemitteilung-brandlabel\/","url":"https:\/\/www.comosoft.eu\/de\/pressemitteilung-brandlabel\/","name":"Pressemitteilung Brand&Label \/ Comosoft","isPartOf":{"@id":"https:\/\/www.comosoft.eu\/de\/#website"},"datePublished":"2017-08-31T14:00:51+00:00","description":"Pressemitteilung Brand&Label: Comosoft expandiert in S\u00fcdamerika Comosoft setzt Internationalisierung erfolgreich fort und findet mit Brand&amp;Label den passenden Partner zum Ausbau","breadcrumb":{"@id":"https:\/\/www.comosoft.eu\/de\/pressemitteilung-brandlabel\/#breadcrumb"},"inLanguage":"de-DE","potentialAction":[{"@type":"ReadAction","target":["https:\/\/www.comosoft.eu\/de\/pressemitteilung-brandlabel\/"]}]},{"@type":"BreadcrumbList","@id":"https:\/\/www.comosoft.eu\/de\/pressemitteilung-brandlabel\/#breadcrumb","itemListElement":[{"@type":"ListItem","position":1,"name":"Home","item":"https:\/\/www.comosoft.eu\/de\/multichannel-software-loesung-lago-von-comosoft\/"},{"@type":"ListItem","position":2,"name":"Pressemitteilung Brand&#038;Label"}]},{"@type":"WebSite","@id":"https:\/\/www.comosoft.eu\/de\/#website","url":"https:\/\/www.comosoft.eu\/de\/","name":"Comosoft","description":"Multichannel Solutions","publisher":{"@id":"https:\/\/www.comosoft.eu\/de\/#organization"},"potentialAction":[{"@type":"SearchAction","target":{"@type":"EntryPoint","urlTemplate":"https:\/\/www.comosoft.eu\/de\/?s={search_term_string}"},"query-input":{"@type":"PropertyValueSpecification","valueRequired":true,"valueName":"search_term_string"}}],"inLanguage":"de-DE"},{"@type":"Organization","@id":"https:\/\/www.comosoft.eu\/de\/#organization","name":"Comosoft GmbH","alternateName":"Multichannel Solutions","url":"https:\/\/www.comosoft.eu\/de\/","logo":{"@type":"ImageObject","inLanguage":"de-DE","@id":"https:\/\/www.comosoft.eu\/de\/#\/schema\/logo\/image\/","url":"https:\/\/www.comosoft.eu\/wp-content\/uploads\/2021\/01\/Comosoft-Logo463.png","contentUrl":"https:\/\/www.comosoft.eu\/wp-content\/uploads\/2021\/01\/Comosoft-Logo463.png","width":1654,"height":337,"caption":"Comosoft GmbH"},"image":{"@id":"https:\/\/www.comosoft.eu\/de\/#\/schema\/logo\/image\/"},"sameAs":["https:\/\/de.linkedin.com\/company\/comosoft?original_referer=httpswww.google.com"]}]}},"_links":{"self":[{"href":"https:\/\/www.comosoft.eu\/de\/wp-json\/wp\/v2\/pages\/5194","targetHints":{"allow":["GET"]}}],"collection":[{"href":"https:\/\/www.comosoft.eu\/de\/wp-json\/wp\/v2\/pages"}],"about":[{"href":"https:\/\/www.comosoft.eu\/de\/wp-json\/wp\/v2\/types\/page"}],"author":[{"embeddable":true,"href":"https:\/\/www.comosoft.eu\/de\/wp-json\/wp\/v2\/users\/103"}],"replies":[{"embeddable":true,"href":"https:\/\/www.comosoft.eu\/de\/wp-json\/wp\/v2\/comments?post=5194"}],"version-history":[{"count":2,"href":"https:\/\/www.comosoft.eu\/de\/wp-json\/wp\/v2\/pages\/5194\/revisions"}],"predecessor-version":[{"id":5220,"href":"https:\/\/www.comosoft.eu\/de\/wp-json\/wp\/v2\/pages\/5194\/revisions\/5220"}],"wp:attachment":[{"href":"https:\/\/www.comosoft.eu\/de\/wp-json\/wp\/v2\/media?parent=5194"}],"curies":[{"name":"wp","href":"https:\/\/api.w.org\/{rel}","templated":true}]}}