{"id":5192,"date":"2017-08-31T16:00:19","date_gmt":"2017-08-31T14:00:19","guid":{"rendered":"https:\/\/www.comosoft.com\/?page_id=5192\/"},"modified":"2023-06-09T13:47:55","modified_gmt":"2023-06-09T11:47:55","slug":"pressemitteilung-asim","status":"publish","type":"page","link":"https:\/\/www.comosoft.eu\/de\/pressemitteilung-asim\/","title":{"rendered":"Pressemitteilung asim"},"content":{"rendered":"<div class=\"wpb-content-wrapper\"><p>[vc_row][vc_column width=&#8221;1\/1&#8243;][vc_column_text]<\/p>\n<h1>EVERSFRANK GRUPPE erweitert Gruppenportfolio in Richtung Industrie<\/h1>\n<p><b class=\"p1\">Das Tochterunternehmen Comosoft st\u00e4rkt mit der asim GmbH damit weiter Marktkompetenz.<\/b><\/p>\n<p class=\"p2\"><strong>Hamburg\/Meldorf, 02.07.2015<\/strong> &#8211; Zum 01. Juli 2015 u\u0308bernimmt die Eversfrank Gruppe die aus dem Druckhaus Waiblingen hervorgehende asim GmbH. Damit vergr\u00f6\u00dfert sich die Eversfrank Gruppe um ein Unternehmen, das seit u\u0308ber 15 Jahren zu Europas fu\u0308hrenden Anbietern von standardisierten, individuell konfigurierbaren PIM-L\u00f6sungen z\u00e4hlt. Zu der mittelst\u00e4ndischen Eversfrank Gruppe geh\u00f6ren neben mehreren Druckstandorten die Comosoft GmbH und die ppi Media GmbH, zwei der fu\u0308hrenden Softwarehersteller im Bereich Medienproduktionssysteme. Die Comosoft GmbH wird 100 Prozent Gesellschafterin der asim GmbH.<\/p>\n<p class=\"p2\">\u201eFu\u0308r die Comosoft GmbH geht ein erfolgreiches Gesch\u00e4ftsjahr zu Ende und mit Beginn des neuen Gesch\u00e4ftsjahres freuen wir uns, die asim GmbH als 100 Prozent Comosoft-Tochter begru\u0308\u00dfen zu du\u0308rfen\u201c, so Peter Jozefiak, Gesch\u00e4ftsfu\u0308hrer der Comosoft GmbH und der asim GmbH. Hartmut Villinger, Gesch\u00e4ftsfu\u0308hrer der asim GmbH betont: \u201eEs freut uns sehr, dass es gelungen ist, asim als Teil der Eversfrank Gruppe zukunftsf\u00e4hig zu machen.\u201c Diese neue Konstellation erm\u00f6gliche nicht nur eine st\u00e4rkere Marktn\u00e4he sondern auch, an Schlagkraft in den wichtigen Bereichen Service, Innovation und Qualit\u00e4t zuzunehmen. Die asim GmbH wird ihren Hauptsitz in Waiblingen beibehalten und die Kunden werden wie gewohnt weiter betreut \u2013 jetzt unter der Dachmarke Comosoft. Die Comosoft GmbH ist einer der fu\u0308hrenden Anbieter im Omni-Channel-Commerce fu\u0308r B2B- und B2C-Unternehmen in den Bereichen Handel und Versandhandel. Zu den Kunden z\u00e4hlen in Deutschland unter anderem die Metro Gruppe, Lidl, Bader, Klingel, Kaiser &amp; Kraft oder auch Printus sowie in Nord-Amerika z.B. Sears, K-Mart, Bass Pro oder auch Quill (Staples). \u201eMit dem Kauf st\u00e4rkt Comosoft nicht nur ihre Marktkompetenz und festigt auch das Leistungsangebot. Handelserfahrungen und u\u0308bergreifendes Know-How in den Bereichen Versandhandel, Handel, Industrie und im Publishing k\u00f6nnen so zu einem schlagkr\u00e4ftigen, echten Mehrwert fu\u0308r unsere Kunden werden\u201c, erkl\u00e4rt Peter Jozefiak, Gesch\u00e4ftsfu\u0308hrer der Comosoft und asim GmbH. \u201eUns ist es gelungen, die Grundlage fu\u0308r Kontinuit\u00e4t und Entwicklung geschaffen zu haben\u201c, sagt Hartmut Villinger, Gesch\u00e4ftsfu\u0308hrer der asim GmbH. \u201eDurch Comosoft und die N\u00e4he zu ppi Media, ein Schwester-Unternehmen von Comosoft, werden wir unsere Bedeutung im Bereich der Entwicklung und der Service-Qualit\u00e4t steigern, aber vor allem unser Angebotsspektrum fu\u0308r unsere Kunden erheblich erweitern.\u201c<\/p>\n<p>[\/vc_column_text][\/vc_column][\/vc_row]<\/p>\n<\/div>","protected":false},"excerpt":{"rendered":"<p>[vc_row][vc_column width=&#8221;1\/1&#8243;][vc_column_text] EVERSFRANK GRUPPE erweitert Gruppenportfolio in Richtung Industrie Das Tochterunternehmen Comosoft st\u00e4rkt mit der asim GmbH damit weiter Marktkompetenz. [&hellip;]<\/p>\n","protected":false},"author":103,"featured_media":0,"parent":0,"menu_order":0,"comment_status":"closed","ping_status":"closed","template":"","meta":{"footnotes":""},"class_list":["post-5192","page","type-page","status-publish","hentry"],"yoast_head":"<!-- This site is optimized with the Yoast SEO plugin v27.3 - https:\/\/yoast.com\/product\/yoast-seo-wordpress\/ -->\n<title>Pressemitteilung asim \/ Comosoft<\/title>\n<meta name=\"description\" content=\"Pressemitteilung asim: EVERSFRANK GRUPPE erweitert Gruppenportfolio in Richtung Industrie Das Tochterunternehmen Comosoft st\u00e4rkt mit der asim GmbH damit weiter Marktkompetenz.\" \/>\n<meta name=\"robots\" content=\"index, follow, max-snippet:-1, max-image-preview:large, max-video-preview:-1\" \/>\n<link rel=\"canonical\" href=\"https:\/\/www.comosoft.eu\/de\/pressemitteilung-asim\/\" \/>\n<meta property=\"og:locale\" content=\"de_DE\" \/>\n<meta property=\"og:type\" content=\"article\" \/>\n<meta property=\"og:title\" content=\"Pressemitteilung asim \/ Comosoft\" \/>\n<meta property=\"og:description\" content=\"Pressemitteilung asim: EVERSFRANK GRUPPE erweitert Gruppenportfolio in Richtung Industrie Das Tochterunternehmen Comosoft st\u00e4rkt mit der asim GmbH damit weiter Marktkompetenz.\" \/>\n<meta property=\"og:url\" content=\"https:\/\/www.comosoft.eu\/de\/pressemitteilung-asim\/\" \/>\n<meta property=\"og:site_name\" content=\"comosoft.com\" \/>\n<meta property=\"article:modified_time\" content=\"2023-06-09T11:47:55+00:00\" \/>\n<meta property=\"og:image\" content=\"https:\/\/www.comosoft.eu\/wp-content\/uploads\/2021\/01\/Digital-publishing.jpg\" \/>\n\t<meta property=\"og:image:width\" content=\"2000\" \/>\n\t<meta property=\"og:image:height\" content=\"1334\" \/>\n\t<meta property=\"og:image:type\" content=\"image\/jpeg\" \/>\n<meta name=\"twitter:card\" content=\"summary_large_image\" \/>\n<!-- \/ Yoast SEO plugin. -->","yoast_head_json":{"title":"Pressemitteilung asim \/ Comosoft","description":"Pressemitteilung asim: EVERSFRANK GRUPPE erweitert Gruppenportfolio in Richtung Industrie Das Tochterunternehmen Comosoft st\u00e4rkt mit der asim GmbH damit weiter Marktkompetenz.","robots":{"index":"index","follow":"follow","max-snippet":"max-snippet:-1","max-image-preview":"max-image-preview:large","max-video-preview":"max-video-preview:-1"},"canonical":"https:\/\/www.comosoft.eu\/de\/pressemitteilung-asim\/","og_locale":"de_DE","og_type":"article","og_title":"Pressemitteilung asim \/ Comosoft","og_description":"Pressemitteilung asim: EVERSFRANK GRUPPE erweitert Gruppenportfolio in Richtung Industrie Das Tochterunternehmen Comosoft st\u00e4rkt mit der asim GmbH damit weiter Marktkompetenz.","og_url":"https:\/\/www.comosoft.eu\/de\/pressemitteilung-asim\/","og_site_name":"comosoft.com","article_modified_time":"2023-06-09T11:47:55+00:00","og_image":[{"width":2000,"height":1334,"url":"https:\/\/www.comosoft.eu\/wp-content\/uploads\/2021\/01\/Digital-publishing.jpg","type":"image\/jpeg"}],"twitter_card":"summary_large_image","schema":{"@context":"https:\/\/schema.org","@graph":[{"@type":"WebPage","@id":"https:\/\/www.comosoft.eu\/de\/pressemitteilung-asim\/","url":"https:\/\/www.comosoft.eu\/de\/pressemitteilung-asim\/","name":"Pressemitteilung asim \/ Comosoft","isPartOf":{"@id":"https:\/\/www.comosoft.eu\/de\/#website"},"datePublished":"2017-08-31T14:00:19+00:00","dateModified":"2023-06-09T11:47:55+00:00","description":"Pressemitteilung asim: EVERSFRANK GRUPPE erweitert Gruppenportfolio in Richtung Industrie Das Tochterunternehmen Comosoft st\u00e4rkt mit der asim GmbH damit weiter Marktkompetenz.","breadcrumb":{"@id":"https:\/\/www.comosoft.eu\/de\/pressemitteilung-asim\/#breadcrumb"},"inLanguage":"de-DE","potentialAction":[{"@type":"ReadAction","target":["https:\/\/www.comosoft.eu\/de\/pressemitteilung-asim\/"]}]},{"@type":"BreadcrumbList","@id":"https:\/\/www.comosoft.eu\/de\/pressemitteilung-asim\/#breadcrumb","itemListElement":[{"@type":"ListItem","position":1,"name":"Home","item":"https:\/\/www.comosoft.eu\/de\/multichannel-software-loesung-lago-von-comosoft\/"},{"@type":"ListItem","position":2,"name":"Pressemitteilung asim"}]},{"@type":"WebSite","@id":"https:\/\/www.comosoft.eu\/de\/#website","url":"https:\/\/www.comosoft.eu\/de\/","name":"Comosoft","description":"Multichannel Solutions","publisher":{"@id":"https:\/\/www.comosoft.eu\/de\/#organization"},"potentialAction":[{"@type":"SearchAction","target":{"@type":"EntryPoint","urlTemplate":"https:\/\/www.comosoft.eu\/de\/?s={search_term_string}"},"query-input":{"@type":"PropertyValueSpecification","valueRequired":true,"valueName":"search_term_string"}}],"inLanguage":"de-DE"},{"@type":"Organization","@id":"https:\/\/www.comosoft.eu\/de\/#organization","name":"Comosoft GmbH","alternateName":"Multichannel Solutions","url":"https:\/\/www.comosoft.eu\/de\/","logo":{"@type":"ImageObject","inLanguage":"de-DE","@id":"https:\/\/www.comosoft.eu\/de\/#\/schema\/logo\/image\/","url":"https:\/\/www.comosoft.eu\/wp-content\/uploads\/2021\/01\/Comosoft-Logo463.png","contentUrl":"https:\/\/www.comosoft.eu\/wp-content\/uploads\/2021\/01\/Comosoft-Logo463.png","width":1654,"height":337,"caption":"Comosoft GmbH"},"image":{"@id":"https:\/\/www.comosoft.eu\/de\/#\/schema\/logo\/image\/"},"sameAs":["https:\/\/de.linkedin.com\/company\/comosoft?original_referer=httpswww.google.com"]}]}},"_links":{"self":[{"href":"https:\/\/www.comosoft.eu\/de\/wp-json\/wp\/v2\/pages\/5192","targetHints":{"allow":["GET"]}}],"collection":[{"href":"https:\/\/www.comosoft.eu\/de\/wp-json\/wp\/v2\/pages"}],"about":[{"href":"https:\/\/www.comosoft.eu\/de\/wp-json\/wp\/v2\/types\/page"}],"author":[{"embeddable":true,"href":"https:\/\/www.comosoft.eu\/de\/wp-json\/wp\/v2\/users\/103"}],"replies":[{"embeddable":true,"href":"https:\/\/www.comosoft.eu\/de\/wp-json\/wp\/v2\/comments?post=5192"}],"version-history":[{"count":3,"href":"https:\/\/www.comosoft.eu\/de\/wp-json\/wp\/v2\/pages\/5192\/revisions"}],"predecessor-version":[{"id":11790,"href":"https:\/\/www.comosoft.eu\/de\/wp-json\/wp\/v2\/pages\/5192\/revisions\/11790"}],"wp:attachment":[{"href":"https:\/\/www.comosoft.eu\/de\/wp-json\/wp\/v2\/media?parent=5192"}],"curies":[{"name":"wp","href":"https:\/\/api.w.org\/{rel}","templated":true}]}}