{"id":5190,"date":"2017-08-31T15:59:45","date_gmt":"2017-08-31T13:59:45","guid":{"rendered":"https:\/\/www.comosoft.com\/?page_id=5190\/"},"modified":"2020-11-30T12:19:07","modified_gmt":"2020-11-30T11:19:07","slug":"pressemitteilung-alsa-hundewelt","status":"publish","type":"page","link":"https:\/\/www.comosoft.eu\/de\/pressemitteilung-alsa-hundewelt\/","title":{"rendered":"Pressemitteilung alsa Hundewelt"},"content":{"rendered":"<div class=\"wpb-content-wrapper\"><p>[vc_row][vc_column width=&#8221;1\/1&#8243;][vc_column_text]<\/p>\n<h1>Comosoft, f\u00fchrender Anbieter f\u00fcr PIM- &amp; Multichannel Media Production Software gewinnt mit alsa Hundewelt einen starken Partner im Bereich \u201eTiernahrung\u201c<\/h1>\n<p><b>alsa Hundewelt nutzt ab sofort LAGO Professional vollumf\u00e4nglich f\u00fcr jegliche Multichannel-Aktivit\u00e4ten, wie E-Commerce, Katalogproduktionen und Newsletter.<\/b><\/p>\n<p class=\"p4\"><span class=\"s3\"><b>Hamburg , 22. November 2016 <\/b><\/span>&#8211; Das 1997 im Herzen von Ostfriesland gegr\u00fcndete Unternehmen, \u201ealsa Hundewelt\u201c startete seine Erfolgsgeschichte mit der Vision, den besten Freund des Menschen artgerecht und gesund zu ern\u00e4hren. Das Unternehmen baut die Futterproduktion sowie das Sortiment stetig aus und entwickelte sich in den vergangenen Jahren zu einem anerkannten Spezialisten und gro\u00dfen Versender der Futtermittel Branche.<\/p>\n<p class=\"p4\">alsa Hundewelt zeichnet sich durch eine gleichbleibend hohe Produktqualit\u00e4t sowie ein gleichm\u00e4\u00dfig wachsendes Sortiment aus, das mittels der Softwarel\u00f6sung LAGO Professional von Comosoft nun noch mehr in den Vordergrund ger\u00fcckt wird. Als zentraler Eckpfeiler des Unternehmens soll LAGO Professional die interne Datenstruktur und die Prozesse zukunftssicher gestalten.<\/p>\n<p class=\"p5\"><span class=\"s4\">Hier einige Features, die ausschlaggebend f\u00fcr die Entscheidung von alsa hundewelt waren: <\/span><b>Erfolgreich erprobte Standard Software mit \u00fcber 20 Jahren Erfahrung Ein einheitliches Workflowmanagement Intuitives und modernes User-Interface Abbildung jeglicher internen Anforderungen zentral in einem System Ein hoher Funktionsumfang <\/b><\/p>\n<p class=\"p5\"><b>Multi-Kanal Ausrichtung durch zentrale Kommunikationsaussteuerung <\/b><\/p>\n<p class=\"p4\"><em>\u201eWir freuen uns sehr, mit \u201eLAGO Professional\u201c eine Standard-Software gefunden zu haben, die unseren Anspr\u00fcchen entspricht und uns hilft die gesetzten Ziele zu erreichen. Wir haben dar\u00fcber hinaus schnell festgestellt, mit Comosoft einen kompetenten und weitsichtigen Partner gewonnen zu haben \u2013 eine enge und partnerschaftliche Zusammenarbeit ist der Kern des Erfolgs einer PIM-Einf\u00fchrung, konstatiert\u201c<\/em> Tomke Peters, Projektleitung alsa Hundewelt.<\/p>\n<p class=\"p4\"><em>\u201eWir sind \u00fcberzeugt und freuen uns sehr, mit alsa Hundewelt ein starkes und innovatives Unternehmen von uns begeistern zu k\u00f6nnen \u2013 bereits in der Vertriebsphase haben wir gemerkt, dass das Zusammenspiel beider Unternehmen perfekt passt&#8221;<\/em>, so Benjamin Ferreau, Gesch\u00e4ftsf\u00fchrer Comosoft GmbH.<\/p>\n<p class=\"p6\">Die Projektlaufzeit wurde bis zum 3. Quartal diesen Jahres angesetzt. Nach erfolgreicher Einbindung des Systems, werden beide Unternehmen in die gemeinsame Weiterentwicklung \u00fcbergehen.<\/p>\n<p>[\/vc_column_text][\/vc_column][\/vc_row]<\/p>\n<\/div>","protected":false},"excerpt":{"rendered":"<p>[vc_row][vc_column width=&#8221;1\/1&#8243;][vc_column_text] Comosoft, f\u00fchrender Anbieter f\u00fcr PIM- &amp; Multichannel Media Production Software gewinnt mit alsa Hundewelt einen starken Partner im [&hellip;]<\/p>\n","protected":false},"author":103,"featured_media":0,"parent":0,"menu_order":0,"comment_status":"closed","ping_status":"closed","template":"","meta":{"footnotes":""},"class_list":["post-5190","page","type-page","status-publish","hentry"],"yoast_head":"<!-- This site is optimized with the Yoast SEO plugin v27.3 - https:\/\/yoast.com\/product\/yoast-seo-wordpress\/ -->\n<title>Pressemitteilung alsa Hundewelt \/ Comosoft<\/title>\n<meta name=\"description\" content=\"Pressemitteilung alsa Hundewelt: Comosoft, f\u00fchrender Anbieter f\u00fcr PIM- &amp; Multichannel Media Production Software gewinnt mit alsa Hundewelt einen starken Partner im Bereich\" \/>\n<meta name=\"robots\" content=\"index, follow, max-snippet:-1, max-image-preview:large, max-video-preview:-1\" \/>\n<link rel=\"canonical\" href=\"https:\/\/www.comosoft.eu\/de\/pressemitteilung-alsa-hundewelt\/\" \/>\n<meta property=\"og:locale\" content=\"de_DE\" \/>\n<meta property=\"og:type\" content=\"article\" \/>\n<meta property=\"og:title\" content=\"Pressemitteilung alsa Hundewelt \/ Comosoft\" \/>\n<meta property=\"og:description\" content=\"Pressemitteilung alsa Hundewelt: Comosoft, f\u00fchrender Anbieter f\u00fcr PIM- &amp; Multichannel Media Production Software gewinnt mit alsa Hundewelt einen starken Partner im Bereich\" \/>\n<meta property=\"og:url\" content=\"https:\/\/www.comosoft.eu\/de\/pressemitteilung-alsa-hundewelt\/\" \/>\n<meta property=\"og:site_name\" content=\"comosoft.com\" \/>\n<meta property=\"article:modified_time\" content=\"2020-11-30T11:19:07+00:00\" \/>\n<meta property=\"og:image\" content=\"https:\/\/www.comosoft.eu\/wp-content\/uploads\/2021\/01\/Digital-publishing.jpg\" \/>\n\t<meta property=\"og:image:width\" content=\"2000\" \/>\n\t<meta property=\"og:image:height\" content=\"1334\" \/>\n\t<meta property=\"og:image:type\" content=\"image\/jpeg\" \/>\n<meta name=\"twitter:card\" content=\"summary_large_image\" \/>\n<!-- \/ Yoast SEO plugin. -->","yoast_head_json":{"title":"Pressemitteilung alsa Hundewelt \/ Comosoft","description":"Pressemitteilung alsa Hundewelt: Comosoft, f\u00fchrender Anbieter f\u00fcr PIM- &amp; Multichannel Media Production Software gewinnt mit alsa Hundewelt einen starken Partner im Bereich","robots":{"index":"index","follow":"follow","max-snippet":"max-snippet:-1","max-image-preview":"max-image-preview:large","max-video-preview":"max-video-preview:-1"},"canonical":"https:\/\/www.comosoft.eu\/de\/pressemitteilung-alsa-hundewelt\/","og_locale":"de_DE","og_type":"article","og_title":"Pressemitteilung alsa Hundewelt \/ Comosoft","og_description":"Pressemitteilung alsa Hundewelt: Comosoft, f\u00fchrender Anbieter f\u00fcr PIM- &amp; Multichannel Media Production Software gewinnt mit alsa Hundewelt einen starken Partner im Bereich","og_url":"https:\/\/www.comosoft.eu\/de\/pressemitteilung-alsa-hundewelt\/","og_site_name":"comosoft.com","article_modified_time":"2020-11-30T11:19:07+00:00","og_image":[{"width":2000,"height":1334,"url":"https:\/\/www.comosoft.eu\/wp-content\/uploads\/2021\/01\/Digital-publishing.jpg","type":"image\/jpeg"}],"twitter_card":"summary_large_image","schema":{"@context":"https:\/\/schema.org","@graph":[{"@type":"WebPage","@id":"https:\/\/www.comosoft.eu\/de\/pressemitteilung-alsa-hundewelt\/","url":"https:\/\/www.comosoft.eu\/de\/pressemitteilung-alsa-hundewelt\/","name":"Pressemitteilung alsa Hundewelt \/ Comosoft","isPartOf":{"@id":"https:\/\/www.comosoft.eu\/de\/#website"},"datePublished":"2017-08-31T13:59:45+00:00","dateModified":"2020-11-30T11:19:07+00:00","description":"Pressemitteilung alsa Hundewelt: Comosoft, f\u00fchrender Anbieter f\u00fcr PIM- &amp; Multichannel Media Production Software gewinnt mit alsa Hundewelt einen starken Partner im Bereich","breadcrumb":{"@id":"https:\/\/www.comosoft.eu\/de\/pressemitteilung-alsa-hundewelt\/#breadcrumb"},"inLanguage":"de-DE","potentialAction":[{"@type":"ReadAction","target":["https:\/\/www.comosoft.eu\/de\/pressemitteilung-alsa-hundewelt\/"]}]},{"@type":"BreadcrumbList","@id":"https:\/\/www.comosoft.eu\/de\/pressemitteilung-alsa-hundewelt\/#breadcrumb","itemListElement":[{"@type":"ListItem","position":1,"name":"Home","item":"https:\/\/www.comosoft.eu\/de\/multichannel-software-loesung-lago-von-comosoft\/"},{"@type":"ListItem","position":2,"name":"Pressemitteilung alsa Hundewelt"}]},{"@type":"WebSite","@id":"https:\/\/www.comosoft.eu\/de\/#website","url":"https:\/\/www.comosoft.eu\/de\/","name":"Comosoft","description":"Multichannel Solutions","publisher":{"@id":"https:\/\/www.comosoft.eu\/de\/#organization"},"potentialAction":[{"@type":"SearchAction","target":{"@type":"EntryPoint","urlTemplate":"https:\/\/www.comosoft.eu\/de\/?s={search_term_string}"},"query-input":{"@type":"PropertyValueSpecification","valueRequired":true,"valueName":"search_term_string"}}],"inLanguage":"de-DE"},{"@type":"Organization","@id":"https:\/\/www.comosoft.eu\/de\/#organization","name":"Comosoft GmbH","alternateName":"Multichannel Solutions","url":"https:\/\/www.comosoft.eu\/de\/","logo":{"@type":"ImageObject","inLanguage":"de-DE","@id":"https:\/\/www.comosoft.eu\/de\/#\/schema\/logo\/image\/","url":"https:\/\/www.comosoft.eu\/wp-content\/uploads\/2021\/01\/Comosoft-Logo463.png","contentUrl":"https:\/\/www.comosoft.eu\/wp-content\/uploads\/2021\/01\/Comosoft-Logo463.png","width":1654,"height":337,"caption":"Comosoft GmbH"},"image":{"@id":"https:\/\/www.comosoft.eu\/de\/#\/schema\/logo\/image\/"},"sameAs":["https:\/\/de.linkedin.com\/company\/comosoft?original_referer=httpswww.google.com"]}]}},"_links":{"self":[{"href":"https:\/\/www.comosoft.eu\/de\/wp-json\/wp\/v2\/pages\/5190","targetHints":{"allow":["GET"]}}],"collection":[{"href":"https:\/\/www.comosoft.eu\/de\/wp-json\/wp\/v2\/pages"}],"about":[{"href":"https:\/\/www.comosoft.eu\/de\/wp-json\/wp\/v2\/types\/page"}],"author":[{"embeddable":true,"href":"https:\/\/www.comosoft.eu\/de\/wp-json\/wp\/v2\/users\/103"}],"replies":[{"embeddable":true,"href":"https:\/\/www.comosoft.eu\/de\/wp-json\/wp\/v2\/comments?post=5190"}],"version-history":[{"count":2,"href":"https:\/\/www.comosoft.eu\/de\/wp-json\/wp\/v2\/pages\/5190\/revisions"}],"predecessor-version":[{"id":5218,"href":"https:\/\/www.comosoft.eu\/de\/wp-json\/wp\/v2\/pages\/5190\/revisions\/5218"}],"wp:attachment":[{"href":"https:\/\/www.comosoft.eu\/de\/wp-json\/wp\/v2\/media?parent=5190"}],"curies":[{"name":"wp","href":"https:\/\/api.w.org\/{rel}","templated":true}]}}