{"id":5188,"date":"2017-08-31T15:59:10","date_gmt":"2017-08-31T13:59:10","guid":{"rendered":"https:\/\/www.comosoft.com\/?page_id=5188\/"},"modified":"2022-09-27T10:41:05","modified_gmt":"2022-09-27T08:41:05","slug":"fallbeispiel-swiss-colony","status":"publish","type":"page","link":"https:\/\/www.comosoft.eu\/de\/fallbeispiel-swiss-colony\/","title":{"rendered":"Fallbeispiel Swiss Colony"},"content":{"rendered":"<div class=\"wpb-content-wrapper\"><p>[vc_row][vc_column width=&#8221;1\/1&#8243;][vc_column_text]<\/p>\n<h1>Nahrung f\u00fcr\u00b4s Gehirn \u2013 LAGO bei Swiss Colony<\/h1>\n<p class=\"p3\">Ihre Produktdaten in einem System zu konsolidieren und zu verwalten und sie kontinuierlich an Web- und Printmedien abgeben zu k\u00f6nnen ist f\u00fcr die in Monroe, Wisconsin, USA ans\u00e4ssige Firma Swiss Colony einer der Gr\u00fcnde, warum der Multi- Channel Versender Marktf\u00fchrer f\u00fcr Nahrungsmittel ist. Das Unternehmen wurde 1926 gegr\u00fcndet und hat seitdem eine ganze Reihe von Lebensmittel- sowie Non-Food- Marken eingegliedert.<\/p>\n<p class=\"p3\">Derzeit wird der gesamte Publishing-Prozess von acht verschiedenen Marken durch ein Einsatz von LAGO gesteuert, einschlie\u00dflich bekannter Markennamen wie Seventh Avenue, Midnight Velvet, Monroe + Main, Country Door, Ginny\u2019s,<\/p>\n<p class=\"p3\">The Tender Filet, und Montgomery Ward. In den USA besonders bekannt f\u00fcr seine K\u00e4se-und Fleischprodukte, betreibt Swiss Colony auch eine eigene B\u00e4ckerei sowie einen Lebensmittelgro\u00dfhandel. Allerdings wird der gr\u00f6\u00dfte Teil der Unternehmensgewinne durch Non-Food Marken generiert, die eine Reihe von Produkten wie Kleidung , Mobiliar, Geschirr, Schmuck, Elektronik und sogar NASCAR Merchandise-Artikel umfassen.<\/p>\n<p class=\"p3\">Als die Produktion der Kataloge durch zunehmende Ineffizienz und andere Probleme behindert wurde und die M\u00f6glichkeit zur Wiederverwendung von Daten nicht gegeben war, entschied sich Swiss Colony, seine Strategie \u00fcberdenken und eine Technologie-L\u00f6sung zu finden.<\/p>\n<p class=\"p3\">Die Suche nach einem geeigneten Anbieter eines Product Information Management Systems, das imstande sein musste, 30.000 aktive SKU zu verwalten und zu pflegen, begann bereits im Jahr 2000. Nach einer langen und m\u00fchsamen Suche, entschied sich Swiss Colony f\u00fcr LAGO, basierend auf der St\u00e4rke des Unternehmens comosoft und der Robustheit der von<\/p>\n<p class=\"p3\">ihr angebotenen Software. Ausschlaggebend f\u00fcr die Entscheidung war, dass Swiss Colony einen Partner suchte, der einen soliden Leistungsnachweis erbringen konnte aber auch eine flexible L\u00f6sung anbot, die im Unternehmen gut integriert werden konnte. W\u00e4hrend der sechsj\u00e4hrigen Suche nach einer geeigneten L\u00f6sung traf Swiss Colony auf mehrere Anbieter, die ihre Gesch\u00e4ftsstrategie im Verlauf des Auswahlprozesses drastisch \u00e4nderten. Comosoft verstand die eindeutige Vorgabe, den Prozess zwischen kaufm\u00e4nnischem Denken, Kreativit\u00e4t und der IT zu optimieren.<\/p>\n<p class=\"p4\"><i>\u201eComosoft stach als Unternehmen gegen\u00fcber dem Wettbewerb heraus. Es war <\/i><i>wichtig f\u00fcr uns einen Partner zu finden, auf den wir uns verlassen k\u00f6nnen.\u201c <\/i><\/p>\n<p class=\"p6\">Cathy Crubaugh | Direktor des Katalog Projektmanagement<\/p>\n<p class=\"p3\">Vor der Einf\u00fchrung von LAGO hatte Swiss Colony eine Datenbankanwendung in MS Access entwickelt, die es lediglich erlaubte, einen Katalogzyklus zu planen, die aber nicht bei der Produktion unterst\u00fctzen konnte. Dieses System musste Swiss Colony abl\u00f6sen. F\u00fcr ihre zahlreichen Marken ist der gedruckte Katalog nach wie vor extrem wichtig. \u201eViele unserer Kunden sind ein bisschen \u00e4lter und wir bekommen immer noch eine Menge Auftr\u00e4ge \u00fcber unsere Call-Center sowie durch zugeschickte Bestellformulare, obwohl sich auch bei uns nach und nach das Kataloggesch\u00e4ft immer mehr ins Web verlagert,\u201c sagt der Administrator und Analyst Scott Clement von Swiss Colony.<\/p>\n<p class=\"p7\">Swiss Colony produziert insgesamt \u00fcber 6.700 Druckseiten pro Jahr. Dieses Volumen umfasst sowohl die Kataloge, die 48 bis 200 Seiten stark sind, als auch die Handzettel und Postwurfsendungen. Alle Produktinformationen werden auch dazu genutzt, die E-Commerce-Sites zu unterst\u00fctzen. Die dazugeh\u00f6rigen Bilder werden \u00fcber Adobe Scene 7, in das E-Commerce-System eingespeist.<\/p>\n<p class=\"p1\">Nach der Entscheidung f\u00fcr LAGO, brauchte Swiss Colony circa sechs Monate, um das System zu implementieren. Im M\u00e4rz 2007 ging es an den Start. \u201eComosoft war bei jedem Schritt des Weges bei uns,\u201c erkl\u00e4rt Cathy. \u201eDeren Fachleute arbeiteten mit uns daran, das System zu konfigurieren und die Anwender auszubilden.\u201c Jedes neue System erfordert einiges an Ver\u00e4nderungen. Dieser Prozess war mit \u00fcber 100 Mitarbeitern in den kaufm\u00e4nnischen, den Marketing-, den kreativen und den e-Business Abteilungen nicht einfach, besonders wenn man Akzeptanz von allen Abteilungen und allen individuellen Mitarbeitern ben\u00f6tigt.<\/p>\n<p class=\"p1\">Swiss Colony hat seit der Einf\u00fchrung von LAGO viele Verbesserungen f\u00fcr die Katalogproduktion und Pflege der Daten erzielt. Das Unternehmen bleibt mit den jeweils neuesten Versionen auf dem Laufenden und arbeitet derzeit mit LAGO 3.11, womit die Mac-Desktops angepasst und der Zugriff auf QuarkXPress 8 erm\u00f6glicht wurden. \u201eLAGO funktioniert f\u00fcr MAC- und PC-Anwender, was gro\u00dfartig f\u00fcr unser Unternehmen ist,\u201c freut sich Cathy. \u201eWir stellen definitiv eine signifikante Zeitersparnis fest, wenn wir unsere Produktinhalte von einem Katalog zum anderen wiederverwenden. Das ist etwas, was wir uns von der Einf\u00fchrung LAGOs erhofft hatten.\u201d<\/p>\n<p class=\"p2\"><i>\u201eHeute vertrauen wir in die Integrit\u00e4t unserer Daten, \u00a0<\/i><i>was vor der Installation von LAGO nicht der Fall war.\u201d <\/i><\/p>\n<p class=\"p4\">Scott Clement | Analyst bei Swiss Colony<\/p>\n<p class=\"p1\">Der erste unsch\u00e4tzbare Vorteil in der Zusammenarbeit mit Comosoft war, die Strukturierung der Produktdaten f\u00fcr eine Verwendung durch verschiedene Maketingkan\u00e4le und die Bereitstellung in einer einzigen Datenquelle. Dies erm\u00f6glichte Swiss Colony, die gedruckten Markenkataloge effizienter zu erstellen und die Produkte auch auf der Website anzubieten. LAGO ist auch mit einem unternehmenseigenen Mainframeprogramm und einem Sample-System, das f\u00fcr die Einf\u00fchrung neuer Produkte verwendet wird, vernetzt. \u201eWir sind eindeutig in der Lage, Produktinhalte leichter wieder zu verwenden, weil mit LAGO die Anzahl der Fehler in unserer Datenbank erheblich reduziert werden konnten,\u201c sagt Scott. \u201eHeute vertrauen wir in die Integrit\u00e4t unserer Daten, was vor der Installation von LAGO nicht der Fall war.\u201d<\/p>\n<p class=\"p1\">LAGO\u00b4s leistungsstarke Workflow-Funktionen machten ebenfalls einen gewaltigen Unterschied. \u201eKeine der anderen L\u00f6sungen, die wir bewerteten, bot \u00c4hnliches wie LAGO,\u201c erkl\u00e4rt Cathy. LAGO erm\u00f6glicht es den Anwendern, Platzhalter einzusetzen und parallele Workflows zu initiieren, womit sie weiterhin an ihren Seiten arbeiten k\u00f6nnen, w\u00e4hrend Texte geschrieben und Fotos aktualisiert werden. \u201eWir hatten alle unsere hochaufl\u00f6senden Bilder bei unserem Druckhaus, aber jetzt verwalten wir sie in LAGO und k\u00f6nnen sie f\u00fcr Print und Web verwenden,\u201c f\u00fcgt Scott hinzu. \u201eDer Schl\u00fcssel zum Erfolg mit Comosoft sind die guten Beziehungen und das tiefe Verst\u00e4ndnis f\u00fcr unsere Herausforderungen sowie die Offenheit f\u00fcr Anwendervorschl\u00e4ge,\u201c sagt Cathy. \u201eDies schlie\u00dft auch die alle 2 Jahre stattfindende User Conference mit ein, die wir auch dazu genutzt haben, enge Beziehungen zu anderen LAGO-Anwendern aufzubauen.\u201c\u201d<\/p>\n<p class=\"p5\">Swiss Colonys fortgesetztes Vertrauen in Comosoft macht aus der Gesch\u00e4ftspartnerschaft eine Win-Win-Situation. Swiss Colony wird mit Comosoft zusammenarbeiten und er\u00f6rtern, wie LAGO helfen k\u00f6nnte, Kunden \u00fcber weitere Kan\u00e4le zu erreichen.<\/p>\n<hr \/>\n<p class=\"p5\">Hamburg, 2006<\/p>\n<p>[\/vc_column_text][\/vc_column][\/vc_row]<\/p>\n<\/div>","protected":false},"excerpt":{"rendered":"<p>Nahrung f\u00fcr\u00b4s Gehirn \u2013 LAGO bei Swiss Colony. Ihre Produktdaten in einem System zu konsolidieren und zu verwalten und sie kontinuierlich an Web- und Printmedien abgeben zu k\u00f6nnen ist f\u00fcr die in Monroe, Wisconsin, USA ans\u00e4ssige Firma Swiss Colony einer der Gr\u00fcnde, warum der Multi- Channel Versender Marktf\u00fchrer f\u00fcr Nahrungsmittel ist.<\/p>\n","protected":false},"author":103,"featured_media":0,"parent":0,"menu_order":0,"comment_status":"closed","ping_status":"closed","template":"","meta":{"footnotes":""},"class_list":["post-5188","page","type-page","status-publish","hentry"],"yoast_head":"<!-- This site is optimized with the Yoast SEO plugin v27.3 - https:\/\/yoast.com\/product\/yoast-seo-wordpress\/ -->\n<title>Fallbeispiel Swiss Colony \/ Comosoft<\/title>\n<meta name=\"description\" content=\"Fallbeispiel Swiss Colony: Der Multichannel Versender ist Marktf\u00fchrer f\u00fcr Nahrungsmittel und nutzt LAGO \u00bb Jetzt mehr erfahren!\" \/>\n<meta name=\"robots\" content=\"index, follow, max-snippet:-1, max-image-preview:large, max-video-preview:-1\" \/>\n<link rel=\"canonical\" href=\"https:\/\/www.comosoft.eu\/de\/fallbeispiel-swiss-colony\/\" \/>\n<meta property=\"og:locale\" content=\"de_DE\" \/>\n<meta property=\"og:type\" content=\"article\" \/>\n<meta property=\"og:title\" content=\"Fallbeispiel Swiss Colony \/ Comosoft\" \/>\n<meta property=\"og:description\" content=\"Fallbeispiel Swiss Colony: Der Multichannel Versender ist Marktf\u00fchrer f\u00fcr Nahrungsmittel und nutzt LAGO \u00bb Jetzt mehr erfahren!\" \/>\n<meta property=\"og:url\" content=\"https:\/\/www.comosoft.eu\/de\/fallbeispiel-swiss-colony\/\" \/>\n<meta property=\"og:site_name\" content=\"comosoft.com\" \/>\n<meta property=\"article:modified_time\" content=\"2022-09-27T08:41:05+00:00\" \/>\n<meta property=\"og:image\" content=\"https:\/\/www.comosoft.eu\/wp-content\/uploads\/2021\/01\/Digital-publishing.jpg\" \/>\n\t<meta property=\"og:image:width\" content=\"2000\" \/>\n\t<meta property=\"og:image:height\" content=\"1334\" \/>\n\t<meta property=\"og:image:type\" content=\"image\/jpeg\" \/>\n<meta name=\"twitter:card\" content=\"summary_large_image\" \/>\n<!-- \/ Yoast SEO plugin. -->","yoast_head_json":{"title":"Fallbeispiel Swiss Colony \/ Comosoft","description":"Fallbeispiel Swiss Colony: Der Multichannel Versender ist Marktf\u00fchrer f\u00fcr Nahrungsmittel und nutzt LAGO \u00bb Jetzt mehr erfahren!","robots":{"index":"index","follow":"follow","max-snippet":"max-snippet:-1","max-image-preview":"max-image-preview:large","max-video-preview":"max-video-preview:-1"},"canonical":"https:\/\/www.comosoft.eu\/de\/fallbeispiel-swiss-colony\/","og_locale":"de_DE","og_type":"article","og_title":"Fallbeispiel Swiss Colony \/ Comosoft","og_description":"Fallbeispiel Swiss Colony: Der Multichannel Versender ist Marktf\u00fchrer f\u00fcr Nahrungsmittel und nutzt LAGO \u00bb Jetzt mehr erfahren!","og_url":"https:\/\/www.comosoft.eu\/de\/fallbeispiel-swiss-colony\/","og_site_name":"comosoft.com","article_modified_time":"2022-09-27T08:41:05+00:00","og_image":[{"width":2000,"height":1334,"url":"https:\/\/www.comosoft.eu\/wp-content\/uploads\/2021\/01\/Digital-publishing.jpg","type":"image\/jpeg"}],"twitter_card":"summary_large_image","schema":{"@context":"https:\/\/schema.org","@graph":[{"@type":"WebPage","@id":"https:\/\/www.comosoft.eu\/de\/fallbeispiel-swiss-colony\/","url":"https:\/\/www.comosoft.eu\/de\/fallbeispiel-swiss-colony\/","name":"Fallbeispiel Swiss Colony \/ Comosoft","isPartOf":{"@id":"https:\/\/www.comosoft.eu\/de\/#website"},"datePublished":"2017-08-31T13:59:10+00:00","dateModified":"2022-09-27T08:41:05+00:00","description":"Fallbeispiel Swiss Colony: Der Multichannel Versender ist Marktf\u00fchrer f\u00fcr Nahrungsmittel und nutzt LAGO \u00bb Jetzt mehr erfahren!","breadcrumb":{"@id":"https:\/\/www.comosoft.eu\/de\/fallbeispiel-swiss-colony\/#breadcrumb"},"inLanguage":"de-DE","potentialAction":[{"@type":"ReadAction","target":["https:\/\/www.comosoft.eu\/de\/fallbeispiel-swiss-colony\/"]}]},{"@type":"BreadcrumbList","@id":"https:\/\/www.comosoft.eu\/de\/fallbeispiel-swiss-colony\/#breadcrumb","itemListElement":[{"@type":"ListItem","position":1,"name":"Home","item":"https:\/\/www.comosoft.eu\/de\/multichannel-software-loesung-lago-von-comosoft\/"},{"@type":"ListItem","position":2,"name":"Fallbeispiel Swiss Colony"}]},{"@type":"WebSite","@id":"https:\/\/www.comosoft.eu\/de\/#website","url":"https:\/\/www.comosoft.eu\/de\/","name":"Comosoft","description":"Multichannel Solutions","publisher":{"@id":"https:\/\/www.comosoft.eu\/de\/#organization"},"potentialAction":[{"@type":"SearchAction","target":{"@type":"EntryPoint","urlTemplate":"https:\/\/www.comosoft.eu\/de\/?s={search_term_string}"},"query-input":{"@type":"PropertyValueSpecification","valueRequired":true,"valueName":"search_term_string"}}],"inLanguage":"de-DE"},{"@type":"Organization","@id":"https:\/\/www.comosoft.eu\/de\/#organization","name":"Comosoft GmbH","alternateName":"Multichannel Solutions","url":"https:\/\/www.comosoft.eu\/de\/","logo":{"@type":"ImageObject","inLanguage":"de-DE","@id":"https:\/\/www.comosoft.eu\/de\/#\/schema\/logo\/image\/","url":"https:\/\/www.comosoft.eu\/wp-content\/uploads\/2021\/01\/Comosoft-Logo463.png","contentUrl":"https:\/\/www.comosoft.eu\/wp-content\/uploads\/2021\/01\/Comosoft-Logo463.png","width":1654,"height":337,"caption":"Comosoft GmbH"},"image":{"@id":"https:\/\/www.comosoft.eu\/de\/#\/schema\/logo\/image\/"},"sameAs":["https:\/\/de.linkedin.com\/company\/comosoft?original_referer=httpswww.google.com"]}]}},"_links":{"self":[{"href":"https:\/\/www.comosoft.eu\/de\/wp-json\/wp\/v2\/pages\/5188","targetHints":{"allow":["GET"]}}],"collection":[{"href":"https:\/\/www.comosoft.eu\/de\/wp-json\/wp\/v2\/pages"}],"about":[{"href":"https:\/\/www.comosoft.eu\/de\/wp-json\/wp\/v2\/types\/page"}],"author":[{"embeddable":true,"href":"https:\/\/www.comosoft.eu\/de\/wp-json\/wp\/v2\/users\/103"}],"replies":[{"embeddable":true,"href":"https:\/\/www.comosoft.eu\/de\/wp-json\/wp\/v2\/comments?post=5188"}],"version-history":[{"count":3,"href":"https:\/\/www.comosoft.eu\/de\/wp-json\/wp\/v2\/pages\/5188\/revisions"}],"predecessor-version":[{"id":20438,"href":"https:\/\/www.comosoft.eu\/de\/wp-json\/wp\/v2\/pages\/5188\/revisions\/20438"}],"wp:attachment":[{"href":"https:\/\/www.comosoft.eu\/de\/wp-json\/wp\/v2\/media?parent=5188"}],"curies":[{"name":"wp","href":"https:\/\/api.w.org\/{rel}","templated":true}]}}