{"id":5186,"date":"2017-08-31T15:58:37","date_gmt":"2017-08-31T13:58:37","guid":{"rendered":"https:\/\/www.comosoft.com\/?page_id=5186\/"},"modified":"2022-09-08T14:08:19","modified_gmt":"2022-09-08T12:08:19","slug":"fallbeispiel-purered","status":"publish","type":"page","link":"https:\/\/www.comosoft.eu\/de\/fallbeispiel-purered\/","title":{"rendered":"Fallbeispiel PureRED"},"content":{"rendered":"<div class=\"wpb-content-wrapper\"><p>[vc_row][vc_column width=&#8221;1\/1&#8243;][vc_column_text]<\/p>\n<h1>Versioning bringt gro\u00dfe Effekte bei PureRED in den USA<\/h1>\n<p class=\"p3\">Der Hintergrund: PureRED (ehemals GA Communications) bietet bereits seit 1967 Pre-Press Services an. Stets auf dem neuesten Stand was Technologien betrifft, entwickelte sich PureRED vom reinen Pre-Press Service hin zum integrierten Full-Service-Anbieter f\u00fcr Projekte auf allen Marketing-Kan\u00e4len \u2013 inklusive Erstellung, Produktion und gar Durchf\u00fchrung von Marketing-Ma\u00dfnahmen. Heute betreut PureRED ein breites Klientel inklusive einiger der gr\u00f6\u00dften Retailer und B2B-Lieferanten der USA.<\/p>\n<p class=\"p4\"><b>Die Herausforderung <\/b><\/p>\n<p class=\"p3\">Mit den schnellen und deadline-orientierten Workflows im Retail-Bereich sieht sich PureRED der konstanten Herausforderung gegen\u00fcbergestellt, Kunden mit maximaler Effizienz zu betreuen ohne dabei Kompromisse in Sachen Kreativit\u00e4t, Qualit\u00e4t oder Kontrolle einzugehen. Die stark in die Kundenprozesse integrierte Marketing-Agentur begegnet dieser Mammutaufgabe mit dem Fokus auf die Kundenanforderung:<\/p>\n<p class=\"p3\"><i>\u201eEs galt f\u00fcr uns eine kosteneffektive und zeiteinsparende L\u00f6sung zur <\/i><em>Automatisierung der Multi-Channel-Services zu finden und zu implementieren<\/em>.\u201c<\/p>\n<p class=\"p4\"><b>Die Suche <\/b><\/p>\n<p class=\"p3\">In einem ca. sechsmonatigem Auswahlprozess stellte PureRED\u2019s cross-funktionales \u201eL\u00f6sungsteam\u201c Angebotsanfragen an insgesamt 17 verschiedene Anbieter von Digital Asset Management Systemen (DAM), Marketingsystemen und datenbankgetriebenen Workflowsystemen. Anschlie\u00dfend stellte das Team ein Set von Auswahlkriterien zusammen, welche Anforderungen an Struktur, Technologie und Funktionsumfang stellte und schlie\u00dflich die Auswahl zu einer Shortlist zusammenk\u00fcrzte. Als n\u00e4chstes wurden vier Finalisten zu einer Online-Demo vor erweiterter Runde eingeladen, welche technische sowie operative Mitarbeiter bei PureRED Atlanta, GA, beinhaltete.<\/p>\n<p class=\"p6\"><i>\u201eComosoft\u2019s LAGO war f\u00fcr uns die innovativste und n\u00fctzlichste L\u00f6sung, die wir <\/i><i>f\u00fcr die stetig wachsenden Anforderungen unserer Kunden finden konnten.\u201c <\/i><\/p>\n<p class=\"p4\"><b>Die L\u00f6sung <\/b><\/p>\n<p class=\"p3\">Comosoft\u2019s Flaggschiff LAGO spart Zeit und Geld durch die Verbindung kreativer Produktionssoftware mit webbasierten Tools f\u00fcr Planung und Steuerung gedruckter sowie digitaler Marketingprojekte in nur einem System. PureRED waren vor allem von den folgenden Punkten von LAGO4 \u00fcberzeugt: Versioning \u2013 durch die einfache und zentrale Verwaltung von intelligenten Templates erm\u00f6glicht LAGO es, automatisch das Aussehen von Promotions (samt Preisgrafiken, Logos, Bilder etc.) zu \u00e4ndern, um schnell verschiedene Versionen von Werbeseiten zu erstellen. Die \u201enahtlose Integration von Soft-Proofing und den Produktionsworkflows\u201c, die LAGO \u201eweit \u00fcber den \u00fcbrigen Anbietern\u201c platziert hat. Das \u201e\u00fcberragende User Interface sowie Struktur und Aufbau des LAGO Systems\u201c.<\/p>\n<p class=\"p1\"><b>Der Effekt <\/b><\/p>\n<p class=\"p2\">Verschiedene Versionen innerhalb eines Templates. Mit LAGO\u2019s datenbankgest\u00fctztem Prozess geh\u00f6ren die Bauchschmerzen hinsichtlich der Herausforderungen in der Produktion der Vergangenheit an. Durch das intelligente Templating in LAGO k\u00f6nnen nahezu alle Inhalte regelbasiert, dynamisch und automatisch ausgetauscht werden. So lassen sich einfach und schnell viele verschiedene Versionen erstellen, ohne dass zus\u00e4tzlicher Aufwand entsteht. Das beginnt bei Bildern oder Logos und geht bis hin zu Preisformaten und vielem mehr. Wird beispielsweise ein Produkt f\u00fcr $ 1.00 angeboten, kann LAGO das Preisformat automatisch auf 99\u00a2 \u00e4ndern oder gar bestimmte Promotions wie 2 f\u00fcr $1 oder \u201eBuy One Get One Free\u201c automatisiert auf Basis der definierten Regeln erstellen und ins Layout setzen. Das erlaubt PureRED mit minimaler Template-Anzahl ein breites Spektrum an Designs und Versionen zu erstellen. Problem gel\u00f6st.<\/p>\n<p class=\"p1\"><b>Redundanzen eliminieren <\/b><\/p>\n<p class=\"p2\">Mit dem LAGO System m\u00fcssen Produktinformationen lediglich einmalig ins System eingetragen werden, damit das System Werbeseiten automatisch erstellt. Die Eink\u00e4ufer bei PureRED gewinnen dadurch wieder mehr Freiheit f\u00fcr andere Aufgaben.<\/p>\n<p class=\"p1\"><b>Integrierte Workflows bringen mehr Flexibilit\u00e4t <\/b><\/p>\n<p class=\"p2\">Die Tools von LAGO erlauben es dem Marketing-Team, sich um Ihre Kernaufgabe \u2013 das Advertising \u2013 zu k\u00fcmmern w\u00e4hrend das Einkaufsteam zeitgleich Produktinformationen und Inhalte organisiert \u2013 alles in einer zentralen Quelle. Verschiedene Datenbl\u00e4tter und Workarounds sind damit Geschichte. Die M\u00f6glichkeit, Preise auch kurz vor Druck zu aktualisieren und Produkte in verschiedenen Versionen zu erstellen \u2013 \u201eund das alles in letzter Minute\u201c \u2013 gibt den Kunden von PureRED \u201eeinen gro\u00dfen Wettbewerbsvorteil\u201c.<\/p>\n<p class=\"p1\"><b>PureRED meint: <\/b><\/p>\n<p class=\"p3\"><i>\u201eWir setzen extrem auf LAGO von Comosoft f\u00fcr einen \u00e4u\u00dferst effizienten Seitenerstellungsprozess. <\/i><i>Mit der nahtlosen Integration zwischen Soft-Proofing und Produktionsworkflow hat LAGO\u2019s User-Interface <\/i><i>einfach einen Vorteil gegen\u00fcber allen \u00fcbrigen Anbietern. Wir sch\u00e4tzen besoders die Konfigurierbarkeit, <\/i><i>die es erm\u00f6glicht, alles genau unseren Bed\u00fcrfnissen anzupassen. Unsere Kunden aus dem Handel erwarten <\/i><i>stetig gr\u00f6\u00dfere Effizienz \u2013 mit LAGO sind wir in der Lage, diese zu liefern.\u201c <\/i><\/p>\n<p class=\"p5\">Director of Advertising Technologies | PureRED<\/p>\n<hr \/>\n<p class=\"p5\">Hamburg, 2002<\/p>\n<p>[\/vc_column_text][\/vc_column][\/vc_row]<\/p>\n<\/div>","protected":false},"excerpt":{"rendered":"<p>Versioning bringt gro\u00dfe Effekte bei PureRED in den USA. Der Hintergrund: PureRED (ehemals GA Communications) bietet bereits seit 1967 Pre-Press Services an.<\/p>\n","protected":false},"author":103,"featured_media":0,"parent":0,"menu_order":0,"comment_status":"closed","ping_status":"closed","template":"","meta":{"footnotes":""},"class_list":["post-5186","page","type-page","status-publish","hentry"],"yoast_head":"<!-- This site is optimized with the Yoast SEO plugin v27.3 - https:\/\/yoast.com\/product\/yoast-seo-wordpress\/ -->\n<title>Fallbeispiel PureRED \/ Comosoft<\/title>\n<meta name=\"description\" content=\"Fallbeispiel PureRED: Versioning bringt gro\u00dfe Effekte bei PureRED in den USA. Der Hintergrund: PureRED (ehemals GA Communications) bietet bereits seit 1967 Pre-Press Services an.\" \/>\n<meta name=\"robots\" content=\"index, follow, max-snippet:-1, max-image-preview:large, max-video-preview:-1\" \/>\n<link rel=\"canonical\" href=\"https:\/\/www.comosoft.eu\/de\/fallbeispiel-purered\/\" \/>\n<meta property=\"og:locale\" content=\"de_DE\" \/>\n<meta property=\"og:type\" content=\"article\" \/>\n<meta property=\"og:title\" content=\"Fallbeispiel PureRED \/ Comosoft\" \/>\n<meta property=\"og:description\" content=\"Fallbeispiel PureRED: Versioning bringt gro\u00dfe Effekte bei PureRED in den USA. Der Hintergrund: PureRED (ehemals GA Communications) bietet bereits seit 1967 Pre-Press Services an.\" \/>\n<meta property=\"og:url\" content=\"https:\/\/www.comosoft.eu\/de\/fallbeispiel-purered\/\" \/>\n<meta property=\"og:site_name\" content=\"comosoft.com\" \/>\n<meta property=\"article:modified_time\" content=\"2022-09-08T12:08:19+00:00\" \/>\n<meta property=\"og:image\" content=\"https:\/\/www.comosoft.eu\/wp-content\/uploads\/2021\/01\/Digital-publishing.jpg\" \/>\n\t<meta property=\"og:image:width\" content=\"2000\" \/>\n\t<meta property=\"og:image:height\" content=\"1334\" \/>\n\t<meta property=\"og:image:type\" content=\"image\/jpeg\" \/>\n<meta name=\"twitter:card\" content=\"summary_large_image\" \/>\n<!-- \/ Yoast SEO plugin. -->","yoast_head_json":{"title":"Fallbeispiel PureRED \/ Comosoft","description":"Fallbeispiel PureRED: Versioning bringt gro\u00dfe Effekte bei PureRED in den USA. Der Hintergrund: PureRED (ehemals GA Communications) bietet bereits seit 1967 Pre-Press Services an.","robots":{"index":"index","follow":"follow","max-snippet":"max-snippet:-1","max-image-preview":"max-image-preview:large","max-video-preview":"max-video-preview:-1"},"canonical":"https:\/\/www.comosoft.eu\/de\/fallbeispiel-purered\/","og_locale":"de_DE","og_type":"article","og_title":"Fallbeispiel PureRED \/ Comosoft","og_description":"Fallbeispiel PureRED: Versioning bringt gro\u00dfe Effekte bei PureRED in den USA. Der Hintergrund: PureRED (ehemals GA Communications) bietet bereits seit 1967 Pre-Press Services an.","og_url":"https:\/\/www.comosoft.eu\/de\/fallbeispiel-purered\/","og_site_name":"comosoft.com","article_modified_time":"2022-09-08T12:08:19+00:00","og_image":[{"width":2000,"height":1334,"url":"https:\/\/www.comosoft.eu\/wp-content\/uploads\/2021\/01\/Digital-publishing.jpg","type":"image\/jpeg"}],"twitter_card":"summary_large_image","schema":{"@context":"https:\/\/schema.org","@graph":[{"@type":"WebPage","@id":"https:\/\/www.comosoft.eu\/de\/fallbeispiel-purered\/","url":"https:\/\/www.comosoft.eu\/de\/fallbeispiel-purered\/","name":"Fallbeispiel PureRED \/ Comosoft","isPartOf":{"@id":"https:\/\/www.comosoft.eu\/de\/#website"},"datePublished":"2017-08-31T13:58:37+00:00","dateModified":"2022-09-08T12:08:19+00:00","description":"Fallbeispiel PureRED: Versioning bringt gro\u00dfe Effekte bei PureRED in den USA. Der Hintergrund: PureRED (ehemals GA Communications) bietet bereits seit 1967 Pre-Press Services an.","breadcrumb":{"@id":"https:\/\/www.comosoft.eu\/de\/fallbeispiel-purered\/#breadcrumb"},"inLanguage":"de-DE","potentialAction":[{"@type":"ReadAction","target":["https:\/\/www.comosoft.eu\/de\/fallbeispiel-purered\/"]}]},{"@type":"BreadcrumbList","@id":"https:\/\/www.comosoft.eu\/de\/fallbeispiel-purered\/#breadcrumb","itemListElement":[{"@type":"ListItem","position":1,"name":"Home","item":"https:\/\/www.comosoft.eu\/de\/multichannel-software-loesung-lago-von-comosoft\/"},{"@type":"ListItem","position":2,"name":"Fallbeispiel PureRED"}]},{"@type":"WebSite","@id":"https:\/\/www.comosoft.eu\/de\/#website","url":"https:\/\/www.comosoft.eu\/de\/","name":"Comosoft","description":"Multichannel Solutions","publisher":{"@id":"https:\/\/www.comosoft.eu\/de\/#organization"},"potentialAction":[{"@type":"SearchAction","target":{"@type":"EntryPoint","urlTemplate":"https:\/\/www.comosoft.eu\/de\/?s={search_term_string}"},"query-input":{"@type":"PropertyValueSpecification","valueRequired":true,"valueName":"search_term_string"}}],"inLanguage":"de-DE"},{"@type":"Organization","@id":"https:\/\/www.comosoft.eu\/de\/#organization","name":"Comosoft GmbH","alternateName":"Multichannel Solutions","url":"https:\/\/www.comosoft.eu\/de\/","logo":{"@type":"ImageObject","inLanguage":"de-DE","@id":"https:\/\/www.comosoft.eu\/de\/#\/schema\/logo\/image\/","url":"https:\/\/www.comosoft.eu\/wp-content\/uploads\/2021\/01\/Comosoft-Logo463.png","contentUrl":"https:\/\/www.comosoft.eu\/wp-content\/uploads\/2021\/01\/Comosoft-Logo463.png","width":1654,"height":337,"caption":"Comosoft GmbH"},"image":{"@id":"https:\/\/www.comosoft.eu\/de\/#\/schema\/logo\/image\/"},"sameAs":["https:\/\/de.linkedin.com\/company\/comosoft?original_referer=httpswww.google.com"]}]}},"_links":{"self":[{"href":"https:\/\/www.comosoft.eu\/de\/wp-json\/wp\/v2\/pages\/5186","targetHints":{"allow":["GET"]}}],"collection":[{"href":"https:\/\/www.comosoft.eu\/de\/wp-json\/wp\/v2\/pages"}],"about":[{"href":"https:\/\/www.comosoft.eu\/de\/wp-json\/wp\/v2\/types\/page"}],"author":[{"embeddable":true,"href":"https:\/\/www.comosoft.eu\/de\/wp-json\/wp\/v2\/users\/103"}],"replies":[{"embeddable":true,"href":"https:\/\/www.comosoft.eu\/de\/wp-json\/wp\/v2\/comments?post=5186"}],"version-history":[{"count":4,"href":"https:\/\/www.comosoft.eu\/de\/wp-json\/wp\/v2\/pages\/5186\/revisions"}],"predecessor-version":[{"id":20439,"href":"https:\/\/www.comosoft.eu\/de\/wp-json\/wp\/v2\/pages\/5186\/revisions\/20439"}],"wp:attachment":[{"href":"https:\/\/www.comosoft.eu\/de\/wp-json\/wp\/v2\/media?parent=5186"}],"curies":[{"name":"wp","href":"https:\/\/api.w.org\/{rel}","templated":true}]}}