{"id":5184,"date":"2017-08-31T15:58:07","date_gmt":"2017-08-31T13:58:07","guid":{"rendered":"https:\/\/www.comosoft.com\/?page_id=5184\/"},"modified":"2022-09-27T10:49:13","modified_gmt":"2022-09-27T08:49:13","slug":"fallbeispiel-pi-media","status":"publish","type":"page","link":"https:\/\/www.comosoft.eu\/de\/fallbeispiel-pi-media\/","title":{"rendered":"Fallbeispiel Pi Media"},"content":{"rendered":"<div class=\"wpb-content-wrapper\"><p>[vc_row][vc_column width=&#8221;1\/1&#8243;][vc_column_text uncode_shortcode_id=&#8221;182583&#8243;]<\/p>\n<h1>Pi Media produziert Kataloge f\u00fcr Kanadas gr\u00f6\u00dften Retailer mit LAGO<\/h1>\n<p class=\"p3\">Seitdem die Hamburger Comosoft GmbH mit Niederlassungen auf dem nordamerikanischen Markt vertreten ist, hat sie bereits namhafte Kunden in den USA gewinnen k\u00f6nnen, darunter JCPenney, Lillian Vernon und Blair Corporation. Zum Jahresende 2004 setzt sich die Erfolgsserie nun auch in Kanada fort:<\/p>\n<p class=\"p3\">Im Auftrag des Handelsriesen Sears Canada Inc. produziert die kanadische Pi Media k\u00fcnftig mit LAGO von Comosoft. Mit dem Content-Management- und Produktions-System der Hamburger Softwarespezialisten werden k\u00fcnftig Print- und Internetkataloge, elektronische Anzeigen sowie Werbebeilagen f\u00fcr Sears Canada erstellt und verwaltet.<\/p>\n<p class=\"p3\">Die Wahl von Pi Media, einem der gr\u00f6\u00dften Produktions- und Mediendienstleister f\u00fcr strategisches Marketing, Grafikdesign, Fotografie, Premedia und Druckmanagement in Kanada, fiel auf LAGO, weil das System eine simultane Bearbeitung von Print- und Internetinhalten und damit eine erhebliche Zeit- und Kostenersparnis erlaubt.<\/p>\n<p class=\"p3\">S\u00e4mtliche Arbeitsabl\u00e4ufe k\u00f6nnen mit LAGO effizienter gestaltet werden. So erm\u00f6glicht das System den schnellen und sicheren Austausch digitaler Bestands- und Produktinformationen zwischen unterschiedlichen Abteilungen und Systemen und damit die Reduktion der Produktionszeiten der f\u00fcr Sears Canada erstellten Publikationen.<\/p>\n<p class=\"p3\">Mit LAGO k\u00f6nnen auch in letzter Minute noch Produktdaten aus einer Vielzahl von Bestandsquellen mit den entsprechenden Bildinhalten auf der zu druckenden Seite, im Internet oder in einer digitalen Anzeige zusammengef\u00fchrt werden.<\/p>\n<p class=\"p3\">Der Zeitplan der Einf\u00fchrung von Lago bei Pi Media sah vor, dass im Fr\u00fchjahr 2005 die ersten Testpublikationen mit der neuen L\u00f6sung erstellt werden. Sp\u00e4testens im Sommer 2005 wird die gesamte Produktion f\u00fcr Sears, darunter j\u00e4hrlich 10000 Katalogseiten f\u00fcr rund 20000 Produktofferten sowie w\u00f6chentliche Flyer mit insgesamt 3500 Seiten pro Jahr, mit dem neuen System erfolgen. Parallel dazu stattet Pi Media die Filialen von Sears mit Aktionsplakaten, Logos und Displays in einer j\u00e4hrlichen Auflage von 26 Millionen aus.<\/p>\n<hr \/>\n<p class=\"p3\">Hamburg, 2004<\/p>\n<p>[\/vc_column_text][\/vc_column][\/vc_row]<\/p>\n<\/div>","protected":false},"excerpt":{"rendered":"<p>Pi Media produziert Kataloge f\u00fcr Kanadas gr\u00f6\u00dften Retailer mit LAGO. Seitdem die Hamburger Comosoft GmbH mit Niederlassungen auf dem nordamerikanischen Markt vertreten ist, hat sie bereits namhafte Kunden in den USA gewinnen k\u00f6nnen, darunter JCPenney, Lillian Vernon und Blair Corporation.<\/p>\n","protected":false},"author":103,"featured_media":0,"parent":0,"menu_order":0,"comment_status":"closed","ping_status":"closed","template":"","meta":{"footnotes":""},"class_list":["post-5184","page","type-page","status-publish","hentry"],"yoast_head":"<!-- This site is optimized with the Yoast SEO plugin v27.3 - https:\/\/yoast.com\/product\/yoast-seo-wordpress\/ -->\n<title>Fallbeispiel Pi Media \/ Comosoft<\/title>\n<meta name=\"description\" content=\"Fallbeispiel Pi Media: Pi Media produziert Kataloge f\u00fcr Kanadas gr\u00f6\u00dften Retailer mit LAGO. \u00bb Jetzt mehr erfahren!\" \/>\n<meta name=\"robots\" content=\"index, follow, max-snippet:-1, max-image-preview:large, max-video-preview:-1\" \/>\n<link rel=\"canonical\" href=\"https:\/\/www.comosoft.eu\/de\/fallbeispiel-pi-media\/\" \/>\n<meta property=\"og:locale\" content=\"de_DE\" \/>\n<meta property=\"og:type\" content=\"article\" \/>\n<meta property=\"og:title\" content=\"Fallbeispiel Pi Media \/ Comosoft\" \/>\n<meta property=\"og:description\" content=\"Fallbeispiel Pi Media: Pi Media produziert Kataloge f\u00fcr Kanadas gr\u00f6\u00dften Retailer mit LAGO. \u00bb Jetzt mehr erfahren!\" \/>\n<meta property=\"og:url\" content=\"https:\/\/www.comosoft.eu\/de\/fallbeispiel-pi-media\/\" \/>\n<meta property=\"og:site_name\" content=\"comosoft.com\" \/>\n<meta property=\"article:modified_time\" content=\"2022-09-27T08:49:13+00:00\" \/>\n<meta property=\"og:image\" content=\"https:\/\/www.comosoft.eu\/wp-content\/uploads\/2021\/01\/Digital-publishing.jpg\" \/>\n\t<meta property=\"og:image:width\" content=\"2000\" \/>\n\t<meta property=\"og:image:height\" content=\"1334\" \/>\n\t<meta property=\"og:image:type\" content=\"image\/jpeg\" \/>\n<meta name=\"twitter:card\" content=\"summary_large_image\" \/>\n<!-- \/ Yoast SEO plugin. -->","yoast_head_json":{"title":"Fallbeispiel Pi Media \/ Comosoft","description":"Fallbeispiel Pi Media: Pi Media produziert Kataloge f\u00fcr Kanadas gr\u00f6\u00dften Retailer mit LAGO. \u00bb Jetzt mehr erfahren!","robots":{"index":"index","follow":"follow","max-snippet":"max-snippet:-1","max-image-preview":"max-image-preview:large","max-video-preview":"max-video-preview:-1"},"canonical":"https:\/\/www.comosoft.eu\/de\/fallbeispiel-pi-media\/","og_locale":"de_DE","og_type":"article","og_title":"Fallbeispiel Pi Media \/ Comosoft","og_description":"Fallbeispiel Pi Media: Pi Media produziert Kataloge f\u00fcr Kanadas gr\u00f6\u00dften Retailer mit LAGO. \u00bb Jetzt mehr erfahren!","og_url":"https:\/\/www.comosoft.eu\/de\/fallbeispiel-pi-media\/","og_site_name":"comosoft.com","article_modified_time":"2022-09-27T08:49:13+00:00","og_image":[{"width":2000,"height":1334,"url":"https:\/\/www.comosoft.eu\/wp-content\/uploads\/2021\/01\/Digital-publishing.jpg","type":"image\/jpeg"}],"twitter_card":"summary_large_image","schema":{"@context":"https:\/\/schema.org","@graph":[{"@type":"WebPage","@id":"https:\/\/www.comosoft.eu\/de\/fallbeispiel-pi-media\/","url":"https:\/\/www.comosoft.eu\/de\/fallbeispiel-pi-media\/","name":"Fallbeispiel Pi Media \/ Comosoft","isPartOf":{"@id":"https:\/\/www.comosoft.eu\/de\/#website"},"datePublished":"2017-08-31T13:58:07+00:00","dateModified":"2022-09-27T08:49:13+00:00","description":"Fallbeispiel Pi Media: Pi Media produziert Kataloge f\u00fcr Kanadas gr\u00f6\u00dften Retailer mit LAGO. \u00bb Jetzt mehr erfahren!","breadcrumb":{"@id":"https:\/\/www.comosoft.eu\/de\/fallbeispiel-pi-media\/#breadcrumb"},"inLanguage":"de-DE","potentialAction":[{"@type":"ReadAction","target":["https:\/\/www.comosoft.eu\/de\/fallbeispiel-pi-media\/"]}]},{"@type":"BreadcrumbList","@id":"https:\/\/www.comosoft.eu\/de\/fallbeispiel-pi-media\/#breadcrumb","itemListElement":[{"@type":"ListItem","position":1,"name":"Home","item":"https:\/\/www.comosoft.eu\/de\/multichannel-software-loesung-lago-von-comosoft\/"},{"@type":"ListItem","position":2,"name":"Fallbeispiel Pi Media"}]},{"@type":"WebSite","@id":"https:\/\/www.comosoft.eu\/de\/#website","url":"https:\/\/www.comosoft.eu\/de\/","name":"Comosoft","description":"Multichannel Solutions","publisher":{"@id":"https:\/\/www.comosoft.eu\/de\/#organization"},"potentialAction":[{"@type":"SearchAction","target":{"@type":"EntryPoint","urlTemplate":"https:\/\/www.comosoft.eu\/de\/?s={search_term_string}"},"query-input":{"@type":"PropertyValueSpecification","valueRequired":true,"valueName":"search_term_string"}}],"inLanguage":"de-DE"},{"@type":"Organization","@id":"https:\/\/www.comosoft.eu\/de\/#organization","name":"Comosoft GmbH","alternateName":"Multichannel Solutions","url":"https:\/\/www.comosoft.eu\/de\/","logo":{"@type":"ImageObject","inLanguage":"de-DE","@id":"https:\/\/www.comosoft.eu\/de\/#\/schema\/logo\/image\/","url":"https:\/\/www.comosoft.eu\/wp-content\/uploads\/2021\/01\/Comosoft-Logo463.png","contentUrl":"https:\/\/www.comosoft.eu\/wp-content\/uploads\/2021\/01\/Comosoft-Logo463.png","width":1654,"height":337,"caption":"Comosoft GmbH"},"image":{"@id":"https:\/\/www.comosoft.eu\/de\/#\/schema\/logo\/image\/"},"sameAs":["https:\/\/de.linkedin.com\/company\/comosoft?original_referer=httpswww.google.com"]}]}},"_links":{"self":[{"href":"https:\/\/www.comosoft.eu\/de\/wp-json\/wp\/v2\/pages\/5184","targetHints":{"allow":["GET"]}}],"collection":[{"href":"https:\/\/www.comosoft.eu\/de\/wp-json\/wp\/v2\/pages"}],"about":[{"href":"https:\/\/www.comosoft.eu\/de\/wp-json\/wp\/v2\/types\/page"}],"author":[{"embeddable":true,"href":"https:\/\/www.comosoft.eu\/de\/wp-json\/wp\/v2\/users\/103"}],"replies":[{"embeddable":true,"href":"https:\/\/www.comosoft.eu\/de\/wp-json\/wp\/v2\/comments?post=5184"}],"version-history":[{"count":3,"href":"https:\/\/www.comosoft.eu\/de\/wp-json\/wp\/v2\/pages\/5184\/revisions"}],"predecessor-version":[{"id":20436,"href":"https:\/\/www.comosoft.eu\/de\/wp-json\/wp\/v2\/pages\/5184\/revisions\/20436"}],"wp:attachment":[{"href":"https:\/\/www.comosoft.eu\/de\/wp-json\/wp\/v2\/media?parent=5184"}],"curies":[{"name":"wp","href":"https:\/\/api.w.org\/{rel}","templated":true}]}}