{"id":5182,"date":"2017-08-31T15:57:31","date_gmt":"2017-08-31T13:57:31","guid":{"rendered":"https:\/\/www.comosoft.com\/?page_id=5182\/"},"modified":"2022-09-27T11:02:41","modified_gmt":"2022-09-27T09:02:41","slug":"fallbeispiel-nordmann-gruppe","status":"publish","type":"page","link":"https:\/\/www.comosoft.eu\/de\/fallbeispiel-nordmann-gruppe\/","title":{"rendered":"Fallbeispiel Nordmann Gruppe"},"content":{"rendered":"<div class=\"wpb-content-wrapper\"><p>[vc_row][vc_column width=&#8221;1\/1&#8243;][vc_column_text]<\/p>\n<h1>Wenn alles flie\u00dft: Nordmann Gruppe strukturiert Medienproduktionsprozesse und stellt Weichen f\u00fcr Multichannel Marketing<\/h1>\n<p class=\"p3\"><b>Getr\u00e4nke Gro\u00df- und Einzelhandelsexperten f\u00fchren LAGO4 ein und definieren Category Management neu. <\/b><\/p>\n<p class=\"p4\">Mit rund 1000 Mitarbeitern an zehn Standorten geh\u00f6rt die Nordmann Unternehmensgruppe (www.nordmann.de), die bereits 1908 als Bierverlag Fritz Nordmann gegr\u00fcndet wurde, zu den f\u00fchrenden Unternehmen im Getr\u00e4nke Gro\u00df-und Einzelhandel. Seit 2013 setzt Nordmann auf LAGO4 (Multichannel-PIM-System) von Comosoft. Getreu dem Nordmann-Credo \u201eAlles flie\u00dft\u201c, sollten mit der Einf\u00fchrung des Medienproduktionssystems Prozesse optimiert und dadurch Kosten reduziert und Ums\u00e4tze gesteigert werden.<\/p>\n<p class=\"p3\"><b>Alle Abteilungen verbunden, weil es hilft. <\/b><\/p>\n<p class=\"p4\">F\u00fcr die Prozessoptimierung wurden alle im Medienproduktionsprozess beteiligten Abteilungen \u2013 auch das Category Management \u00fcber LAGO4 miteinander verbunden. Die Zentralisierung der Produktdaten und der Zugriff aus den verschiedenen Bereichen er\u00f6ffnete eine ganz neue Flexibilit\u00e4t \u2013 z. B. Produktinformationen oder Preisdaten kurz vor Druck noch aktualisieren zu k\u00f6nnen. Heute arbeiten die Abteilungen IT, Marketing, Grafik, Category Management und Vertrieb t\u00e4glich Hand in Hand in effizienten und effektiven Workflows in LAGO4 zusammen.<\/p>\n<p class=\"p5\"><i>\u201eVerschiedene Warengruppen in der Planung zu ber\u00fccksichtigen und die Abteilungen <\/i><i>miteinander zu verbinden, war uns besonders wichtig. Die Zusammenarbeit zwischen <\/i><i>Category Management und Grafik war noch nie so einfach wie heute, denn der Gewinn <\/i><i>an Qualit\u00e4t im (Produktions-)Prozess ist die Ma\u00dfgabe, um echtes Multichannel zu betreiben\u201c <\/i><\/p>\n<p class=\"p7\">Lars K\u00fchne | Leiter Marketing und PR bei Nordmann Unternehmensgruppe<\/p>\n<p class=\"p3\"><b>Effiziente Produktionsprozesse bringen Flexibilit\u00e4t, um wettbewerbsf\u00e4hig zu bleiben. <\/b><\/p>\n<p class=\"p4\">In der Printproduktion beispielsweise beginnt dies schon bei der Werbemittelplanung. Die im LAGO4 PIM vorhandenen Produktdaten werden mittels digitaler Planungsansicht (digitales Scribble) direkt auf den Werbemittelseiten platziert. Hierbei werden die einzelnen Warengruppen bereits in verschiedene Werbemittelbereiche (Categorys) unterteilt, so dass jeder Category Manager entsprechend Platz f\u00fcr sein Produktsortiment vorfindet.<\/p>\n<p class=\"p8\">Ergebnis der Seitenplanung sind anschlie\u00dfend <em>vorlayoutete<\/em> Adobe\u00ae-InDesign\u00ae-Dokumente, die bereits s\u00e4mtliche Produktinformationen enthalten ohne dass das DTP-Dokument zuvor \u00fcberhaupt angefasst wurde. Dabei sind DTP-Dokument, Werbemittelplanung und PIM-System bidirektional miteinander verbunden. So k\u00f6nnen beispielsweise auch sensible Produktinformationen kurz vor Druck aktualisiert werden ohne die Datenqualit\u00e4t zu gef\u00e4hrden.<\/p>\n<p class=\"p1\"><b>\u2026und was passiert danach? <\/b><\/p>\n<p class=\"p2\">Nachdem das System erfolgreich eingef\u00fchrt und der Printworkflow erprobt wurde, sind die n\u00e4chsten Ziele klar. \u201eAuch der Unternehmensbereich E-Commerce soll von LAGO profitieren. Wir wollen die Benefits aus den anderen Abteilungen auch hierauf transponieren\u201c, sagt Lars K\u00fchne.<\/p>\n<hr \/>\n<p class=\"p2\">Hamburg, 2012<\/p>\n<p>[\/vc_column_text][\/vc_column][\/vc_row]<\/p>\n<\/div>","protected":false},"excerpt":{"rendered":"<p>Wenn alles flie\u00dft: Nordmann Gruppe strukturiert Medienproduktionsprozesse und stellt Weichen f\u00fcr Multichannel Marketing. Getr\u00e4nke Gro\u00df- und Einzelhandelsexperten f\u00fchren LAGO4 ein und definieren Category Management neu.<\/p>\n","protected":false},"author":103,"featured_media":0,"parent":0,"menu_order":0,"comment_status":"closed","ping_status":"closed","template":"","meta":{"footnotes":""},"class_list":["post-5182","page","type-page","status-publish","hentry"],"yoast_head":"<!-- This site is optimized with the Yoast SEO plugin v27.3 - https:\/\/yoast.com\/product\/yoast-seo-wordpress\/ -->\n<title>Fallbeispiel Nordmann Gruppe \/ Comosoft<\/title>\n<meta name=\"description\" content=\"Fallbeispiel Nordmann Gruppe: Strukturiert Medienproduktionsprozesse und stellt Weichen f\u00fcr Multichannel Marketing \u00bb Jetzt mehr erfahren!\" \/>\n<meta name=\"robots\" content=\"index, follow, max-snippet:-1, max-image-preview:large, max-video-preview:-1\" \/>\n<link rel=\"canonical\" href=\"https:\/\/www.comosoft.eu\/de\/fallbeispiel-nordmann-gruppe\/\" \/>\n<meta property=\"og:locale\" content=\"de_DE\" \/>\n<meta property=\"og:type\" content=\"article\" \/>\n<meta property=\"og:title\" content=\"Fallbeispiel Nordmann Gruppe \/ Comosoft\" \/>\n<meta property=\"og:description\" content=\"Fallbeispiel Nordmann Gruppe: Strukturiert Medienproduktionsprozesse und stellt Weichen f\u00fcr Multichannel Marketing \u00bb Jetzt mehr erfahren!\" \/>\n<meta property=\"og:url\" content=\"https:\/\/www.comosoft.eu\/de\/fallbeispiel-nordmann-gruppe\/\" \/>\n<meta property=\"og:site_name\" content=\"comosoft.com\" \/>\n<meta property=\"article:modified_time\" content=\"2022-09-27T09:02:41+00:00\" \/>\n<meta property=\"og:image\" content=\"https:\/\/www.comosoft.eu\/wp-content\/uploads\/2021\/01\/Digital-publishing.jpg\" \/>\n\t<meta property=\"og:image:width\" content=\"2000\" \/>\n\t<meta property=\"og:image:height\" content=\"1334\" \/>\n\t<meta property=\"og:image:type\" content=\"image\/jpeg\" \/>\n<meta name=\"twitter:card\" content=\"summary_large_image\" \/>\n<!-- \/ Yoast SEO plugin. -->","yoast_head_json":{"title":"Fallbeispiel Nordmann Gruppe \/ Comosoft","description":"Fallbeispiel Nordmann Gruppe: Strukturiert Medienproduktionsprozesse und stellt Weichen f\u00fcr Multichannel Marketing \u00bb Jetzt mehr erfahren!","robots":{"index":"index","follow":"follow","max-snippet":"max-snippet:-1","max-image-preview":"max-image-preview:large","max-video-preview":"max-video-preview:-1"},"canonical":"https:\/\/www.comosoft.eu\/de\/fallbeispiel-nordmann-gruppe\/","og_locale":"de_DE","og_type":"article","og_title":"Fallbeispiel Nordmann Gruppe \/ Comosoft","og_description":"Fallbeispiel Nordmann Gruppe: Strukturiert Medienproduktionsprozesse und stellt Weichen f\u00fcr Multichannel Marketing \u00bb Jetzt mehr erfahren!","og_url":"https:\/\/www.comosoft.eu\/de\/fallbeispiel-nordmann-gruppe\/","og_site_name":"comosoft.com","article_modified_time":"2022-09-27T09:02:41+00:00","og_image":[{"width":2000,"height":1334,"url":"https:\/\/www.comosoft.eu\/wp-content\/uploads\/2021\/01\/Digital-publishing.jpg","type":"image\/jpeg"}],"twitter_card":"summary_large_image","schema":{"@context":"https:\/\/schema.org","@graph":[{"@type":"WebPage","@id":"https:\/\/www.comosoft.eu\/de\/fallbeispiel-nordmann-gruppe\/","url":"https:\/\/www.comosoft.eu\/de\/fallbeispiel-nordmann-gruppe\/","name":"Fallbeispiel Nordmann Gruppe \/ Comosoft","isPartOf":{"@id":"https:\/\/www.comosoft.eu\/de\/#website"},"datePublished":"2017-08-31T13:57:31+00:00","dateModified":"2022-09-27T09:02:41+00:00","description":"Fallbeispiel Nordmann Gruppe: Strukturiert Medienproduktionsprozesse und stellt Weichen f\u00fcr Multichannel Marketing \u00bb Jetzt mehr erfahren!","breadcrumb":{"@id":"https:\/\/www.comosoft.eu\/de\/fallbeispiel-nordmann-gruppe\/#breadcrumb"},"inLanguage":"de-DE","potentialAction":[{"@type":"ReadAction","target":["https:\/\/www.comosoft.eu\/de\/fallbeispiel-nordmann-gruppe\/"]}]},{"@type":"BreadcrumbList","@id":"https:\/\/www.comosoft.eu\/de\/fallbeispiel-nordmann-gruppe\/#breadcrumb","itemListElement":[{"@type":"ListItem","position":1,"name":"Home","item":"https:\/\/www.comosoft.eu\/de\/multichannel-software-loesung-lago-von-comosoft\/"},{"@type":"ListItem","position":2,"name":"Fallbeispiel Nordmann Gruppe"}]},{"@type":"WebSite","@id":"https:\/\/www.comosoft.eu\/de\/#website","url":"https:\/\/www.comosoft.eu\/de\/","name":"Comosoft","description":"Multichannel Solutions","publisher":{"@id":"https:\/\/www.comosoft.eu\/de\/#organization"},"potentialAction":[{"@type":"SearchAction","target":{"@type":"EntryPoint","urlTemplate":"https:\/\/www.comosoft.eu\/de\/?s={search_term_string}"},"query-input":{"@type":"PropertyValueSpecification","valueRequired":true,"valueName":"search_term_string"}}],"inLanguage":"de-DE"},{"@type":"Organization","@id":"https:\/\/www.comosoft.eu\/de\/#organization","name":"Comosoft GmbH","alternateName":"Multichannel Solutions","url":"https:\/\/www.comosoft.eu\/de\/","logo":{"@type":"ImageObject","inLanguage":"de-DE","@id":"https:\/\/www.comosoft.eu\/de\/#\/schema\/logo\/image\/","url":"https:\/\/www.comosoft.eu\/wp-content\/uploads\/2021\/01\/Comosoft-Logo463.png","contentUrl":"https:\/\/www.comosoft.eu\/wp-content\/uploads\/2021\/01\/Comosoft-Logo463.png","width":1654,"height":337,"caption":"Comosoft GmbH"},"image":{"@id":"https:\/\/www.comosoft.eu\/de\/#\/schema\/logo\/image\/"},"sameAs":["https:\/\/de.linkedin.com\/company\/comosoft?original_referer=httpswww.google.com"]}]}},"_links":{"self":[{"href":"https:\/\/www.comosoft.eu\/de\/wp-json\/wp\/v2\/pages\/5182","targetHints":{"allow":["GET"]}}],"collection":[{"href":"https:\/\/www.comosoft.eu\/de\/wp-json\/wp\/v2\/pages"}],"about":[{"href":"https:\/\/www.comosoft.eu\/de\/wp-json\/wp\/v2\/types\/page"}],"author":[{"embeddable":true,"href":"https:\/\/www.comosoft.eu\/de\/wp-json\/wp\/v2\/users\/103"}],"replies":[{"embeddable":true,"href":"https:\/\/www.comosoft.eu\/de\/wp-json\/wp\/v2\/comments?post=5182"}],"version-history":[{"count":3,"href":"https:\/\/www.comosoft.eu\/de\/wp-json\/wp\/v2\/pages\/5182\/revisions"}],"predecessor-version":[{"id":20435,"href":"https:\/\/www.comosoft.eu\/de\/wp-json\/wp\/v2\/pages\/5182\/revisions\/20435"}],"wp:attachment":[{"href":"https:\/\/www.comosoft.eu\/de\/wp-json\/wp\/v2\/media?parent=5182"}],"curies":[{"name":"wp","href":"https:\/\/api.w.org\/{rel}","templated":true}]}}