{"id":5175,"date":"2017-08-31T15:54:58","date_gmt":"2017-08-31T13:54:58","guid":{"rendered":"https:\/\/www.comosoft.com\/?page_id=5175\/"},"modified":"2017-10-17T14:58:28","modified_gmt":"2017-10-17T12:58:28","slug":"pressemitteilung-raja","status":"publish","type":"page","link":"https:\/\/www.comosoft.eu\/de\/pressemitteilung-raja\/","title":{"rendered":"Pressemitteilung RAJA"},"content":{"rendered":"<div class=\"wpb-content-wrapper\"><p>[vc_row][vc_column width=&#8221;1\/1&#8243;][vc_column_text]<\/p>\n<h1>Comosoft, f\u00fchrender Anbieter f\u00fcr PIM- &amp; Multichannel Media Production Software, gewinnt Europas Nummer 1 f\u00fcr Verpackungen, die RAJA Group<\/h1>\n<p><b>Mit dem strategischen Projekt \u201eRAJAMEDIA Vision\u201c legt RAJA die Grundlagen f\u00fcr den weiteren Ausbau seiner Multichannel- Kundenansprache. Comosoft liefert dazu die Software-L\u00f6sung (PIM) gemeinsam mit IBM (MDM).<\/b><\/p>\n<p class=\"p2\"><strong>Hamburg\/Paris, Oktober 2016<\/strong> \u2013 Die franz\u00f6sische RAJA Group, Experte f\u00fcr Verpackungen aller Art, hat sich in den vergangenen Jahren zum Multichannel-Player entwickelt. Katalog, Webshops, Telefon und 19 Landesvertriebsgesellschaften sind bisher die wesentlichen Kan\u00e4le, mit denen man \u201eein umfassendes Angebot in hoher Qualit\u00e4t\u201c vertreibt. Um hier weiter expandieren zu k\u00f6nnen, startete das Unternehmen 2015 sein Projekt \u201eRAJAMEDIA Vision\u201c und damit eine sehr umfangreiche Suche nach der\/den dazu passenden Systeml\u00f6sungen. Das Ergebnis des vierstufigen Auswahlprozesses: LAGO4 von Comosoft.<\/p>\n<p class=\"p2\">Hier einige Features, die ausschlaggebend f\u00fcr die Entscheidung der RAJA Group waren:<\/p>\n<ul>\n<li class=\"p2\">Die Kombination eines kompletten PIM- und MAM-Systems im Core, inklusive vollintegrierte Ausleitung in das Desktop Publishing Programm InDesign.<\/li>\n<li class=\"p2\">Das leistungsstarke \u201eWhiteboard\u201c, um Produkte schnell und effizient via Drag-and-drop auf Katalogseiten zu verplanen.<\/li>\n<li class=\"p2\">Mit der Media Planung ist die E-Commerce-Abteilung in der Lage, ihre kompletten Webshops zu strukturieren, organisieren und in Form von Produkt-Feedings in gew\u00fcnschte Kategorien zu finalisieren.<\/li>\n<li class=\"p2\">Au\u00dferdem bot LAGO4 als einziges System in der Shortlist einen Fat-Client und einen deckungsgleichen Webclient.<\/li>\n<\/ul>\n<p class=\"p2\">Somit kann jede Abteilung in gew\u00fcnschter Form arbeiten und auch der Zugriff von unterwegs ist uneingeschr\u00e4nkt m\u00f6glich.<\/p>\n<p class=\"p2\">\u201e<em>Wir haben einen sehr langen und intensiven Auswahlprozess hinter uns und sind 100% sicher, mit Comosoft einen enorm innovativen, langfristigen Partner gefunden zu haben. Mit ihm k\u00f6nnen wir die internen Prozesse optimieren und unsere Wettbewerbsf\u00e4higkeit weiter ausbauen<\/em>\u201c, konstatiert H\u00e9l\u00e8ne Gariba, Head of RAJA MEDIA.<\/p>\n<p class=\"p2\">\u201e<strong>Wichtig war uns bei der Auswahl diese Kombination aus technologischer Weitsicht, funktionaler Verf\u00fcgbarkeit und einer guten Kommunikationsbasis untereinander<\/strong>\u201c, erg\u00e4nzt Lionel Moraux, IT Direktor. F\u00fcr die Zukunft sind weitere gemeinsame Projekte, wie automatisierte Individualisierung (One-to-One Ansprache) und die Online Marketing Suite (Online Content einfach erstellt, frei- und ausgegeben) geplant.<\/p>\n<p class=\"p2\">\u201e<em>Wir freuen uns sehr, dass wir die RAJA Group nach diesem langen und intensiven Auswahlprozess f\u00fcr uns begeistert haben. Das Unternehmen passt nicht nur perfekt in unser Portfolio, auch das Team funktioniert perfekt zusammen \u2013 und das ist bekannterma\u00dfen ja einer der Erfolgsfaktoren f\u00fcr Software-Implementierungen. Hinzu kommt, dass wir mit RAJA eine gute Grundlage geschaffen haben, um weiter im franz\u00f6sischen Markt zu wachsen; 2016 steht die Gr\u00fcndung einer entsprechenden Tochtergesellschaft an<\/em>\u201c, so Benjamin Ferreau, Gesch\u00e4ftsf\u00fchrer Comosoft GmbH.<\/p>\n<p>[\/vc_column_text][\/vc_column][\/vc_row]<\/p>\n<\/div>","protected":false},"excerpt":{"rendered":"<p>[vc_row][vc_column width=&#8221;1\/1&#8243;][vc_column_text] Comosoft, f\u00fchrender Anbieter f\u00fcr PIM- &amp; Multichannel Media Production Software, gewinnt Europas Nummer 1 f\u00fcr Verpackungen, die RAJA [&hellip;]<\/p>\n","protected":false},"author":103,"featured_media":0,"parent":0,"menu_order":0,"comment_status":"closed","ping_status":"closed","template":"","meta":{"footnotes":""},"class_list":["post-5175","page","type-page","status-publish","hentry"],"yoast_head":"<!-- This site is optimized with the Yoast SEO plugin v27.3 - https:\/\/yoast.com\/product\/yoast-seo-wordpress\/ -->\n<title>Pressemitteilung RAJA \/ Comosoft<\/title>\n<meta name=\"description\" content=\"Pressemitteilung RAJA: Comosoft, f\u00fchrender Anbieter f\u00fcr PIM- &amp; Multichannel Media Production Software, gewinnt Europas Nummer 1 f\u00fcr Verpackungen, die RAJA Group Mit dem\" \/>\n<meta name=\"robots\" content=\"index, follow, max-snippet:-1, max-image-preview:large, max-video-preview:-1\" \/>\n<link rel=\"canonical\" href=\"https:\/\/www.comosoft.eu\/de\/pressemitteilung-raja\/\" \/>\n<meta property=\"og:locale\" content=\"de_DE\" \/>\n<meta property=\"og:type\" content=\"article\" \/>\n<meta property=\"og:title\" content=\"Pressemitteilung RAJA \/ Comosoft\" \/>\n<meta property=\"og:description\" content=\"Pressemitteilung RAJA: Comosoft, f\u00fchrender Anbieter f\u00fcr PIM- &amp; Multichannel Media Production Software, gewinnt Europas Nummer 1 f\u00fcr Verpackungen, die RAJA Group Mit dem\" \/>\n<meta property=\"og:url\" content=\"https:\/\/www.comosoft.eu\/de\/pressemitteilung-raja\/\" \/>\n<meta property=\"og:site_name\" content=\"comosoft.com\" \/>\n<meta property=\"article:modified_time\" content=\"2017-10-17T12:58:28+00:00\" \/>\n<meta property=\"og:image\" content=\"https:\/\/www.comosoft.eu\/wp-content\/uploads\/2021\/01\/Digital-publishing.jpg\" \/>\n\t<meta property=\"og:image:width\" content=\"2000\" \/>\n\t<meta property=\"og:image:height\" content=\"1334\" \/>\n\t<meta property=\"og:image:type\" content=\"image\/jpeg\" \/>\n<meta name=\"twitter:card\" content=\"summary_large_image\" \/>\n<!-- \/ Yoast SEO plugin. -->","yoast_head_json":{"title":"Pressemitteilung RAJA \/ Comosoft","description":"Pressemitteilung RAJA: Comosoft, f\u00fchrender Anbieter f\u00fcr PIM- &amp; Multichannel Media Production Software, gewinnt Europas Nummer 1 f\u00fcr Verpackungen, die RAJA Group Mit dem","robots":{"index":"index","follow":"follow","max-snippet":"max-snippet:-1","max-image-preview":"max-image-preview:large","max-video-preview":"max-video-preview:-1"},"canonical":"https:\/\/www.comosoft.eu\/de\/pressemitteilung-raja\/","og_locale":"de_DE","og_type":"article","og_title":"Pressemitteilung RAJA \/ Comosoft","og_description":"Pressemitteilung RAJA: Comosoft, f\u00fchrender Anbieter f\u00fcr PIM- &amp; Multichannel Media Production Software, gewinnt Europas Nummer 1 f\u00fcr Verpackungen, die RAJA Group Mit dem","og_url":"https:\/\/www.comosoft.eu\/de\/pressemitteilung-raja\/","og_site_name":"comosoft.com","article_modified_time":"2017-10-17T12:58:28+00:00","og_image":[{"width":2000,"height":1334,"url":"https:\/\/www.comosoft.eu\/wp-content\/uploads\/2021\/01\/Digital-publishing.jpg","type":"image\/jpeg"}],"twitter_card":"summary_large_image","schema":{"@context":"https:\/\/schema.org","@graph":[{"@type":"WebPage","@id":"https:\/\/www.comosoft.eu\/de\/pressemitteilung-raja\/","url":"https:\/\/www.comosoft.eu\/de\/pressemitteilung-raja\/","name":"Pressemitteilung RAJA \/ Comosoft","isPartOf":{"@id":"https:\/\/www.comosoft.eu\/de\/#website"},"datePublished":"2017-08-31T13:54:58+00:00","dateModified":"2017-10-17T12:58:28+00:00","description":"Pressemitteilung RAJA: Comosoft, f\u00fchrender Anbieter f\u00fcr PIM- &amp; Multichannel Media Production Software, gewinnt Europas Nummer 1 f\u00fcr Verpackungen, die RAJA Group Mit dem","breadcrumb":{"@id":"https:\/\/www.comosoft.eu\/de\/pressemitteilung-raja\/#breadcrumb"},"inLanguage":"de-DE","potentialAction":[{"@type":"ReadAction","target":["https:\/\/www.comosoft.eu\/de\/pressemitteilung-raja\/"]}]},{"@type":"BreadcrumbList","@id":"https:\/\/www.comosoft.eu\/de\/pressemitteilung-raja\/#breadcrumb","itemListElement":[{"@type":"ListItem","position":1,"name":"Home","item":"https:\/\/www.comosoft.eu\/de\/multichannel-software-loesung-lago-von-comosoft\/"},{"@type":"ListItem","position":2,"name":"Pressemitteilung RAJA"}]},{"@type":"WebSite","@id":"https:\/\/www.comosoft.eu\/de\/#website","url":"https:\/\/www.comosoft.eu\/de\/","name":"Comosoft","description":"Multichannel Solutions","publisher":{"@id":"https:\/\/www.comosoft.eu\/de\/#organization"},"potentialAction":[{"@type":"SearchAction","target":{"@type":"EntryPoint","urlTemplate":"https:\/\/www.comosoft.eu\/de\/?s={search_term_string}"},"query-input":{"@type":"PropertyValueSpecification","valueRequired":true,"valueName":"search_term_string"}}],"inLanguage":"de-DE"},{"@type":"Organization","@id":"https:\/\/www.comosoft.eu\/de\/#organization","name":"Comosoft GmbH","alternateName":"Multichannel Solutions","url":"https:\/\/www.comosoft.eu\/de\/","logo":{"@type":"ImageObject","inLanguage":"de-DE","@id":"https:\/\/www.comosoft.eu\/de\/#\/schema\/logo\/image\/","url":"https:\/\/www.comosoft.eu\/wp-content\/uploads\/2021\/01\/Comosoft-Logo463.png","contentUrl":"https:\/\/www.comosoft.eu\/wp-content\/uploads\/2021\/01\/Comosoft-Logo463.png","width":1654,"height":337,"caption":"Comosoft GmbH"},"image":{"@id":"https:\/\/www.comosoft.eu\/de\/#\/schema\/logo\/image\/"},"sameAs":["https:\/\/de.linkedin.com\/company\/comosoft?original_referer=httpswww.google.com"]}]}},"_links":{"self":[{"href":"https:\/\/www.comosoft.eu\/de\/wp-json\/wp\/v2\/pages\/5175","targetHints":{"allow":["GET"]}}],"collection":[{"href":"https:\/\/www.comosoft.eu\/de\/wp-json\/wp\/v2\/pages"}],"about":[{"href":"https:\/\/www.comosoft.eu\/de\/wp-json\/wp\/v2\/types\/page"}],"author":[{"embeddable":true,"href":"https:\/\/www.comosoft.eu\/de\/wp-json\/wp\/v2\/users\/103"}],"replies":[{"embeddable":true,"href":"https:\/\/www.comosoft.eu\/de\/wp-json\/wp\/v2\/comments?post=5175"}],"version-history":[{"count":5,"href":"https:\/\/www.comosoft.eu\/de\/wp-json\/wp\/v2\/pages\/5175\/revisions"}],"predecessor-version":[{"id":6137,"href":"https:\/\/www.comosoft.eu\/de\/wp-json\/wp\/v2\/pages\/5175\/revisions\/6137"}],"wp:attachment":[{"href":"https:\/\/www.comosoft.eu\/de\/wp-json\/wp\/v2\/media?parent=5175"}],"curies":[{"name":"wp","href":"https:\/\/api.w.org\/{rel}","templated":true}]}}