{"id":5173,"date":"2017-08-31T15:56:21","date_gmt":"2017-08-31T13:56:21","guid":{"rendered":"https:\/\/www.comosoft.com\/?page_id=5173\/"},"modified":"2022-09-08T13:01:42","modified_gmt":"2022-09-08T11:01:42","slug":"fallbeispiel-klingel","status":"publish","type":"page","link":"https:\/\/www.comosoft.eu\/de\/fallbeispiel-klingel\/","title":{"rendered":"Fallbeispiel Klingel"},"content":{"rendered":"<div class=\"wpb-content-wrapper\"><p>[vc_row][vc_column width=&#8221;1\/1&#8243;][vc_column_text]<\/p>\n<h1 class=\"p2\">Klingel setzt auf LAGO \u2013 Amortisation in knapp drei Jahren<\/h1>\n<p class=\"p3\">Mit der Umstellung seiner Katalogproduktion auf das System LAGO von Comosoft hat das Versandhaus Klingel Ma\u00dfst\u00e4be gesetzt:<\/p>\n<p class=\"p3\">Innerhalb der eigenen Versandhandelsgruppe (einschlie\u00dflich der Spezialversender Wenz, Mona, Beyeler, Meyer, Diemer, Wellsana und Amara) gibt es nur noch eine einheitliche Produktionsplattform f\u00fcr die Herstellung s\u00e4mtlicher Kataloge (Umfang ca. 30000 Seiten pro Jahr). Entscheidend f\u00fcr die Einf\u00fchrung einer neuen Software war, dass die Printprodukte bisher auf unterschiedlichste und \u00fcberwiegend konventionelle (nicht datenbankgest\u00fctzte) Weise erstellt wurden.<\/p>\n<p class=\"p3\">Hieraus ergaben sich nicht nur immense Fehlerquellen und entsprechend ein enormer Korrekturaufwand, vielmehr konnten auch die personellen Kapazit\u00e4ten der am Produktionsprozess beteiligten Mitarbeiterinnen und Mitarbeiter nicht optimal genutzt werden.<\/p>\n<p class=\"p3\"><i>\u201eDurch die klare und einheitliche Struktur der LAGO-Software k\u00f6nnen nun zum Beispiel Grafiker in <\/i><i>allen Bereichen der Gruppe t\u00e4tig werden, wann und wo immer sie auch gebraucht werden\u201c, <\/i>stellt Nils Wilcken, Accountmanager bei Comosoft, die f\u00fcr den Kunden neu geschaffene Flexibilit\u00e4t heraus. Und: Zeit- und kostenaufwendige Korrekturverfahren werden erheblich reduziert.<\/p>\n<p class=\"p3\">\u00c4u\u00dferst willkommen waren bei Klingel auch die Sprachvarianten f\u00fcr unterschiedliche Absatzm\u00e4rkte, die von LAGO 3.0 programmm\u00e4\u00dfig abgedeckt werden: Immerhin m\u00fcssen unter Verwendung dreier unterschiedlicher Sprachen f\u00fcnf M\u00e4rkte (Deutschland, \u00d6sterreich, Schweiz, Niederlande und Belgien) bedient werden.<\/p>\n<p class=\"p4\">Die Kosten f\u00fcr die Installation sollen sich bereits in knapp drei Jahren amortisiert haben.<\/p>\n<hr \/>\n<p class=\"p4\">Hamburg, 2002<\/p>\n<p>[\/vc_column_text][\/vc_column][\/vc_row]<\/p>\n<\/div>","protected":false},"excerpt":{"rendered":"<p>Klingel setzt auf LAGO \u2013 Amortisation in knapp drei Jahren. Mit der Umstellung seiner Katalogproduktion auf das System LAGO von Comosoft hat das Versandhaus Klingel Ma\u00dfst\u00e4be gesetzt.<\/p>\n","protected":false},"author":103,"featured_media":0,"parent":0,"menu_order":0,"comment_status":"closed","ping_status":"closed","template":"","meta":{"footnotes":""},"class_list":["post-5173","page","type-page","status-publish","hentry"],"yoast_head":"<!-- This site is optimized with the Yoast SEO plugin v27.3 - https:\/\/yoast.com\/product\/yoast-seo-wordpress\/ -->\n<title>Fallbeispiel Klingel \/ Comosoft<\/title>\n<meta name=\"description\" content=\"Fallbeispiel Klingel: Klingel setzt auf LAGO \u2013 Amortisation in knapp drei Jahren. Mit der Umstellung seiner Katalogproduktion auf das System LAGO von Comosoft hat das Versandhaus Klingel Ma\u00dfst\u00e4be gesetzt.\" \/>\n<meta name=\"robots\" content=\"index, follow, max-snippet:-1, max-image-preview:large, max-video-preview:-1\" \/>\n<link rel=\"canonical\" href=\"https:\/\/www.comosoft.eu\/de\/fallbeispiel-klingel\/\" \/>\n<meta property=\"og:locale\" content=\"de_DE\" \/>\n<meta property=\"og:type\" content=\"article\" \/>\n<meta property=\"og:title\" content=\"Fallbeispiel Klingel \/ Comosoft\" \/>\n<meta property=\"og:description\" content=\"Fallbeispiel Klingel: Klingel setzt auf LAGO \u2013 Amortisation in knapp drei Jahren. Mit der Umstellung seiner Katalogproduktion auf das System LAGO von Comosoft hat das Versandhaus Klingel Ma\u00dfst\u00e4be gesetzt.\" \/>\n<meta property=\"og:url\" content=\"https:\/\/www.comosoft.eu\/de\/fallbeispiel-klingel\/\" \/>\n<meta property=\"og:site_name\" content=\"comosoft.com\" \/>\n<meta property=\"article:modified_time\" content=\"2022-09-08T11:01:42+00:00\" \/>\n<meta property=\"og:image\" content=\"https:\/\/www.comosoft.eu\/wp-content\/uploads\/2021\/01\/Digital-publishing.jpg\" \/>\n\t<meta property=\"og:image:width\" content=\"2000\" \/>\n\t<meta property=\"og:image:height\" content=\"1334\" \/>\n\t<meta property=\"og:image:type\" content=\"image\/jpeg\" \/>\n<meta name=\"twitter:card\" content=\"summary_large_image\" \/>\n<!-- \/ Yoast SEO plugin. -->","yoast_head_json":{"title":"Fallbeispiel Klingel \/ Comosoft","description":"Fallbeispiel Klingel: Klingel setzt auf LAGO \u2013 Amortisation in knapp drei Jahren. Mit der Umstellung seiner Katalogproduktion auf das System LAGO von Comosoft hat das Versandhaus Klingel Ma\u00dfst\u00e4be gesetzt.","robots":{"index":"index","follow":"follow","max-snippet":"max-snippet:-1","max-image-preview":"max-image-preview:large","max-video-preview":"max-video-preview:-1"},"canonical":"https:\/\/www.comosoft.eu\/de\/fallbeispiel-klingel\/","og_locale":"de_DE","og_type":"article","og_title":"Fallbeispiel Klingel \/ Comosoft","og_description":"Fallbeispiel Klingel: Klingel setzt auf LAGO \u2013 Amortisation in knapp drei Jahren. Mit der Umstellung seiner Katalogproduktion auf das System LAGO von Comosoft hat das Versandhaus Klingel Ma\u00dfst\u00e4be gesetzt.","og_url":"https:\/\/www.comosoft.eu\/de\/fallbeispiel-klingel\/","og_site_name":"comosoft.com","article_modified_time":"2022-09-08T11:01:42+00:00","og_image":[{"width":2000,"height":1334,"url":"https:\/\/www.comosoft.eu\/wp-content\/uploads\/2021\/01\/Digital-publishing.jpg","type":"image\/jpeg"}],"twitter_card":"summary_large_image","schema":{"@context":"https:\/\/schema.org","@graph":[{"@type":"WebPage","@id":"https:\/\/www.comosoft.eu\/de\/fallbeispiel-klingel\/","url":"https:\/\/www.comosoft.eu\/de\/fallbeispiel-klingel\/","name":"Fallbeispiel Klingel \/ Comosoft","isPartOf":{"@id":"https:\/\/www.comosoft.eu\/de\/#website"},"datePublished":"2017-08-31T13:56:21+00:00","dateModified":"2022-09-08T11:01:42+00:00","description":"Fallbeispiel Klingel: Klingel setzt auf LAGO \u2013 Amortisation in knapp drei Jahren. Mit der Umstellung seiner Katalogproduktion auf das System LAGO von Comosoft hat das Versandhaus Klingel Ma\u00dfst\u00e4be gesetzt.","breadcrumb":{"@id":"https:\/\/www.comosoft.eu\/de\/fallbeispiel-klingel\/#breadcrumb"},"inLanguage":"de-DE","potentialAction":[{"@type":"ReadAction","target":["https:\/\/www.comosoft.eu\/de\/fallbeispiel-klingel\/"]}]},{"@type":"BreadcrumbList","@id":"https:\/\/www.comosoft.eu\/de\/fallbeispiel-klingel\/#breadcrumb","itemListElement":[{"@type":"ListItem","position":1,"name":"Home","item":"https:\/\/www.comosoft.eu\/de\/multichannel-software-loesung-lago-von-comosoft\/"},{"@type":"ListItem","position":2,"name":"Fallbeispiel Klingel"}]},{"@type":"WebSite","@id":"https:\/\/www.comosoft.eu\/de\/#website","url":"https:\/\/www.comosoft.eu\/de\/","name":"Comosoft","description":"Multichannel Solutions","publisher":{"@id":"https:\/\/www.comosoft.eu\/de\/#organization"},"potentialAction":[{"@type":"SearchAction","target":{"@type":"EntryPoint","urlTemplate":"https:\/\/www.comosoft.eu\/de\/?s={search_term_string}"},"query-input":{"@type":"PropertyValueSpecification","valueRequired":true,"valueName":"search_term_string"}}],"inLanguage":"de-DE"},{"@type":"Organization","@id":"https:\/\/www.comosoft.eu\/de\/#organization","name":"Comosoft GmbH","alternateName":"Multichannel Solutions","url":"https:\/\/www.comosoft.eu\/de\/","logo":{"@type":"ImageObject","inLanguage":"de-DE","@id":"https:\/\/www.comosoft.eu\/de\/#\/schema\/logo\/image\/","url":"https:\/\/www.comosoft.eu\/wp-content\/uploads\/2021\/01\/Comosoft-Logo463.png","contentUrl":"https:\/\/www.comosoft.eu\/wp-content\/uploads\/2021\/01\/Comosoft-Logo463.png","width":1654,"height":337,"caption":"Comosoft GmbH"},"image":{"@id":"https:\/\/www.comosoft.eu\/de\/#\/schema\/logo\/image\/"},"sameAs":["https:\/\/de.linkedin.com\/company\/comosoft?original_referer=httpswww.google.com"]}]}},"_links":{"self":[{"href":"https:\/\/www.comosoft.eu\/de\/wp-json\/wp\/v2\/pages\/5173","targetHints":{"allow":["GET"]}}],"collection":[{"href":"https:\/\/www.comosoft.eu\/de\/wp-json\/wp\/v2\/pages"}],"about":[{"href":"https:\/\/www.comosoft.eu\/de\/wp-json\/wp\/v2\/types\/page"}],"author":[{"embeddable":true,"href":"https:\/\/www.comosoft.eu\/de\/wp-json\/wp\/v2\/users\/103"}],"replies":[{"embeddable":true,"href":"https:\/\/www.comosoft.eu\/de\/wp-json\/wp\/v2\/comments?post=5173"}],"version-history":[{"count":5,"href":"https:\/\/www.comosoft.eu\/de\/wp-json\/wp\/v2\/pages\/5173\/revisions"}],"predecessor-version":[{"id":20431,"href":"https:\/\/www.comosoft.eu\/de\/wp-json\/wp\/v2\/pages\/5173\/revisions\/20431"}],"wp:attachment":[{"href":"https:\/\/www.comosoft.eu\/de\/wp-json\/wp\/v2\/media?parent=5173"}],"curies":[{"name":"wp","href":"https:\/\/api.w.org\/{rel}","templated":true}]}}