{"id":5171,"date":"2017-08-31T15:56:03","date_gmt":"2017-08-31T13:56:03","guid":{"rendered":"https:\/\/www.comosoft.com\/?page_id=5171\/"},"modified":"2022-09-27T10:48:41","modified_gmt":"2022-09-27T08:48:41","slug":"fallbeispiel-kaiser-kraft","status":"publish","type":"page","link":"https:\/\/www.comosoft.eu\/de\/fallbeispiel-kaiser-kraft\/","title":{"rendered":"Fallbeispiel KAISER + KRAFT"},"content":{"rendered":"<div class=\"wpb-content-wrapper\"><p>[vc_row][vc_column width=&#8221;1\/1&#8243;][vc_column_text]<\/p>\n<h1 class=\"p2\">KAISER+KRAFT &#8211; erfolgreicher Einstieg in das B2B-Kataloggesch\u00e4ft<\/h1>\n<p class=\"p3\">Mit \u00fcber 100.000 Produkten und einem Umsatz von rund 824 Mio. Euro ist die TAKKT Gruppe mit Sitz in Stuttgart der f\u00fchrende Business-to-Business-Versandh\u00e4ndler f\u00fcr B\u00fcro- und Betriebsausstattung in Europa und Nordamerika. Der gr\u00f6\u00dfte Bereich, die KAISER + KRAFT Europa Gruppe mit einem Umsatz von 383,3 Mio. Euro, hatte sich im M\u00e4rz 2002 f\u00fcr die umfang-reiche und mehrsprachige Katalog-Produktions-Software LAGO von Comosoft entschieden.<\/p>\n<p class=\"p3\">Damit ist es Comosoft erneut gelungen, ein international t\u00e4tiges Versandhandelsunternehmen von seiner ma\u00dfgeschneiderten und besonders leistungsf\u00e4higen Software f\u00fcr die Datenverwaltung, Gestaltung und Produktion von Katalogen zu \u00fcberzeugen.<\/p>\n<p class=\"p3\">Bemerkenswert ist, dass sich KAISER + KRAFT mit seinen Angeboten nicht an Endverbraucher wendet, sondern auf das reine Business-to-Business-Gesch\u00e4ft konzentriert. Auf diese Weise hat Comosoft nun auch den Einstieg in das Handling von Industriekatalogen geschafft. Rund 50 Anwender bei K + K werden mit der neuen Software arbeiten. Eine besondere Herausforderung: Die KAISER + KRAFT Gruppe ist in 18 L\u00e4ndern Europas vertreten und erstellt mehrmals j\u00e4hrlich Kataloge und Mailings in 15 Sprachen.<\/p>\n<hr \/>\n<p class=\"p3\">Hamburg, 2002<\/p>\n<p>[\/vc_column_text][\/vc_column][\/vc_row]<\/p>\n<\/div>","protected":false},"excerpt":{"rendered":"<p>KAISER+KRAFT &#8211; erfolgreicher Einstieg in das B2B-Kataloggesch\u00e4ft. Mit \u00fcber 100.000 Produkten und einem Umsatz von rund 824 Mio. Euro ist die TAKKT Gruppe mit Sitz in Stuttgart der f\u00fchrende Business-to-Business-Versandh\u00e4ndler f\u00fcr B\u00fcro- und Betriebsausstattung in Europa und Nordamerika.<\/p>\n","protected":false},"author":103,"featured_media":0,"parent":0,"menu_order":0,"comment_status":"closed","ping_status":"closed","template":"","meta":{"footnotes":""},"class_list":["post-5171","page","type-page","status-publish","hentry"],"yoast_head":"<!-- This site is optimized with the Yoast SEO plugin v27.3 - https:\/\/yoast.com\/product\/yoast-seo-wordpress\/ -->\n<title>Fallbeispiel KAISER + KRAFT: | comosoft.com<\/title>\n<meta name=\"description\" content=\"Fallbeispiel KAISER + KRAFT: Erfolgreich im B2B-Kataloggesch\u00e4ft. Der f\u00fchrende B2B-Versandh\u00e4ndler f\u00fcr B\u00fcro- und Betriebsausstattung \u00bb Jetzt mehr erfahren!\" \/>\n<meta name=\"robots\" content=\"index, follow, max-snippet:-1, max-image-preview:large, max-video-preview:-1\" \/>\n<link rel=\"canonical\" href=\"https:\/\/www.comosoft.eu\/de\/fallbeispiel-kaiser-kraft\/\" \/>\n<meta property=\"og:locale\" content=\"de_DE\" \/>\n<meta property=\"og:type\" content=\"article\" \/>\n<meta property=\"og:title\" content=\"Fallbeispiel KAISER + KRAFT: | comosoft.com\" \/>\n<meta property=\"og:description\" content=\"Fallbeispiel KAISER + KRAFT: Erfolgreich im B2B-Kataloggesch\u00e4ft. Der f\u00fchrende B2B-Versandh\u00e4ndler f\u00fcr B\u00fcro- und Betriebsausstattung \u00bb Jetzt mehr erfahren!\" \/>\n<meta property=\"og:url\" content=\"https:\/\/www.comosoft.eu\/de\/fallbeispiel-kaiser-kraft\/\" \/>\n<meta property=\"og:site_name\" content=\"comosoft.com\" \/>\n<meta property=\"article:modified_time\" content=\"2022-09-27T08:48:41+00:00\" \/>\n<meta property=\"og:image\" content=\"https:\/\/www.comosoft.eu\/wp-content\/uploads\/2021\/01\/Digital-publishing.jpg\" \/>\n\t<meta property=\"og:image:width\" content=\"2000\" \/>\n\t<meta property=\"og:image:height\" content=\"1334\" \/>\n\t<meta property=\"og:image:type\" content=\"image\/jpeg\" \/>\n<meta name=\"twitter:card\" content=\"summary_large_image\" \/>\n<!-- \/ Yoast SEO plugin. -->","yoast_head_json":{"title":"Fallbeispiel KAISER + KRAFT: | comosoft.com","description":"Fallbeispiel KAISER + KRAFT: Erfolgreich im B2B-Kataloggesch\u00e4ft. Der f\u00fchrende B2B-Versandh\u00e4ndler f\u00fcr B\u00fcro- und Betriebsausstattung \u00bb Jetzt mehr erfahren!","robots":{"index":"index","follow":"follow","max-snippet":"max-snippet:-1","max-image-preview":"max-image-preview:large","max-video-preview":"max-video-preview:-1"},"canonical":"https:\/\/www.comosoft.eu\/de\/fallbeispiel-kaiser-kraft\/","og_locale":"de_DE","og_type":"article","og_title":"Fallbeispiel KAISER + KRAFT: | comosoft.com","og_description":"Fallbeispiel KAISER + KRAFT: Erfolgreich im B2B-Kataloggesch\u00e4ft. Der f\u00fchrende B2B-Versandh\u00e4ndler f\u00fcr B\u00fcro- und Betriebsausstattung \u00bb Jetzt mehr erfahren!","og_url":"https:\/\/www.comosoft.eu\/de\/fallbeispiel-kaiser-kraft\/","og_site_name":"comosoft.com","article_modified_time":"2022-09-27T08:48:41+00:00","og_image":[{"width":2000,"height":1334,"url":"https:\/\/www.comosoft.eu\/wp-content\/uploads\/2021\/01\/Digital-publishing.jpg","type":"image\/jpeg"}],"twitter_card":"summary_large_image","schema":{"@context":"https:\/\/schema.org","@graph":[{"@type":"WebPage","@id":"https:\/\/www.comosoft.eu\/de\/fallbeispiel-kaiser-kraft\/","url":"https:\/\/www.comosoft.eu\/de\/fallbeispiel-kaiser-kraft\/","name":"Fallbeispiel KAISER + KRAFT: | comosoft.com","isPartOf":{"@id":"https:\/\/www.comosoft.eu\/de\/#website"},"datePublished":"2017-08-31T13:56:03+00:00","dateModified":"2022-09-27T08:48:41+00:00","description":"Fallbeispiel KAISER + KRAFT: Erfolgreich im B2B-Kataloggesch\u00e4ft. Der f\u00fchrende B2B-Versandh\u00e4ndler f\u00fcr B\u00fcro- und Betriebsausstattung \u00bb Jetzt mehr erfahren!","breadcrumb":{"@id":"https:\/\/www.comosoft.eu\/de\/fallbeispiel-kaiser-kraft\/#breadcrumb"},"inLanguage":"de-DE","potentialAction":[{"@type":"ReadAction","target":["https:\/\/www.comosoft.eu\/de\/fallbeispiel-kaiser-kraft\/"]}]},{"@type":"BreadcrumbList","@id":"https:\/\/www.comosoft.eu\/de\/fallbeispiel-kaiser-kraft\/#breadcrumb","itemListElement":[{"@type":"ListItem","position":1,"name":"Home","item":"https:\/\/www.comosoft.eu\/de\/multichannel-software-loesung-lago-von-comosoft\/"},{"@type":"ListItem","position":2,"name":"Fallbeispiel KAISER + KRAFT"}]},{"@type":"WebSite","@id":"https:\/\/www.comosoft.eu\/de\/#website","url":"https:\/\/www.comosoft.eu\/de\/","name":"Comosoft","description":"Multichannel Solutions","publisher":{"@id":"https:\/\/www.comosoft.eu\/de\/#organization"},"potentialAction":[{"@type":"SearchAction","target":{"@type":"EntryPoint","urlTemplate":"https:\/\/www.comosoft.eu\/de\/?s={search_term_string}"},"query-input":{"@type":"PropertyValueSpecification","valueRequired":true,"valueName":"search_term_string"}}],"inLanguage":"de-DE"},{"@type":"Organization","@id":"https:\/\/www.comosoft.eu\/de\/#organization","name":"Comosoft GmbH","alternateName":"Multichannel Solutions","url":"https:\/\/www.comosoft.eu\/de\/","logo":{"@type":"ImageObject","inLanguage":"de-DE","@id":"https:\/\/www.comosoft.eu\/de\/#\/schema\/logo\/image\/","url":"https:\/\/www.comosoft.eu\/wp-content\/uploads\/2021\/01\/Comosoft-Logo463.png","contentUrl":"https:\/\/www.comosoft.eu\/wp-content\/uploads\/2021\/01\/Comosoft-Logo463.png","width":1654,"height":337,"caption":"Comosoft GmbH"},"image":{"@id":"https:\/\/www.comosoft.eu\/de\/#\/schema\/logo\/image\/"},"sameAs":["https:\/\/de.linkedin.com\/company\/comosoft?original_referer=httpswww.google.com"]}]}},"_links":{"self":[{"href":"https:\/\/www.comosoft.eu\/de\/wp-json\/wp\/v2\/pages\/5171","targetHints":{"allow":["GET"]}}],"collection":[{"href":"https:\/\/www.comosoft.eu\/de\/wp-json\/wp\/v2\/pages"}],"about":[{"href":"https:\/\/www.comosoft.eu\/de\/wp-json\/wp\/v2\/types\/page"}],"author":[{"embeddable":true,"href":"https:\/\/www.comosoft.eu\/de\/wp-json\/wp\/v2\/users\/103"}],"replies":[{"embeddable":true,"href":"https:\/\/www.comosoft.eu\/de\/wp-json\/wp\/v2\/comments?post=5171"}],"version-history":[{"count":3,"href":"https:\/\/www.comosoft.eu\/de\/wp-json\/wp\/v2\/pages\/5171\/revisions"}],"predecessor-version":[{"id":20429,"href":"https:\/\/www.comosoft.eu\/de\/wp-json\/wp\/v2\/pages\/5171\/revisions\/20429"}],"wp:attachment":[{"href":"https:\/\/www.comosoft.eu\/de\/wp-json\/wp\/v2\/media?parent=5171"}],"curies":[{"name":"wp","href":"https:\/\/api.w.org\/{rel}","templated":true}]}}