{"id":5169,"date":"2017-08-31T15:53:00","date_gmt":"2017-08-31T13:53:00","guid":{"rendered":"https:\/\/www.comosoft.com\/?page_id=5169\/"},"modified":"2022-09-16T10:00:29","modified_gmt":"2022-09-16T08:00:29","slug":"fallbeispiel-emporium-merkator","status":"publish","type":"page","link":"https:\/\/www.comosoft.eu\/de\/fallbeispiel-emporium-merkator\/","title":{"rendered":"Fallbeispiel Emporium Merkator"},"content":{"rendered":"<div class=\"wpb-content-wrapper\"><p>[vc_row][vc_column width=&#8221;1\/1&#8243;][vc_column_text]<\/p>\n<h1 class=\"p2\">Signifikante Zeitersparnis: Emporium Merkator f\u00fchrt erfolgreich LAGO4 ein<\/h1>\n<p class=\"p2\">250.000 Artikel, 160 Attribute pro Artikel, zwei Varianten, 80.000.000 Attribute insgesamt \u2013 f\u00fcr E-Shops, \u00fcber 300 Mailings im Jahr, zahlreiche weitere Printprojekte und den Kundendienst. Das ist Emporium Merkator. Das traditionsreiche Unternehmen genie\u00dft seit \u00fcber 40 Jahren das Vertrauen von M\u00fcnzh\u00e4ndlern und \u2013 sammlern sowie Anlegern weltweit \u2013 und das nicht zuletzt auf Grund des umfangreichen und aktuellen Produktportfolios. \u201eVon Neuheiten bis hin zu seltenen Originalen ist alles dabei. Unser Sortiment ist enorm beweglich. Es gibt mehrere Quellen, h\u00e4ufig wechselnde Lagerbest\u00e4nde und es kann auch vorkommen, dass der gleiche Artikel, unter verschiedenen Artikelnummern gepflegt werden muss \u2013 zum Beispiel wegen des Zustands\u201c, erkl\u00e4rt Dieter Harms, IT-Leiter bei Emporium, beim Gespr\u00e4ch im Hamburger \u201eOriginal\u201c, dem St\u00f6rtebeker-Haus.<\/p>\n<p class=\"p2\">\u201eDie Komplexit\u00e4t unserer Daten, deren Umfang und deren Beweglichkeit erforderten schlichtweg ein System, dass die Daten konsolidiert, zentralisiert und unsere bestehenden Systeme intelligent miteinander verkn\u00fcpft\u201c, erinnert sich Harms, \u201eunsere Produktmanager, gerade wenn neue Kollegen hinzukommen, verbrachten bis zu 60 % Ihrer Arbeitszeit nur mit suchen.\u201c<\/p>\n<p class=\"p3\"><i>\u201eAuch wenn LAGO mit vielen M\u00f6glichkeiten kommt, sind die Stellschrauben nach wie vor an den <\/i><i>richtigen Stellen zu finden \u2013 das Workflowmanagement sowie die Verwaltung von Rechten und\u00a0<\/i><i>Strukturen an zentraler Stelle sind gut gel\u00f6st. \u201d <\/i><\/p>\n<p class=\"p4\">Dieter Harms | IT-Leiter bei Emporium Merkator<\/p>\n<p class=\"p2\">Bereits vor einigen Jahren begann deshalb die Recherche nach einer geeigneten L\u00f6sung. Emporium ben\u00f6tigte mehr Platz f\u00fcr Informationen. Artikeldaten mussten aus mehreren Quellen konsolidiert werden, sollten flexibler nutzbar sein sowie gleichzeitig f\u00fcr die verschiedenen Verkaufskan\u00e4le bereitstehen. Hier konnte LAGO4 von Comosoft \u00fcberzeugen. Das System, welches heute vor- und nachgelagerte Systeme wie Warenwirtschaft oder E-Shops bei Emporium miteinander verbindet, konnte vor allem damit Punkten, dass Prozessabl\u00e4ufe von A bis Z integriert und abgebildet werden. \u201eAuch wenn LAGO mit vielen M\u00f6glichkeiten kommt, sind die Stellschrauben nach wie vor an den richtigen Stellen zu finden \u2013 das Workflowmanagement sowie die Verwaltung von Rechten und Strukturen an zentraler Stelle sind gut gel\u00f6st. Die M\u00f6glichkeit, die Verwaltung unserer Daten sowie die Erstellung aller Werbemittel in einem System zu realisieren, waren f\u00fcr uns ausschlaggebend.\u201c<\/p>\n<p class=\"p5\"><i>\u201eMit LAGO l\u00e4uft der Shop reibungslos. Was wir vorher in zwei Wochen \u00a0<\/i><i>m\u00fchseliger Arbeit geleistet haben, schaffen wir heute in zwei Tagen.\u201c <\/i><\/p>\n<p class=\"p6\">Dieter Harms | IT-Leiter bei Emporium Merkator<\/p>\n<p class=\"p2\">Nach Einf\u00fchrung, Migration und Anwendertraining begann man mit der Datenpflege. Neben den ca. 60 Merkmalen, die bereits in der Warenwirtschaft vorhanden waren, kamen \u00fcber 100 neue Felder in LAGO hinzu und boten Platz f\u00fcr zus\u00e4tzliche Informationen. Das System vereinfacht die Planung, s\u00e4mtliche Pflegeprozesse und liefert mit vielen Suchfunktionen und der Zentralisierung aller Werbemittel eine perfekte \u00dcbersicht. Schlie\u00dflich realisierte man \u00fcber LAGO die Steuerung und Datenpflege des Online-Shops (www.muenzkurier.de) und erzielte eine signifikante Zeitersparnis von 80 %. \u201eMit LAGO l\u00e4uft der Shop reibungslos. Was wir vorher in zwei Wochen m\u00fchseliger Arbeit geleistet haben, schaffen wir heute in zwei Tagen\u201c, so Dieter Harms, \u201eauch mit der Einf\u00fchrung bin ich zufrieden \u2013 nat\u00fcrlich l\u00e4uft nie alles hundertprozentig perfekt, aber wenn Probleme auftraten, wurden sie schnell und kompetent gel\u00f6st.\u201c<\/p>\n<p class=\"p1\">Neben dem Produktmanagement und dem E-Com-Team arbeitet auch die Inhouse-Grafik von Emporium mit LAGO.<\/p>\n<p class=\"p1\">Die direkte Integration in Adobe\u00ae InDesign\u00ae und der digitale Korrekturworkflow wurden von allen Beteiligten gerne angenommen. So sparen sich die M\u00fcnzexperten bei jedem Werbemittel langes Suchen sowie aufw\u00e4ndige Korrekturl\u00e4ufe mit Ausdrucken, PDF-Dateien und unz\u00e4hligen umlaufenden Versionen. Mit der Einf\u00fchrung von LAGO f\u00fchlt man sich im St\u00f6rtebeker-Haus in der Entscheidung best\u00e4tigt. Nach der gelungenen Shop-Anbindung und den Printwerbemitteln hat IT- und Projektleiter Harms noch viel mehr vor: \u201ewir werden LAGO nat\u00fcrlich in weitere Bereiche ausweiten. Derzeit integrieren wir den Gro\u00dfhandel und es folgen weitere Shops. Auch der Kundendienst soll am System partizipieren. Hier gibt es noch einiges zu tun. Daf\u00fcr setzen wir weiter auf die Zusammenarbeit mit Comosoft.\u201c<\/p>\n<hr \/>\n<p class=\"p1\">Hamburg, 2011<\/p>\n<p>[\/vc_column_text][\/vc_column][\/vc_row]<\/p>\n<\/div>","protected":false},"excerpt":{"rendered":"<p>Signifikante Zeitersparnis: Emporium Merkator f\u00fchrt erfolgreich LAGO4 ein. <\/p>\n","protected":false},"author":103,"featured_media":0,"parent":0,"menu_order":0,"comment_status":"closed","ping_status":"closed","template":"","meta":{"footnotes":""},"class_list":["post-5169","page","type-page","status-publish","hentry"],"yoast_head":"<!-- This site is optimized with the Yoast SEO plugin v27.3 - https:\/\/yoast.com\/product\/yoast-seo-wordpress\/ -->\n<title>Fallbeispiel Emporium Merkator \/ Comosoft<\/title>\n<meta name=\"description\" content=\"Fallbeispiel Emporium Merkator: Signifikante Zeitersparnis: Emporium Merkator f\u00fchrt erfolgreich LAGO4 ein.\" \/>\n<meta name=\"robots\" content=\"index, follow, max-snippet:-1, max-image-preview:large, max-video-preview:-1\" \/>\n<link rel=\"canonical\" href=\"https:\/\/www.comosoft.eu\/de\/fallbeispiel-emporium-merkator\/\" \/>\n<meta property=\"og:locale\" content=\"de_DE\" \/>\n<meta property=\"og:type\" content=\"article\" \/>\n<meta property=\"og:title\" content=\"Fallbeispiel Emporium Merkator \/ Comosoft\" \/>\n<meta property=\"og:description\" content=\"Fallbeispiel Emporium Merkator: Signifikante Zeitersparnis: Emporium Merkator f\u00fchrt erfolgreich LAGO4 ein.\" \/>\n<meta property=\"og:url\" content=\"https:\/\/www.comosoft.eu\/de\/fallbeispiel-emporium-merkator\/\" \/>\n<meta property=\"og:site_name\" content=\"comosoft.com\" \/>\n<meta property=\"article:modified_time\" content=\"2022-09-16T08:00:29+00:00\" \/>\n<meta property=\"og:image\" content=\"https:\/\/www.comosoft.eu\/wp-content\/uploads\/2021\/01\/Digital-publishing.jpg\" \/>\n\t<meta property=\"og:image:width\" content=\"2000\" \/>\n\t<meta property=\"og:image:height\" content=\"1334\" \/>\n\t<meta property=\"og:image:type\" content=\"image\/jpeg\" \/>\n<meta name=\"twitter:card\" content=\"summary_large_image\" \/>\n<!-- \/ Yoast SEO plugin. -->","yoast_head_json":{"title":"Fallbeispiel Emporium Merkator \/ Comosoft","description":"Fallbeispiel Emporium Merkator: Signifikante Zeitersparnis: Emporium Merkator f\u00fchrt erfolgreich LAGO4 ein.","robots":{"index":"index","follow":"follow","max-snippet":"max-snippet:-1","max-image-preview":"max-image-preview:large","max-video-preview":"max-video-preview:-1"},"canonical":"https:\/\/www.comosoft.eu\/de\/fallbeispiel-emporium-merkator\/","og_locale":"de_DE","og_type":"article","og_title":"Fallbeispiel Emporium Merkator \/ Comosoft","og_description":"Fallbeispiel Emporium Merkator: Signifikante Zeitersparnis: Emporium Merkator f\u00fchrt erfolgreich LAGO4 ein.","og_url":"https:\/\/www.comosoft.eu\/de\/fallbeispiel-emporium-merkator\/","og_site_name":"comosoft.com","article_modified_time":"2022-09-16T08:00:29+00:00","og_image":[{"width":2000,"height":1334,"url":"https:\/\/www.comosoft.eu\/wp-content\/uploads\/2021\/01\/Digital-publishing.jpg","type":"image\/jpeg"}],"twitter_card":"summary_large_image","schema":{"@context":"https:\/\/schema.org","@graph":[{"@type":"WebPage","@id":"https:\/\/www.comosoft.eu\/de\/fallbeispiel-emporium-merkator\/","url":"https:\/\/www.comosoft.eu\/de\/fallbeispiel-emporium-merkator\/","name":"Fallbeispiel Emporium Merkator \/ Comosoft","isPartOf":{"@id":"https:\/\/www.comosoft.eu\/de\/#website"},"datePublished":"2017-08-31T13:53:00+00:00","dateModified":"2022-09-16T08:00:29+00:00","description":"Fallbeispiel Emporium Merkator: Signifikante Zeitersparnis: Emporium Merkator f\u00fchrt erfolgreich LAGO4 ein.","breadcrumb":{"@id":"https:\/\/www.comosoft.eu\/de\/fallbeispiel-emporium-merkator\/#breadcrumb"},"inLanguage":"de-DE","potentialAction":[{"@type":"ReadAction","target":["https:\/\/www.comosoft.eu\/de\/fallbeispiel-emporium-merkator\/"]}]},{"@type":"BreadcrumbList","@id":"https:\/\/www.comosoft.eu\/de\/fallbeispiel-emporium-merkator\/#breadcrumb","itemListElement":[{"@type":"ListItem","position":1,"name":"Home","item":"https:\/\/www.comosoft.eu\/de\/multichannel-software-loesung-lago-von-comosoft\/"},{"@type":"ListItem","position":2,"name":"Fallbeispiel Emporium Merkator"}]},{"@type":"WebSite","@id":"https:\/\/www.comosoft.eu\/de\/#website","url":"https:\/\/www.comosoft.eu\/de\/","name":"Comosoft","description":"Multichannel Solutions","publisher":{"@id":"https:\/\/www.comosoft.eu\/de\/#organization"},"potentialAction":[{"@type":"SearchAction","target":{"@type":"EntryPoint","urlTemplate":"https:\/\/www.comosoft.eu\/de\/?s={search_term_string}"},"query-input":{"@type":"PropertyValueSpecification","valueRequired":true,"valueName":"search_term_string"}}],"inLanguage":"de-DE"},{"@type":"Organization","@id":"https:\/\/www.comosoft.eu\/de\/#organization","name":"Comosoft GmbH","alternateName":"Multichannel Solutions","url":"https:\/\/www.comosoft.eu\/de\/","logo":{"@type":"ImageObject","inLanguage":"de-DE","@id":"https:\/\/www.comosoft.eu\/de\/#\/schema\/logo\/image\/","url":"https:\/\/www.comosoft.eu\/wp-content\/uploads\/2021\/01\/Comosoft-Logo463.png","contentUrl":"https:\/\/www.comosoft.eu\/wp-content\/uploads\/2021\/01\/Comosoft-Logo463.png","width":1654,"height":337,"caption":"Comosoft GmbH"},"image":{"@id":"https:\/\/www.comosoft.eu\/de\/#\/schema\/logo\/image\/"},"sameAs":["https:\/\/de.linkedin.com\/company\/comosoft?original_referer=httpswww.google.com"]}]}},"_links":{"self":[{"href":"https:\/\/www.comosoft.eu\/de\/wp-json\/wp\/v2\/pages\/5169","targetHints":{"allow":["GET"]}}],"collection":[{"href":"https:\/\/www.comosoft.eu\/de\/wp-json\/wp\/v2\/pages"}],"about":[{"href":"https:\/\/www.comosoft.eu\/de\/wp-json\/wp\/v2\/types\/page"}],"author":[{"embeddable":true,"href":"https:\/\/www.comosoft.eu\/de\/wp-json\/wp\/v2\/users\/103"}],"replies":[{"embeddable":true,"href":"https:\/\/www.comosoft.eu\/de\/wp-json\/wp\/v2\/comments?post=5169"}],"version-history":[{"count":6,"href":"https:\/\/www.comosoft.eu\/de\/wp-json\/wp\/v2\/pages\/5169\/revisions"}],"predecessor-version":[{"id":20477,"href":"https:\/\/www.comosoft.eu\/de\/wp-json\/wp\/v2\/pages\/5169\/revisions\/20477"}],"wp:attachment":[{"href":"https:\/\/www.comosoft.eu\/de\/wp-json\/wp\/v2\/media?parent=5169"}],"curies":[{"name":"wp","href":"https:\/\/api.w.org\/{rel}","templated":true}]}}