{"id":5162,"date":"2017-08-31T15:50:38","date_gmt":"2017-08-31T13:50:38","guid":{"rendered":"https:\/\/www.comosoft.com\/?page_id=5162\/"},"modified":"2022-09-27T10:45:55","modified_gmt":"2022-09-27T08:45:55","slug":"fallbeispiel-atelier-goldener-schnitt","status":"publish","type":"page","link":"https:\/\/www.comosoft.eu\/de\/fallbeispiel-atelier-goldener-schnitt\/","title":{"rendered":"Fallbeispiel Atelier Goldener Schnitt"},"content":{"rendered":"<div class=\"wpb-content-wrapper\"><p>[vc_row][vc_column width=&#8221;1\/1&#8243;][vc_column_text]<\/p>\n<h1 class=\"p2\">Atelier Goldener Schnitt \u2013 Traditionshaus mit Weitblick<\/h1>\n<p class=\"p3\">Wenn man in M\u00fcnchberg, nahe der ehemaligen Zonengrenze bei Hof, ankommt, wirkt alles ruhig und beschaulich. Sobald man aber die R\u00e4umlichkeiten bei Atelier Goldner Schnitt betritt, hat man die Idylle hinter sich gelassen und das Arbeitsumfeld eines hoch professionellen Spezialversenders umgibt einen. Multichannel bei einer klar definierten Zielgruppe von 50+ \u2013 ergibt das \u00fcberhaupt Sinn mag man sich da fragen. \u201eUnd ob\u201c lautet die eindeutige Antwort von Doris Pauli (Prokuristin und Mitglied der Gesch\u00e4ftsleitung Vertrieb). \u201eWir sind gerade dabei, unseren Web-Auftritt zu relaunchen und verfolgen eine klare Social Media Strategie, mit der wir unsere Zielgruppe eindeutig ansprechen und noch st\u00e4rker binden wollen!\u201c.<\/p>\n<p class=\"p4\"><i>\u201cSo haben wir die Akzeptanz auf allen Ebenen im Unternehmen <\/i><i>erh\u00f6ht und Betroffene zu Beteiligten gemacht.\u201d <\/i><\/p>\n<p class=\"p6\">Doris Pauli | Projektverantwortliche bei AGS<\/p>\n<p class=\"p3\">In diesen Strom der Modernisierung passt auch das Update der Produktionsumgebung im Bereich der Werbung. Neben der Erneuerung eines Gro\u00dfteils der Anwender-Hardware und des Wechsels der DTP Plattform (von Quark 6.5 auf InDesign CS5), stand auch der Wechsel auf das Major-Realease LAGO4 auf dem Programm. Zus\u00e4tzliche Komplexit\u00e4t liefert die Tatsache, dass AGS mit dem LAGO-System, neben den Mitarbeitern in der Zentrale, alle ausl\u00e4ndischen Tochtergesellschaften, den Dienstleister Meyle+M\u00fcller und weitere externe Agenturen verbindet. \u201eEin solches Projekt erfordert langfristige Planung, klare Verantwortlichkeiten und eiserne Disziplin\u201c, so Krisitin Neidhardt, die Gesamtprojektleiterin. Aber auch hier ist Erfolg durchaus planbar. So hat Doris Pauli im Vorfeld jede Menge \u201eProjektmarketing\u201c, z.B. auf F\u00fchrungskr\u00e4ftetagungen oder internationalen Meetings, f\u00fcr das Projekt betrieben. \u201eSo haben wir die Akzeptanz auf allen Ebenen im Unternehmen erh\u00f6ht und Betroffene zu Beteiligten gemacht\u201c, so die Prokuristin in der R\u00fcckschau.<\/p>\n<p class=\"p7\">Und der Aufwand hat sich offensichtlich gelohnt! Ein gutes Jahr nach Projektstart k\u00f6nnen alle Beteiligten auf eine erfolgreiche Umstellung zur\u00fcckblicken. Das Upgrade konnte reibungslos vollzogen werden und nach und nach werden die Werbemittel mit LAGO4 produziert. \u201eDass wir heute so weit sind, hat auch mit dem hervorragenden Zusammenspiel unserer Dienstleister mit dem AGS-Projektteam zu tun\u201c meint Kristin Neidhardt erg\u00e4nzend. \u201eGerade die Kollegen von Meyle+M\u00fcller, sowie die Herren und Damen von Comosoft haben sehr gut mit uns zusammengearbeitet und in regelm\u00e4\u00dfigen Meetings oder Telefonkonferenzen alle kritischen Punkte auf den Tisch gebracht und gemeinsam gel\u00f6st.\u201c<\/p>\n<hr \/>\n<p class=\"p2\"><strong>Portrait AGS<\/strong><\/p>\n<p class=\"p2\">Atelier Goldner Schnitt GmbH und Co. KG, kurz AGS, ist ein Spezial-Versandhandelsunternehmen f\u00fcr Damenmode im mittleren bis gehobenen Preissegment mit Sitz im oberfr\u00e4nkischen M\u00fcnchberg. Gegr\u00fcndet 1926 besch\u00e4ftigt das Unternehmen mittlerweile ca. 700 Mitarbeiter international und ist in Deutschland, Schweiz, \u00d6sterreich, Frankreich, Niederlande, Belgien, Finnland, Schweden und Norwegen vertreten. Das Unternehmen geh\u00f6rt zur Tristyle Holding, die sich zur H\u00e4lfte im Besitz von Primondo befindet. Zur Unternehmensgruppe z\u00e4hlen vier weitere Spezialversender: Emilia Lay,<\/p>\n<p class=\"p3\">Madeleine, Peter Hahn und Louis Sayn. Heinrich Wirth gr\u00fcndete das Unternehmen 1926. Sein Sohn Klaus Wirth \u00fcbernahm es 1976, verkaufte es 1999 mehrheitlich an Quelle und behielt selbst die \u00fcbrigen 49 Prozent. Wirth ist inzwischen neben Primondo einer der beiden Tristyle-Gesellschafter. Die Mode richtet sich vor allem an reifere Damen im Alterssegment 50 plus. Um den Kundinnen die Auswahl und den Einkauf zu erleichtern beziehungsweise um die Qualit\u00e4t der Produkte gut beurteilen zu k\u00f6nnen, werden den Katalogen Original-Stoffmuster der Modelle beigelegt.<\/p>\n<hr \/>\n<p>Hamburg, 2002[\/vc_column_text][\/vc_column][\/vc_row]<\/p>\n<\/div>","protected":false},"excerpt":{"rendered":"<p>Atelier Goldener Schnitt \u2013 Traditionshaus mit Weitblick. Multichannel bei einer klar definierten Zielgruppe von 50+ \u2013 ergibt das \u00fcberhaupt Sinn mag man sich da fragen. \u201eUnd ob\u201c lautet die eindeutige Antwort von Doris Pauli (Prokuristin und Mitglied der Gesch\u00e4ftsleitung Vertrieb).<\/p>\n","protected":false},"author":103,"featured_media":0,"parent":0,"menu_order":0,"comment_status":"closed","ping_status":"closed","template":"","meta":{"footnotes":""},"class_list":["post-5162","page","type-page","status-publish","hentry"],"yoast_head":"<!-- This site is optimized with the Yoast SEO plugin v27.3 - https:\/\/yoast.com\/product\/yoast-seo-wordpress\/ -->\n<title>Fallbeispiel Atelier Goldener Schnitt \/ Comosoft<\/title>\n<meta name=\"description\" content=\"Fallbeispiel Atelier Goldener Schnitt: Erfolgreich im Multichannel bei einer klar definierten Zielgruppe von 50+ \u00bb Jetzt mehr erfahren!\" \/>\n<meta name=\"robots\" content=\"index, follow, max-snippet:-1, max-image-preview:large, max-video-preview:-1\" \/>\n<link rel=\"canonical\" href=\"https:\/\/www.comosoft.eu\/de\/fallbeispiel-atelier-goldener-schnitt\/\" \/>\n<meta property=\"og:locale\" content=\"de_DE\" \/>\n<meta property=\"og:type\" content=\"article\" \/>\n<meta property=\"og:title\" content=\"Fallbeispiel Atelier Goldener Schnitt \/ Comosoft\" \/>\n<meta property=\"og:description\" content=\"Fallbeispiel Atelier Goldener Schnitt: Erfolgreich im Multichannel bei einer klar definierten Zielgruppe von 50+ \u00bb Jetzt mehr erfahren!\" \/>\n<meta property=\"og:url\" content=\"https:\/\/www.comosoft.eu\/de\/fallbeispiel-atelier-goldener-schnitt\/\" \/>\n<meta property=\"og:site_name\" content=\"comosoft.com\" \/>\n<meta property=\"article:modified_time\" content=\"2022-09-27T08:45:55+00:00\" \/>\n<meta property=\"og:image\" content=\"https:\/\/www.comosoft.eu\/wp-content\/uploads\/2021\/01\/Digital-publishing.jpg\" \/>\n\t<meta property=\"og:image:width\" content=\"2000\" \/>\n\t<meta property=\"og:image:height\" content=\"1334\" \/>\n\t<meta property=\"og:image:type\" content=\"image\/jpeg\" \/>\n<meta name=\"twitter:card\" content=\"summary_large_image\" \/>\n<!-- \/ Yoast SEO plugin. -->","yoast_head_json":{"title":"Fallbeispiel Atelier Goldener Schnitt \/ Comosoft","description":"Fallbeispiel Atelier Goldener Schnitt: Erfolgreich im Multichannel bei einer klar definierten Zielgruppe von 50+ \u00bb Jetzt mehr erfahren!","robots":{"index":"index","follow":"follow","max-snippet":"max-snippet:-1","max-image-preview":"max-image-preview:large","max-video-preview":"max-video-preview:-1"},"canonical":"https:\/\/www.comosoft.eu\/de\/fallbeispiel-atelier-goldener-schnitt\/","og_locale":"de_DE","og_type":"article","og_title":"Fallbeispiel Atelier Goldener Schnitt \/ Comosoft","og_description":"Fallbeispiel Atelier Goldener Schnitt: Erfolgreich im Multichannel bei einer klar definierten Zielgruppe von 50+ \u00bb Jetzt mehr erfahren!","og_url":"https:\/\/www.comosoft.eu\/de\/fallbeispiel-atelier-goldener-schnitt\/","og_site_name":"comosoft.com","article_modified_time":"2022-09-27T08:45:55+00:00","og_image":[{"width":2000,"height":1334,"url":"https:\/\/www.comosoft.eu\/wp-content\/uploads\/2021\/01\/Digital-publishing.jpg","type":"image\/jpeg"}],"twitter_card":"summary_large_image","schema":{"@context":"https:\/\/schema.org","@graph":[{"@type":"WebPage","@id":"https:\/\/www.comosoft.eu\/de\/fallbeispiel-atelier-goldener-schnitt\/","url":"https:\/\/www.comosoft.eu\/de\/fallbeispiel-atelier-goldener-schnitt\/","name":"Fallbeispiel Atelier Goldener Schnitt \/ Comosoft","isPartOf":{"@id":"https:\/\/www.comosoft.eu\/de\/#website"},"datePublished":"2017-08-31T13:50:38+00:00","dateModified":"2022-09-27T08:45:55+00:00","description":"Fallbeispiel Atelier Goldener Schnitt: Erfolgreich im Multichannel bei einer klar definierten Zielgruppe von 50+ \u00bb Jetzt mehr erfahren!","breadcrumb":{"@id":"https:\/\/www.comosoft.eu\/de\/fallbeispiel-atelier-goldener-schnitt\/#breadcrumb"},"inLanguage":"de-DE","potentialAction":[{"@type":"ReadAction","target":["https:\/\/www.comosoft.eu\/de\/fallbeispiel-atelier-goldener-schnitt\/"]}]},{"@type":"BreadcrumbList","@id":"https:\/\/www.comosoft.eu\/de\/fallbeispiel-atelier-goldener-schnitt\/#breadcrumb","itemListElement":[{"@type":"ListItem","position":1,"name":"Home","item":"https:\/\/www.comosoft.eu\/de\/multichannel-software-loesung-lago-von-comosoft\/"},{"@type":"ListItem","position":2,"name":"Fallbeispiel Atelier Goldener Schnitt"}]},{"@type":"WebSite","@id":"https:\/\/www.comosoft.eu\/de\/#website","url":"https:\/\/www.comosoft.eu\/de\/","name":"Comosoft","description":"Multichannel Solutions","publisher":{"@id":"https:\/\/www.comosoft.eu\/de\/#organization"},"potentialAction":[{"@type":"SearchAction","target":{"@type":"EntryPoint","urlTemplate":"https:\/\/www.comosoft.eu\/de\/?s={search_term_string}"},"query-input":{"@type":"PropertyValueSpecification","valueRequired":true,"valueName":"search_term_string"}}],"inLanguage":"de-DE"},{"@type":"Organization","@id":"https:\/\/www.comosoft.eu\/de\/#organization","name":"Comosoft GmbH","alternateName":"Multichannel Solutions","url":"https:\/\/www.comosoft.eu\/de\/","logo":{"@type":"ImageObject","inLanguage":"de-DE","@id":"https:\/\/www.comosoft.eu\/de\/#\/schema\/logo\/image\/","url":"https:\/\/www.comosoft.eu\/wp-content\/uploads\/2021\/01\/Comosoft-Logo463.png","contentUrl":"https:\/\/www.comosoft.eu\/wp-content\/uploads\/2021\/01\/Comosoft-Logo463.png","width":1654,"height":337,"caption":"Comosoft GmbH"},"image":{"@id":"https:\/\/www.comosoft.eu\/de\/#\/schema\/logo\/image\/"},"sameAs":["https:\/\/de.linkedin.com\/company\/comosoft?original_referer=httpswww.google.com"]}]}},"_links":{"self":[{"href":"https:\/\/www.comosoft.eu\/de\/wp-json\/wp\/v2\/pages\/5162","targetHints":{"allow":["GET"]}}],"collection":[{"href":"https:\/\/www.comosoft.eu\/de\/wp-json\/wp\/v2\/pages"}],"about":[{"href":"https:\/\/www.comosoft.eu\/de\/wp-json\/wp\/v2\/types\/page"}],"author":[{"embeddable":true,"href":"https:\/\/www.comosoft.eu\/de\/wp-json\/wp\/v2\/users\/103"}],"replies":[{"embeddable":true,"href":"https:\/\/www.comosoft.eu\/de\/wp-json\/wp\/v2\/comments?post=5162"}],"version-history":[{"count":5,"href":"https:\/\/www.comosoft.eu\/de\/wp-json\/wp\/v2\/pages\/5162\/revisions"}],"predecessor-version":[{"id":20424,"href":"https:\/\/www.comosoft.eu\/de\/wp-json\/wp\/v2\/pages\/5162\/revisions\/20424"}],"wp:attachment":[{"href":"https:\/\/www.comosoft.eu\/de\/wp-json\/wp\/v2\/media?parent=5162"}],"curies":[{"name":"wp","href":"https:\/\/api.w.org\/{rel}","templated":true}]}}