{"id":5097,"date":"2017-09-01T16:49:44","date_gmt":"2017-09-01T14:49:44","guid":{"rendered":"https:\/\/www.comosoft.com\/?page_id=5097\/"},"modified":"2024-08-05T11:34:04","modified_gmt":"2024-08-05T09:34:04","slug":"kontakt","status":"publish","type":"page","link":"https:\/\/www.comosoft.eu\/de\/kontakt\/","title":{"rendered":"Kontakt"},"content":{"rendered":"<div class=\"wpb-content-wrapper\"><p>[vc_row][vc_column width=&#8221;1\/1&#8243;][vc_column_text text_lead=&#8221;yes&#8221; uncode_shortcode_id=&#8221;227967&#8243;]<\/p>\n<h2>Wir freuen uns \u00fcber Ihre Nachricht!<b>\u00a0<\/b><\/h2>\n<p>Sie haben <strong>Fragen zum Unternehmen und unseren Produkten<\/strong>? Sie bewerben ein <strong>hohes Volumen an Produktdaten<\/strong> auf verschiedenen Kan\u00e4len und suchen eine <strong>Multichannel-L\u00f6sung<\/strong>, die den individuellen Anforderungen Ihres Unternehmens gerecht wird? Dann nehmen Sie <strong>Kontakt<\/strong> zu uns auf!<\/p>\n<p>Ihre Nachricht wird schnellstm\u00f6glich, innerhalb von 24h (nur werktags) bearbeitet. Wenn Sie bereits Kunde oder LAGO-User sind, und einen unserer Mitarbeiter kontaktieren m\u00f6chten, steht Ihnen unser <a href=\"https:\/\/jira.comosoft.com\/\">Helpdesk<\/a> (Ticket-Portal) zur Verf\u00fcgung. Dort k\u00f6nnen Sie ihr Anliegen jederzeit an die richtige Abteilung richten. Au\u00dferdem k\u00f6nnen Sie \u00fcber das <a href=\"https:\/\/support.comosoft.eu\/de\/\">Kundenportal<\/a> alle Infos \u00fcber die neueste LAGO Version, Patches und Releases einsehen.<\/p>\n<p>[\/vc_column_text][\/vc_column][\/vc_row][vc_row][vc_column width=&#8221;1\/1&#8243;]\n<div class=\"wpcf7 no-js\" id=\"wpcf7-f12093-o1\" lang=\"de-DE\" dir=\"ltr\" data-wpcf7-id=\"12093\">\n<div class=\"screen-reader-response\"><p role=\"status\" aria-live=\"polite\" aria-atomic=\"true\"><\/p> <ul><\/ul><\/div>\n<form action=\"\/de\/wp-json\/wp\/v2\/pages\/5097#wpcf7-f12093-o1\" method=\"post\" class=\"wpcf7-form init\" aria-label=\"Kontaktformular\" novalidate=\"novalidate\" data-status=\"init\">\n<fieldset class=\"hidden-fields-container\"><input type=\"hidden\" name=\"_wpcf7\" value=\"12093\" \/><input type=\"hidden\" name=\"_wpcf7_version\" value=\"6.1.5\" \/><input type=\"hidden\" name=\"_wpcf7_locale\" value=\"de_DE\" \/><input type=\"hidden\" name=\"_wpcf7_unit_tag\" value=\"wpcf7-f12093-o1\" \/><input type=\"hidden\" name=\"_wpcf7_container_post\" value=\"0\" \/><input type=\"hidden\" name=\"_wpcf7_posted_data_hash\" value=\"\" \/>\n<\/fieldset>\n<div class=\"wpcf7-inline-wrapper\">\n\t<p class=\"wpcf7-inline-field\"><span class=\"wpcf7-form-control-wrap\" data-name=\"your-fullname\"><input size=\"40\" maxlength=\"400\" class=\"wpcf7-form-control wpcf7-text wpcf7-validates-as-required\" aria-required=\"true\" aria-invalid=\"false\" placeholder=\"*Ihr Name\" value=\"\" type=\"text\" name=\"your-fullname\" \/><\/span>\n\t<\/p>\n\t<p class=\"wpcf7-inline-field\"><span class=\"wpcf7-form-control-wrap\" data-name=\"your-company\"><input size=\"40\" maxlength=\"400\" class=\"wpcf7-form-control wpcf7-text wpcf7-validates-as-required form-fluid\" aria-required=\"true\" aria-invalid=\"false\" placeholder=\"*Firma\" value=\"\" type=\"text\" name=\"your-company\" \/><\/span>\n\t<\/p>\n<\/div>\n<div class=\"wpcf7-inline-wrapper\">\n\t<p class=\"wpcf7-inline-field\"><span class=\"wpcf7-form-control-wrap\" data-name=\"your-email\"><input size=\"40\" maxlength=\"400\" class=\"wpcf7-form-control wpcf7-email wpcf7-validates-as-required wpcf7-text wpcf7-validates-as-email\" aria-required=\"true\" aria-invalid=\"false\" placeholder=\"*Ihre E-Mail-Adresse\" value=\"\" type=\"email\" name=\"your-email\" \/><\/span>\n\t<\/p>\n\t<p class=\"wpcf7-inline-field\"><span class=\"wpcf7-form-control-wrap\" data-name=\"your-telephone\"><input size=\"40\" maxlength=\"400\" class=\"wpcf7-form-control wpcf7-text form-fluid\" aria-invalid=\"false\" placeholder=\"Telefon\" value=\"\" type=\"text\" name=\"your-telephone\" \/><\/span>\n\t<\/p>\n<\/div>\n<p><span class=\"wpcf7-form-control-wrap\" data-name=\"your-message\"><textarea cols=\"40\" rows=\"8\" maxlength=\"2000\" class=\"wpcf7-form-control wpcf7-textarea wpcf7-validates-as-required\" aria-required=\"true\" aria-invalid=\"false\" placeholder=\"Ihre Nachricht\" name=\"your-message\"><\/textarea><\/span>\n<\/p>\n<div>\n\t<p>Ihre Daten aus dem Kontaktformular werden zur Beantwortung Ihrer Anfrage erhoben und verarbeitet. Detaillierte Informationen zum Umgang mit Nutzerdaten finden Sie in unserer\u00a0<a href=\"https:\/\/www.comosoft.eu\/de\/datenschutz\/\"><u>Datenschutzerkl\u00e4rung<\/u><\/a>.\n\t<\/p>\n<\/div>\n<p><span id=\"wpcf7-69de22d0d360b-wrapper\" class=\"wpcf7-form-control-wrap website-162-wrap\" ><label for=\"wpcf7-69de22d0d360b-field\" class=\"hp-message\">Bitte lasse dieses Feld leer.<\/label><input id=\"wpcf7-69de22d0d360b-field\"  class=\"wpcf7-form-control wpcf7-text\" type=\"text\" name=\"website-162\" value=\"\" size=\"40\" tabindex=\"-1\" autocomplete=\"new-password\" \/><\/span><br \/>\n<span id=\"wpcf7-69de22d0d38c6-wrapper\" class=\"wpcf7-form-control-wrap email-162-wrap\" ><label for=\"wpcf7-69de22d0d38c6-field\" class=\"hp-message\">Bitte lasse dieses Feld leer.<\/label><input id=\"wpcf7-69de22d0d38c6-field\"  class=\"wpcf7-form-control wpcf7-text\" type=\"text\" name=\"email-162\" value=\"\" size=\"40\" tabindex=\"-1\" autocomplete=\"new-password\" \/><\/span><br \/>\n<input class=\"wpcf7-form-control wpcf7-submit has-spinner btn btn-accent\" type=\"submit\" value=\"Senden\" \/>\n<\/p>\n<p><script>\ndocument.addEventListener( 'wpcf7mailsent', function(e) {\n\tif ( '12093' == event.detail.contactFormId ) {\n gtag('event', 'submit', {\n 'event_category': 'Kontakt',\n 'event_label': 'Hauptkontakt DE'\n })};\n}, false );\n<\/script>\n<\/p><div class=\"wpcf7-response-output\" aria-hidden=\"true\"><\/div>\n<\/form>\n<\/div>\n[\/vc_column][\/vc_row][vc_row][vc_column width=&#8221;1\/1&#8243;][vc_column_text text_lead=&#8221;yes&#8221; uncode_shortcode_id=&#8221;163392&#8243;]An unseren <strong>Standorten in Hamburg, Valencia und Dallas<\/strong> befinden sich Ihre Anliegen bei unseren Mitarbeitern stets in guten H\u00e4nden. Sollten Sie Ihre Prozesse bereits mit LAGO optimieren, profitieren Sie auch von der langj\u00e4hrigen <strong>Erfahrung unseres <a href=\"https:\/\/www.comosoft.eu\/de\/kontakt\/support\/\">Support-Teams<\/a><\/strong>, das Ihnen bei Fragen rund um das Produkt gerne zur Verf\u00fcgung steht.[\/vc_column_text][\/vc_column][\/vc_row][vc_row row_height_percent=&#8221;40&#8243; override_padding=&#8221;yes&#8221; h_padding=&#8221;2&#8243; top_padding=&#8221;2&#8243; bottom_padding=&#8221;2&#8243; back_image=&#8221;20130&#8243; parallax=&#8221;yes&#8221; overlay_color=&#8221;color-jevc&#8221; overlay_alpha=&#8221;60&#8243; gutter_size=&#8221;3&#8243; column_width_percent=&#8221;100&#8243; shift_y=&#8221;0&#8243; z_index=&#8221;0&#8243; uncode_shortcode_id=&#8221;411509&#8243; overlay_color_type=&#8221;uncode-palette&#8221; shape_dividers=&#8221;&#8221;][vc_column width=&#8221;1\/1&#8243;][vc_empty_space empty_h=&#8221;3&#8243;][vc_row_inner][vc_column_inner column_width_percent=&#8221;100&#8243; position_vertical=&#8221;middle&#8221; gutter_size=&#8221;3&#8243; style=&#8221;dark&#8221; overlay_alpha=&#8221;50&#8243; shift_x=&#8221;0&#8243; shift_y=&#8221;0&#8243; z_index=&#8221;0&#8243; medium_width=&#8221;0&#8243; width=&#8221;1\/2&#8243;][vc_icon icon=&#8221;fa fa-comments&#8221; background_style=&#8221;fa-rounded&#8221; size=&#8221;fa-3x&#8221; outline=&#8221;yes&#8221; heading_semantic=&#8221;h2&#8243; text_font=&#8221;font-590903&#8243; text_size=&#8221;h1&#8243; text_weight=&#8221;500&#8243; title=&#8221;SUPPORT&#8221; uncode_shortcode_id=&#8221;131083&#8243;]Sie erreichen unseren <a href=\"https:\/\/jira.comosoft.com\/secure\/Dashboard.jspa\">Support<\/a> von Montag bis Freitag, 9 bis 18 Uhr, unter folgender Telefonnummer:<\/p>\n<p><strong><span class=\"font-203019 font-112218\">SUPPORT HOTLINE +49 (0) 40 85 33 180<\/span><\/strong>[\/vc_icon][\/vc_column_inner][vc_column_inner column_width_percent=&#8221;100&#8243; position_vertical=&#8221;middle&#8221; gutter_size=&#8221;3&#8243; style=&#8221;dark&#8221; overlay_alpha=&#8221;50&#8243; shift_x=&#8221;0&#8243; shift_y=&#8221;0&#8243; z_index=&#8221;0&#8243; medium_width=&#8221;0&#8243; width=&#8221;1\/2&#8243;][vc_icon icon=&#8221;fa fa-user&#8221; background_style=&#8221;fa-rounded&#8221; size=&#8221;fa-3x&#8221; outline=&#8221;yes&#8221; heading_semantic=&#8221;h2&#8243; text_font=&#8221;font-590903&#8243; text_size=&#8221;h1&#8243; text_weight=&#8221;500&#8243; title=&#8221;VOR-ORT-BETREUUNG&#8221; link_text=&#8221;CUSTOM AREA&#8221; uncode_shortcode_id=&#8221;121381&#8243;]Das Comosoft Support-Team hilft Ihnen Schritt f\u00fcr Schritt w\u00e4hrend des LAGO-Implementierungsprozesses.<\/p>\n<p><strong><span class=\"font-203019 font-112218\">KONTAKT &#x69;n&#x66;&#111;&#x40;&#x63;o&#x6d;&#111;&#x73;&#x6f;f&#x74;&#46;&#x64;&#x65;<\/span><\/strong>[\/vc_icon][\/vc_column_inner][\/vc_row_inner][vc_empty_space empty_h=&#8221;3&#8243;][\/vc_column][\/vc_row]<\/p>\n<\/div>","protected":false},"excerpt":{"rendered":"<p>Sie haben Fragen zum Unternehmen und unseren Produkten? Sie bewerben ein hohes Volumen an Produktdaten auf verschiedenen Kan\u00e4len und suchen eine Multichannel-L\u00f6sung, die den individuellen Anforderungen Ihres Unternehmens gerecht wird? Dann nehmen Sie Kontakt zu uns auf!<\/p>\n","protected":false},"author":103,"featured_media":7553,"parent":0,"menu_order":0,"comment_status":"closed","ping_status":"closed","template":"","meta":{"footnotes":""},"class_list":["post-5097","page","type-page","status-publish","has-post-thumbnail","hentry"],"yoast_head":"<!-- This site is optimized with the Yoast SEO plugin v27.3 - https:\/\/yoast.com\/product\/yoast-seo-wordpress\/ -->\n<title>Kontakt zu Comosoft - wir freuen uns \u00fcber Ihre Nachricht!<\/title>\n<meta name=\"description\" content=\"Sie haben Fragen zum Unternehmen und unseren Multichannel-Software Produkten und L\u00f6sungen? Dann nehmen Sie Kontakt zu uns auf!\" \/>\n<meta name=\"robots\" content=\"index, follow, max-snippet:-1, max-image-preview:large, max-video-preview:-1\" \/>\n<link rel=\"canonical\" href=\"https:\/\/www.comosoft.eu\/de\/kontakt\/\" \/>\n<meta property=\"og:locale\" content=\"de_DE\" \/>\n<meta property=\"og:type\" content=\"article\" \/>\n<meta property=\"og:title\" content=\"Kontakt zu Comosoft - wir freuen uns \u00fcber Ihre Nachricht!\" \/>\n<meta property=\"og:description\" content=\"Sie haben Fragen zum Unternehmen und unseren Multichannel-Software Produkten und L\u00f6sungen? Dann nehmen Sie Kontakt zu uns auf!\" \/>\n<meta property=\"og:url\" content=\"https:\/\/www.comosoft.eu\/de\/kontakt\/\" \/>\n<meta property=\"og:site_name\" content=\"comosoft.com\" \/>\n<meta property=\"article:modified_time\" content=\"2024-08-05T09:34:04+00:00\" \/>\n<meta property=\"og:image\" content=\"https:\/\/www.comosoft.eu\/wp-content\/uploads\/2016\/08\/contact.jpg\" \/>\n\t<meta property=\"og:image:width\" content=\"1920\" \/>\n\t<meta property=\"og:image:height\" content=\"1272\" \/>\n\t<meta property=\"og:image:type\" content=\"image\/jpeg\" \/>\n<meta name=\"twitter:card\" content=\"summary_large_image\" \/>\n<!-- \/ Yoast SEO plugin. -->","yoast_head_json":{"title":"Kontakt zu Comosoft - wir freuen uns \u00fcber Ihre Nachricht!","description":"Sie haben Fragen zum Unternehmen und unseren Multichannel-Software Produkten und L\u00f6sungen? Dann nehmen Sie Kontakt zu uns auf!","robots":{"index":"index","follow":"follow","max-snippet":"max-snippet:-1","max-image-preview":"max-image-preview:large","max-video-preview":"max-video-preview:-1"},"canonical":"https:\/\/www.comosoft.eu\/de\/kontakt\/","og_locale":"de_DE","og_type":"article","og_title":"Kontakt zu Comosoft - wir freuen uns \u00fcber Ihre Nachricht!","og_description":"Sie haben Fragen zum Unternehmen und unseren Multichannel-Software Produkten und L\u00f6sungen? Dann nehmen Sie Kontakt zu uns auf!","og_url":"https:\/\/www.comosoft.eu\/de\/kontakt\/","og_site_name":"comosoft.com","article_modified_time":"2024-08-05T09:34:04+00:00","og_image":[{"width":1920,"height":1272,"url":"https:\/\/www.comosoft.eu\/wp-content\/uploads\/2016\/08\/contact.jpg","type":"image\/jpeg"}],"twitter_card":"summary_large_image","schema":{"@context":"https:\/\/schema.org","@graph":[{"@type":"WebPage","@id":"https:\/\/www.comosoft.eu\/de\/kontakt\/","url":"https:\/\/www.comosoft.eu\/de\/kontakt\/","name":"Kontakt zu Comosoft - wir freuen uns \u00fcber Ihre Nachricht!","isPartOf":{"@id":"https:\/\/www.comosoft.eu\/de\/#website"},"primaryImageOfPage":{"@id":"https:\/\/www.comosoft.eu\/de\/kontakt\/#primaryimage"},"image":{"@id":"https:\/\/www.comosoft.eu\/de\/kontakt\/#primaryimage"},"thumbnailUrl":"https:\/\/www.comosoft.eu\/wp-content\/uploads\/2016\/08\/contact.jpg","datePublished":"2017-09-01T14:49:44+00:00","dateModified":"2024-08-05T09:34:04+00:00","description":"Sie haben Fragen zum Unternehmen und unseren Multichannel-Software Produkten und L\u00f6sungen? Dann nehmen Sie Kontakt zu uns auf!","breadcrumb":{"@id":"https:\/\/www.comosoft.eu\/de\/kontakt\/#breadcrumb"},"inLanguage":"de-DE","potentialAction":[{"@type":"ReadAction","target":["https:\/\/www.comosoft.eu\/de\/kontakt\/"]}]},{"@type":"ImageObject","inLanguage":"de-DE","@id":"https:\/\/www.comosoft.eu\/de\/kontakt\/#primaryimage","url":"https:\/\/www.comosoft.eu\/wp-content\/uploads\/2016\/08\/contact.jpg","contentUrl":"https:\/\/www.comosoft.eu\/wp-content\/uploads\/2016\/08\/contact.jpg","width":1920,"height":1272,"caption":"Contact Comosoft"},{"@type":"BreadcrumbList","@id":"https:\/\/www.comosoft.eu\/de\/kontakt\/#breadcrumb","itemListElement":[{"@type":"ListItem","position":1,"name":"Home","item":"https:\/\/www.comosoft.eu\/de\/multichannel-software-loesung-lago-von-comosoft\/"},{"@type":"ListItem","position":2,"name":"Kontakt"}]},{"@type":"WebSite","@id":"https:\/\/www.comosoft.eu\/de\/#website","url":"https:\/\/www.comosoft.eu\/de\/","name":"Comosoft","description":"Multichannel Solutions","publisher":{"@id":"https:\/\/www.comosoft.eu\/de\/#organization"},"potentialAction":[{"@type":"SearchAction","target":{"@type":"EntryPoint","urlTemplate":"https:\/\/www.comosoft.eu\/de\/?s={search_term_string}"},"query-input":{"@type":"PropertyValueSpecification","valueRequired":true,"valueName":"search_term_string"}}],"inLanguage":"de-DE"},{"@type":"Organization","@id":"https:\/\/www.comosoft.eu\/de\/#organization","name":"Comosoft GmbH","alternateName":"Multichannel Solutions","url":"https:\/\/www.comosoft.eu\/de\/","logo":{"@type":"ImageObject","inLanguage":"de-DE","@id":"https:\/\/www.comosoft.eu\/de\/#\/schema\/logo\/image\/","url":"https:\/\/www.comosoft.eu\/wp-content\/uploads\/2021\/01\/Comosoft-Logo463.png","contentUrl":"https:\/\/www.comosoft.eu\/wp-content\/uploads\/2021\/01\/Comosoft-Logo463.png","width":1654,"height":337,"caption":"Comosoft GmbH"},"image":{"@id":"https:\/\/www.comosoft.eu\/de\/#\/schema\/logo\/image\/"},"sameAs":["https:\/\/de.linkedin.com\/company\/comosoft?original_referer=httpswww.google.com"]}]}},"_links":{"self":[{"href":"https:\/\/www.comosoft.eu\/de\/wp-json\/wp\/v2\/pages\/5097","targetHints":{"allow":["GET"]}}],"collection":[{"href":"https:\/\/www.comosoft.eu\/de\/wp-json\/wp\/v2\/pages"}],"about":[{"href":"https:\/\/www.comosoft.eu\/de\/wp-json\/wp\/v2\/types\/page"}],"author":[{"embeddable":true,"href":"https:\/\/www.comosoft.eu\/de\/wp-json\/wp\/v2\/users\/103"}],"replies":[{"embeddable":true,"href":"https:\/\/www.comosoft.eu\/de\/wp-json\/wp\/v2\/comments?post=5097"}],"version-history":[{"count":23,"href":"https:\/\/www.comosoft.eu\/de\/wp-json\/wp\/v2\/pages\/5097\/revisions"}],"predecessor-version":[{"id":47125,"href":"https:\/\/www.comosoft.eu\/de\/wp-json\/wp\/v2\/pages\/5097\/revisions\/47125"}],"wp:featuredmedia":[{"embeddable":true,"href":"https:\/\/www.comosoft.eu\/de\/wp-json\/wp\/v2\/media\/7553"}],"wp:attachment":[{"href":"https:\/\/www.comosoft.eu\/de\/wp-json\/wp\/v2\/media?parent=5097"}],"curies":[{"name":"wp","href":"https:\/\/api.w.org\/{rel}","templated":true}]}}