{"id":50399,"date":"2026-01-22T11:10:51","date_gmt":"2026-01-22T10:10:51","guid":{"rendered":"https:\/\/www.comosoft.eu\/?page_id=50399"},"modified":"2026-01-26T11:09:29","modified_gmt":"2026-01-26T10:09:29","slug":"multichannel-software-loesung-lago-von-comosoft","status":"publish","type":"page","link":"https:\/\/www.comosoft.eu\/de\/","title":{"rendered":"Multichannel Software-L\u00f6sung: Lago von Comosoft"},"content":{"rendered":"<div class=\"wpb-content-wrapper\"><p>[vc_row][vc_column width=&#8221;1\/1&#8243;][vc_column_text text_lead=&#8221;yes&#8221; uncode_shortcode_id=&#8221;187138&#8243;]<\/p>\n<h1>Automatisierte Werbemittelproduktion mit <a href=\"https:\/\/www.comosoft.eu\/multichannel-software-lago\/\">LAGO<\/a><\/h1>\n<p data-pm-slice=\"1 1 []\"><strong>Warum werden Ihre Prozesse im Marketing effizienter mit unserer Software LAGO? <\/strong><strong>Comosoft ist einer der weltweit f\u00fchrenden Technologieanbieter f\u00fcr <a href=\"https:\/\/www.comosoft.eu\/de\/software-loesungen\/pim-system\/\">PIM- und Medienproduktionssysteme<\/a>.<\/strong><\/p>\n<p>[\/vc_column_text][\/vc_column][\/vc_row][vc_row][vc_column width=&#8221;1\/2&#8243;][vc_column_text text_lead=&#8221;yes&#8221; uncode_shortcode_id=&#8221;194418&#8243;]Mit unserem zentralen <strong>Datenmanagement-System<\/strong> erm\u00f6glichen wir es Ihnen, alle Ihre Verkaufskan\u00e4le wie <strong><a href=\"https:\/\/www.comosoft.eu\/de\/software-loesungen\/print-publishing\/\">Print<\/a>, E-Commerce, Mobile oder Point of Sale<\/strong> zu organisieren und <strong>miteinander zu verkn\u00fcpfen<\/strong>. Auf diese Weise k\u00f6nnen wir Kunden ein <b>konsistentes Einkaufserlebnis<\/b> \u00fcber mehrere Kan\u00e4le hinweg bieten.<\/p>\n<p>Durch die medienneutrale Verwaltung von Produktinformationen bieten wir unseren Kunden eine effiziente Arbeitsweise bei der Adressierung der Produkte in die Verkaufskan\u00e4le. Fehlerquellen werden eliminiert und eine schnelle Time-to-Market garantiert. Das Comosoft <a href=\"https:\/\/www.comosoft.eu\/de\/software-loesungen\/pim-system\/\">PIM- und Medienproduktionssystem<\/a> erlaubt ein flexibles Agieren, sodass Artikel- und Preisdaten\u00e4nderungen in Echtzeit auf allen Kan\u00e4len \u2013 auch beispielsweise <b>kurz vor Druckfreigabe \u2013 <\/b>m\u00f6glich sind![\/vc_column_text][\/vc_column][vc_column width=&#8221;1\/2&#8243;][vc_gallery el_id=&#8221;gallery-221734&#8243; type=&#8221;carousel&#8221; medias=&#8221;44526,44493,44527,44497,44494,44496,44495&#8243; carousel_lg=&#8221;1&#8243; carousel_md=&#8221;1&#8243; carousel_sm=&#8221;1&#8243; gutter_size=&#8221;3&#8243; carousel_interval=&#8221;3000&#8243; carousel_navspeed=&#8221;400&#8243; stage_padding=&#8221;0&#8243; single_overlay_opacity=&#8221;50&#8243; single_padding=&#8221;2&#8243; single_border=&#8221;yes&#8221; uncode_shortcode_id=&#8221;124287&#8243;][\/vc_column][\/vc_row][vc_row][vc_column width=&#8221;1\/1&#8243;][uncode_block id=&#8221;17796&#8243;][\/vc_column][\/vc_row][vc_row row_height_percent=&#8221;0&#8243; back_color=&#8221;color-xsdn&#8221; overlay_alpha=&#8221;50&#8243; gutter_size=&#8221;3&#8243; column_width_percent=&#8221;100&#8243; shift_y=&#8221;0&#8243; z_index=&#8221;0&#8243; uncode_shortcode_id=&#8221;116741&#8243; back_color_type=&#8221;uncode-palette&#8221;][vc_column column_width_percent=&#8221;100&#8243; gutter_size=&#8221;3&#8243; overlay_alpha=&#8221;50&#8243; shift_x=&#8221;0&#8243; shift_y=&#8221;0&#8243; shift_y_down=&#8221;0&#8243; z_index=&#8221;0&#8243; medium_width=&#8221;0&#8243; mobile_width=&#8221;0&#8243; width=&#8221;1\/1&#8243; uncode_shortcode_id=&#8221;202910&#8243;][vc_row_inner][vc_column_inner width=&#8221;1\/2&#8243;][vc_column_text uncode_shortcode_id=&#8221;139833&#8243;]<\/p>\n<p data-pm-slice=\"1 1 []\"><strong>Unabh\u00e4ngig davon, wie viele Sprachen oder regionale Varianten<\/strong> Ihre Prospekte oder Kataloge ben\u00f6tigen, k\u00f6nnen Sie automatisch die <strong>minimale Anzahl der ben\u00f6tigten Versionen optimieren<\/strong> und f\u00fcr die Druckproduktion ausgeben. F\u00fcr jede Version wird ein eigenes InDesign-Dokument reserviert, und das LAGO Layout Plugin synchronisiert den Inhalt zwischen den Versionen.<\/p>\n<p>Die <strong>automatische Versionierung f\u00fcr nationale, regionale, markt- oder kundenspezifische Varianten<\/strong> macht <strong>manuelle Eingriffe der Designer \u00fcberfl\u00fcssig<\/strong>. Allerdings k\u00f6nnen f\u00fcr jede Version spezifische Anpassungen erforderlich sein. So wird beispielsweise festgelegt, dass in der deutschen Version eines Katalogs das &#8220;\u20ac&#8221;-Symbol f\u00fcr die Preisauszeichnung verwendet wird, w\u00e4hrend in der amerikanischen Version das &#8220;$&#8221;-Symbol erscheint.<br \/>\n<span style=\"color: #99cc00;\"><a style=\"color: #99cc00;\" href=\"https:\/\/www.comosoft.eu\/de\/software-loesungen\/marketing-automatisierung\/\">\u2192 Erfahren Sie, wie Sie Ihre Prozesse automatisieren k\u00f6nnen<\/a><\/span>[\/vc_column_text][\/vc_column_inner][vc_column_inner width=&#8221;1\/2&#8243;][vc_column_text uncode_shortcode_id=&#8221;190395&#8243;]<\/p>\n<h2 data-pm-slice=\"1 1 []\">FULL AUTOMATION<\/h2>\n<h3 data-pm-slice=\"1 1 []\"><strong>Unendlich viele Varianten und alle komplett optimiert von der Erstellung bis zum Druck &#8211; 75% Zeitersparnis sind durch den Einsatz des LAGO-Publishing-Exporters mit seinem workflowbasierten Versand von PDFs an den Druckdienstleister und seinen Webshop-Platzierungen m\u00f6glich<\/strong><\/h3>\n<p>[\/vc_column_text][vc_single_image media=&#8221;20470&#8243; media_width_percent=&#8221;70&#8243; uncode_shortcode_id=&#8221;181928&#8243;][\/vc_column_inner][\/vc_row_inner][vc_row_inner][vc_column_inner width=&#8221;1\/2&#8243;][vc_column_text uncode_shortcode_id=&#8221;202477&#8243;]<\/p>\n<p data-pm-slice=\"1 1 []\">Mit LAGO k\u00f6nnen Sie <strong>jeden Schritt Ihres Marketing-Produktionsprozesses an einem Ort<\/strong> steuern \u2013 <strong>keine Datensilos <\/strong>und Wissensinseln mehr. Von der Suche nach Produktinformationen und digitalen Assets f\u00fcr Ihre Werbung bis hin zu Korrekturen und Proofing in der Layoutsoftware &#8211; <strong>LAGO f\u00fchrt all diese Schritte in einem System<\/strong> zusammen.<\/p>\n<p>Dar\u00fcber hinaus f\u00fchrt LAGO Ihre Daten aus mehreren Quellen zusammen, um eine <strong>zentrale und medienneutrale Verwaltung<\/strong> zu gew\u00e4hrleisten. Auf Basis der neutralen Daten k\u00f6nnen Sie Ihre Marketingprojekte f\u00fcr <strong>Print, E-Commerce, Mobile, Social Commerce und Point of Sale<\/strong> organisieren, miteinander verkn\u00fcpfen und in die entsprechenden Kan\u00e4le ausgeben.<br \/>\n<span style=\"color: #b6d741;\"><a style=\"color: #99cc00;\" href=\"https:\/\/www.comosoft.eu\/multichannel-software-lago\/\">\u2192 Wie Sie die Kontrolle \u00fcber Ihre Marketingproduktion \u00fcbernehmen k\u00f6nnen<\/a><\/span>[\/vc_column_text][\/vc_column_inner][vc_column_inner width=&#8221;1\/2&#8243;][vc_column_text uncode_shortcode_id=&#8221;997150&#8243;]<\/p>\n<h2 data-pm-slice=\"1 1 []\">TAKE CONTROL<\/h2>\n<h3 data-pm-slice=\"1 1 []\"><strong>Jeder Schritt Ihres Produktionsprozesses auf einen Blick &#8211; 50% Zeitersparnis im Approvalprozess durch die M\u00f6glichkeit f\u00fcr mehrere Benutzer (z.B. Category Manager), effizient parallel zu arbeiten.<\/strong><\/h3>\n<p>[\/vc_column_text][vc_single_image media=&#8221;20471&#8243; media_width_percent=&#8221;70&#8243; uncode_shortcode_id=&#8221;780297&#8243;][\/vc_column_inner][\/vc_row_inner][vc_row_inner][vc_column_inner width=&#8221;1\/2&#8243;][vc_column_text uncode_shortcode_id=&#8221;148747&#8243;]<\/p>\n<p data-pm-slice=\"1 1 []\">LAGO&#8217;s Workflow Management erm\u00f6glicht einen <strong>effizienten und reibungslosen Ablauf Ihres Marketing-Produktionsprozesses<\/strong>, auch bei gro\u00dfen Datenmengen und komplexer Versionierung. Unser Workflow-Modul bietet ein <strong>automatisiertes Aufgabenmanagement<\/strong> kombiniert mit hochgradig <strong>konfigurierbaren Benutzer- und Gruppenrechten<\/strong>. Die einfache Erstellung und Konfiguration von parallelen Workflows f\u00fcr verschiedene Kan\u00e4le (Print oder Digital) erm\u00f6glicht die Produktion von Marketingmaterialien unter Ber\u00fccksichtigung der Nuancen der einzelnen Kan\u00e4le.<\/p>\n<p>Die Workflow-Engine von <strong>LAGO weist Teams (oder Einzelpersonen) automatisch Auftr\u00e4ge zu und \u00fcberwacht deren Fortschritt<\/strong> bis zur Fertigstellung. Reporting-Tools erm\u00f6glichen es Ihnen, die Produktion im Auge zu behalten und m\u00f6gliche Engp\u00e4sse sofort zu erkennen. Aufgrund seines modularen Aufbaus kann <strong>LAGO Multichannel-Marketingmaterialien von der Planung bis zur Ausgabe produzieren<\/strong>.<br \/>\n<span style=\"color: #99cc00;\"><a style=\"color: #99cc00;\" href=\"https:\/\/www.comosoft.eu\/de\/software-loesungen\/marketing-automatisierung\/#workflow\">\u2192 Wir zeigen Ihnen, wie Sie Ihre Arbeitsabl\u00e4ufe effizient gestalten k\u00f6nnen<\/a><\/span>[\/vc_column_text][\/vc_column_inner][vc_column_inner width=&#8221;1\/2&#8243;][vc_column_text uncode_shortcode_id=&#8221;444260&#8243;]<\/p>\n<h2 data-pm-slice=\"1 1 []\">EFFICIENT WORKFLOWS<\/h2>\n<h3 data-pm-slice=\"1 1 []\"><strong>Nutzen Sie Ihre Zeit &#8211; 50% Zeitersparnis bei der Prospektkorrektur sind mit LAGO leicht m\u00f6glich.<\/strong><\/h3>\n<p>[\/vc_column_text][vc_single_image media=&#8221;47419&#8243; media_width_percent=&#8221;70&#8243; uncode_shortcode_id=&#8221;322169&#8243;][\/vc_column_inner][\/vc_row_inner][vc_row_inner][vc_column_inner width=&#8221;1\/2&#8243;][vc_column_text uncode_shortcode_id=&#8221;176206&#8243;]<\/p>\n<p data-pm-slice=\"1 1 []\">Mit unserem <strong>exklusiven InDesign-Plugin<\/strong> erm\u00f6glicht Comosoft LAGO die <strong>Einsicht in Assets (DAM) und Daten (PIM)<\/strong>sowie in die Proofing- und Workflow-Module &#8211; alles ohne InDesign zu verlassen. <strong>LAGO ist auch mit Photoshop (\u00fcber ein Plug-in) integriert<\/strong>, um eine nahtlose Asset-Management-L\u00f6sung zu bieten.<\/p>\n<p>Ihr Grafikdesigner kann sich \u00fcber das <strong>InDesign-Plugin (LAGO Layout) in die LAGO-Datenbank einloggen<\/strong> und auf alle Inhalte zugreifen. Die <strong>Integration ist bidirektional<\/strong>, d.h. alle Anpassungen, die ein Grafiker eingibt, werden automatisch vom Plugin umgesetzt und dann <strong>automatisch in die Datenbank eingespeist<\/strong>. Die direkte Verkn\u00fcpfung mit der LAGO-Datenbank erm\u00f6glicht zudem <strong>jederzeit den Zugriff auf aktuelle Informationen<\/strong> aus den LAGO PIM- und DAM-Systemen. So k\u00f6nnen z.B. Preise auf einer Seite innerhalb von Sekunden automatisch aktualisiert werden.<br \/>\n<span style=\"color: #99cc00;\"><a style=\"color: #99cc00;\" href=\"https:\/\/www.comosoft.eu\/adobe-indesign-lago-layout\/\">\u2192 Erleben Sie die Kombination von Kreativit\u00e4t und Technologie<\/a><\/span>[\/vc_column_text][\/vc_column_inner][vc_column_inner width=&#8221;1\/2&#8243;][vc_column_text uncode_shortcode_id=&#8221;158393&#8243;]<\/p>\n<h2 data-pm-slice=\"1 1 []\">CREATIVITY MEETS TECHNOLOGY<\/h2>\n<h3 data-pm-slice=\"1 1 []\"><strong>Geben Sie Ihrem Designteam Freiraum f\u00fcr Kreativit\u00e4t, ohne sich um die Technik k\u00fcmmern zu m\u00fcssen &#8211; 40% Zeitersparnis bei der Brosch\u00fcrenerstellung durch den Einsatz des LAGO InDesign Plugins.<\/strong><\/h3>\n<p>[\/vc_column_text][vc_single_image media=&#8221;20468&#8243; media_width_percent=&#8221;70&#8243; uncode_shortcode_id=&#8221;628171&#8243;][\/vc_column_inner][\/vc_row_inner][\/vc_column][\/vc_row][vc_row][vc_column width=&#8221;1\/2&#8243;][vc_single_image media=&#8221;14626&#8243; media_width_percent=&#8221;100&#8243;][\/vc_column][vc_column width=&#8221;1\/2&#8243;][vc_column_text text_lead=&#8221;yes&#8221; uncode_shortcode_id=&#8221;360002&#8243;]<\/p>\n<h2>Wir analysieren, optimieren und verschlanken<\/h2>\n<p>Unsere <a href=\"https:\/\/www.comosoft.eu\/de\/software-loesungen\/projektmanagement-consulting\/\">Projektmanager und Consultants<\/a> setzen sich daf\u00fcr ein, Ihr Business zu verbessern. Wir beraten Sie bei der <b>Digitalisierung Ihrer Marketingprozesse<\/b> und erarbeiten gemeinsam mit Ihnen <b>ma\u00dfgeschneiderte Erfolgskonzepte<\/b>. Unsere Software <a href=\"https:\/\/www.comosoft.eu\/multichannel-software-lago\/\">LAGO<\/a> ist eine seit \u00fcber 30 Jahren erprobte <a href=\"https:\/\/www.comosoft.eu\/de\/software-loesungen\/multichannel-loesung\/\">Multichannel-L\u00f6sung<\/a>, die es Unternehmen aus <a href=\"https:\/\/www.comosoft.eu\/de\/branchen\/versandhandel\/\">Handel<\/a> und Industrie erm\u00f6glicht, ihre Marketingprozesse effizient und effektiv zu gestalten.[\/vc_column_text][vc_button border_width=&#8221;0&#8243; link=&#8221;url:https%3A%2F%2Fwww.comosoft.eu%2Fde%2Fkontakt%2F|title:Kontakt|target:_blank&#8221; uncode_shortcode_id=&#8221;138770&#8243;]CONSULTANT FRAGEN[\/vc_button][\/vc_column][\/vc_row][vc_row row_height_percent=&#8221;0&#8243; overlay_alpha=&#8221;50&#8243; gutter_size=&#8221;3&#8243; shift_y=&#8221;0&#8243;][vc_column width=&#8221;1\/1&#8243;][vc_column_text]<\/p>\n<h2>Optimieren Sie Ihre Werbemittel-Prozesse mit LAGO<\/h2>\n<p>[\/vc_column_text][\/vc_column][\/vc_row][vc_row][vc_column width=&#8221;1\/1&#8243;][vc_tabs vertical=&#8221;yes&#8221;][vc_tab title=&#8221;Kampagnenplanung&#8221; tab_id=&#8221;1504172478-1-5017181828842501723636121555&#8243;][vc_row_inner][vc_column_inner width=&#8221;1\/1&#8243;][vc_column_text text_lead=&#8221;yes&#8221;]Von der Publikations- bis hin zur Seitenverplanung \u2013 Ihre <strong>Werbemittel<\/strong> k\u00f6nnen ganz einfach und intuitiv \u00fcber unsere <strong>ansprechende Benutzeroberfl\u00e4che<\/strong> erzeugt, bearbeitet und ausgewertet werden. Die Daten k\u00f6nnen <strong>aus verschiedenen Quellen<\/strong> in LAGO einflie\u00dfen, was Ihre Prozesse vereinfacht und Ihre Arbeit effektiver und effizienter macht.[\/vc_column_text][vc_single_image media=&#8221;5676&#8243; media_width_percent=&#8221;80&#8243;][\/vc_column_inner][\/vc_row_inner][\/vc_tab][vc_tab title=&#8221;Artikelverplanung&#8221; tab_id=&#8221;1504172478-2-9017181828842501723636121555&#8243;][vc_row_inner][vc_column_inner width=&#8221;1\/1&#8243;][vc_column_text text_lead=&#8221;yes&#8221;]Erstellen Sie m\u00fchelos die graphische <strong>Artikelverplanung<\/strong> dank des einzigartigen <strong>Whiteboard<\/strong>-Moduls. Die Prozesse zur Integration des Produkt-Managements werden effektiv und effizient gestaltet. Durch die Anbindung von <strong>Echtzeitanalyse<\/strong> kann auch direkt im Whiteboard auf Umsatz oder Absatz reagiert werden.[\/vc_column_text][vc_single_image media=&#8221;44508&#8243; media_width_percent=&#8221;80&#8243; uncode_shortcode_id=&#8221;747930&#8243;][\/vc_column_inner][\/vc_row_inner][\/vc_tab][vc_tab title=&#8221;Grafikprozess&#8221; tab_id=&#8221;1504172747907-2-317181828842501723636121555&#8243;][vc_row_inner][vc_column_inner width=&#8221;1\/1&#8243;][vc_column_text text_lead=&#8221;yes&#8221; uncode_shortcode_id=&#8221;814280&#8243;]<\/p>\n<div>Mit der nahtlosen <strong>Integration<\/strong> durch unser selbst entwickeltes <strong>PlugIn f\u00fcr <a href=\"https:\/\/www.adobe.com\/de\/products\/indesign.html\">Adobe InDesign<\/a><\/strong> k\u00f6nnen Ihre Grafiker sich auf die <strong>kreative Gestaltung<\/strong> konzentrieren und fokussieren. Die Produktdaten werden dank <strong>Platzhalter-Technologie in Echtzeit aktualisiert<\/strong>, was zu einer erheblichen Minimierung der Fehlerquote f\u00fchrt.<\/div>\n<p>[\/vc_column_text][vc_single_image media=&#8221;5678&#8243; media_width_percent=&#8221;80&#8243;][\/vc_column_inner][\/vc_row_inner][\/vc_tab][vc_tab title=&#8221;Korrekturprozess&#8221; tab_id=&#8221;1504172777889-3-517181828842501723636121555&#8243;][vc_row_inner][vc_column_inner width=&#8221;1\/1&#8243;][vc_column_text text_lead=&#8221;yes&#8221;]<\/p>\n<div>In direkter Kombination mit dem Whiteboard-Modul steht das <strong>Korrekturworkflow-Modul<\/strong> von LAGO. Dieser <strong>seit Langem bew\u00e4hrte Prozess<\/strong> erm\u00f6glicht eine pr\u00e4zise und bidirektionale Kooperation zwischen Einkauf, Werbemittelplanung und Grafik. Die visuellen und inhaltlichen Ver\u00e4nderungen werden mit <strong>digitalen Korrekturmarken<\/strong> zum Kinderspiel.<\/div>\n<p>[\/vc_column_text][vc_single_image media=&#8221;44517&#8243; media_width_percent=&#8221;80&#8243; uncode_shortcode_id=&#8221;411530&#8243;][\/vc_column_inner][\/vc_row_inner][\/vc_tab][vc_tab title=&#8221;Freigabeprozess&#8221; tab_id=&#8221;1504172792638-4-617181828842501723636121555&#8243;][vc_row_inner][vc_column_inner width=&#8221;1\/1&#8243;][vc_column_text text_lead=&#8221;yes&#8221;]Die Finalisierung der <strong>Seitengestaltung<\/strong> und die Erteilung der Druckfreigabe k\u00f6nnen nach einer <strong>kurzen Korrekturschleife<\/strong> vollkommen <strong>automatisiert<\/strong> werden.[\/vc_column_text][vc_single_image media=&#8221;44516&#8243; media_width_percent=&#8221;80&#8243; uncode_shortcode_id=&#8221;534787&#8243;][\/vc_column_inner][\/vc_row_inner][\/vc_tab][vc_tab title=&#8221;DRUCKDOKUMENT&#8221; tab_id=&#8221;1504172808029-5-517181828842501723636121555&#8243;][vc_row_inner][vc_column_inner width=&#8221;1\/1&#8243;][vc_column_text text_lead=&#8221;yes&#8221;]Am Ende des Werbemittel-Prozesses erzeugt LAGO <strong>PDF-Dokumente<\/strong> Ihrer Werbemittel. Diese k\u00f6nnen direkt der Druckerei oder Dienstleistern f\u00fcr die <strong>Produktion<\/strong> zur Verf\u00fcgung gestellt werden.[\/vc_column_text][vc_single_image media=&#8221;5817&#8243; media_width_percent=&#8221;80&#8243;][\/vc_column_inner][\/vc_row_inner][\/vc_tab][\/vc_tabs][\/vc_column][\/vc_row][vc_row row_height_percent=&#8221;0&#8243; overlay_alpha=&#8221;50&#8243; gutter_size=&#8221;3&#8243; shift_y=&#8221;0&#8243;][vc_column width=&#8221;1\/1&#8243;][uncode_block id=&#8221;16629&#8243;][\/vc_column][\/vc_row][vc_row row_height_percent=&#8221;0&#8243; overlay_alpha=&#8221;50&#8243; gutter_size=&#8221;3&#8243; shift_y=&#8221;0&#8243;][vc_column width=&#8221;1\/1&#8243;][vc_column_text]<b>Die Digitalisierung und auch das Omnichannel Business stellen Unternehmen unterschiedlichster <a href=\"https:\/\/www.comosoft.eu\/de\/branchen\/\">Branchen<\/a> jeden Tag vor neue Herausforderungen. Unsere Experten mit langj\u00e4hriger Erfahrung begeistern Kunden haupts\u00e4chlich aus den folgenden Bereichen:<\/b>[\/vc_column_text][\/vc_column][\/vc_row][vc_row row_height_percent=&#8221;0&#8243; overlay_alpha=&#8221;50&#8243; gutter_size=&#8221;3&#8243; shift_y=&#8221;0&#8243;][vc_column width=&#8221;1\/1&#8243;][uncode_block id=&#8221;14960&#8243;][\/vc_column][\/vc_row][vc_row][vc_column width=&#8221;1\/1&#8243;][vc_column_text uncode_shortcode_id=&#8221;186992&#8243;]<strong>In unserem Blog entdecken Sie die aktuellsten Trends, n\u00fctzliche Tipps und spannende Geschichten aus der eCommerce-Welt. Unsere Artikel sind darauf ausgerichtet, zu inspirieren und zu Innovationen zu motivieren \u2013 egal ob Sie Branchenwissen oder praktische Ratschl\u00e4ge ben\u00f6tigen. Alles rund um eCommerce, Retail und Daten Landschaften.<\/strong>[\/vc_column_text][\/vc_column][\/vc_row][vc_row][vc_column width=&#8221;1\/1&#8243;][uncode_index el_id=&#8221;index-139379&#8243; loop=&#8221;size:3|order_by:date|post_type:post|categories:661|taxonomy_count:10&#8243; screen_lg=&#8221;1000&#8243; screen_md=&#8221;600&#8243; screen_sm=&#8221;480&#8243; gutter_size=&#8221;3&#8243; post_items=&#8221;media|featured|onpost|original,title,date,text|excerpt,link|default|default_size|Weiterlesen&#8221; pagination=&#8221;yes&#8221; single_overlay_opacity=&#8221;50&#8243; single_padding=&#8221;2&#8243; uncode_shortcode_id=&#8221;102053&#8243;][\/vc_column][\/vc_row]<\/p>\n<\/div>","protected":false},"excerpt":{"rendered":"<p>[vc_row][vc_column width=&#8221;1\/1&#8243;][vc_column_text text_lead=&#8221;yes&#8221; uncode_shortcode_id=&#8221;187138&#8243;] Automatisierte Werbemittelproduktion mit LAGO Warum werden Ihre Prozesse im Marketing effizienter mit unserer Software LAGO? Comosoft [&hellip;]<\/p>\n","protected":false},"author":122,"featured_media":0,"parent":0,"menu_order":0,"comment_status":"closed","ping_status":"closed","template":"","meta":{"footnotes":""},"class_list":["post-50399","page","type-page","status-publish","hentry"],"yoast_head":"<!-- This site is optimized with the Yoast SEO plugin v27.3 - https:\/\/yoast.com\/product\/yoast-seo-wordpress\/ -->\n<title>Multichannel Software-L\u00f6sung: Lago von Comosoft \/ Comosoft<\/title>\n<meta name=\"description\" content=\"Multichannel Software-L\u00f6sung: Lago von Comosoft: Automatisierte Werbemittelproduktion mit LAGO Warum werden Ihre Prozesse im Marketing effizienter mit unserer Software LAGO? Comosoft ist einer der\" \/>\n<meta name=\"robots\" content=\"index, follow, max-snippet:-1, max-image-preview:large, max-video-preview:-1\" \/>\n<link rel=\"canonical\" href=\"https:\/\/www.comosoft.eu\/de\/\" \/>\n<meta property=\"og:locale\" content=\"de_DE\" \/>\n<meta property=\"og:type\" content=\"article\" \/>\n<meta property=\"og:title\" content=\"Multichannel Software-L\u00f6sung: Lago von Comosoft \/ Comosoft\" \/>\n<meta property=\"og:description\" content=\"Multichannel Software-L\u00f6sung: Lago von Comosoft: Automatisierte Werbemittelproduktion mit LAGO Warum werden Ihre Prozesse im Marketing effizienter mit unserer Software LAGO? Comosoft ist einer der\" \/>\n<meta property=\"og:url\" content=\"https:\/\/www.comosoft.eu\/de\/\" \/>\n<meta property=\"og:site_name\" content=\"comosoft.com\" \/>\n<meta property=\"article:modified_time\" content=\"2026-01-26T10:09:29+00:00\" \/>\n<meta property=\"og:image\" content=\"https:\/\/www.comosoft.eu\/wp-content\/uploads\/2021\/01\/Digital-publishing.jpg\" \/>\n\t<meta property=\"og:image:width\" content=\"2000\" \/>\n\t<meta property=\"og:image:height\" content=\"1334\" \/>\n\t<meta property=\"og:image:type\" content=\"image\/jpeg\" \/>\n<meta name=\"twitter:card\" content=\"summary_large_image\" \/>\n<!-- \/ Yoast SEO plugin. -->","yoast_head_json":{"title":"Multichannel Software-L\u00f6sung: Lago von Comosoft \/ Comosoft","description":"Multichannel Software-L\u00f6sung: Lago von Comosoft: Automatisierte Werbemittelproduktion mit LAGO Warum werden Ihre Prozesse im Marketing effizienter mit unserer Software LAGO? Comosoft ist einer der","robots":{"index":"index","follow":"follow","max-snippet":"max-snippet:-1","max-image-preview":"max-image-preview:large","max-video-preview":"max-video-preview:-1"},"canonical":"https:\/\/www.comosoft.eu\/de\/","og_locale":"de_DE","og_type":"article","og_title":"Multichannel Software-L\u00f6sung: Lago von Comosoft \/ Comosoft","og_description":"Multichannel Software-L\u00f6sung: Lago von Comosoft: Automatisierte Werbemittelproduktion mit LAGO Warum werden Ihre Prozesse im Marketing effizienter mit unserer Software LAGO? Comosoft ist einer der","og_url":"https:\/\/www.comosoft.eu\/de\/","og_site_name":"comosoft.com","article_modified_time":"2026-01-26T10:09:29+00:00","og_image":[{"width":2000,"height":1334,"url":"https:\/\/www.comosoft.eu\/wp-content\/uploads\/2021\/01\/Digital-publishing.jpg","type":"image\/jpeg"}],"twitter_card":"summary_large_image","schema":{"@context":"https:\/\/schema.org","@graph":[{"@type":"WebPage","@id":"https:\/\/www.comosoft.eu\/de\/","url":"https:\/\/www.comosoft.eu\/de\/","name":"Multichannel Software-L\u00f6sung: Lago von Comosoft \/ Comosoft","isPartOf":{"@id":"https:\/\/www.comosoft.eu\/de\/#website"},"datePublished":"2026-01-22T10:10:51+00:00","dateModified":"2026-01-26T10:09:29+00:00","description":"Multichannel Software-L\u00f6sung: Lago von Comosoft: Automatisierte Werbemittelproduktion mit LAGO Warum werden Ihre Prozesse im Marketing effizienter mit unserer Software LAGO? Comosoft ist einer der","breadcrumb":{"@id":"https:\/\/www.comosoft.eu\/de\/#breadcrumb"},"inLanguage":"de-DE","potentialAction":[{"@type":"ReadAction","target":["https:\/\/www.comosoft.eu\/de\/"]}]},{"@type":"BreadcrumbList","@id":"https:\/\/www.comosoft.eu\/de\/#breadcrumb","itemListElement":[{"@type":"ListItem","position":1,"name":"Home","item":"https:\/\/www.comosoft.eu\/de\/multichannel-software-loesung-lago-von-comosoft\/"},{"@type":"ListItem","position":2,"name":"Multichannel Software-L\u00f6sung: Lago von Comosoft"}]},{"@type":"WebSite","@id":"https:\/\/www.comosoft.eu\/de\/#website","url":"https:\/\/www.comosoft.eu\/de\/","name":"Comosoft","description":"Multichannel Solutions","publisher":{"@id":"https:\/\/www.comosoft.eu\/de\/#organization"},"potentialAction":[{"@type":"SearchAction","target":{"@type":"EntryPoint","urlTemplate":"https:\/\/www.comosoft.eu\/de\/?s={search_term_string}"},"query-input":{"@type":"PropertyValueSpecification","valueRequired":true,"valueName":"search_term_string"}}],"inLanguage":"de-DE"},{"@type":"Organization","@id":"https:\/\/www.comosoft.eu\/de\/#organization","name":"Comosoft GmbH","alternateName":"Multichannel Solutions","url":"https:\/\/www.comosoft.eu\/de\/","logo":{"@type":"ImageObject","inLanguage":"de-DE","@id":"https:\/\/www.comosoft.eu\/de\/#\/schema\/logo\/image\/","url":"https:\/\/www.comosoft.eu\/wp-content\/uploads\/2021\/01\/Comosoft-Logo463.png","contentUrl":"https:\/\/www.comosoft.eu\/wp-content\/uploads\/2021\/01\/Comosoft-Logo463.png","width":1654,"height":337,"caption":"Comosoft GmbH"},"image":{"@id":"https:\/\/www.comosoft.eu\/de\/#\/schema\/logo\/image\/"},"sameAs":["https:\/\/de.linkedin.com\/company\/comosoft?original_referer=httpswww.google.com"]}]}},"_links":{"self":[{"href":"https:\/\/www.comosoft.eu\/de\/wp-json\/wp\/v2\/pages\/50399","targetHints":{"allow":["GET"]}}],"collection":[{"href":"https:\/\/www.comosoft.eu\/de\/wp-json\/wp\/v2\/pages"}],"about":[{"href":"https:\/\/www.comosoft.eu\/de\/wp-json\/wp\/v2\/types\/page"}],"author":[{"embeddable":true,"href":"https:\/\/www.comosoft.eu\/de\/wp-json\/wp\/v2\/users\/122"}],"replies":[{"embeddable":true,"href":"https:\/\/www.comosoft.eu\/de\/wp-json\/wp\/v2\/comments?post=50399"}],"version-history":[{"count":0,"href":"https:\/\/www.comosoft.eu\/de\/wp-json\/wp\/v2\/pages\/50399\/revisions"}],"wp:attachment":[{"href":"https:\/\/www.comosoft.eu\/de\/wp-json\/wp\/v2\/media?parent=50399"}],"curies":[{"name":"wp","href":"https:\/\/api.w.org\/{rel}","templated":true}]}}