{"id":5004,"date":"2017-09-01T15:53:27","date_gmt":"2017-09-01T13:53:27","guid":{"rendered":"https:\/\/www.comosoft.com\/?page_id=5004\/"},"modified":"2025-09-25T10:26:26","modified_gmt":"2025-09-25T08:26:26","slug":"aktuelles","status":"publish","type":"page","link":"https:\/\/www.comosoft.eu\/de\/aktuelles\/","title":{"rendered":"Aktuelles"},"content":{"rendered":"<div class=\"wpb-content-wrapper\"><p>[vc_row row_height_percent=&#8221;0&#8243; override_padding=&#8221;yes&#8221; h_padding=&#8221;2&#8243; top_padding=&#8221;0&#8243; bottom_padding=&#8221;0&#8243; back_color=&#8221;color-lxmt&#8221; overlay_alpha=&#8221;50&#8243; gutter_size=&#8221;3&#8243; column_width_percent=&#8221;100&#8243; shift_y=&#8221;0&#8243; z_index=&#8221;0&#8243; sticky=&#8221;yes&#8221; uncode_shortcode_id=&#8221;114686&#8243; back_color_type=&#8221;uncode-palette&#8221; css=&#8221;.vc_custom_1713166604803{padding-top: 10px !important;padding-bottom: 5px !important;}&#8221;][vc_column column_width_percent=&#8221;100&#8243; position_vertical=&#8221;middle&#8221; gutter_size=&#8221;2&#8243; override_padding=&#8221;yes&#8221; column_padding=&#8221;0&#8243; overlay_alpha=&#8221;50&#8243; shift_x=&#8221;0&#8243; shift_y=&#8221;0&#8243; shift_y_down=&#8221;0&#8243; z_index=&#8221;0&#8243; medium_width=&#8221;0&#8243; mobile_width=&#8221;0&#8243; width=&#8221;1\/1&#8243; uncode_shortcode_id=&#8221;145177&#8243;][vc_wp_custommenu nav_menu=&#8221;712&#8243; nav_menu_horizontal=&#8221;1&#8243; use_widget_style=&#8221;yes&#8221;][\/vc_column][\/vc_row][vc_row][vc_column width=&#8221;1\/1&#8243;][vc_column_text text_lead=&#8221;yes&#8221; uncode_shortcode_id=&#8221;257810&#8243;]<\/p>\n<h2>Was gibt es Neues?<\/h2>\n<p>In unserem Blog entdecken Sie die aktuellsten Trends, n\u00fctzliche Tipps und spannende Geschichten aus der eCommerce-Welt. Wir wollen Sie so gut wie m\u00f6glich \u00fcber uns auf dem Laufenden halten und Ihnen regelm\u00e4\u00dfig einen <strong>\u00dcberblick<\/strong> \u00fcber <strong>unsere aktuellen Projekte und Neuigkeiten<\/strong> rund um die Comosoft-Welt geben.<br \/>\nAuf dieser Seite finden Sie <strong>aktuelle Pressemitteilungen, Newsletter und Informationen<\/strong> zu unseren <strong>Events<\/strong>.<br \/>\nSollten Sie einmal nicht finden, was Sie suchen, z\u00f6gern Sie bitte nicht, uns <strong>pers\u00f6nlich zu kontaktieren<\/strong>.<\/p>\n<p>[\/vc_column_text][\/vc_column][\/vc_row][vc_row row_height_percent=&#8221;0&#8243; overlay_alpha=&#8221;50&#8243; gutter_size=&#8221;3&#8243; column_width_percent=&#8221;100&#8243; shift_y=&#8221;0&#8243; z_index=&#8221;0&#8243; content_parallax=&#8221;0&#8243; uncode_shortcode_id=&#8221;374652&#8243; row_name=&#8221;blog&#8221;][vc_column width=&#8221;1\/1&#8243;][uncode_index el_id=&#8221;index-186639&#8243; loop=&#8221;size:3|order_by:date|post_type:post|categories:661|taxonomy_count:10&#8243; screen_lg=&#8221;1000&#8243; screen_md=&#8221;600&#8243; screen_sm=&#8221;480&#8243; gutter_size=&#8221;3&#8243; post_items=&#8221;media|featured|onpost|original,title,date,text|excerpt,link|default|default_size|Weiterlesen,sep-one|full&#8221; pagination=&#8221;yes&#8221; single_overlay_opacity=&#8221;50&#8243; single_padding=&#8221;2&#8243; uncode_shortcode_id=&#8221;442334&#8243;][\/vc_column][\/vc_row][vc_row unlock_row_content=&#8221;yes&#8221; row_height_percent=&#8221;30&#8243; back_image=&#8221;8147&#8243; overlay_color=&#8221;color-jevc&#8221; overlay_alpha=&#8221;50&#8243; gutter_size=&#8221;3&#8243; column_width_percent=&#8221;100&#8243; shift_y=&#8221;0&#8243; z_index=&#8221;0&#8243; uncode_shortcode_id=&#8221;185335&#8243; overlay_color_type=&#8221;uncode-palette&#8221; row_name=&#8221;newsletter&#8221;][vc_column column_width_percent=&#8221;100&#8243; position_vertical=&#8221;middle&#8221; align_horizontal=&#8221;align_center&#8221; gutter_size=&#8221;3&#8243; style=&#8221;dark&#8221; overlay_alpha=&#8221;50&#8243; shift_x=&#8221;0&#8243; shift_y=&#8221;0&#8243; shift_y_down=&#8221;0&#8243; z_index=&#8221;0&#8243; medium_width=&#8221;0&#8243; mobile_width=&#8221;0&#8243; width=&#8221;1\/1&#8243; uncode_shortcode_id=&#8221;212107&#8243;][vc_custom_heading uncode_shortcode_id=&#8221;177339&#8243;]<\/p>\n<h2 style=\"text-align: center;\">NEWSLETTER<\/h2>\n<p>[\/vc_custom_heading][\/vc_column][\/vc_row][vc_row][vc_column width=&#8221;1\/1&#8243;][vc_column_text text_lead=&#8221;yes&#8221; uncode_shortcode_id=&#8221;173693&#8243;]<\/p>\n<h2>Comosoft-Newsletter abonnieren<\/h2>\n<p>Sie m\u00f6chten regelm\u00e4\u00dfige Informationen zu Software Releases, Events oder Neuigkeiten von Comosoft?<br \/>\nDann sind Sie hier genau richtig!<br \/>\nUnser <strong>Comosoft-Newsletter<\/strong> liefert Ihnen alle interessanten <strong>News rund um Comosoft und LAGO<\/strong> direkt in Ihr Postfach.<br \/>\nTeilen Sie uns Ihre E-Mail-Adresse \u00fcber <a href=\"&#x6d;&#x61;&#x69;&#x6c;&#x74;&#x6f;&#58;&#109;&#97;&#114;keti&#x6e;&#x67;&#x40;&#x63;&#x6f;&#x6d;&#111;&#115;&#111;&#102;&#116;&#46;de\">&#x6d;&#x61;&#x72;&#x6b;&#x65;&#116;&#105;&#110;&#103;&#64;co&#x6d;&#x6f;&#x73;&#x6f;&#x66;&#x74;&#46;&#100;&#101;<\/a> mit und bleiben Sie auf dem Laufenden.[\/vc_column_text][\/vc_column][\/vc_row][vc_row unlock_row_content=&#8221;yes&#8221; row_height_percent=&#8221;30&#8243; back_image=&#8221;10896&#8243; overlay_color=&#8221;color-jevc&#8221; overlay_alpha=&#8221;50&#8243; gutter_size=&#8221;3&#8243; column_width_percent=&#8221;100&#8243; shift_y=&#8221;0&#8243; z_index=&#8221;0&#8243; uncode_shortcode_id=&#8221;893961&#8243; overlay_color_type=&#8221;uncode-palette&#8221; row_name=&#8221;auszeichnungen&#8221;][vc_column column_width_percent=&#8221;100&#8243; position_vertical=&#8221;middle&#8221; align_horizontal=&#8221;align_center&#8221; gutter_size=&#8221;3&#8243; style=&#8221;dark&#8221; overlay_alpha=&#8221;50&#8243; shift_x=&#8221;0&#8243; shift_y=&#8221;0&#8243; shift_y_down=&#8221;0&#8243; z_index=&#8221;0&#8243; medium_width=&#8221;0&#8243; mobile_width=&#8221;0&#8243; width=&#8221;1\/1&#8243; uncode_shortcode_id=&#8221;212107&#8243;][vc_custom_heading uncode_shortcode_id=&#8221;498438&#8243;]<\/p>\n<h2 style=\"text-align: center;\">AUSZEICHNUNGEN<\/h2>\n<p>[\/vc_custom_heading][\/vc_column][\/vc_row][vc_row][vc_column width=&#8221;1\/1&#8243;][vc_column_text text_lead=&#8221;yes&#8221; uncode_shortcode_id=&#8221;416776&#8243;]<\/p>\n<h2>Auszeichnungen f\u00fcr <a href=\"https:\/\/www.comosoft.eu\/de\/multichannel-software-lago\/\">LAGO<\/a> \u2013 Erfolge, die sich sehen lassen k\u00f6nnen<\/h2>\n<p>Als Technologie-Anbieter setzt Comosoft bereits seit \u00fcber 25 Jahren Ma\u00dfst\u00e4be im Sektor der Multichannel Solutions und konnte die erfolgreich erprobte Software-L\u00f6sung <a href=\"https:\/\/www.comosoft.eu\/de\/multichannel-software-lago\/\">LAGO<\/a> fest im Markt etablieren. Zu unserer Freude wurde unsere Software bereits mit den folgenden Auszeichnungen pr\u00e4miert:[\/vc_column_text][\/vc_column][\/vc_row][vc_row][vc_column width=&#8221;1\/1&#8243;][vc_tabs vertical=&#8221;yes&#8221;][vc_tab title=&#8221;INNOVATIONSPREIS-IT 2018&#8243; tab_id=&#8221;1526478231193-2-317115344375431713165401528&#8243;][vc_column_text]<\/p>\n<h2><strong>Unser LAGO Whiteboard\u00a0<\/strong>wurde als\u00a0<strong>BEST OF beim INNOVATIONSPREIS-IT 2018<\/strong>\u00a0in der Kategorie\u00a0<strong>\u201eBranchensoftware\u201c\u00a0<\/strong>ausgezeichnet.<\/h2>\n<p><i>16. Mai 2018<\/i><\/p>\n<p>Nur mit\u00adhil\u00adfe pas\u00adsen\u00adder L\u00f6\u00adsun\u00adgen k\u00f6n\u00adnen auch klei\u00adne und mit\u00adtel\u00adst\u00e4n\u00addi\u00adsche L\u00f6\u00adsun\u00adgen im glo\u00adba\u00adlen Wett\u00adbe\u00adwerb be\u00adste\u00adhen. Die IT-Bes\u00adten\u00adlis\u00adten der\u00a0<a href=\"https:\/\/www.branchensoftware-bestenliste.de\/?code=2L5P10&amp;ao=1\/#\/products\/15647-lago-whiteboard\">In\u00adi\u00adtia\u00adti\u00adve Mit\u00adtel\u00adstand<\/a>\u00a0sind hier\u00adf\u00fcr das opti\u00adma\u00adle Nach\u00adschla\u00adge\u00adwerk. Denn dort fin\u00adden sich die bes\u00adten IT-Pro\u00adduk\u00adte und -L\u00f6\u00adsun\u00adgen, um Pro\u00adzes\u00adse ef\u00adfi\u00adzi\u00aden\u00adter zu ge\u00adstal\u00adten, Wis\u00adsen zu ma\u00adna\u00adgen oder mo\u00adbi\u00adler zu agie\u00adren.<\/p>\n<p>Das Whiteboard von LAGO ist das zentrale Modul f\u00fcr die effiziente und effektive Produktion von Printwerbemitteln, mit dem die Seiten auch ohne Layout-Kenntnisse schnell entworfen und best\u00fcckt werden k\u00f6nnen. Die Ergebnisse werden den Kreativen (Grafik-Abteilung), egal ob intern oder extern, in InDesign oder QuarkXPress, als Layout-Dokument zur Verf\u00fcgung gestellt. Hier k\u00f6nnen die Seiten dann professionell f\u00fcr den Druck aufbereitet werden. Hinzu kommt, dass das Whiteboard auch die perfekte Br\u00fccke darstellt, um das Produkt- oder Category Management in den Marketing Produktionsprozess zu involvieren oder gar integrieren.[\/vc_column_text][\/vc_tab][vc_tab title=&#8221;INNOVATIONSPREIS-IT 2015&#8243; tab_id=&#8221;1491311741-1-38149692973867717115344375431713165401528&#8243;][vc_column_text]<\/p>\n<h2>Comosoft gewinnt Auszeichnung in IT-Bestenliste<\/h2>\n<p><i>27. M\u00e4rz 2015<\/i><\/p>\n<p>Die Initiative Mittelstand pr\u00e4miert mit dem INNOVATIONSPREIS-IT Firmen mit innovativen IT-L\u00f6sungen und hohem Nutzwert f\u00fcr den Mittelstand. Die Experten-Jury zeichnete die Software-L\u00f6sung LAGO Professional (ehemals portlight) in dieser Kategorie mit dem Pr\u00e4dikat BEST OF 2015 aus. Dieses ausgezeichnete Produkt hat die Jury besonders \u00fcberzeugt und geh\u00f6rte damit zur Spitzengruppe aller eingereichten Bewerbungen. Der INNOVATIONSPREIS-IT der Initiative Mittelstand schl\u00e4gt seit vielen Jahren die Br\u00fccke zwischen IT-Innovationen und dem Mittelstand. Der Schirmherr der Veranstaltung im Jahr 2015 war die Microsoft Deutschland GmbH.[\/vc_column_text][\/vc_tab][vc_tab title=&#8221;INDUSTRIEPREIS 2015&#8243; tab_id=&#8221;1491312519799-2-7149692973867717115344375431713165401528&#8243;][vc_column_text]<\/p>\n<h2>Bestenliste Industriepreis<\/h2>\n<p>Mit der zweiten Nominierung gl\u00e4nzte unsere Softwarel\u00f6sung LAGO Professional (ehemals portlight) im Jahr 2015 auch in der Bestenliste des INDUSTRIEPREIS.<br \/>\nDie Huber Verlag f\u00fcr Neue Medien GmbH pr\u00e4miert mit dem INDUSTRIEPREIS Unternehmen mit hohem wirtschaftlichem, gesellschaftlichem, technologischem und \u00f6kologischem Nutzen. Auch in diesem Segment \u00fcberzeugte Comosoft die Fachjury mit der leistungsstarken und innovativen Multichannel-L\u00f6sung LAGO Professional und geh\u00f6rte somit erneut zu den Spitzenkandidaten der eingereichten Bewerbungen.[\/vc_column_text][\/vc_tab][\/vc_tabs][\/vc_column][\/vc_row][vc_row unlock_row_content=&#8221;yes&#8221; row_height_percent=&#8221;30&#8243; back_image=&#8221;8627&#8243; overlay_color=&#8221;color-jevc&#8221; overlay_alpha=&#8221;50&#8243; gutter_size=&#8221;3&#8243; column_width_percent=&#8221;100&#8243; shift_y=&#8221;0&#8243; z_index=&#8221;0&#8243; uncode_shortcode_id=&#8221;163599&#8243; overlay_color_type=&#8221;uncode-palette&#8221; row_name=&#8221;presse&#8221;][vc_column column_width_percent=&#8221;100&#8243; position_vertical=&#8221;middle&#8221; align_horizontal=&#8221;align_center&#8221; gutter_size=&#8221;3&#8243; style=&#8221;dark&#8221; overlay_alpha=&#8221;50&#8243; shift_x=&#8221;0&#8243; shift_y=&#8221;0&#8243; shift_y_down=&#8221;0&#8243; z_index=&#8221;0&#8243; medium_width=&#8221;0&#8243; mobile_width=&#8221;0&#8243; width=&#8221;1\/1&#8243; uncode_shortcode_id=&#8221;212107&#8243;][vc_custom_heading uncode_shortcode_id=&#8221;196520&#8243;]<\/p>\n<h2 style=\"text-align: center;\">PRESSE<\/h2>\n<p>[\/vc_custom_heading][\/vc_column][\/vc_row][vc_row][vc_column column_width_percent=&#8221;100&#8243; gutter_size=&#8221;3&#8243; overlay_alpha=&#8221;50&#8243; shift_x=&#8221;0&#8243; shift_y=&#8221;0&#8243; z_index=&#8221;0&#8243; medium_width=&#8221;0&#8243; width=&#8221;1\/1&#8243; css=&#8221;.vc_custom_1498744562063{padding-bottom: 0px !important;}&#8221;][vc_column_text text_lead=&#8221;yes&#8221; css=&#8221;.vc_custom_1644924527892{padding-bottom: 0px !important;}&#8221; uncode_shortcode_id=&#8221;526047&#8243;]<\/p>\n<h2>Immer auf dem neuesten Stand<\/h2>\n<p>Unsere Kunden profitieren von einem ganzheitlichen Prozess, der alle Unternehmensbereiche umfasst. T\u00e4glich best\u00e4tigt von \u00fcber 50 erfolgreichen Handelsunternehmen, die LAGO weltweit im Einsatz haben:[\/vc_column_text][\/vc_column][\/vc_row][vc_row row_height_percent=&#8221;0&#8243; overlay_alpha=&#8221;50&#8243; gutter_size=&#8221;3&#8243; shift_y=&#8221;0&#8243;][vc_column column_width_percent=&#8221;100&#8243; gutter_size=&#8221;3&#8243; overlay_alpha=&#8221;50&#8243; shift_x=&#8221;0&#8243; shift_y=&#8221;0&#8243; z_index=&#8221;0&#8243; medium_width=&#8221;0&#8243; width=&#8221;1\/1&#8243; css=&#8221;.vc_custom_1498744562063{padding-bottom: 0px !important;}&#8221;][uncode_slider slider_interval=&#8221;5000&#8243; slider_navspeed=&#8221;400&#8243; slider_loop=&#8221;yes&#8221;][vc_row_inner][vc_column_inner width=&#8221;1\/1&#8243;][vc_column_text text_lead=&#8221;yes&#8221; css=&#8221;.vc_custom_1504280537865{padding-bottom: 0px !important;}&#8221;]<\/p>\n<blockquote><p><em>\u201eMit LAGO l\u00e4uft unser Shop reibungslos. Was wir vorher in zwei Wochen m\u00fchseliger Arbeit geleistet haben, schaffen wir heute in zwei Tagen.\u201c<\/em><br \/>\n<b>\u2014 Dieter Harms, IT-Leiter bei Emporium Merkator<\/b><\/p><\/blockquote>\n<p>[\/vc_column_text][\/vc_column_inner][\/vc_row_inner][vc_row_inner][vc_column_inner width=&#8221;1\/1&#8243;][vc_column_text text_lead=&#8221;yes&#8221; css=&#8221;.vc_custom_1504280743014{padding-bottom: 0px !important;}&#8221;]<\/p>\n<blockquote><p>\u201e\u2026 wir sind nun in der Lage, auch sp\u00e4t im Prozess Datenanpassungen wie z.B. Preis\u00e4nderungen oder eine komplexe Versionierung vorzunehmen. Das spart uns Zeit und verbessert die Qualit\u00e4t der Werbemittel enorm.\u201c<\/p>\n<p><b>\u00a0\u2014 Tearle Calinog, Director, Client Engagement<\/b><\/p><\/blockquote>\n<p>[\/vc_column_text][\/vc_column_inner][\/vc_row_inner][vc_row_inner][vc_column_inner width=&#8221;1\/1&#8243;][vc_column_text text_lead=&#8221;yes&#8221; css=&#8221;.vc_custom_1504280727488{padding-bottom: 0px !important;}&#8221;]<\/p>\n<blockquote><p>\u201eSo haben wir bei kleineren Beilagen mit Altartikeln eine Kostenersparnis von bis zu 60 %.\u201c<br \/>\n<b>\u2014 Karl-Heinz Lassotta, Werbeleiter Technische Katalogabwicklung, Gebr\u00fcder G\u00f6tz<\/b><\/p><\/blockquote>\n<p>[\/vc_column_text][\/vc_column_inner][\/vc_row_inner][\/uncode_slider][\/vc_column][\/vc_row][vc_row][vc_column width=&#8221;1\/1&#8243;][vc_column_text]<\/p>\n<h2>Hier finden Sie unsere offiziellen Pressemitteilungen<\/h2>\n<p>[\/vc_column_text][uncode_index el_id=&#8221;index-203147&#8243; loop=&#8221;size:3|order_by:date|post_type:post|categories:42|taxonomy_count:10&#8243; screen_lg=&#8221;1000&#8243; screen_md=&#8221;600&#8243; screen_sm=&#8221;480&#8243; gutter_size=&#8221;3&#8243; post_items=&#8221;media|featured|onpost|original,title,date,text|excerpt,link|default|default_size|Weiterlesen,author|sm_size|hide_qualification,sep-one|full,extra&#8221; single_overlay_opacity=&#8221;50&#8243; single_padding=&#8221;2&#8243; uncode_shortcode_id=&#8221;115241&#8243;][\/vc_column][\/vc_row]<\/p>\n<\/div>","protected":false},"excerpt":{"rendered":"<p>[vc_row row_height_percent=&#8221;0&#8243; override_padding=&#8221;yes&#8221; h_padding=&#8221;2&#8243; top_padding=&#8221;0&#8243; bottom_padding=&#8221;0&#8243; back_color=&#8221;color-lxmt&#8221; overlay_alpha=&#8221;50&#8243; gutter_size=&#8221;3&#8243; column_width_percent=&#8221;100&#8243; shift_y=&#8221;0&#8243; z_index=&#8221;0&#8243; sticky=&#8221;yes&#8221; uncode_shortcode_id=&#8221;114686&#8243; back_color_type=&#8221;uncode-palette&#8221; css=&#8221;.vc_custom_1713166604803{padding-top: 10px !important;padding-bottom: 5px !important;}&#8221;][vc_column [&hellip;]<\/p>\n","protected":false},"author":103,"featured_media":44176,"parent":0,"menu_order":0,"comment_status":"closed","ping_status":"closed","template":"","meta":{"footnotes":""},"class_list":["post-5004","page","type-page","status-publish","has-post-thumbnail","hentry"],"yoast_head":"<!-- This site is optimized with the Yoast SEO plugin v27.3 - https:\/\/yoast.com\/product\/yoast-seo-wordpress\/ -->\n<title>Aktuelles - Neuigkeiten rund um Comosoft und LAGO<\/title>\n<meta name=\"description\" content=\"Wir wollen Sie so gut wie m\u00f6glich \u00fcber Aktuelles auf dem Laufenden halten und Ihnen regelm\u00e4\u00dfig einen \u00dcberblick geben.\" \/>\n<meta name=\"robots\" content=\"index, follow, max-snippet:-1, max-image-preview:large, max-video-preview:-1\" \/>\n<link rel=\"canonical\" href=\"https:\/\/www.comosoft.eu\/de\/aktuelles\/\" \/>\n<meta property=\"og:locale\" content=\"de_DE\" \/>\n<meta property=\"og:type\" content=\"article\" \/>\n<meta property=\"og:title\" content=\"Aktuelles - Neuigkeiten rund um Comosoft und LAGO\" \/>\n<meta property=\"og:description\" content=\"Wir wollen Sie so gut wie m\u00f6glich \u00fcber Aktuelles auf dem Laufenden halten und Ihnen regelm\u00e4\u00dfig einen \u00dcberblick geben.\" \/>\n<meta property=\"og:url\" content=\"https:\/\/www.comosoft.eu\/de\/aktuelles\/\" \/>\n<meta property=\"og:site_name\" content=\"comosoft.com\" \/>\n<meta property=\"article:modified_time\" content=\"2025-09-25T08:26:26+00:00\" \/>\n<meta property=\"og:image\" content=\"https:\/\/www.comosoft.eu\/wp-content\/uploads\/2022\/10\/comosoft-email-multichannel-marketing-map-hidden-treasure-1.jpg\" \/>\n\t<meta property=\"og:image:width\" content=\"1200\" \/>\n\t<meta property=\"og:image:height\" content=\"630\" \/>\n\t<meta property=\"og:image:type\" content=\"image\/jpeg\" \/>\n<meta name=\"twitter:card\" content=\"summary_large_image\" \/>\n<!-- \/ Yoast SEO plugin. -->","yoast_head_json":{"title":"Aktuelles - Neuigkeiten rund um Comosoft und LAGO","description":"Wir wollen Sie so gut wie m\u00f6glich \u00fcber Aktuelles auf dem Laufenden halten und Ihnen regelm\u00e4\u00dfig einen \u00dcberblick geben.","robots":{"index":"index","follow":"follow","max-snippet":"max-snippet:-1","max-image-preview":"max-image-preview:large","max-video-preview":"max-video-preview:-1"},"canonical":"https:\/\/www.comosoft.eu\/de\/aktuelles\/","og_locale":"de_DE","og_type":"article","og_title":"Aktuelles - Neuigkeiten rund um Comosoft und LAGO","og_description":"Wir wollen Sie so gut wie m\u00f6glich \u00fcber Aktuelles auf dem Laufenden halten und Ihnen regelm\u00e4\u00dfig einen \u00dcberblick geben.","og_url":"https:\/\/www.comosoft.eu\/de\/aktuelles\/","og_site_name":"comosoft.com","article_modified_time":"2025-09-25T08:26:26+00:00","og_image":[{"width":1200,"height":630,"url":"https:\/\/www.comosoft.eu\/wp-content\/uploads\/2022\/10\/comosoft-email-multichannel-marketing-map-hidden-treasure-1.jpg","type":"image\/jpeg"}],"twitter_card":"summary_large_image","schema":{"@context":"https:\/\/schema.org","@graph":[{"@type":"WebPage","@id":"https:\/\/www.comosoft.eu\/de\/aktuelles\/","url":"https:\/\/www.comosoft.eu\/de\/aktuelles\/","name":"Aktuelles - Neuigkeiten rund um Comosoft und LAGO","isPartOf":{"@id":"https:\/\/www.comosoft.eu\/de\/#website"},"primaryImageOfPage":{"@id":"https:\/\/www.comosoft.eu\/de\/aktuelles\/#primaryimage"},"image":{"@id":"https:\/\/www.comosoft.eu\/de\/aktuelles\/#primaryimage"},"thumbnailUrl":"https:\/\/www.comosoft.eu\/wp-content\/uploads\/2022\/10\/comosoft-email-multichannel-marketing-map-hidden-treasure-1.jpg","datePublished":"2017-09-01T13:53:27+00:00","dateModified":"2025-09-25T08:26:26+00:00","description":"Wir wollen Sie so gut wie m\u00f6glich \u00fcber Aktuelles auf dem Laufenden halten und Ihnen regelm\u00e4\u00dfig einen \u00dcberblick geben.","breadcrumb":{"@id":"https:\/\/www.comosoft.eu\/de\/aktuelles\/#breadcrumb"},"inLanguage":"de-DE","potentialAction":[{"@type":"ReadAction","target":["https:\/\/www.comosoft.eu\/de\/aktuelles\/"]}]},{"@type":"ImageObject","inLanguage":"de-DE","@id":"https:\/\/www.comosoft.eu\/de\/aktuelles\/#primaryimage","url":"https:\/\/www.comosoft.eu\/wp-content\/uploads\/2022\/10\/comosoft-email-multichannel-marketing-map-hidden-treasure-1.jpg","contentUrl":"https:\/\/www.comosoft.eu\/wp-content\/uploads\/2022\/10\/comosoft-email-multichannel-marketing-map-hidden-treasure-1.jpg","width":1200,"height":630,"caption":"What\u2019s new at Comosoft"},{"@type":"BreadcrumbList","@id":"https:\/\/www.comosoft.eu\/de\/aktuelles\/#breadcrumb","itemListElement":[{"@type":"ListItem","position":1,"name":"Home","item":"https:\/\/www.comosoft.eu\/de\/multichannel-software-loesung-lago-von-comosoft\/"},{"@type":"ListItem","position":2,"name":"Aktuelles"}]},{"@type":"WebSite","@id":"https:\/\/www.comosoft.eu\/de\/#website","url":"https:\/\/www.comosoft.eu\/de\/","name":"Comosoft","description":"Multichannel Solutions","publisher":{"@id":"https:\/\/www.comosoft.eu\/de\/#organization"},"potentialAction":[{"@type":"SearchAction","target":{"@type":"EntryPoint","urlTemplate":"https:\/\/www.comosoft.eu\/de\/?s={search_term_string}"},"query-input":{"@type":"PropertyValueSpecification","valueRequired":true,"valueName":"search_term_string"}}],"inLanguage":"de-DE"},{"@type":"Organization","@id":"https:\/\/www.comosoft.eu\/de\/#organization","name":"Comosoft GmbH","alternateName":"Multichannel Solutions","url":"https:\/\/www.comosoft.eu\/de\/","logo":{"@type":"ImageObject","inLanguage":"de-DE","@id":"https:\/\/www.comosoft.eu\/de\/#\/schema\/logo\/image\/","url":"https:\/\/www.comosoft.eu\/wp-content\/uploads\/2021\/01\/Comosoft-Logo463.png","contentUrl":"https:\/\/www.comosoft.eu\/wp-content\/uploads\/2021\/01\/Comosoft-Logo463.png","width":1654,"height":337,"caption":"Comosoft GmbH"},"image":{"@id":"https:\/\/www.comosoft.eu\/de\/#\/schema\/logo\/image\/"},"sameAs":["https:\/\/de.linkedin.com\/company\/comosoft?original_referer=httpswww.google.com"]}]}},"_links":{"self":[{"href":"https:\/\/www.comosoft.eu\/de\/wp-json\/wp\/v2\/pages\/5004","targetHints":{"allow":["GET"]}}],"collection":[{"href":"https:\/\/www.comosoft.eu\/de\/wp-json\/wp\/v2\/pages"}],"about":[{"href":"https:\/\/www.comosoft.eu\/de\/wp-json\/wp\/v2\/types\/page"}],"author":[{"embeddable":true,"href":"https:\/\/www.comosoft.eu\/de\/wp-json\/wp\/v2\/users\/103"}],"replies":[{"embeddable":true,"href":"https:\/\/www.comosoft.eu\/de\/wp-json\/wp\/v2\/comments?post=5004"}],"version-history":[{"count":20,"href":"https:\/\/www.comosoft.eu\/de\/wp-json\/wp\/v2\/pages\/5004\/revisions"}],"predecessor-version":[{"id":49665,"href":"https:\/\/www.comosoft.eu\/de\/wp-json\/wp\/v2\/pages\/5004\/revisions\/49665"}],"wp:featuredmedia":[{"embeddable":true,"href":"https:\/\/www.comosoft.eu\/de\/wp-json\/wp\/v2\/media\/44176"}],"wp:attachment":[{"href":"https:\/\/www.comosoft.eu\/de\/wp-json\/wp\/v2\/media?parent=5004"}],"curies":[{"name":"wp","href":"https:\/\/api.w.org\/{rel}","templated":true}]}}