{"id":4988,"date":"2017-09-01T18:14:32","date_gmt":"2017-09-01T16:14:32","guid":{"rendered":"https:\/\/www.comosoft.com\/?page_id=4988\/"},"modified":"2025-09-30T11:39:46","modified_gmt":"2025-09-30T09:39:46","slug":"unternehmen","status":"publish","type":"page","link":"https:\/\/www.comosoft.eu\/de\/unternehmen\/","title":{"rendered":"Unternehmen"},"content":{"rendered":"<div class=\"wpb-content-wrapper\"><p>[vc_row][vc_column width=&#8221;1\/1&#8243;][vc_column_text text_lead=&#8221;yes&#8221; uncode_shortcode_id=&#8221;176515&#8243;]<\/p>\n<h2>Ihr Experte, wenn es um die Digitalisierung Ihrer Marketingprozesse geht<\/h2>\n<p>Comosoft ist einer der<strong> f\u00fchrenden Technologie-Anbieter<\/strong> f\u00fcr Multichannel-Software in den Bereichen <strong>Consumer Goods &amp; Retail, Versandhandel &amp; E-Commerce\u00a0sowie Industrie<\/strong>. Mit der Software- &amp; Beratungsexpertise von\u00a0Comosoft helfen wir Unternehmen, <strong>Marketingprozesse effizient, effektiv und \u00f6kologisch<\/strong> zu gestalten: <strong>Multikanal<\/strong> und unter Ber\u00fccksichtigung des gesamten Prozesses sowie aller relevanten Abteilungen im Unternehmen.<\/p>\n<p data-pm-slice=\"1 1 []\">Wir geh\u00f6ren zur Constellation Software Inc. und sind somit Teil einer soliden und globalen Organisation. Diese Expansion gibt uns die M\u00f6glichkeit der Erschlie\u00dfung weiterer zukunftstr\u00e4chtiger M\u00e4rkte. Der Ausbau eines starken und weltoffenen Netzwerks ist dabei Comosofts Ziel.<\/p>\n<p>[\/vc_column_text][\/vc_column][\/vc_row][vc_row row_height_percent=&#8221;0&#8243; override_padding=&#8221;yes&#8221; h_padding=&#8221;2&#8243; top_padding=&#8221;4&#8243; bottom_padding=&#8221;4&#8243; back_color=&#8221;color-nhtu&#8221; overlay_alpha=&#8221;100&#8243; gutter_size=&#8221;4&#8243; shift_y=&#8221;0&#8243;][vc_column column_width_percent=&#8221;100&#8243; position_horizontal=&#8221;left&#8221; gutter_size=&#8221;3&#8243; expand_height=&#8221;yes&#8221; style=&#8221;dark&#8221; overlay_alpha=&#8221;100&#8243; shift_x=&#8221;0&#8243; shift_y=&#8221;0&#8243; z_index=&#8221;0&#8243; medium_width=&#8221;0&#8243; width=&#8221;1\/4&#8243;][uncode_counter value=&#8221;+ 114&#8243; counter_color=&#8221;&#8221; font=&#8221;font-908663&#8243; weight=&#8221;600&#8243; height=&#8221;fontheight-128528&#8243; text=&#8221;INTERNATIONALE BRANDS&#8221; uncode_shortcode_id=&#8221;111585&#8243;][vc_separator sep_color=&#8221;accent&#8221; el_width=&#8221;50%&#8221;][vc_column_text uncode_shortcode_id=&#8221;140620&#8243;]Haben LAGO im Einsatz und produzieren erfolgreich ihre Werbemittel.[\/vc_column_text][\/vc_column][vc_column column_width_percent=&#8221;100&#8243; position_horizontal=&#8221;left&#8221; gutter_size=&#8221;3&#8243; expand_height=&#8221;yes&#8221; style=&#8221;dark&#8221; overlay_alpha=&#8221;50&#8243; shift_x=&#8221;0&#8243; shift_y=&#8221;0&#8243; z_index=&#8221;0&#8243; medium_width=&#8221;0&#8243; width=&#8221;1\/4&#8243;][uncode_counter value=&#8221;+ 30&#8243; counter_color=&#8221;&#8221; font=&#8221;font-908663&#8243; weight=&#8221;600&#8243; height=&#8221;fontheight-128528&#8243; text=&#8221;YEARS OF MULTICHANNEL EXPERIENCE&#8221; uncode_shortcode_id=&#8221;742620&#8243;][vc_separator sep_color=&#8221;accent&#8221; el_width=&#8221;50%&#8221;][vc_column_text uncode_shortcode_id=&#8221;987664&#8243;]Seit drei Jahrzehnten ist Comosoft die Nr. 1 bei der Planung und Produktion von unz\u00e4hligen Retailern[\/vc_column_text][\/vc_column][vc_column column_width_percent=&#8221;100&#8243; align_horizontal=&#8221;align_center&#8221; gutter_size=&#8221;3&#8243; expand_height=&#8221;yes&#8221; style=&#8221;dark&#8221; overlay_alpha=&#8221;50&#8243; shift_x=&#8221;0&#8243; shift_y=&#8221;0&#8243; shift_y_down=&#8221;0&#8243; z_index=&#8221;0&#8243; medium_width=&#8221;0&#8243; mobile_width=&#8221;0&#8243; width=&#8221;1\/2&#8243; uncode_shortcode_id=&#8221;720329&#8243;][vc_single_image media=&#8221;47925&#8243; media_width_percent=&#8221;75&#8243; alignment=&#8221;center&#8221; uncode_shortcode_id=&#8221;701717&#8243;][\/vc_column][\/vc_row][vc_row][vc_column width=&#8221;1\/1&#8243;][uncode_index el_id=&#8221;index-139379&#8243; loop=&#8221;size:3|order_by:date|post_type:post|categories:661|taxonomy_count:10&#8243; screen_lg=&#8221;1000&#8243; screen_md=&#8221;600&#8243; screen_sm=&#8221;480&#8243; gutter_size=&#8221;3&#8243; post_items=&#8221;media|featured|onpost|original,title,date,text|excerpt,link|default|default_size|Weiterlesen&#8221; single_overlay_opacity=&#8221;50&#8243; single_padding=&#8221;2&#8243; uncode_shortcode_id=&#8221;161597&#8243;][\/vc_column][\/vc_row]<\/p>\n<\/div>","protected":false},"excerpt":{"rendered":"<p>[vc_row][vc_column width=&#8221;1\/1&#8243;][vc_column_text text_lead=&#8221;yes&#8221; uncode_shortcode_id=&#8221;176515&#8243;] Ihr Experte, wenn es um die Digitalisierung Ihrer Marketingprozesse geht Comosoft ist einer der f\u00fchrenden Technologie-Anbieter [&hellip;]<\/p>\n","protected":false},"author":103,"featured_media":7592,"parent":0,"menu_order":0,"comment_status":"closed","ping_status":"closed","template":"","meta":{"footnotes":""},"class_list":["post-4988","page","type-page","status-publish","has-post-thumbnail","hentry"],"yoast_head":"<!-- This site is optimized with the Yoast SEO plugin v27.3 - https:\/\/yoast.com\/product\/yoast-seo-wordpress\/ -->\n<title>Comosoft \u2013 Ihr Experte f\u00fcr Digitalisierung Ihrer Marketingprozesse<\/title>\n<meta name=\"description\" content=\"Comosoft ist ein f\u00fchrender Anbieter f\u00fcr Multichannel-Software in den Bereichen Consumer Goods &amp; Retail, Versandhandel &amp; E-Commerce.\" \/>\n<meta name=\"robots\" content=\"index, follow, max-snippet:-1, max-image-preview:large, max-video-preview:-1\" \/>\n<link rel=\"canonical\" href=\"https:\/\/www.comosoft.eu\/de\/unternehmen\/\" \/>\n<meta property=\"og:locale\" content=\"de_DE\" \/>\n<meta property=\"og:type\" content=\"article\" \/>\n<meta property=\"og:title\" content=\"Comosoft \u2013 Ihr Experte f\u00fcr Digitalisierung Ihrer Marketingprozesse\" \/>\n<meta property=\"og:description\" content=\"Comosoft ist ein f\u00fchrender Anbieter f\u00fcr Multichannel-Software in den Bereichen Consumer Goods &amp; Retail, Versandhandel &amp; E-Commerce.\" \/>\n<meta property=\"og:url\" content=\"https:\/\/www.comosoft.eu\/de\/unternehmen\/\" \/>\n<meta property=\"og:site_name\" content=\"comosoft.com\" \/>\n<meta property=\"article:modified_time\" content=\"2025-09-30T09:39:46+00:00\" \/>\n<meta property=\"og:image\" content=\"https:\/\/www.comosoft.eu\/wp-content\/uploads\/2016\/08\/IMG_9451_1.jpg\" \/>\n\t<meta property=\"og:image:width\" content=\"3146\" \/>\n\t<meta property=\"og:image:height\" content=\"2183\" \/>\n\t<meta property=\"og:image:type\" content=\"image\/jpeg\" \/>\n<meta name=\"twitter:card\" content=\"summary_large_image\" \/>\n<!-- \/ Yoast SEO plugin. -->","yoast_head_json":{"title":"Comosoft \u2013 Ihr Experte f\u00fcr Digitalisierung Ihrer Marketingprozesse","description":"Comosoft ist ein f\u00fchrender Anbieter f\u00fcr Multichannel-Software in den Bereichen Consumer Goods & Retail, Versandhandel & E-Commerce.","robots":{"index":"index","follow":"follow","max-snippet":"max-snippet:-1","max-image-preview":"max-image-preview:large","max-video-preview":"max-video-preview:-1"},"canonical":"https:\/\/www.comosoft.eu\/de\/unternehmen\/","og_locale":"de_DE","og_type":"article","og_title":"Comosoft \u2013 Ihr Experte f\u00fcr Digitalisierung Ihrer Marketingprozesse","og_description":"Comosoft ist ein f\u00fchrender Anbieter f\u00fcr Multichannel-Software in den Bereichen Consumer Goods & Retail, Versandhandel & E-Commerce.","og_url":"https:\/\/www.comosoft.eu\/de\/unternehmen\/","og_site_name":"comosoft.com","article_modified_time":"2025-09-30T09:39:46+00:00","og_image":[{"width":3146,"height":2183,"url":"https:\/\/www.comosoft.eu\/wp-content\/uploads\/2016\/08\/IMG_9451_1.jpg","type":"image\/jpeg"}],"twitter_card":"summary_large_image","schema":{"@context":"https:\/\/schema.org","@graph":[{"@type":"WebPage","@id":"https:\/\/www.comosoft.eu\/de\/unternehmen\/","url":"https:\/\/www.comosoft.eu\/de\/unternehmen\/","name":"Comosoft \u2013 Ihr Experte f\u00fcr Digitalisierung Ihrer Marketingprozesse","isPartOf":{"@id":"https:\/\/www.comosoft.eu\/de\/#website"},"primaryImageOfPage":{"@id":"https:\/\/www.comosoft.eu\/de\/unternehmen\/#primaryimage"},"image":{"@id":"https:\/\/www.comosoft.eu\/de\/unternehmen\/#primaryimage"},"thumbnailUrl":"https:\/\/www.comosoft.eu\/wp-content\/uploads\/2016\/08\/IMG_9451_1.jpg","datePublished":"2017-09-01T16:14:32+00:00","dateModified":"2025-09-30T09:39:46+00:00","description":"Comosoft ist ein f\u00fchrender Anbieter f\u00fcr Multichannel-Software in den Bereichen Consumer Goods & Retail, Versandhandel & E-Commerce.","breadcrumb":{"@id":"https:\/\/www.comosoft.eu\/de\/unternehmen\/#breadcrumb"},"inLanguage":"de-DE","potentialAction":[{"@type":"ReadAction","target":["https:\/\/www.comosoft.eu\/de\/unternehmen\/"]}]},{"@type":"ImageObject","inLanguage":"de-DE","@id":"https:\/\/www.comosoft.eu\/de\/unternehmen\/#primaryimage","url":"https:\/\/www.comosoft.eu\/wp-content\/uploads\/2016\/08\/IMG_9451_1.jpg","contentUrl":"https:\/\/www.comosoft.eu\/wp-content\/uploads\/2016\/08\/IMG_9451_1.jpg","width":3146,"height":2183,"caption":"Der Hauptsitz von Comosoft ist in Hamburg Alsterdorf."},{"@type":"BreadcrumbList","@id":"https:\/\/www.comosoft.eu\/de\/unternehmen\/#breadcrumb","itemListElement":[{"@type":"ListItem","position":1,"name":"Home","item":"https:\/\/www.comosoft.eu\/de\/multichannel-software-loesung-lago-von-comosoft\/"},{"@type":"ListItem","position":2,"name":"Unternehmen"}]},{"@type":"WebSite","@id":"https:\/\/www.comosoft.eu\/de\/#website","url":"https:\/\/www.comosoft.eu\/de\/","name":"Comosoft","description":"Multichannel Solutions","publisher":{"@id":"https:\/\/www.comosoft.eu\/de\/#organization"},"potentialAction":[{"@type":"SearchAction","target":{"@type":"EntryPoint","urlTemplate":"https:\/\/www.comosoft.eu\/de\/?s={search_term_string}"},"query-input":{"@type":"PropertyValueSpecification","valueRequired":true,"valueName":"search_term_string"}}],"inLanguage":"de-DE"},{"@type":"Organization","@id":"https:\/\/www.comosoft.eu\/de\/#organization","name":"Comosoft GmbH","alternateName":"Multichannel Solutions","url":"https:\/\/www.comosoft.eu\/de\/","logo":{"@type":"ImageObject","inLanguage":"de-DE","@id":"https:\/\/www.comosoft.eu\/de\/#\/schema\/logo\/image\/","url":"https:\/\/www.comosoft.eu\/wp-content\/uploads\/2021\/01\/Comosoft-Logo463.png","contentUrl":"https:\/\/www.comosoft.eu\/wp-content\/uploads\/2021\/01\/Comosoft-Logo463.png","width":1654,"height":337,"caption":"Comosoft GmbH"},"image":{"@id":"https:\/\/www.comosoft.eu\/de\/#\/schema\/logo\/image\/"},"sameAs":["https:\/\/de.linkedin.com\/company\/comosoft?original_referer=httpswww.google.com"]}]}},"_links":{"self":[{"href":"https:\/\/www.comosoft.eu\/de\/wp-json\/wp\/v2\/pages\/4988","targetHints":{"allow":["GET"]}}],"collection":[{"href":"https:\/\/www.comosoft.eu\/de\/wp-json\/wp\/v2\/pages"}],"about":[{"href":"https:\/\/www.comosoft.eu\/de\/wp-json\/wp\/v2\/types\/page"}],"author":[{"embeddable":true,"href":"https:\/\/www.comosoft.eu\/de\/wp-json\/wp\/v2\/users\/103"}],"replies":[{"embeddable":true,"href":"https:\/\/www.comosoft.eu\/de\/wp-json\/wp\/v2\/comments?post=4988"}],"version-history":[{"count":20,"href":"https:\/\/www.comosoft.eu\/de\/wp-json\/wp\/v2\/pages\/4988\/revisions"}],"predecessor-version":[{"id":48075,"href":"https:\/\/www.comosoft.eu\/de\/wp-json\/wp\/v2\/pages\/4988\/revisions\/48075"}],"wp:featuredmedia":[{"embeddable":true,"href":"https:\/\/www.comosoft.eu\/de\/wp-json\/wp\/v2\/media\/7592"}],"wp:attachment":[{"href":"https:\/\/www.comosoft.eu\/de\/wp-json\/wp\/v2\/media?parent=4988"}],"curies":[{"name":"wp","href":"https:\/\/api.w.org\/{rel}","templated":true}]}}