{"id":48744,"date":"2025-07-01T13:55:49","date_gmt":"2025-07-01T11:55:49","guid":{"rendered":"https:\/\/www.comosoft.eu\/?page_id=48744"},"modified":"2025-07-08T12:25:36","modified_gmt":"2025-07-08T10:25:36","slug":"ki-fuer-omnichannel-commerce-intelligente-prozesse-fuer-ihre-produktdaten","status":"publish","type":"page","link":"https:\/\/www.comosoft.eu\/de\/ki-fuer-omnichannel-commerce-intelligente-prozesse-fuer-ihre-produktdaten\/","title":{"rendered":"KI f\u00fcr Omnichannel Commerce \u2013 Intelligente Prozesse f\u00fcr Ihre Produktdaten"},"content":{"rendered":"<div class=\"wpb-content-wrapper\"><p>[vc_row row_height_percent=&#8221;0&#8243; overlay_alpha=&#8221;50&#8243; gutter_size=&#8221;3&#8243; column_width_percent=&#8221;100&#8243; shift_y=&#8221;0&#8243; z_index=&#8221;0&#8243; content_parallax=&#8221;0&#8243; uncode_shortcode_id=&#8221;754403&#8243;][vc_column width=&#8221;1\/1&#8243;][vc_column_text uncode_shortcode_id=&#8221;139221&#8243;]<\/p>\n<h1>Gewinne mit KI maximieren: Optimierte Produkt- und Angebotsauswahl<\/h1>\n<p>[\/vc_column_text][vc_row_inner][vc_column_inner width=&#8221;2\/3&#8243;][vc_column_text uncode_shortcode_id=&#8221;509359&#8243;]K\u00fcnstliche Intelligenz ver\u00e4ndert die Art, wie Unternehmen Produkte anbieten und Kundenbed\u00fcrfnisse erf\u00fcllen. Durch datenbasierte Analysen und intelligente Algorithmen hilft KI dabei, die richtige Produkt- und Angebotsauswahl zur richtigen Zeit bereitzustellen \u2013 kanal\u00fcbergreifend und individuell auf Ihre Zielgruppe abgestimmt. <strong>Das Ergebnis: h\u00f6here Conversion Rates, geringere Streuverluste und messbar mehr Gewinn.<\/strong>[\/vc_column_text][\/vc_column_inner][vc_column_inner column_width_percent=&#8221;100&#8243; gutter_size=&#8221;3&#8243; style=&#8221;dark&#8221; back_color=&#8221;color-nhtu&#8221; overlay_alpha=&#8221;50&#8243; shift_x=&#8221;0&#8243; shift_y=&#8221;0&#8243; shift_y_down=&#8221;0&#8243; z_index=&#8221;0&#8243; medium_width=&#8221;0&#8243; mobile_width=&#8221;0&#8243; width=&#8221;1\/3&#8243; uncode_shortcode_id=&#8221;440724&#8243; back_color_type=&#8221;uncode-palette&#8221;][vc_column_text text_color=&#8221;color-xsdn&#8221; uncode_shortcode_id=&#8221;878354&#8243; text_color_type=&#8221;uncode-palette&#8221;]Mit KI-gest\u00fctzter Software optimieren Sie PIM, DAM, Workflows und die Zusammenarbeit Ihrer Teams \u2013 kanal\u00fcbergreifend, effizient und zukunftssicher.[\/vc_column_text][\/vc_column_inner][\/vc_row_inner][\/vc_column][\/vc_row][vc_row][vc_column width=&#8221;1\/2&#8243;][vc_single_image media=&#8221;48907&#8243; media_width_percent=&#8221;100&#8243; uncode_shortcode_id=&#8221;210637&#8243;][\/vc_column][vc_column width=&#8221;1\/2&#8243;][vc_column_text uncode_shortcode_id=&#8221;599955&#8243;]<\/p>\n<h3>Wie verbessert k\u00fcnstliche Intelligenz die Datenqualit\u00e4t im PIM und DAM?<\/h3>\n<p>Die in LAGO integrierte KI unterst\u00fctzt bei der Erstellung von Metadaten, (Bilderbeschreibungs-)Texte sowie \u00dcbersetzungen der Assets. Die Textvorschl\u00e4ge k\u00f6nnen automatisch kanal\u00fcbergreifend und in Echtzeit \u00fcbernommen werden, was viel Zeit und Fehler-Anf\u00e4lligkeiten erspart.<\/p>\n<h3>Welche Rolle spielt KI im Workflow-Management?<\/h3>\n<p>K\u00fcnstliche Intelligenz identifiziert wiederkehrende Muster, optimiert die Produktverplanung und erm\u00f6glicht ein effizienteres Verfahren der Prozesse.<\/p>\n<h3>Wie profitieren Unternehmen von KI-gest\u00fctzter Technologie?<\/h3>\n<p>Durch intelligente Prognose-Modelle k\u00f6nnen Unternehmen besser und schneller auf Trends reagieren um die Produktverplanung zu optimieren.[\/vc_column_text][\/vc_column][\/vc_row][vc_row][vc_column width=&#8221;1\/1&#8243;][vc_row_inner row_inner_height_percent=&#8221;0&#8243; overlay_alpha=&#8221;50&#8243; gutter_size=&#8221;3&#8243; shift_y=&#8221;0&#8243; z_index=&#8221;0&#8243; uncode_shortcode_id=&#8221;170637&#8243;][vc_column_inner column_width_percent=&#8221;100&#8243; position_vertical=&#8221;middle&#8221; gutter_size=&#8221;3&#8243; overlay_alpha=&#8221;50&#8243; shift_x=&#8221;0&#8243; shift_y=&#8221;0&#8243; shift_y_down=&#8221;0&#8243; z_index=&#8221;0&#8243; medium_width=&#8221;0&#8243; mobile_width=&#8221;0&#8243; width=&#8221;1\/2&#8243; uncode_shortcode_id=&#8221;200461&#8243;][vc_column_text uncode_shortcode_id=&#8221;160395&#8243;]<\/p>\n<p class=\"\" data-start=\"382\" data-end=\"756\">Im hart umk\u00e4mpften Lebensmitteleinzelhandel entscheidet die richtige Sortiments- und Angebotsstrategie \u00fcber Marge, Kundenbindung und Wettbewerbsf\u00e4higkeit. K\u00fcnstliche Intelligenz analysiert Verkaufsdaten, saisonale Trends, regionale Pr\u00e4ferenzen und Aktionshistorien in Echtzeit \u2013 und liefert fundierte Empfehlungen zur Sortimentsoptimierung und gezielten Promotion-Planung.<\/p>\n<p class=\"\" data-start=\"758\" data-end=\"1008\">So platzieren Sie die richtigen Produkte zur richtigen Zeit am richtigen Ort \u2013 automatisiert, datengetrieben und gewinnorientiert. Mit KI steigern Sie nicht nur Ihre Ums\u00e4tze, sondern reduzieren auch Abschriften und vermeiden Out-of-Stock-Situationen.<\/p>\n<p>[\/vc_column_text][\/vc_column_inner][vc_column_inner column_width_percent=&#8221;100&#8243; position_vertical=&#8221;middle&#8221; gutter_size=&#8221;3&#8243; style=&#8221;dark&#8221; back_color=&#8221;color-nhtu&#8221; overlay_alpha=&#8221;50&#8243; shift_x=&#8221;0&#8243; shift_y=&#8221;0&#8243; shift_y_down=&#8221;0&#8243; z_index=&#8221;0&#8243; medium_width=&#8221;0&#8243; mobile_width=&#8221;0&#8243; width=&#8221;1\/2&#8243; uncode_shortcode_id=&#8221;618303&#8243; back_color_type=&#8221;uncode-palette&#8221;][vc_column_text text_color=&#8221;color-xsdn&#8221; uncode_shortcode_id=&#8221;188451&#8243; text_color_type=&#8221;uncode-palette&#8221;]LAGO arbeitet mit DecaSIM zusammen, um ein Prognosemodell zu erstellen, das Kundenreaktionen auf verschiedene Werbestrategien simulieren kann.[\/vc_column_text][\/vc_column_inner][\/vc_row_inner][vc_column_text uncode_shortcode_id=&#8221;865978&#8243;]Diese innovative KI-Technologie identifiziert geschickt die Promotions, die bei preisbewussten Kunden am besten ankommen, und sorgt so f\u00fcr h\u00f6here Ums\u00e4tze, mehr Engagement und gesteigerte Gewinne f\u00fcr die Einzelhandelspartner.<\/p>\n<p>Dies ist besonders wichtig f\u00fcr Werbe- und Marketingleiter in der Planungsphase einer Kampagne. Die <a href=\"https:\/\/www.comosoft.eu\/de\/software-loesungen\/marketing-automatisierung\/\">Whiteboarding<\/a>-Funktion von LAGO gibt ihnen bereits einen \u00dcberblick dar\u00fcber, welche Produkte auf der Grundlage von Kriterien wie regionale Verf\u00fcgbarkeit, Gewinnspanne und Verkaufshistorie besonders hervorgehoben werden sollten. Mit der Hinzunahme von DecaSIM-Daten erhalten sie auch zuverl\u00e4ssige Indikatoren daf\u00fcr, was die Kunden mit gr\u00f6\u00dferer Wahrscheinlichkeit kaufen werden, einschlie\u00dflich ihrer Vorlieben f\u00fcr verwandte oder alternative Produkte.[\/vc_column_text][vc_row_inner row_inner_height_percent=&#8221;0&#8243; overlay_alpha=&#8221;50&#8243; equal_height=&#8221;yes&#8221; gutter_size=&#8221;3&#8243; shift_y=&#8221;0&#8243; z_index=&#8221;0&#8243; uncode_shortcode_id=&#8221;185812&#8243;][vc_column_inner column_width_percent=&#8221;100&#8243; position_vertical=&#8221;middle&#8221; gutter_size=&#8221;3&#8243; overlay_alpha=&#8221;50&#8243; shift_x=&#8221;0&#8243; shift_y=&#8221;0&#8243; shift_y_down=&#8221;0&#8243; z_index=&#8221;0&#8243; medium_width=&#8221;0&#8243; mobile_width=&#8221;0&#8243; width=&#8221;1\/2&#8243; uncode_shortcode_id=&#8221;200461&#8243;][vc_column_text uncode_shortcode_id=&#8221;142214&#8243;]<\/p>\n<blockquote><p><strong>K\u00fcnstliche Intelligenz macht Werbemittel im LEH pr\u00e4ziser, effizienter und profitabler \u2013 datenbasiert, lernf\u00e4hig und kundenzentriert.<\/strong><\/p><\/blockquote>\n<p>[\/vc_column_text][\/vc_column_inner][vc_column_inner column_width_percent=&#8221;100&#8243; position_vertical=&#8221;middle&#8221; gutter_size=&#8221;3&#8243; overlay_alpha=&#8221;50&#8243; shift_x=&#8221;0&#8243; shift_y=&#8221;0&#8243; shift_y_down=&#8221;0&#8243; z_index=&#8221;0&#8243; medium_width=&#8221;0&#8243; mobile_width=&#8221;0&#8243; width=&#8221;1\/2&#8243; uncode_shortcode_id=&#8221;407154&#8243;][uncode_counter value=&#8221;8&#8243; prefix=&#8221;+&#8221; counter_color=&#8221;accent&#8221; size=&#8221;fontsize-148062&#8243; weight=&#8221;400&#8243; text=&#8221;Der KI-basierte Planungsansatz f\u00fchrte zu einer Steigerung des w\u00f6chentlichen Umsatzes und zu einem Gewinnwachstum von acht Prozent (EBITA).&#8221; uncode_shortcode_id=&#8221;564055&#8243; suffix=&#8221;%&#8221; counter_color_type=&#8221;uncode-palette&#8221;][\/vc_column_inner][\/vc_row_inner][uncode_list icon=&#8221;fa fa-check2&#8243; icon_color=&#8221;accent&#8221; uncode_shortcode_id=&#8221;397280&#8243; icon_color_type=&#8221;uncode-palette&#8221;]<\/p>\n<h2>Vorteile von LAGO mit KI-gest\u00fctzter Technologie<\/h2>\n<ul>\n<li style=\"list-style-type: none;\">\n<ul>\n<li><strong>H\u00f6here Conversion-Rates: <\/strong>Relevante Angebote f\u00fchren zu mehr K\u00e4ufen und h\u00f6heren Aktionsums\u00e4tzen<\/li>\n<li><strong>Bessere Aktionsplanung: <\/strong>Vorhersage von Aktionswirksamkeit je nach Region, Saison und Zielgruppe<\/li>\n<li><strong>Reduzierung von Streuverlusten: <\/strong>Werbemittel erreichen nur die Kunden, f\u00fcr die sie wirklich relevant sind<\/li>\n<li><strong>Automatisierte Zielgruppensegmentierung: <\/strong>KI erkennt Muster in Kunden- und Kassendaten und erstellt dynamische Zielgruppen<\/li>\n<li><strong>Fr\u00fchzeitige Erkennung von Trends: <\/strong>KI identifiziert neue Nachfragesignale, bevor sie in den Zahlen sichtbar werden<\/li>\n<li><strong>Reduzierung von \u00dcber- und Unterbevorratung: <\/strong>Bessere Nachfrageprognosen f\u00fcr beworbene Artikel minimieren Lagerverluste<\/li>\n<li><strong>Kontinuierliche Lern- und Verbesserungsf\u00e4higkeit: <\/strong>Das Modell passt sich mit jeder Kampagne weiter an und wird pr\u00e4ziser<\/li>\n<li><strong>360\u00b0-Analyse von Kampagnenerfolg: <\/strong>R\u00fcckverfolgung der Wirkung von Werbemitteln bis auf Einzelproduktebene<\/li>\n<\/ul>\n<\/li>\n<\/ul>\n<p>[\/uncode_list][vc_column_text uncode_shortcode_id=&#8221;197972&#8243;]<\/p>\n<p data-pm-slice=\"0 0 []\">Das <a class=\"cursor-init\" href=\"https:\/\/www.comosoft.us\/lago\/software-solutions\/direct-individualized-marketing-system\/\">Datenpersonalisierungspotenzial<\/a> von LAGO kann Kundendaten (Adressen, Empfehlungen und Kaufverhalten) mit Produktinformationen und Bildern kombinieren und die Ergebnisse auf jedem digitalen Kanal ausgeben.<\/p>\n<p>[\/vc_column_text][\/vc_column][\/vc_row][vc_row row_height_percent=&#8221;0&#8243; back_color=&#8221;color-lxmt&#8221; overlay_alpha=&#8221;50&#8243; gutter_size=&#8221;3&#8243; column_width_percent=&#8221;100&#8243; shift_y=&#8221;0&#8243; z_index=&#8221;0&#8243; uncode_shortcode_id=&#8221;118728&#8243; back_color_type=&#8221;uncode-palette&#8221;][vc_column width=&#8221;1\/1&#8243;][vc_column_text uncode_shortcode_id=&#8221;165286&#8243;]<\/p>\n<h3>Die ganze KI-Omnichannel Commerce Fallstudie hier zum Download!<\/h3>\n<p>F\u00fcllen Sie das Kontaktformular aus und Sie erhalten eine E-Mail mit dem Link zum Download der Fallstudie. Wenn Sie keine E-Mail von uns erhalten, \u00fcberpr\u00fcfen Sie bitte Ihren Spam-Ordner.[\/vc_column_text][vc_row_inner][vc_column_inner width=&#8221;1\/4&#8243;][vc_single_image media=&#8221;48983&#8243; media_width_percent=&#8221;100&#8243; uncode_shortcode_id=&#8221;101638&#8243;][\/vc_column_inner][vc_column_inner width=&#8221;3\/4&#8243;]\n<div class=\"wpcf7 no-js\" id=\"wpcf7-f45472-o1\" lang=\"en-GB\" dir=\"ltr\" data-wpcf7-id=\"45472\">\n<div class=\"screen-reader-response\"><p role=\"status\" aria-live=\"polite\" aria-atomic=\"true\"><\/p> <ul><\/ul><\/div>\n<form action=\"\/de\/wp-json\/wp\/v2\/pages\/48744#wpcf7-f45472-o1\" method=\"post\" class=\"wpcf7-form init\" aria-label=\"Contact form\" novalidate=\"novalidate\" data-status=\"init\">\n<fieldset class=\"hidden-fields-container\"><input type=\"hidden\" name=\"_wpcf7\" value=\"45472\" \/><input type=\"hidden\" name=\"_wpcf7_version\" value=\"6.1.5\" \/><input type=\"hidden\" name=\"_wpcf7_locale\" value=\"en_GB\" \/><input type=\"hidden\" name=\"_wpcf7_unit_tag\" value=\"wpcf7-f45472-o1\" \/><input type=\"hidden\" name=\"_wpcf7_container_post\" value=\"0\" \/><input type=\"hidden\" name=\"_wpcf7_posted_data_hash\" value=\"\" \/>\n<\/fieldset>\n<p><label> Name<br \/>\n<span class=\"wpcf7-form-control-wrap\" data-name=\"your-name\"><input size=\"40\" maxlength=\"400\" class=\"wpcf7-form-control wpcf7-text wpcf7-validates-as-required\" autocomplete=\"name\" aria-required=\"true\" aria-invalid=\"false\" value=\"\" type=\"text\" name=\"your-name\" \/><\/span> <\/label>\n<\/p>\n<p><label> E-Mail<br \/>\n<span class=\"wpcf7-form-control-wrap\" data-name=\"your-email\"><input size=\"40\" maxlength=\"400\" class=\"wpcf7-form-control wpcf7-email wpcf7-validates-as-required wpcf7-text wpcf7-validates-as-email\" autocomplete=\"email\" aria-required=\"true\" aria-invalid=\"false\" value=\"\" type=\"email\" name=\"your-email\" \/><\/span> <\/label>\n<\/p>\n<div>\n\t<p>Ihre Daten aus dem Kontaktformular werden zur Beantwortung Ihrer Anfrage erhoben und verarbeitet. Detaillierte Informationen zum Umgang mit Nutzerdaten finden Sie in unserer\u00a0<a href=\"https:\/\/www.comosoft.eu\/de\/datenschutz\/\">Datenschutzerkl\u00e4rung<\/a>.\n\t<\/p>\n<\/div>\n<p><span id=\"wpcf7-69de7c698f1ea-wrapper\" class=\"wpcf7-form-control-wrap website-162-wrap\" ><label for=\"wpcf7-69de7c698f1ea-field\" class=\"hp-message\">Please leave this field empty.<\/label><input id=\"wpcf7-69de7c698f1ea-field\"  class=\"wpcf7-form-control wpcf7-text\" type=\"text\" name=\"website-162\" value=\"\" size=\"40\" tabindex=\"-1\" autocomplete=\"new-password\" \/><\/span><br \/>\n<span id=\"wpcf7-69de7c698f29c-wrapper\" class=\"wpcf7-form-control-wrap email-162-wrap\" ><label for=\"wpcf7-69de7c698f29c-field\" class=\"hp-message\">Please leave this field empty.<\/label><input id=\"wpcf7-69de7c698f29c-field\"  class=\"wpcf7-form-control wpcf7-text\" type=\"text\" name=\"email-162\" value=\"\" size=\"40\" tabindex=\"-1\" autocomplete=\"new-password\" \/><\/span>\n<\/p>\n<p><input class=\"wpcf7-form-control wpcf7-submit has-spinner\" type=\"submit\" value=\"Senden\" \/>\n<\/p><div class=\"wpcf7-response-output\" aria-hidden=\"true\"><\/div>\n<\/form>\n<\/div>\n[\/vc_column_inner][\/vc_row_inner][\/vc_column][\/vc_row]<\/p>\n<\/div>","protected":false},"excerpt":{"rendered":"<p>[vc_row row_height_percent=&#8221;0&#8243; overlay_alpha=&#8221;50&#8243; gutter_size=&#8221;3&#8243; column_width_percent=&#8221;100&#8243; shift_y=&#8221;0&#8243; z_index=&#8221;0&#8243; content_parallax=&#8221;0&#8243; uncode_shortcode_id=&#8221;754403&#8243;][vc_column width=&#8221;1\/1&#8243;][vc_column_text uncode_shortcode_id=&#8221;139221&#8243;] Gewinne mit KI maximieren: Optimierte Produkt- und Angebotsauswahl [\/vc_column_text][vc_row_inner][vc_column_inner [&hellip;]<\/p>\n","protected":false},"author":103,"featured_media":0,"parent":0,"menu_order":0,"comment_status":"closed","ping_status":"closed","template":"","meta":{"footnotes":""},"class_list":["post-48744","page","type-page","status-publish","hentry"],"yoast_head":"<!-- This site is optimized with the Yoast SEO plugin v27.3 - https:\/\/yoast.com\/product\/yoast-seo-wordpress\/ -->\n<title>KI f\u00fcr Omnichannel Commerce<\/title>\n<meta name=\"description\" content=\"Durch datenbasierte Analysen und intelligente Algorithmen hilft KI, die richtige Produkt- und Angebotsauswahl bereitzustellen.\" \/>\n<meta name=\"robots\" content=\"index, follow, max-snippet:-1, max-image-preview:large, max-video-preview:-1\" \/>\n<link rel=\"canonical\" href=\"https:\/\/www.comosoft.eu\/de\/ki-fuer-omnichannel-commerce-intelligente-prozesse-fuer-ihre-produktdaten\/\" \/>\n<meta property=\"og:locale\" content=\"de_DE\" \/>\n<meta property=\"og:type\" content=\"article\" \/>\n<meta property=\"og:title\" content=\"KI f\u00fcr Omnichannel Commerce\" \/>\n<meta property=\"og:description\" content=\"Durch datenbasierte Analysen und intelligente Algorithmen hilft KI, die richtige Produkt- und Angebotsauswahl bereitzustellen.\" \/>\n<meta property=\"og:url\" content=\"https:\/\/www.comosoft.eu\/de\/ki-fuer-omnichannel-commerce-intelligente-prozesse-fuer-ihre-produktdaten\/\" \/>\n<meta property=\"og:site_name\" content=\"comosoft.com\" \/>\n<meta property=\"article:modified_time\" content=\"2025-07-08T10:25:36+00:00\" \/>\n<meta property=\"og:image\" content=\"https:\/\/www.comosoft.eu\/wp-content\/uploads\/2021\/01\/Digital-publishing.jpg\" \/>\n\t<meta property=\"og:image:width\" content=\"2000\" \/>\n\t<meta property=\"og:image:height\" content=\"1334\" \/>\n\t<meta property=\"og:image:type\" content=\"image\/jpeg\" \/>\n<meta name=\"twitter:card\" content=\"summary_large_image\" \/>\n<!-- \/ Yoast SEO plugin. -->","yoast_head_json":{"title":"KI f\u00fcr Omnichannel Commerce","description":"Durch datenbasierte Analysen und intelligente Algorithmen hilft KI, die richtige Produkt- und Angebotsauswahl bereitzustellen.","robots":{"index":"index","follow":"follow","max-snippet":"max-snippet:-1","max-image-preview":"max-image-preview:large","max-video-preview":"max-video-preview:-1"},"canonical":"https:\/\/www.comosoft.eu\/de\/ki-fuer-omnichannel-commerce-intelligente-prozesse-fuer-ihre-produktdaten\/","og_locale":"de_DE","og_type":"article","og_title":"KI f\u00fcr Omnichannel Commerce","og_description":"Durch datenbasierte Analysen und intelligente Algorithmen hilft KI, die richtige Produkt- und Angebotsauswahl bereitzustellen.","og_url":"https:\/\/www.comosoft.eu\/de\/ki-fuer-omnichannel-commerce-intelligente-prozesse-fuer-ihre-produktdaten\/","og_site_name":"comosoft.com","article_modified_time":"2025-07-08T10:25:36+00:00","og_image":[{"width":2000,"height":1334,"url":"https:\/\/www.comosoft.eu\/wp-content\/uploads\/2021\/01\/Digital-publishing.jpg","type":"image\/jpeg"}],"twitter_card":"summary_large_image","schema":{"@context":"https:\/\/schema.org","@graph":[{"@type":"WebPage","@id":"https:\/\/www.comosoft.eu\/de\/ki-fuer-omnichannel-commerce-intelligente-prozesse-fuer-ihre-produktdaten\/","url":"https:\/\/www.comosoft.eu\/de\/ki-fuer-omnichannel-commerce-intelligente-prozesse-fuer-ihre-produktdaten\/","name":"KI f\u00fcr Omnichannel Commerce","isPartOf":{"@id":"https:\/\/www.comosoft.eu\/de\/#website"},"datePublished":"2025-07-01T11:55:49+00:00","dateModified":"2025-07-08T10:25:36+00:00","description":"Durch datenbasierte Analysen und intelligente Algorithmen hilft KI, die richtige Produkt- und Angebotsauswahl bereitzustellen.","breadcrumb":{"@id":"https:\/\/www.comosoft.eu\/de\/ki-fuer-omnichannel-commerce-intelligente-prozesse-fuer-ihre-produktdaten\/#breadcrumb"},"inLanguage":"de-DE","potentialAction":[{"@type":"ReadAction","target":["https:\/\/www.comosoft.eu\/de\/ki-fuer-omnichannel-commerce-intelligente-prozesse-fuer-ihre-produktdaten\/"]}]},{"@type":"BreadcrumbList","@id":"https:\/\/www.comosoft.eu\/de\/ki-fuer-omnichannel-commerce-intelligente-prozesse-fuer-ihre-produktdaten\/#breadcrumb","itemListElement":[{"@type":"ListItem","position":1,"name":"Home","item":"https:\/\/www.comosoft.eu\/de\/multichannel-software-loesung-lago-von-comosoft\/"},{"@type":"ListItem","position":2,"name":"KI f\u00fcr Omnichannel Commerce \u2013 Intelligente Prozesse f\u00fcr Ihre Produktdaten"}]},{"@type":"WebSite","@id":"https:\/\/www.comosoft.eu\/de\/#website","url":"https:\/\/www.comosoft.eu\/de\/","name":"Comosoft","description":"Multichannel Solutions","publisher":{"@id":"https:\/\/www.comosoft.eu\/de\/#organization"},"potentialAction":[{"@type":"SearchAction","target":{"@type":"EntryPoint","urlTemplate":"https:\/\/www.comosoft.eu\/de\/?s={search_term_string}"},"query-input":{"@type":"PropertyValueSpecification","valueRequired":true,"valueName":"search_term_string"}}],"inLanguage":"de-DE"},{"@type":"Organization","@id":"https:\/\/www.comosoft.eu\/de\/#organization","name":"Comosoft GmbH","alternateName":"Multichannel Solutions","url":"https:\/\/www.comosoft.eu\/de\/","logo":{"@type":"ImageObject","inLanguage":"de-DE","@id":"https:\/\/www.comosoft.eu\/de\/#\/schema\/logo\/image\/","url":"https:\/\/www.comosoft.eu\/wp-content\/uploads\/2021\/01\/Comosoft-Logo463.png","contentUrl":"https:\/\/www.comosoft.eu\/wp-content\/uploads\/2021\/01\/Comosoft-Logo463.png","width":1654,"height":337,"caption":"Comosoft GmbH"},"image":{"@id":"https:\/\/www.comosoft.eu\/de\/#\/schema\/logo\/image\/"},"sameAs":["https:\/\/de.linkedin.com\/company\/comosoft?original_referer=httpswww.google.com"]}]}},"_links":{"self":[{"href":"https:\/\/www.comosoft.eu\/de\/wp-json\/wp\/v2\/pages\/48744","targetHints":{"allow":["GET"]}}],"collection":[{"href":"https:\/\/www.comosoft.eu\/de\/wp-json\/wp\/v2\/pages"}],"about":[{"href":"https:\/\/www.comosoft.eu\/de\/wp-json\/wp\/v2\/types\/page"}],"author":[{"embeddable":true,"href":"https:\/\/www.comosoft.eu\/de\/wp-json\/wp\/v2\/users\/103"}],"replies":[{"embeddable":true,"href":"https:\/\/www.comosoft.eu\/de\/wp-json\/wp\/v2\/comments?post=48744"}],"version-history":[{"count":25,"href":"https:\/\/www.comosoft.eu\/de\/wp-json\/wp\/v2\/pages\/48744\/revisions"}],"predecessor-version":[{"id":49089,"href":"https:\/\/www.comosoft.eu\/de\/wp-json\/wp\/v2\/pages\/48744\/revisions\/49089"}],"wp:attachment":[{"href":"https:\/\/www.comosoft.eu\/de\/wp-json\/wp\/v2\/media?parent=48744"}],"curies":[{"name":"wp","href":"https:\/\/api.w.org\/{rel}","templated":true}]}}