{"id":4134,"date":"2017-08-17T17:45:03","date_gmt":"2017-08-17T15:45:03","guid":{"rendered":"https:\/\/www.comosoft.com\/?page_id=4134\/"},"modified":"2025-11-12T12:45:12","modified_gmt":"2025-11-12T11:45:12","slug":"agenturen","status":"publish","type":"page","link":"https:\/\/www.comosoft.eu\/de\/branchen\/agenturen\/","title":{"rendered":"Agenturen"},"content":{"rendered":"<div class=\"wpb-content-wrapper\"><p>[vc_row][vc_column width=&#8221;1\/1&#8243;][vc_column_text text_lead=&#8221;yes&#8221; uncode_shortcode_id=&#8221;662817&#8243;]<\/p>\n<h2><b>Kreation trifft auf Technologie <\/b><\/h2>\n<p>Auch Agenturen stehen vor der Herausforderung, sich den <a href=\"https:\/\/www.comosoft.eu\/de\/software-loesungen\/multichannel-loesung\/\">Multichannel-Anforderungen<\/a> ihrer Kunden im Zuge der erh\u00f6hten Aufmerksamkeit auf die digitale Transformation tagt\u00e4glich zu stellen.<\/p>\n<p>Der Druck seitens der Kunden wird signifikanter, weil auch diese sich den ver\u00e4nderten Rahmenbedingungen stellen m\u00fcssen: Die <strong>Zahl der Kommunikationskan\u00e4le<\/strong> nimmt zu, Kampagnen m\u00fcssen f\u00fcr <strong>mehrere Vertriebskan\u00e4le geplant<\/strong> und aufeinander abgestimmt werden, Budgets erhalten einen gr\u00f6\u00dferen Verteiler und das Time2Market muss wesentlich schneller gehen.<\/p>\n<p>Um diesen Omnichannel-Anforderungen erfolgreich zu begegnen, ben\u00f6tigen auch Agenturen den <strong>richtigen Partner<\/strong> und eine technologische Grundlage. Die Software <a href=\"https:\/\/www.comosoft.eu\/de\/multichannel-software-lago\/\">LAGO<\/a> von Comosoft hilft nicht nur Handelsunternehmen, sondern auch Medienagenturen, diese Herausforderungen zu meistern. <a href=\"https:\/\/www.comosoft.eu\/de\/multichannel-software-lago\/\">LAGO<\/a> erm\u00f6glicht durch kurze Abstimmungswege zwischen Agentur und Kunde eine moderne Medienproduktion und wird so zum <strong>Erfolgsfaktor in der Werbekommunikation<\/strong>.[\/vc_column_text][vc_row_inner][vc_column_inner width=&#8221;1\/2&#8243;][vc_single_image media=&#8221;44482&#8243; media_width_percent=&#8221;100&#8243; uncode_shortcode_id=&#8221;638300&#8243;][\/vc_column_inner][vc_column_inner width=&#8221;1\/2&#8243;][uncode_list icon=&#8221;fa fa-check2&#8243; icon_color=&#8221;accent&#8221; uncode_shortcode_id=&#8221;648086&#8243; icon_color_type=&#8221;uncode-palette&#8221;]<\/p>\n<h3>Wie kann Comosoft Agenturen helfen?<\/h3>\n<h4>Optimierungspotenziale am Beispiel von Printmedien jeglicher Art<\/h4>\n<ul>\n<li>Bessere cross-funktionale Zusammenarbeit zwischen Agentur und Kunde entlang des gesamten Erstellungsprozesses<\/li>\n<li>Direkte Anbindung der Agentur zum Kunden (InDesign-Plugin)<\/li>\n<li>Bis zu 60 % Reduzierung der Aufw\u00e4nde \u2013 Konzentration auf die Kreativit\u00e4t<\/li>\n<li>Einzigartiger Print-Korrekturworkflow<\/li>\n<li>Einfache Verwaltung und Handling von Versionen\/Varianten<\/li>\n<li>Verk\u00fcrzung Time-to-Market um bis zu 30 %<\/li>\n<li>Grundlage f\u00fcr One-to-One-Kommunikationsma\u00dfnahmen<\/li>\n<li>100%ige Bi-Direktionalit\u00e4t zwischen Grafik-Programm und Datenbank<\/li>\n<\/ul>\n<p><strong>Unser Experten w\u00fcrden gerne noch mehr Potenziale aus Ihrer Medienproduktion holen!<\/strong>[\/uncode_list][\/vc_column_inner][\/vc_row_inner][\/vc_column][\/vc_row][vc_row row_height_percent=&#8221;0&#8243; overlay_alpha=&#8221;50&#8243; equal_height=&#8221;yes&#8221; gutter_size=&#8221;3&#8243; shift_y=&#8221;0&#8243;][vc_column column_width_percent=&#8221;100&#8243; align_horizontal=&#8221;align_center&#8221; gutter_size=&#8221;3&#8243; overlay_alpha=&#8221;50&#8243; shift_x=&#8221;0&#8243; shift_y=&#8221;0&#8243; z_index=&#8221;0&#8243; medium_width=&#8221;0&#8243; width=&#8221;1\/3&#8243; el_class=&#8221;.text-lead.text-top-reduced { margin: -50px 0px 0px 0px; margin-top: -50px; margin-right: 0px; margin-bottom: 0px; margin-left: 0px; }&#8221;][vc_icon display=&#8221;inline&#8221; icon=&#8221;fa fa-map5&#8243; icon_color=&#8221;accent&#8221; size=&#8221;fa-3x&#8221; heading_semantic=&#8221;h2&#8243; text_size=&#8221;fontsize-199810&#8243; text_height=&#8221;fontheight-129552&#8243; text_lead=&#8221;yes&#8221; text_reduced=&#8221;yes&#8221;]<\/p>\n<h2>PRINT<br \/>\n<span style=\"font-size: 85%;\">InDesign-Plugin<\/span><\/h2>\n<p><span class=\"font-762333\">Mit dem direkten Print-Plugin in Adobe InDesign wird Ihre datenbankgest\u00fctzte Produktion von Printwerbemitteln optimal unterst\u00fctzt.<\/span>[\/vc_icon][\/vc_column][vc_column column_width_percent=&#8221;100&#8243; align_horizontal=&#8221;align_center&#8221; gutter_size=&#8221;3&#8243; overlay_alpha=&#8221;50&#8243; shift_x=&#8221;0&#8243; shift_y=&#8221;0&#8243; z_index=&#8221;0&#8243; medium_width=&#8221;0&#8243; width=&#8221;1\/3&#8243;][vc_icon icon=&#8221;fa fa-arrow-shuffle&#8221; icon_color=&#8221;accent&#8221; size=&#8221;fa-3x&#8221; heading_semantic=&#8221;h2&#8243; text_size=&#8221;fontsize-199810&#8243; text_height=&#8221;fontheight-129552&#8243; text_lead=&#8221;yes&#8221; text_reduced=&#8221;yes&#8221;]<\/p>\n<h2>E-COMMERCE<br \/>\n<span style=\"font-size: 85%;\">Schnittstelle<\/span><\/h2>\n<p><span class=\"font-762333\">Ausleitung Ihrer Daten in den Webshop durch einfache Zuweisung der Produkte in die jeweiligen Kategorien.<\/span>[\/vc_icon][\/vc_column][\/vc_row][vc_row row_height_percent=&#8221;0&#8243; overlay_alpha=&#8221;50&#8243; equal_height=&#8221;yes&#8221; gutter_size=&#8221;3&#8243; shift_y=&#8221;0&#8243;][vc_column column_width_percent=&#8221;100&#8243; align_horizontal=&#8221;align_center&#8221; gutter_size=&#8221;3&#8243; overlay_alpha=&#8221;50&#8243; shift_x=&#8221;0&#8243; shift_y=&#8221;0&#8243; z_index=&#8221;0&#8243; medium_width=&#8221;0&#8243; width=&#8221;1\/3&#8243;][vc_icon icon=&#8221;fa fa-paper&#8221; icon_color=&#8221;accent&#8221; size=&#8221;fa-3x&#8221; heading_semantic=&#8221;h2&#8243; text_size=&#8221;fontsize-199810&#8243; text_height=&#8221;fontheight-681807&#8243; text_lead=&#8221;yes&#8221; text_reduced=&#8221;yes&#8221;]<\/p>\n<h2>E-PAPER<br \/>\n<span style=\"font-size: 85%;\">Marktpl\u00e4tze<\/span><\/h2>\n<p><span class=\"font-762333\">Nutzen Sie auch die Online-Version Ihres Katalogs und erm\u00f6glichen Sie Ihren Kunden digitales Bl\u00e4ttern im Online-Katalog auf der Website oder im Webshop.<\/span>[\/vc_icon][\/vc_column][vc_column column_width_percent=&#8221;100&#8243; align_horizontal=&#8221;align_center&#8221; gutter_size=&#8221;3&#8243; overlay_alpha=&#8221;50&#8243; shift_x=&#8221;0&#8243; shift_y=&#8221;0&#8243; z_index=&#8221;0&#8243; medium_width=&#8221;0&#8243; width=&#8221;1\/3&#8243;][vc_icon icon=&#8221;fa fa-connectdevelop&#8221; icon_color=&#8221;accent&#8221; size=&#8221;fa-3x&#8221; heading_semantic=&#8221;h2&#8243; text_size=&#8221;fontsize-199810&#8243; text_height=&#8221;fontheight-129552&#8243; text_lead=&#8221;yes&#8221; text_reduced=&#8221;yes&#8221;]<\/p>\n<h2>LAGO DIM<br \/>\n<span style=\"font-size: 85%;\">One-to-One <\/span><span style=\"font-size: 85%;\">Connector<\/span><\/h2>\n<p><span class=\"font-762333\">Unser LAGO DIM (Direct Individual Marketing) erm\u00f6glicht neben einem Web-to-Print-Ansatz auch die One-to-One-Kommunikation in Print- und Online-Kan\u00e4len.<\/span>[\/vc_icon][\/vc_column][vc_column column_width_percent=&#8221;100&#8243; align_horizontal=&#8221;align_center&#8221; gutter_size=&#8221;3&#8243; overlay_alpha=&#8221;50&#8243; shift_x=&#8221;0&#8243; shift_y=&#8221;0&#8243; z_index=&#8221;0&#8243; medium_width=&#8221;0&#8243; width=&#8221;1\/3&#8243;][vc_icon icon=&#8221;fa fa-file-text-o&#8221; icon_color=&#8221;accent&#8221; size=&#8221;fa-3x&#8221; heading_semantic=&#8221;h2&#8243; text_size=&#8221;fontsize-199810&#8243; text_height=&#8221;fontheight-129552&#8243; text_lead=&#8221;yes&#8221; text_reduced=&#8221;yes&#8221; uncode_shortcode_id=&#8221;102233&#8243; icon_color_type=&#8221;uncode-palette&#8221;]<\/p>\n<h2>E-CATALOG<br \/>\n<span style=\"font-size: 85%;\">Mobile<\/span><\/h2>\n<p><span class=\"font-762333\">Mit dem E-Catalog-Modul lassen sich Produktdaten in unterschiedlichen Standardformaten und Klassifikationen bereitstellen.<\/span>[\/vc_icon][\/vc_column][\/vc_row][vc_row row_height_percent=&#8221;0&#8243; overlay_alpha=&#8221;50&#8243; gutter_size=&#8221;3&#8243; shift_y=&#8221;0&#8243;][vc_column width=&#8221;1\/1&#8243;][uncode_block id=&#8221;16629&#8243;][\/vc_column][\/vc_row][vc_row row_height_percent=&#8221;0&#8243; override_padding=&#8221;yes&#8221; h_padding=&#8221;3&#8243; top_padding=&#8221;3&#8243; bottom_padding=&#8221;3&#8243; back_image=&#8221;163&#8243; parallax=&#8221;yes&#8221; overlay_color=&#8221;accent&#8221; overlay_alpha=&#8221;85&#8243; gutter_size=&#8221;0&#8243; shift_y=&#8221;0&#8243;][vc_column column_width_percent=&#8221;100&#8243; position_vertical=&#8221;middle&#8221; gutter_size=&#8221;3&#8243; style=&#8221;dark&#8221; overlay_alpha=&#8221;50&#8243; shift_x=&#8221;0&#8243; shift_y=&#8221;0&#8243; z_index=&#8221;0&#8243; medium_width=&#8221;0&#8243; width=&#8221;1\/1&#8243;][vc_column_text]<\/p>\n<h2 id=\"live-demo\"><span class=\"font-762333\"><span class=\"font-762333, fontsize-148062\">Vereinbaren Sie eine Live-Demo<\/span><\/span><\/h2>\n<p><strong>Neugierig geworden? Dann vereinbaren Sie jetzt eine LAGO Live-Demo.<\/strong>[\/vc_column_text][\/vc_column][\/vc_row][vc_row row_height_percent=&#8221;0&#8243; back_image=&#8221;2751&#8243; parallax=&#8221;yes&#8221; overlay_color=&#8221;color-lxmt&#8221; overlay_alpha=&#8221;76&#8243; gutter_size=&#8221;3&#8243; shift_y=&#8221;0&#8243;][vc_column column_width_percent=&#8221;100&#8243; gutter_size=&#8221;3&#8243; style=&#8221;light&#8221; overlay_alpha=&#8221;50&#8243; shift_x=&#8221;0&#8243; shift_y=&#8221;0&#8243; z_index=&#8221;0&#8243; medium_width=&#8221;0&#8243; width=&#8221;1\/1&#8243;][vc_row_inner row_inner_height_percent=&#8221;0&#8243; overlay_alpha=&#8221;50&#8243; equal_height=&#8221;yes&#8221; gutter_size=&#8221;3&#8243; shift_y=&#8221;0&#8243;][vc_column_inner column_width_percent=&#8221;100&#8243; gutter_size=&#8221;3&#8243; style=&#8221;light&#8221; overlay_alpha=&#8221;50&#8243; shift_x=&#8221;0&#8243; shift_y=&#8221;0&#8243; z_index=&#8221;0&#8243; medium_width=&#8221;0&#8243; width=&#8221;1\/1&#8243;]\n<div class=\"wpcf7 no-js\" id=\"wpcf7-f12090-o1\" lang=\"en-US\" dir=\"ltr\" data-wpcf7-id=\"12090\">\n<div class=\"screen-reader-response\"><p role=\"status\" aria-live=\"polite\" aria-atomic=\"true\"><\/p> <ul><\/ul><\/div>\n<form action=\"\/de\/wp-json\/wp\/v2\/pages\/4134#wpcf7-f12090-o1\" method=\"post\" class=\"wpcf7-form init\" aria-label=\"Contact form\" novalidate=\"novalidate\" data-status=\"init\">\n<fieldset class=\"hidden-fields-container\"><input type=\"hidden\" name=\"_wpcf7\" value=\"12090\" \/><input type=\"hidden\" name=\"_wpcf7_version\" value=\"6.1.5\" \/><input type=\"hidden\" name=\"_wpcf7_locale\" value=\"en_US\" \/><input type=\"hidden\" name=\"_wpcf7_unit_tag\" value=\"wpcf7-f12090-o1\" \/><input type=\"hidden\" name=\"_wpcf7_container_post\" value=\"0\" \/><input type=\"hidden\" name=\"_wpcf7_posted_data_hash\" value=\"\" \/>\n<\/fieldset>\n<style>\n.style-light input[type=\"text\"],\n.style-light input[type=\"email\"],\n.style-light textarea {\n border-color: #b2b2b2;\n}\nlabel {\n font-weight: bold;\n}\n<\/style>\n<div class=\"row\">\n\t<div class=\"row-inner\">\n\t\t<div class=\"col-lg-6\">\n\t\t\t<p><label> *Vorname<br \/>\n<span class=\"wpcf7-form-control-wrap\" data-name=\"your-firstname\"><input size=\"40\" maxlength=\"400\" class=\"wpcf7-form-control wpcf7-text wpcf7-validates-as-required\" aria-required=\"true\" aria-invalid=\"false\" value=\"\" type=\"text\" name=\"your-firstname\" \/><\/span> <\/label>\n\t\t\t<\/p>\n\t\t<\/div>\n\t\t<div class=\"col-lg-6\" style=\"padding-top: 0;\">\n\t\t\t<p><label> *Name<br \/>\n<span class=\"wpcf7-form-control-wrap\" data-name=\"your-name\"><input size=\"40\" maxlength=\"400\" class=\"wpcf7-form-control wpcf7-text wpcf7-validates-as-required\" aria-required=\"true\" aria-invalid=\"false\" value=\"\" type=\"text\" name=\"your-name\" \/><\/span> <\/label>\n\t\t\t<\/p>\n\t\t<\/div>\n\t<\/div>\n<\/div>\n<div class=\"row\">\n\t<div class=\"row-inner\">\n\t\t<div class=\"col-lg-6\">\n\t\t\t<p><label> *Firma<br \/>\n<span class=\"wpcf7-form-control-wrap\" data-name=\"your-company\"><input size=\"40\" maxlength=\"400\" class=\"wpcf7-form-control wpcf7-text wpcf7-validates-as-required\" aria-required=\"true\" aria-invalid=\"false\" value=\"\" type=\"text\" name=\"your-company\" \/><\/span> <\/label>\n\t\t\t<\/p>\n\t\t<\/div>\n\t\t<div class=\"col-lg-6\" style=\"padding-top: 0;\">\n\t\t\t<p><label> *E-Mail<br \/>\n<span class=\"wpcf7-form-control-wrap\" data-name=\"your-email\"><input size=\"40\" maxlength=\"400\" class=\"wpcf7-form-control wpcf7-email wpcf7-validates-as-required wpcf7-text wpcf7-validates-as-email\" aria-required=\"true\" aria-invalid=\"false\" value=\"\" type=\"email\" name=\"your-email\" \/><\/span> <\/label>\n\t\t\t<\/p>\n\t\t<\/div>\n\t<\/div>\n<\/div>\n<div class=\"row\">\n\t<div class=\"row-inner\">\n\t\t<div class=\"col-lg-12\">\n\t\t\t<p><label> Nachricht<br \/>\n<span class=\"wpcf7-form-control-wrap\" data-name=\"your-message\"><textarea cols=\"40\" rows=\"10\" maxlength=\"2000\" class=\"wpcf7-form-control wpcf7-textarea\" aria-invalid=\"false\" name=\"your-message\"><\/textarea><\/span> <\/label><br \/>\n<span id=\"wpcf7-69de23ea2bc30-wrapper\" class=\"wpcf7-form-control-wrap website-162-wrap\" ><label for=\"wpcf7-69de23ea2bc30-field\" class=\"hp-message\">Please leave this field empty.<\/label><input id=\"wpcf7-69de23ea2bc30-field\"  class=\"wpcf7-form-control wpcf7-text\" type=\"text\" name=\"website-162\" value=\"\" size=\"40\" tabindex=\"-1\" autocomplete=\"new-password\" \/><\/span><br \/>\n<span id=\"wpcf7-69de23ea2bcf0-wrapper\" class=\"wpcf7-form-control-wrap email-162-wrap\" ><label for=\"wpcf7-69de23ea2bcf0-field\" class=\"hp-message\">Please leave this field empty.<\/label><input id=\"wpcf7-69de23ea2bcf0-field\"  class=\"wpcf7-form-control wpcf7-text\" type=\"text\" name=\"email-162\" value=\"\" size=\"40\" tabindex=\"-1\" autocomplete=\"new-password\" \/><\/span>\n\t\t\t<\/p>\n\t\t\t<div>\n\t\t\t\t<p>Ihre Daten aus dem Kontaktformular werden zur Beantwortung Ihrer Anfrage erhoben und verarbeitet. Detaillierte Informationen zum Umgang mit Nutzerdaten finden Sie in unserer\u00a0<a href=\"https:\/\/www.comosoft.eu\/de\/datenschutz\/\">Datenschutzerkl\u00e4rung<\/a>.\n\t\t\t\t<\/p>\n\t\t\t<\/div>\n\t\t<\/div>\n\t<\/div>\n<\/div>\n<div class=\"row\">\n\t<div class=\"row-inner\">\n\t\t<div class=\"col-lg-12\">\n\t\t\t<p><input class=\"wpcf7-form-control wpcf7-submit has-spinner btn btn-accent\" type=\"submit\" value=\"Absenden\" \/>\n\t\t\t<\/p>\n\t\t<\/div>\n\t<\/div>\n<\/div>\n<p><script>\ndocument.addEventListener( 'wpcf7mailsent', function(e) {\n\tif ( '12090' == event.detail.contactFormId ) {\n gtag('event', 'submit', {\n 'event_category': 'Kontakt',\n 'event_label': 'Kontakt DE'\n })};\n}, false );\n<\/script>\n<\/p><div class=\"wpcf7-response-output\" aria-hidden=\"true\"><\/div>\n<\/form>\n<\/div>\n[\/vc_column_inner][\/vc_row_inner][\/vc_column][\/vc_row]<\/p>\n<\/div>","protected":false},"excerpt":{"rendered":"<p>[vc_row][vc_column width=&#8221;1\/1&#8243;][vc_column_text text_lead=&#8221;yes&#8221; uncode_shortcode_id=&#8221;662817&#8243;] Kreation trifft auf Technologie Auch Agenturen stehen vor der Herausforderung, sich den Multichannel-Anforderungen ihrer Kunden im [&hellip;]<\/p>\n","protected":false},"author":122,"featured_media":14353,"parent":4556,"menu_order":0,"comment_status":"closed","ping_status":"closed","template":"","meta":{"footnotes":""},"class_list":["post-4134","page","type-page","status-publish","has-post-thumbnail","hentry"],"yoast_head":"<!-- This site is optimized with the Yoast SEO plugin v27.3 - https:\/\/yoast.com\/product\/yoast-seo-wordpress\/ -->\n<title>Agenturen profitieren im Multichannel Marketing von LAGO \/ Comosoft<\/title>\n<meta name=\"description\" content=\"Multichannel ohne Mehraufwand: Mit LAGO erstellen Agenturen Kampagnen effizient f\u00fcr Print, Web, ePaper &amp; mehr. \u2794 Jetzt informieren\" \/>\n<meta name=\"robots\" content=\"index, follow, max-snippet:-1, max-image-preview:large, max-video-preview:-1\" \/>\n<link rel=\"canonical\" href=\"https:\/\/www.comosoft.eu\/de\/branchen\/agenturen\/\" \/>\n<meta property=\"og:locale\" content=\"de_DE\" \/>\n<meta property=\"og:type\" content=\"article\" \/>\n<meta property=\"og:title\" content=\"Agenturen profitieren im Multichannel Marketing von LAGO \/ Comosoft\" \/>\n<meta property=\"og:description\" content=\"Multichannel ohne Mehraufwand: Mit LAGO erstellen Agenturen Kampagnen effizient f\u00fcr Print, Web, ePaper &amp; mehr. \u2794 Jetzt informieren\" \/>\n<meta property=\"og:url\" content=\"https:\/\/www.comosoft.eu\/de\/branchen\/agenturen\/\" \/>\n<meta property=\"og:site_name\" content=\"comosoft.com\" \/>\n<meta property=\"article:modified_time\" content=\"2025-11-12T11:45:12+00:00\" \/>\n<meta property=\"og:image\" content=\"https:\/\/www.comosoft.eu\/wp-content\/uploads\/2020\/01\/Agencies_Comosoft_header.jpg\" \/>\n\t<meta property=\"og:image:width\" content=\"1920\" \/>\n\t<meta property=\"og:image:height\" content=\"500\" \/>\n\t<meta property=\"og:image:type\" content=\"image\/jpeg\" \/>\n<meta name=\"twitter:card\" content=\"summary_large_image\" \/>\n<!-- \/ Yoast SEO plugin. -->","yoast_head_json":{"title":"Agenturen profitieren im Multichannel Marketing von LAGO \/ Comosoft","description":"Multichannel ohne Mehraufwand: Mit LAGO erstellen Agenturen Kampagnen effizient f\u00fcr Print, Web, ePaper & mehr. \u2794 Jetzt informieren","robots":{"index":"index","follow":"follow","max-snippet":"max-snippet:-1","max-image-preview":"max-image-preview:large","max-video-preview":"max-video-preview:-1"},"canonical":"https:\/\/www.comosoft.eu\/de\/branchen\/agenturen\/","og_locale":"de_DE","og_type":"article","og_title":"Agenturen profitieren im Multichannel Marketing von LAGO \/ Comosoft","og_description":"Multichannel ohne Mehraufwand: Mit LAGO erstellen Agenturen Kampagnen effizient f\u00fcr Print, Web, ePaper & mehr. \u2794 Jetzt informieren","og_url":"https:\/\/www.comosoft.eu\/de\/branchen\/agenturen\/","og_site_name":"comosoft.com","article_modified_time":"2025-11-12T11:45:12+00:00","og_image":[{"width":1920,"height":500,"url":"https:\/\/www.comosoft.eu\/wp-content\/uploads\/2020\/01\/Agencies_Comosoft_header.jpg","type":"image\/jpeg"}],"twitter_card":"summary_large_image","schema":{"@context":"https:\/\/schema.org","@graph":[{"@type":"WebPage","@id":"https:\/\/www.comosoft.eu\/de\/branchen\/agenturen\/","url":"https:\/\/www.comosoft.eu\/de\/branchen\/agenturen\/","name":"Agenturen profitieren im Multichannel Marketing von LAGO \/ Comosoft","isPartOf":{"@id":"https:\/\/www.comosoft.eu\/de\/#website"},"primaryImageOfPage":{"@id":"https:\/\/www.comosoft.eu\/de\/branchen\/agenturen\/#primaryimage"},"image":{"@id":"https:\/\/www.comosoft.eu\/de\/branchen\/agenturen\/#primaryimage"},"thumbnailUrl":"https:\/\/www.comosoft.eu\/wp-content\/uploads\/2020\/01\/Agencies_Comosoft_header.jpg","datePublished":"2017-08-17T15:45:03+00:00","dateModified":"2025-11-12T11:45:12+00:00","description":"Multichannel ohne Mehraufwand: Mit LAGO erstellen Agenturen Kampagnen effizient f\u00fcr Print, Web, ePaper & mehr. \u2794 Jetzt informieren","breadcrumb":{"@id":"https:\/\/www.comosoft.eu\/de\/branchen\/agenturen\/#breadcrumb"},"inLanguage":"de-DE","potentialAction":[{"@type":"ReadAction","target":["https:\/\/www.comosoft.eu\/de\/branchen\/agenturen\/"]}]},{"@type":"ImageObject","inLanguage":"de-DE","@id":"https:\/\/www.comosoft.eu\/de\/branchen\/agenturen\/#primaryimage","url":"https:\/\/www.comosoft.eu\/wp-content\/uploads\/2020\/01\/Agencies_Comosoft_header.jpg","contentUrl":"https:\/\/www.comosoft.eu\/wp-content\/uploads\/2020\/01\/Agencies_Comosoft_header.jpg","width":1920,"height":500,"caption":"Moderner Schreibtisch mit Laptop in einem B\u00fcro"},{"@type":"BreadcrumbList","@id":"https:\/\/www.comosoft.eu\/de\/branchen\/agenturen\/#breadcrumb","itemListElement":[{"@type":"ListItem","position":1,"name":"Home","item":"https:\/\/www.comosoft.eu\/de\/multichannel-software-loesung-lago-von-comosoft\/"},{"@type":"ListItem","position":2,"name":"Branchen","item":"https:\/\/www.comosoft.eu\/de\/branchen\/"},{"@type":"ListItem","position":3,"name":"Agenturen"}]},{"@type":"WebSite","@id":"https:\/\/www.comosoft.eu\/de\/#website","url":"https:\/\/www.comosoft.eu\/de\/","name":"Comosoft","description":"Multichannel Solutions","publisher":{"@id":"https:\/\/www.comosoft.eu\/de\/#organization"},"potentialAction":[{"@type":"SearchAction","target":{"@type":"EntryPoint","urlTemplate":"https:\/\/www.comosoft.eu\/de\/?s={search_term_string}"},"query-input":{"@type":"PropertyValueSpecification","valueRequired":true,"valueName":"search_term_string"}}],"inLanguage":"de-DE"},{"@type":"Organization","@id":"https:\/\/www.comosoft.eu\/de\/#organization","name":"Comosoft GmbH","alternateName":"Multichannel Solutions","url":"https:\/\/www.comosoft.eu\/de\/","logo":{"@type":"ImageObject","inLanguage":"de-DE","@id":"https:\/\/www.comosoft.eu\/de\/#\/schema\/logo\/image\/","url":"https:\/\/www.comosoft.eu\/wp-content\/uploads\/2021\/01\/Comosoft-Logo463.png","contentUrl":"https:\/\/www.comosoft.eu\/wp-content\/uploads\/2021\/01\/Comosoft-Logo463.png","width":1654,"height":337,"caption":"Comosoft GmbH"},"image":{"@id":"https:\/\/www.comosoft.eu\/de\/#\/schema\/logo\/image\/"},"sameAs":["https:\/\/de.linkedin.com\/company\/comosoft?original_referer=httpswww.google.com"]}]}},"_links":{"self":[{"href":"https:\/\/www.comosoft.eu\/de\/wp-json\/wp\/v2\/pages\/4134","targetHints":{"allow":["GET"]}}],"collection":[{"href":"https:\/\/www.comosoft.eu\/de\/wp-json\/wp\/v2\/pages"}],"about":[{"href":"https:\/\/www.comosoft.eu\/de\/wp-json\/wp\/v2\/types\/page"}],"author":[{"embeddable":true,"href":"https:\/\/www.comosoft.eu\/de\/wp-json\/wp\/v2\/users\/122"}],"replies":[{"embeddable":true,"href":"https:\/\/www.comosoft.eu\/de\/wp-json\/wp\/v2\/comments?post=4134"}],"version-history":[{"count":19,"href":"https:\/\/www.comosoft.eu\/de\/wp-json\/wp\/v2\/pages\/4134\/revisions"}],"predecessor-version":[{"id":50050,"href":"https:\/\/www.comosoft.eu\/de\/wp-json\/wp\/v2\/pages\/4134\/revisions\/50050"}],"up":[{"embeddable":true,"href":"https:\/\/www.comosoft.eu\/de\/wp-json\/wp\/v2\/pages\/4556"}],"wp:featuredmedia":[{"embeddable":true,"href":"https:\/\/www.comosoft.eu\/de\/wp-json\/wp\/v2\/media\/14353"}],"wp:attachment":[{"href":"https:\/\/www.comosoft.eu\/de\/wp-json\/wp\/v2\/media?parent=4134"}],"curies":[{"name":"wp","href":"https:\/\/api.w.org\/{rel}","templated":true}]}}