{"id":3927,"date":"2017-08-15T15:06:04","date_gmt":"2017-08-15T13:06:04","guid":{"rendered":"https:\/\/www.comosoft.com\/?page_id=3927\/"},"modified":"2025-11-12T12:55:17","modified_gmt":"2025-11-12T11:55:17","slug":"diy-baumarkt","status":"publish","type":"page","link":"https:\/\/www.comosoft.eu\/de\/branchen\/diy-baumarkt\/","title":{"rendered":"DIY &#038; BAUMARKT"},"content":{"rendered":"<div class=\"wpb-content-wrapper\"><p>[vc_row][vc_column width=&#8221;1\/1&#8243;][vc_column_text text_lead=&#8221;yes&#8221; uncode_shortcode_id=&#8221;111505&#8243;]<\/p>\n<h2>Auch die Baumarkt-Branche setzt bei der Print-Automatisierung auf LAGO<\/h2>\n<p>Hersteller und H\u00e4ndler verwalten mit <a href=\"https:\/\/www.comosoft.eu\/de\/multichannel-software-lago\/\">LAGO<\/a> ihre <strong>mehrsprachigen Produktdaten<\/strong> <strong>medienneutral<\/strong> an genau einer Stelle und k\u00f6nnen sie daher ganz einfach f\u00fcr die <a href=\"https:\/\/www.comosoft.eu\/de\/software-loesungen\/marketing-automatisierung\/\"><strong>Marketing-Kommunikation<\/strong><\/a> in mehreren <a href=\"https:\/\/www.comosoft.eu\/de\/software-loesungen\/multichannel-loesung\/\">Kan\u00e4len<\/a> nutzen.<\/p>\n<p>Mit unserem eigenentwickelten <a href=\"https:\/\/www.comosoft.eu\/de\/adobe-indesign-lago-layout\/\">Adobe InDesign Print-Plugin<\/a> erzielen Sie einen enorm <strong>hohen Automatisierungsgrad<\/strong> bei der Produktion Ihres\u00a0<strong>Katalogs<\/strong> oder Ihrer <strong>w\u00f6chentlichen Prospekte<\/strong> (automatisierte Katalogproduktion). Am Ende wird der Produktionsworkflow durch die, wenn gew\u00fcnscht, druckfertige PDF-Generierung gekr\u00f6nt \u2013 auch bei einem 1.000-Seiten-Katalog.[\/vc_column_text][vc_row_inner][vc_column_inner width=&#8221;1\/2&#8243;][vc_single_image media=&#8221;44491&#8243; media_width_percent=&#8221;100&#8243; uncode_shortcode_id=&#8221;216384&#8243;][\/vc_column_inner][vc_column_inner width=&#8221;1\/2&#8243;][vc_column_text text_lead=&#8221;yes&#8221; uncode_shortcode_id=&#8221;210014&#8243;]<\/p>\n<div>Mit den richtigen <b>Schnittstellen<\/b> zu Ihrem <b>ERP- oder PIM-System<\/b> bedient sich das <a href=\"https:\/\/www.comosoft.eu\/de\/adobe-indesign-lago-layout\/\">InDesign Plugin<\/a> jeglicher Daten, die in Ihrem Katalog publiziert werden sollen.<\/div>\n<div><\/div>\n<div><b>Automatisieren<\/b> auch Sie Ihre <b>Katalogproduktion<\/b> und vereinbaren Sie noch heute einen Demo-Termin! Wir beraten Sie gerne im Multichannel Management, um auch f\u00fcr Ihre Prozesse die bestm\u00f6gliche L\u00f6sung zu finden. Unsere Industrie-Consultants stehen Ihnen jederzeit f\u00fcr Fragen zur Verf\u00fcgung.<\/div>\n<p>[\/vc_column_text][\/vc_column_inner][\/vc_row_inner][\/vc_column][\/vc_row][vc_row row_height_percent=&#8221;0&#8243; back_color=&#8221;color-lxmt&#8221; overlay_alpha=&#8221;50&#8243; gutter_size=&#8221;3&#8243; column_width_percent=&#8221;100&#8243; shift_y=&#8221;0&#8243; z_index=&#8221;0&#8243; uncode_shortcode_id=&#8221;870602&#8243; back_color_type=&#8221;uncode-palette&#8221;][vc_column column_width_percent=&#8221;100&#8243; position_vertical=&#8221;middle&#8221; gutter_size=&#8221;3&#8243; overlay_alpha=&#8221;50&#8243; shift_x=&#8221;0&#8243; shift_y=&#8221;0&#8243; shift_y_down=&#8221;0&#8243; z_index=&#8221;0&#8243; medium_width=&#8221;0&#8243; mobile_width=&#8221;0&#8243; width=&#8221;1\/2&#8243; uncode_shortcode_id=&#8221;209890&#8243;][vc_custom_heading uncode_shortcode_id=&#8221;712537&#8243;]<\/p>\n<h1>Erfahren Sie mehr \u00fcber unser direktes Adobe InDesign Plugin in LAGO<\/h1>\n<p>[\/vc_custom_heading][vc_button button_color=&#8221;accent&#8221; radius=&#8221;btn-circle&#8221; border_width=&#8221;0&#8243; button_color_type=&#8221;uncode-palette&#8221; uncode_shortcode_id=&#8221;139496&#8243; link=&#8221;url:https%3A%2F%2Fwww.comosoft.eu%2Fde%2Fadobe-indesign-lago-layout%2F|title:Adobe%20InDesign%20%2B%20LAGO%20Layout|target:_blank&#8221;]Adobe InDesign Plugin[\/vc_button][\/vc_column][vc_column column_width_percent=&#8221;100&#8243; position_vertical=&#8221;middle&#8221; gutter_size=&#8221;3&#8243; overlay_alpha=&#8221;50&#8243; shift_x=&#8221;0&#8243; shift_y=&#8221;0&#8243; shift_y_down=&#8221;0&#8243; z_index=&#8221;0&#8243; medium_width=&#8221;0&#8243; mobile_width=&#8221;0&#8243; width=&#8221;1\/2&#8243; uncode_shortcode_id=&#8221;166875&#8243;][vc_column_text uncode_shortcode_id=&#8221;176119&#8243;]Mit unserem exklusiven<strong>\u00a0InDesign-Plugin<\/strong>\u00a0erm\u00f6glicht Comosoft LAGO die Einsicht in Assets (<a href=\"https:\/\/www.comosoft.eu\/de\/software-loesungen\/dam-system\/\">DAM<\/a>) und Daten (<a href=\"https:\/\/www.comosoft.eu\/de\/software-loesungen\/pim-system\/\">PIM<\/a>) sowie in die Proofing- und Workflow-Module \u2013 alles ohne InDesign zu verlassen. Die logikgesteuerten Vorlagen von LAGO helfen auch, das Seitenlayout zu automatisieren und ein konsistentes Branding zu gew\u00e4hrleisten. LAGO hilft dem Design- und Produktionsteam, sich auf das Design und die Produktion zu konzentrieren, statt auf die Suche und das Sammeln von Assets und Daten.[\/vc_column_text][\/vc_column][\/vc_row][vc_row row_height_percent=&#8221;0&#8243; overlay_alpha=&#8221;50&#8243; equal_height=&#8221;yes&#8221; gutter_size=&#8221;3&#8243; shift_y=&#8221;0&#8243;][vc_column column_width_percent=&#8221;100&#8243; align_horizontal=&#8221;align_center&#8221; gutter_size=&#8221;3&#8243; overlay_alpha=&#8221;50&#8243; shift_x=&#8221;0&#8243; shift_y=&#8221;0&#8243; z_index=&#8221;0&#8243; medium_width=&#8221;0&#8243; width=&#8221;1\/3&#8243; el_class=&#8221;.text-lead.text-top-reduced { margin: -50px 0px 0px 0px; margin-top: -50px; margin-right: 0px; margin-bottom: 0px; margin-left: 0px; }&#8221;][vc_icon display=&#8221;inline&#8221; icon=&#8221;fa fa-map5&#8243; icon_color=&#8221;accent&#8221; size=&#8221;fa-3x&#8221; heading_semantic=&#8221;h2&#8243; text_size=&#8221;fontsize-199810&#8243; text_height=&#8221;fontheight-129552&#8243; text_lead=&#8221;yes&#8221; text_reduced=&#8221;yes&#8221;]<\/p>\n<h2>PRINT<br \/>\n<span style=\"font-size: 85%;\">InDesign-Plugin<\/span><\/h2>\n<p><span class=\"font-762333\">Mit dem direkten Print-Plugin in Adobe InDesign wird Ihre datenbankgest\u00fctzte Produktion von Printwerbemitteln optimal unterst\u00fctzt.<\/span>[\/vc_icon][\/vc_column][vc_column column_width_percent=&#8221;100&#8243; align_horizontal=&#8221;align_center&#8221; gutter_size=&#8221;3&#8243; overlay_alpha=&#8221;50&#8243; shift_x=&#8221;0&#8243; shift_y=&#8221;0&#8243; z_index=&#8221;0&#8243; medium_width=&#8221;0&#8243; width=&#8221;1\/3&#8243;][vc_icon icon=&#8221;fa fa-arrow-shuffle&#8221; icon_color=&#8221;accent&#8221; size=&#8221;fa-3x&#8221; heading_semantic=&#8221;h2&#8243; text_size=&#8221;fontsize-199810&#8243; text_height=&#8221;fontheight-129552&#8243; text_lead=&#8221;yes&#8221; text_reduced=&#8221;yes&#8221;]<\/p>\n<h2>E-COMMERCE<br \/>\n<span style=\"font-size: 85%;\">Schnittstelle<\/span><\/h2>\n<p><span class=\"font-762333\">Ausleitung Ihrer Daten in den Webshop durch einfache Zuweisung der Produkte in die jeweiligen Kategorien.<\/span>[\/vc_icon][\/vc_column][\/vc_row][vc_row row_height_percent=&#8221;0&#8243; overlay_alpha=&#8221;50&#8243; equal_height=&#8221;yes&#8221; gutter_size=&#8221;3&#8243; shift_y=&#8221;0&#8243;][vc_column column_width_percent=&#8221;100&#8243; align_horizontal=&#8221;align_center&#8221; gutter_size=&#8221;3&#8243; overlay_alpha=&#8221;50&#8243; shift_x=&#8221;0&#8243; shift_y=&#8221;0&#8243; z_index=&#8221;0&#8243; medium_width=&#8221;0&#8243; width=&#8221;1\/3&#8243;][vc_icon icon=&#8221;fa fa-paper&#8221; icon_color=&#8221;accent&#8221; size=&#8221;fa-3x&#8221; heading_semantic=&#8221;h2&#8243; text_size=&#8221;fontsize-199810&#8243; text_height=&#8221;fontheight-681807&#8243; text_lead=&#8221;yes&#8221; text_reduced=&#8221;yes&#8221;]<\/p>\n<h2>E-PAPER<br \/>\n<span style=\"font-size: 85%;\">Marktpl\u00e4tze<\/span><\/h2>\n<p><span class=\"font-762333\">Nutzen Sie auch die Online-Version Ihres Katalogs und erm\u00f6glichen Sie Ihren Kunden digitales Bl\u00e4ttern im Online-Katalog auf der Website oder im Webshop.<\/span>[\/vc_icon][\/vc_column][vc_column column_width_percent=&#8221;100&#8243; align_horizontal=&#8221;align_center&#8221; gutter_size=&#8221;3&#8243; overlay_alpha=&#8221;50&#8243; shift_x=&#8221;0&#8243; shift_y=&#8221;0&#8243; z_index=&#8221;0&#8243; medium_width=&#8221;0&#8243; width=&#8221;1\/3&#8243;][vc_icon icon=&#8221;fa fa-connectdevelop&#8221; icon_color=&#8221;accent&#8221; size=&#8221;fa-3x&#8221; heading_semantic=&#8221;h2&#8243; text_size=&#8221;fontsize-199810&#8243; text_height=&#8221;fontheight-129552&#8243; text_lead=&#8221;yes&#8221; text_reduced=&#8221;yes&#8221;]<\/p>\n<h2>LAGO DIM<br \/>\n<span style=\"font-size: 85%;\">One-to-One Connector<\/span><\/h2>\n<p><span class=\"font-762333\">Unser LAGO DIM (Direct Individual Marketing) erm\u00f6glicht neben einem Web-to-Print-Ansatz auch die One-to-One-Kommunikation in Print- und Online-Kan\u00e4len.<\/span>[\/vc_icon][\/vc_column][vc_column column_width_percent=&#8221;100&#8243; align_horizontal=&#8221;align_center&#8221; gutter_size=&#8221;3&#8243; overlay_alpha=&#8221;50&#8243; shift_x=&#8221;0&#8243; shift_y=&#8221;0&#8243; z_index=&#8221;0&#8243; medium_width=&#8221;0&#8243; width=&#8221;1\/3&#8243;][vc_icon icon=&#8221;fa fa-file-text-o&#8221; icon_color=&#8221;accent&#8221; size=&#8221;fa-3x&#8221; heading_semantic=&#8221;h2&#8243; text_size=&#8221;fontsize-199810&#8243; text_height=&#8221;fontheight-129552&#8243; text_lead=&#8221;yes&#8221; text_reduced=&#8221;yes&#8221; uncode_shortcode_id=&#8221;214374&#8243; icon_color_type=&#8221;uncode-palette&#8221;]<\/p>\n<h2>E-CATALOG<br \/>\n<span style=\"font-size: 85%;\">Mobile<\/span><\/h2>\n<p><span class=\"font-762333\">Mit dem E-Catalog-Modul lassen sich Produktdaten in unterschiedlichen Standardformaten und Klassifikationen bereitstellen.<\/span>[\/vc_icon][\/vc_column][\/vc_row][vc_row row_height_percent=&#8221;0&#8243; overlay_alpha=&#8221;50&#8243; gutter_size=&#8221;3&#8243; shift_y=&#8221;0&#8243;][vc_column width=&#8221;1\/1&#8243;][vc_row_inner][vc_column_inner width=&#8221;1\/1&#8243;][vc_gallery el_id=&#8221;gallery-103784&#8243; type=&#8221;carousel&#8221; medias=&#8221;6752,6754,945,14469,8915,8909&#8243; carousel_lg=&#8221;4&#8243; carousel_md=&#8221;4&#8243; carousel_sm=&#8221;1&#8243; gutter_size=&#8221;0&#8243; media_items=&#8221;media|nolink|original&#8221; carousel_v_align=&#8221;middle&#8221; carousel_interval=&#8221;3000&#8243; carousel_navspeed=&#8221;400&#8243; carousel_loop=&#8221;yes&#8221; stage_padding=&#8221;0&#8243; single_overlay_opacity=&#8221;50&#8243; single_padding=&#8221;2&#8243; single_border=&#8221;yes&#8221; items=&#8221;eyIzMzA3X2kiOnsic2luZ2xlX2ljb24iOiIifSwiMTQ4MV9pIjp7InNpbmdsZV9pY29uIjoiIiwic2luZ2xlX2xpbmsiOiJ1cmw6aHR0cHMlM0ElMkYlMkZ3d3cucG9zY2guY29tJTJGfHx0YXJnZXQ6JTIwX2JsYW5rfCIsInNpbmdsZV9iYWNrX2NvbG9yIjoiIn19&#8243; uncode_shortcode_id=&#8221;387619&#8243;][\/vc_column_inner][\/vc_row_inner][\/vc_column][\/vc_row][vc_row row_height_percent=&#8221;0&#8243; override_padding=&#8221;yes&#8221; h_padding=&#8221;3&#8243; top_padding=&#8221;3&#8243; bottom_padding=&#8221;3&#8243; back_image=&#8221;163&#8243; parallax=&#8221;yes&#8221; overlay_color=&#8221;accent&#8221; overlay_alpha=&#8221;85&#8243; gutter_size=&#8221;0&#8243; shift_y=&#8221;0&#8243;][vc_column column_width_percent=&#8221;100&#8243; position_vertical=&#8221;middle&#8221; gutter_size=&#8221;3&#8243; style=&#8221;dark&#8221; overlay_alpha=&#8221;50&#8243; shift_x=&#8221;0&#8243; shift_y=&#8221;0&#8243; z_index=&#8221;0&#8243; medium_width=&#8221;0&#8243; width=&#8221;1\/1&#8243;][vc_column_text]<\/p>\n<h2><span class=\"font-762333\"><span class=\"font-762333, fontsize-148062\">Vereinbaren Sie eine Live-Demo<\/span><\/span><\/h2>\n<p><strong>Neugierig geworden? Dann vereinbaren Sie jetzt eine LAGO Live-Demo.<\/strong>[\/vc_column_text][\/vc_column][\/vc_row][vc_row row_height_percent=&#8221;0&#8243; back_image=&#8221;2751&#8243; parallax=&#8221;yes&#8221; overlay_color=&#8221;color-lxmt&#8221; overlay_alpha=&#8221;76&#8243; gutter_size=&#8221;3&#8243; shift_y=&#8221;0&#8243;][vc_column column_width_percent=&#8221;100&#8243; gutter_size=&#8221;3&#8243; style=&#8221;light&#8221; overlay_alpha=&#8221;50&#8243; shift_x=&#8221;0&#8243; shift_y=&#8221;0&#8243; z_index=&#8221;0&#8243; medium_width=&#8221;0&#8243; width=&#8221;1\/1&#8243;][vc_row_inner row_inner_height_percent=&#8221;0&#8243; overlay_alpha=&#8221;50&#8243; equal_height=&#8221;yes&#8221; gutter_size=&#8221;3&#8243; shift_y=&#8221;0&#8243;][vc_column_inner column_width_percent=&#8221;100&#8243; gutter_size=&#8221;3&#8243; style=&#8221;light&#8221; overlay_alpha=&#8221;50&#8243; shift_x=&#8221;0&#8243; shift_y=&#8221;0&#8243; z_index=&#8221;0&#8243; medium_width=&#8221;0&#8243; width=&#8221;1\/1&#8243;]\n<div class=\"wpcf7 no-js\" id=\"wpcf7-f12090-o1\" lang=\"en-US\" dir=\"ltr\" data-wpcf7-id=\"12090\">\n<div class=\"screen-reader-response\"><p role=\"status\" aria-live=\"polite\" aria-atomic=\"true\"><\/p> <ul><\/ul><\/div>\n<form action=\"\/de\/wp-json\/wp\/v2\/pages\/3927#wpcf7-f12090-o1\" method=\"post\" class=\"wpcf7-form init\" aria-label=\"Contact form\" novalidate=\"novalidate\" data-status=\"init\">\n<fieldset class=\"hidden-fields-container\"><input type=\"hidden\" name=\"_wpcf7\" value=\"12090\" \/><input type=\"hidden\" name=\"_wpcf7_version\" value=\"6.1.5\" \/><input type=\"hidden\" name=\"_wpcf7_locale\" value=\"en_US\" \/><input type=\"hidden\" name=\"_wpcf7_unit_tag\" value=\"wpcf7-f12090-o1\" \/><input type=\"hidden\" name=\"_wpcf7_container_post\" value=\"0\" \/><input type=\"hidden\" name=\"_wpcf7_posted_data_hash\" value=\"\" \/>\n<\/fieldset>\n<style>\n.style-light input[type=\"text\"],\n.style-light input[type=\"email\"],\n.style-light textarea {\n border-color: #b2b2b2;\n}\nlabel {\n font-weight: bold;\n}\n<\/style>\n<div class=\"row\">\n\t<div class=\"row-inner\">\n\t\t<div class=\"col-lg-6\">\n\t\t\t<p><label> *Vorname<br \/>\n<span class=\"wpcf7-form-control-wrap\" data-name=\"your-firstname\"><input size=\"40\" maxlength=\"400\" class=\"wpcf7-form-control wpcf7-text wpcf7-validates-as-required\" aria-required=\"true\" aria-invalid=\"false\" value=\"\" type=\"text\" name=\"your-firstname\" \/><\/span> <\/label>\n\t\t\t<\/p>\n\t\t<\/div>\n\t\t<div class=\"col-lg-6\" style=\"padding-top: 0;\">\n\t\t\t<p><label> *Name<br \/>\n<span class=\"wpcf7-form-control-wrap\" data-name=\"your-name\"><input size=\"40\" maxlength=\"400\" class=\"wpcf7-form-control wpcf7-text wpcf7-validates-as-required\" aria-required=\"true\" aria-invalid=\"false\" value=\"\" type=\"text\" name=\"your-name\" \/><\/span> <\/label>\n\t\t\t<\/p>\n\t\t<\/div>\n\t<\/div>\n<\/div>\n<div class=\"row\">\n\t<div class=\"row-inner\">\n\t\t<div class=\"col-lg-6\">\n\t\t\t<p><label> *Firma<br \/>\n<span class=\"wpcf7-form-control-wrap\" data-name=\"your-company\"><input size=\"40\" maxlength=\"400\" class=\"wpcf7-form-control wpcf7-text wpcf7-validates-as-required\" aria-required=\"true\" aria-invalid=\"false\" value=\"\" type=\"text\" name=\"your-company\" \/><\/span> <\/label>\n\t\t\t<\/p>\n\t\t<\/div>\n\t\t<div class=\"col-lg-6\" style=\"padding-top: 0;\">\n\t\t\t<p><label> *E-Mail<br \/>\n<span class=\"wpcf7-form-control-wrap\" data-name=\"your-email\"><input size=\"40\" maxlength=\"400\" class=\"wpcf7-form-control wpcf7-email wpcf7-validates-as-required wpcf7-text wpcf7-validates-as-email\" aria-required=\"true\" aria-invalid=\"false\" value=\"\" type=\"email\" name=\"your-email\" \/><\/span> <\/label>\n\t\t\t<\/p>\n\t\t<\/div>\n\t<\/div>\n<\/div>\n<div class=\"row\">\n\t<div class=\"row-inner\">\n\t\t<div class=\"col-lg-12\">\n\t\t\t<p><label> Nachricht<br \/>\n<span class=\"wpcf7-form-control-wrap\" data-name=\"your-message\"><textarea cols=\"40\" rows=\"10\" maxlength=\"2000\" class=\"wpcf7-form-control wpcf7-textarea\" aria-invalid=\"false\" name=\"your-message\"><\/textarea><\/span> <\/label><br \/>\n<span id=\"wpcf7-69de22c7831a5-wrapper\" class=\"wpcf7-form-control-wrap website-162-wrap\" ><label for=\"wpcf7-69de22c7831a5-field\" class=\"hp-message\">Please leave this field empty.<\/label><input id=\"wpcf7-69de22c7831a5-field\"  class=\"wpcf7-form-control wpcf7-text\" type=\"text\" name=\"website-162\" value=\"\" size=\"40\" tabindex=\"-1\" autocomplete=\"new-password\" \/><\/span><br \/>\n<span id=\"wpcf7-69de22c783256-wrapper\" class=\"wpcf7-form-control-wrap email-162-wrap\" ><label for=\"wpcf7-69de22c783256-field\" class=\"hp-message\">Please leave this field empty.<\/label><input id=\"wpcf7-69de22c783256-field\"  class=\"wpcf7-form-control wpcf7-text\" type=\"text\" name=\"email-162\" value=\"\" size=\"40\" tabindex=\"-1\" autocomplete=\"new-password\" \/><\/span>\n\t\t\t<\/p>\n\t\t\t<div>\n\t\t\t\t<p>Ihre Daten aus dem Kontaktformular werden zur Beantwortung Ihrer Anfrage erhoben und verarbeitet. Detaillierte Informationen zum Umgang mit Nutzerdaten finden Sie in unserer\u00a0<a href=\"https:\/\/www.comosoft.eu\/de\/datenschutz\/\">Datenschutzerkl\u00e4rung<\/a>.\n\t\t\t\t<\/p>\n\t\t\t<\/div>\n\t\t<\/div>\n\t<\/div>\n<\/div>\n<div class=\"row\">\n\t<div class=\"row-inner\">\n\t\t<div class=\"col-lg-12\">\n\t\t\t<p><input class=\"wpcf7-form-control wpcf7-submit has-spinner btn btn-accent\" type=\"submit\" value=\"Absenden\" \/>\n\t\t\t<\/p>\n\t\t<\/div>\n\t<\/div>\n<\/div>\n<p><script>\ndocument.addEventListener( 'wpcf7mailsent', function(e) {\n\tif ( '12090' == event.detail.contactFormId ) {\n gtag('event', 'submit', {\n 'event_category': 'Kontakt',\n 'event_label': 'Kontakt DE'\n })};\n}, false );\n<\/script>\n<\/p><div class=\"wpcf7-response-output\" aria-hidden=\"true\"><\/div>\n<\/form>\n<\/div>\n[\/vc_column_inner][\/vc_row_inner][\/vc_column][\/vc_row][vc_row][vc_column width=&#8221;1\/1&#8243;][vc_custom_heading uncode_shortcode_id=&#8221;210007&#8243;]Mit LAGO alle Kan\u00e4le optimal nutzen: Lesen Sie on der effizienten Print-Automatisierung mit LAGO bis zum Multichannel-Management[\/vc_custom_heading][uncode_index el_id=&#8221;index-173005&#8243; loop=&#8221;size:3|order_by:date|post_type:post|categories:722|taxonomy_count:10&#8243; screen_lg=&#8221;1000&#8243; screen_md=&#8221;600&#8243; screen_sm=&#8221;480&#8243; gutter_size=&#8221;3&#8243; post_items=&#8221;media|featured|onpost|original,title,date,text|excerpt,link|default|default_size|Weiterlesen|default_width|default_outline&#8221; single_overlay_opacity=&#8221;50&#8243; single_padding=&#8221;2&#8243; uncode_shortcode_id=&#8221;146313&#8243;][\/vc_column][\/vc_row]<\/p>\n<\/div>","protected":false},"excerpt":{"rendered":"<p>[vc_row][vc_column width=&#8221;1\/1&#8243;][vc_column_text text_lead=&#8221;yes&#8221; uncode_shortcode_id=&#8221;111505&#8243;] Auch die Baumarkt-Branche setzt bei der Print-Automatisierung auf LAGO Hersteller und H\u00e4ndler verwalten mit LAGO ihre [&hellip;]<\/p>\n","protected":false},"author":122,"featured_media":14369,"parent":4556,"menu_order":0,"comment_status":"closed","ping_status":"closed","template":"","meta":{"footnotes":""},"class_list":["post-3927","page","type-page","status-publish","has-post-thumbnail","hentry"],"yoast_head":"<!-- This site is optimized with the Yoast SEO plugin v27.3 - https:\/\/yoast.com\/product\/yoast-seo-wordpress\/ -->\n<title>DIY &amp; Baumarkt: Automatisierte Kataloge mit LAGO-Software \/ Comosoft<\/title>\n<meta name=\"description\" content=\"utomatisieren Sie Ihre Katalog- und Prospektproduktion im Baumarkt mit LAGO und dem InDesign-Plugin \u2013 effizient, mehrsprachig und medienneutral. \u2794 Jetzt entdecken\" \/>\n<meta name=\"robots\" content=\"index, follow, max-snippet:-1, max-image-preview:large, max-video-preview:-1\" \/>\n<link rel=\"canonical\" href=\"https:\/\/www.comosoft.eu\/de\/branchen\/diy-baumarkt\/\" \/>\n<meta property=\"og:locale\" content=\"de_DE\" \/>\n<meta property=\"og:type\" content=\"article\" \/>\n<meta property=\"og:title\" content=\"DIY &amp; Baumarkt: Automatisierte Kataloge mit LAGO-Software \/ Comosoft\" \/>\n<meta property=\"og:description\" content=\"utomatisieren Sie Ihre Katalog- und Prospektproduktion im Baumarkt mit LAGO und dem InDesign-Plugin \u2013 effizient, mehrsprachig und medienneutral. \u2794 Jetzt entdecken\" \/>\n<meta property=\"og:url\" content=\"https:\/\/www.comosoft.eu\/de\/branchen\/diy-baumarkt\/\" \/>\n<meta property=\"og:site_name\" content=\"comosoft.com\" \/>\n<meta property=\"article:modified_time\" content=\"2025-11-12T11:55:17+00:00\" \/>\n<meta property=\"og:image\" content=\"https:\/\/www.comosoft.eu\/wp-content\/uploads\/2020\/01\/Manufacturing_Comosoft_header.jpg\" \/>\n\t<meta property=\"og:image:width\" content=\"1920\" \/>\n\t<meta property=\"og:image:height\" content=\"500\" \/>\n\t<meta property=\"og:image:type\" content=\"image\/jpeg\" \/>\n<meta name=\"twitter:card\" content=\"summary_large_image\" \/>\n<!-- \/ Yoast SEO plugin. -->","yoast_head_json":{"title":"DIY & Baumarkt: Automatisierte Kataloge mit LAGO-Software \/ Comosoft","description":"utomatisieren Sie Ihre Katalog- und Prospektproduktion im Baumarkt mit LAGO und dem InDesign-Plugin \u2013 effizient, mehrsprachig und medienneutral. \u2794 Jetzt entdecken","robots":{"index":"index","follow":"follow","max-snippet":"max-snippet:-1","max-image-preview":"max-image-preview:large","max-video-preview":"max-video-preview:-1"},"canonical":"https:\/\/www.comosoft.eu\/de\/branchen\/diy-baumarkt\/","og_locale":"de_DE","og_type":"article","og_title":"DIY & Baumarkt: Automatisierte Kataloge mit LAGO-Software \/ Comosoft","og_description":"utomatisieren Sie Ihre Katalog- und Prospektproduktion im Baumarkt mit LAGO und dem InDesign-Plugin \u2013 effizient, mehrsprachig und medienneutral. \u2794 Jetzt entdecken","og_url":"https:\/\/www.comosoft.eu\/de\/branchen\/diy-baumarkt\/","og_site_name":"comosoft.com","article_modified_time":"2025-11-12T11:55:17+00:00","og_image":[{"width":1920,"height":500,"url":"https:\/\/www.comosoft.eu\/wp-content\/uploads\/2020\/01\/Manufacturing_Comosoft_header.jpg","type":"image\/jpeg"}],"twitter_card":"summary_large_image","schema":{"@context":"https:\/\/schema.org","@graph":[{"@type":"WebPage","@id":"https:\/\/www.comosoft.eu\/de\/branchen\/diy-baumarkt\/","url":"https:\/\/www.comosoft.eu\/de\/branchen\/diy-baumarkt\/","name":"DIY & Baumarkt: Automatisierte Kataloge mit LAGO-Software \/ Comosoft","isPartOf":{"@id":"https:\/\/www.comosoft.eu\/de\/#website"},"primaryImageOfPage":{"@id":"https:\/\/www.comosoft.eu\/de\/branchen\/diy-baumarkt\/#primaryimage"},"image":{"@id":"https:\/\/www.comosoft.eu\/de\/branchen\/diy-baumarkt\/#primaryimage"},"thumbnailUrl":"https:\/\/www.comosoft.eu\/wp-content\/uploads\/2020\/01\/Manufacturing_Comosoft_header.jpg","datePublished":"2017-08-15T13:06:04+00:00","dateModified":"2025-11-12T11:55:17+00:00","description":"utomatisieren Sie Ihre Katalog- und Prospektproduktion im Baumarkt mit LAGO und dem InDesign-Plugin \u2013 effizient, mehrsprachig und medienneutral. \u2794 Jetzt entdecken","breadcrumb":{"@id":"https:\/\/www.comosoft.eu\/de\/branchen\/diy-baumarkt\/#breadcrumb"},"inLanguage":"de-DE","potentialAction":[{"@type":"ReadAction","target":["https:\/\/www.comosoft.eu\/de\/branchen\/diy-baumarkt\/"]}]},{"@type":"ImageObject","inLanguage":"de-DE","@id":"https:\/\/www.comosoft.eu\/de\/branchen\/diy-baumarkt\/#primaryimage","url":"https:\/\/www.comosoft.eu\/wp-content\/uploads\/2020\/01\/Manufacturing_Comosoft_header.jpg","contentUrl":"https:\/\/www.comosoft.eu\/wp-content\/uploads\/2020\/01\/Manufacturing_Comosoft_header.jpg","width":1920,"height":500,"caption":"Werkzeug Regal in einem Baumarkt"},{"@type":"BreadcrumbList","@id":"https:\/\/www.comosoft.eu\/de\/branchen\/diy-baumarkt\/#breadcrumb","itemListElement":[{"@type":"ListItem","position":1,"name":"Home","item":"https:\/\/www.comosoft.eu\/de\/multichannel-software-loesung-lago-von-comosoft\/"},{"@type":"ListItem","position":2,"name":"Branchen","item":"https:\/\/www.comosoft.eu\/de\/branchen\/"},{"@type":"ListItem","position":3,"name":"DIY &#038; BAUMARKT"}]},{"@type":"WebSite","@id":"https:\/\/www.comosoft.eu\/de\/#website","url":"https:\/\/www.comosoft.eu\/de\/","name":"Comosoft","description":"Multichannel Solutions","publisher":{"@id":"https:\/\/www.comosoft.eu\/de\/#organization"},"potentialAction":[{"@type":"SearchAction","target":{"@type":"EntryPoint","urlTemplate":"https:\/\/www.comosoft.eu\/de\/?s={search_term_string}"},"query-input":{"@type":"PropertyValueSpecification","valueRequired":true,"valueName":"search_term_string"}}],"inLanguage":"de-DE"},{"@type":"Organization","@id":"https:\/\/www.comosoft.eu\/de\/#organization","name":"Comosoft GmbH","alternateName":"Multichannel Solutions","url":"https:\/\/www.comosoft.eu\/de\/","logo":{"@type":"ImageObject","inLanguage":"de-DE","@id":"https:\/\/www.comosoft.eu\/de\/#\/schema\/logo\/image\/","url":"https:\/\/www.comosoft.eu\/wp-content\/uploads\/2021\/01\/Comosoft-Logo463.png","contentUrl":"https:\/\/www.comosoft.eu\/wp-content\/uploads\/2021\/01\/Comosoft-Logo463.png","width":1654,"height":337,"caption":"Comosoft GmbH"},"image":{"@id":"https:\/\/www.comosoft.eu\/de\/#\/schema\/logo\/image\/"},"sameAs":["https:\/\/de.linkedin.com\/company\/comosoft?original_referer=httpswww.google.com"]}]}},"_links":{"self":[{"href":"https:\/\/www.comosoft.eu\/de\/wp-json\/wp\/v2\/pages\/3927","targetHints":{"allow":["GET"]}}],"collection":[{"href":"https:\/\/www.comosoft.eu\/de\/wp-json\/wp\/v2\/pages"}],"about":[{"href":"https:\/\/www.comosoft.eu\/de\/wp-json\/wp\/v2\/types\/page"}],"author":[{"embeddable":true,"href":"https:\/\/www.comosoft.eu\/de\/wp-json\/wp\/v2\/users\/122"}],"replies":[{"embeddable":true,"href":"https:\/\/www.comosoft.eu\/de\/wp-json\/wp\/v2\/comments?post=3927"}],"version-history":[{"count":31,"href":"https:\/\/www.comosoft.eu\/de\/wp-json\/wp\/v2\/pages\/3927\/revisions"}],"predecessor-version":[{"id":50060,"href":"https:\/\/www.comosoft.eu\/de\/wp-json\/wp\/v2\/pages\/3927\/revisions\/50060"}],"up":[{"embeddable":true,"href":"https:\/\/www.comosoft.eu\/de\/wp-json\/wp\/v2\/pages\/4556"}],"wp:featuredmedia":[{"embeddable":true,"href":"https:\/\/www.comosoft.eu\/de\/wp-json\/wp\/v2\/media\/14369"}],"wp:attachment":[{"href":"https:\/\/www.comosoft.eu\/de\/wp-json\/wp\/v2\/media?parent=3927"}],"curies":[{"name":"wp","href":"https:\/\/api.w.org\/{rel}","templated":true}]}}