{"id":3572,"date":"2017-06-26T14:39:07","date_gmt":"2017-06-26T12:39:07","guid":{"rendered":"https:\/\/www.comosoft.com\/?page_id=3572\/"},"modified":"2024-01-10T11:32:38","modified_gmt":"2024-01-10T10:32:38","slug":"partner","status":"publish","type":"page","link":"https:\/\/www.comosoft.eu\/de\/unternehmen\/partner\/","title":{"rendered":"Partner"},"content":{"rendered":"<div class=\"wpb-content-wrapper\"><p>[vc_row][vc_column width=&#8221;1\/1&#8243;][vc_column_text text_lead=&#8221;yes&#8221; uncode_shortcode_id=&#8221;159955&#8243;]<\/p>\n<h2>Mit starken Partnern zum Erfolg<\/h2>\n<p><strong>Durch unser Netzwerk finden wir gemeinsam die besten L\u00f6sungen f\u00fcr Ihre individuellen Anforderungen.<\/strong>[\/vc_column_text][\/vc_column][\/vc_row][vc_row row_height_percent=&#8221;0&#8243; overlay_alpha=&#8221;50&#8243; gutter_size=&#8221;0&#8243; column_width_percent=&#8221;100&#8243; shift_y=&#8221;0&#8243; z_index=&#8221;0&#8243; uncode_shortcode_id=&#8221;113356&#8243;][vc_column column_width_percent=&#8221;100&#8243; position_vertical=&#8221;middle&#8221; align_horizontal=&#8221;align_center&#8221; gutter_size=&#8221;0&#8243; style=&#8221;dark&#8221; overlay_alpha=&#8221;50&#8243; shift_x=&#8221;0&#8243; shift_y=&#8221;0&#8243; z_index=&#8221;0&#8243; medium_width=&#8221;0&#8243; css_animation=&#8221;zoom-in&#8221; width=&#8221;1\/1&#8243;][vc_row_inner][vc_column_inner column_width_use_pixel=&#8221;yes&#8221; position_vertical=&#8221;middle&#8221; align_horizontal=&#8221;align_center&#8221; gutter_size=&#8221;3&#8243; overlay_alpha=&#8221;50&#8243; shift_x=&#8221;0&#8243; shift_y=&#8221;0&#8243; z_index=&#8221;0&#8243; medium_width=&#8221;0&#8243; width=&#8221;1\/4&#8243; column_width_pixel=&#8221;100&#8243;][vc_single_image media=&#8221;3588&#8243; media_width_use_pixel=&#8221;yes&#8221; alignment=&#8221;center&#8221; media_width_pixel=&#8221;100&#8243; media_link=&#8221;url:http%3A%2F%2Fwww.adobe.com%2Fde%2F||target:%20_blank|&#8221;][\/vc_column_inner][vc_column_inner column_width_percent=&#8221;100&#8243; position_vertical=&#8221;middle&#8221; gutter_size=&#8221;3&#8243; overlay_alpha=&#8221;50&#8243; shift_x=&#8221;0&#8243; shift_y=&#8221;0&#8243; z_index=&#8221;0&#8243; medium_width=&#8221;0&#8243; width=&#8221;3\/4&#8243;][vc_column_text text_lead=&#8221;yes&#8221; css_animation=&#8221;zoom-in&#8221;]<\/p>\n<h2 style=\"text-align: left;\"><span class=\"font-762333\">ADOBE<\/span><\/h2>\n<p><span class=\"font-762333\"><b>Automatisierung in InDesign und Photoshop<\/b><\/span><br \/>\n<span class=\"font-762333\">Mit dem selbstentwickelten Plugin erm\u00f6glicht Comosoft eine zus\u00e4tzliche und umfassende Funktion zur automatisierten Erstellung von Printmaterialien aller Art.<\/span>[\/vc_column_text][\/vc_column_inner][\/vc_row_inner][vc_row_inner][vc_column_inner width=&#8221;1\/1&#8243;][vc_empty_space empty_h=&#8221;3&#8243;][\/vc_column_inner][\/vc_row_inner][vc_row_inner][vc_column_inner column_width_use_pixel=&#8221;yes&#8221; position_vertical=&#8221;middle&#8221; align_horizontal=&#8221;align_center&#8221; gutter_size=&#8221;3&#8243; overlay_alpha=&#8221;50&#8243; shift_x=&#8221;0&#8243; shift_y=&#8221;0&#8243; z_index=&#8221;0&#8243; medium_width=&#8221;0&#8243; width=&#8221;1\/4&#8243; column_width_pixel=&#8221;500&#8243;][vc_single_image media=&#8221;19716&#8243; media_width_use_pixel=&#8221;yes&#8221; alignment=&#8221;center&#8221; media_width_pixel=&#8221;300&#8243; media_link=&#8221;url:https%3A%2F%2Fwww.atex.com|target:_blank&#8221; uncode_shortcode_id=&#8221;200391&#8243;][\/vc_column_inner][vc_column_inner column_width_percent=&#8221;100&#8243; position_vertical=&#8221;middle&#8221; gutter_size=&#8221;3&#8243; overlay_alpha=&#8221;50&#8243; shift_x=&#8221;0&#8243; shift_y=&#8221;0&#8243; z_index=&#8221;0&#8243; medium_width=&#8221;0&#8243; width=&#8221;3\/4&#8243;][vc_column_text css_animation=&#8221;zoom-in&#8221; uncode_shortcode_id=&#8221;139001&#8243;]<span class=\"font-762333\"><strong>ATEX<\/strong><\/span><\/p>\n<p><span class=\"font-762333\">Atex ist ein f\u00fchrendes Softwareunternehmen, das L\u00f6sungen f\u00fcr medienorientierte Branchen anbietet. Atex unterst\u00fctzt Unternehmen bei der Umsatzsteigerung und Kostensenkung durch Produkte, die zunehmend personalisiert, lokalisiert, kollaborativ, kontextbezogen und auf Abruf verf\u00fcgbar sind. F\u00fcr weitere Informationen: <a href=\"http:\/\/www.atex.com\/\">www.atex.com<\/a><\/span>[\/vc_column_text][\/vc_column_inner][\/vc_row_inner][vc_row_inner][vc_column_inner width=&#8221;1\/1&#8243;][vc_empty_space empty_h=&#8221;3&#8243;][\/vc_column_inner][\/vc_row_inner][vc_row_inner][vc_column_inner column_width_use_pixel=&#8221;yes&#8221; position_vertical=&#8221;middle&#8221; align_horizontal=&#8221;align_center&#8221; gutter_size=&#8221;3&#8243; overlay_alpha=&#8221;50&#8243; shift_x=&#8221;0&#8243; shift_y=&#8221;0&#8243; z_index=&#8221;0&#8243; medium_width=&#8221;0&#8243; width=&#8221;1\/4&#8243; column_width_pixel=&#8221;200&#8243;][vc_single_image media=&#8221;3598&#8243; media_width_use_pixel=&#8221;yes&#8221; alignment=&#8221;center&#8221; media_width_pixel=&#8221;200&#8243; media_link=&#8221;url:https%3A%2F%2Fwww.oracle.com%2Fde%2Fdatabase%2Findex.html||target:%20_blank|&#8221;][\/vc_column_inner][vc_column_inner column_width_percent=&#8221;100&#8243; position_vertical=&#8221;middle&#8221; gutter_size=&#8221;3&#8243; overlay_alpha=&#8221;50&#8243; shift_x=&#8221;0&#8243; shift_y=&#8221;0&#8243; z_index=&#8221;0&#8243; medium_width=&#8221;0&#8243; width=&#8221;3\/4&#8243;][vc_column_text text_lead=&#8221;yes&#8221; css_animation=&#8221;zoom-in&#8221;]<\/p>\n<h2><span class=\"font-762333\">ORACLE<\/span><\/h2>\n<p><span class=\"font-762333\"><b>Ohne Basis kein Erfolg<br \/>\n<\/b><\/span><span class=\"font-762333\">Oracle bildet unter anderem die erfolgreiche Grundlage von LAGO Enterprise und erm\u00f6glicht so High Performance, wenn es um Multichannel geht.\u00a0<\/span>[\/vc_column_text][\/vc_column_inner][\/vc_row_inner][vc_row_inner][vc_column_inner width=&#8221;1\/1&#8243;][vc_empty_space empty_h=&#8221;3&#8243;][\/vc_column_inner][\/vc_row_inner][vc_row_inner][vc_column_inner width=&#8221;1\/4&#8243;][vc_single_image media=&#8221;45668&#8243; media_width_use_pixel=&#8221;yes&#8221; media_link=&#8221;url:https%3A%2F%2Fwww.hyper-trade.com%2F&#8221; media_width_pixel=&#8221;200&#8243; uncode_shortcode_id=&#8221;192463&#8243;][\/vc_column_inner][vc_column_inner width=&#8221;3\/4&#8243;][vc_column_text text_lead=&#8221;yes&#8221; css_animation=&#8221;zoom-in&#8221; uncode_shortcode_id=&#8221;344327&#8243;]<\/p>\n<h2><span class=\"font-762333\">Hypertrade<\/span><b><\/b><\/h2>\n<p><span class=\"font-762333\">Hypertrade zeichnet sich durch die Automatisierung des Category Managements aus und bietet Unternehmen modernste Tools zur Verbesserung der Produkttransparenz und der Verkaufsleistung.\u2028\u2028 Die Zusammenarbeit mit Hypertrade ist darauf ausgelegt, unsere St\u00e4rken zu vereinen und eine allumfassende L\u00f6sung zu liefern, die Promotion-Workflows, Category Management und CRM nahtlos f\u00fcr Einzelh\u00e4ndler und Agenturen integriert.<\/span>[\/vc_column_text][\/vc_column_inner][\/vc_row_inner][vc_row_inner][vc_column_inner width=&#8221;1\/1&#8243;][vc_empty_space empty_h=&#8221;3&#8243;][\/vc_column_inner][\/vc_row_inner][vc_row_inner][vc_column_inner width=&#8221;1\/4&#8243;][vc_single_image media=&#8221;12389&#8243; media_width_use_pixel=&#8221;yes&#8221; media_link=&#8221;url:http%3A%2F%2Fwww.x-plus-management.com|target:_blank&#8221; media_width_pixel=&#8221;200&#8243; uncode_shortcode_id=&#8221;579652&#8243;][\/vc_column_inner][vc_column_inner width=&#8221;3\/4&#8243;][vc_column_text text_lead=&#8221;yes&#8221; css_animation=&#8221;zoom-in&#8221;]<\/p>\n<h2><span class=\"font-762333\">X-plus-Management<\/span><\/h2>\n<p><span class=\"font-762333\"><b>Vermarktung und Beratung<br \/>\n<\/b><\/span><span class=\"font-762333\">Bei der Vermarktung unserer Software LAGO in \u00d6sterreich stellt X-plus-Management f\u00fcr uns der perfekte Counterpart dar.<br \/>\nDurch ein zukunftsorientiertes Beratungsangebot und eine optimale Kontakt- und Netzwerkarbeit verf\u00fcgen wir mit der X-plus-Management GmbH \u00fcber einen erfahrenen und verl\u00e4sslichen Partner.<\/span>[\/vc_column_text][\/vc_column_inner][\/vc_row_inner][\/vc_column][\/vc_row]<\/p>\n<\/div>","protected":false},"excerpt":{"rendered":"<p>[vc_row][vc_column width=&#8221;1\/1&#8243;][vc_column_text text_lead=&#8221;yes&#8221; uncode_shortcode_id=&#8221;159955&#8243;] Mit starken Partnern zum Erfolg Durch unser Netzwerk finden wir gemeinsam die besten L\u00f6sungen f\u00fcr Ihre [&hellip;]<\/p>\n","protected":false},"author":103,"featured_media":10888,"parent":4988,"menu_order":0,"comment_status":"closed","ping_status":"closed","template":"","meta":{"footnotes":""},"class_list":["post-3572","page","type-page","status-publish","has-post-thumbnail","hentry"],"yoast_head":"<!-- This site is optimized with the Yoast SEO plugin v27.3 - https:\/\/yoast.com\/product\/yoast-seo-wordpress\/ -->\n<title>Mit starken Partnern zum Erfolg \/ Comosoft<\/title>\n<meta name=\"description\" content=\"Durch unser Netzwerk finden wir gemeinsam die besten L\u00f6sungen f\u00fcr Ihre individuellen Anforderungen. Mit starken Partnern zum Erfolg.\" \/>\n<meta name=\"robots\" content=\"index, follow, max-snippet:-1, max-image-preview:large, max-video-preview:-1\" \/>\n<link rel=\"canonical\" href=\"https:\/\/www.comosoft.eu\/de\/unternehmen\/partner\/\" \/>\n<meta property=\"og:locale\" content=\"de_DE\" \/>\n<meta property=\"og:type\" content=\"article\" \/>\n<meta property=\"og:title\" content=\"Mit starken Partnern zum Erfolg \/ Comosoft\" \/>\n<meta property=\"og:description\" content=\"Durch unser Netzwerk finden wir gemeinsam die besten L\u00f6sungen f\u00fcr Ihre individuellen Anforderungen. Mit starken Partnern zum Erfolg.\" \/>\n<meta property=\"og:url\" content=\"https:\/\/www.comosoft.eu\/de\/unternehmen\/partner\/\" \/>\n<meta property=\"og:site_name\" content=\"comosoft.com\" \/>\n<meta property=\"article:modified_time\" content=\"2024-01-10T10:32:38+00:00\" \/>\n<meta property=\"og:image\" content=\"https:\/\/www.comosoft.eu\/wp-content\/uploads\/2016\/08\/Partner-2.jpg\" \/>\n\t<meta property=\"og:image:width\" content=\"2000\" \/>\n\t<meta property=\"og:image:height\" content=\"1330\" \/>\n\t<meta property=\"og:image:type\" content=\"image\/jpeg\" \/>\n<meta name=\"twitter:card\" content=\"summary_large_image\" \/>\n<!-- \/ Yoast SEO plugin. -->","yoast_head_json":{"title":"Mit starken Partnern zum Erfolg \/ Comosoft","description":"Durch unser Netzwerk finden wir gemeinsam die besten L\u00f6sungen f\u00fcr Ihre individuellen Anforderungen. Mit starken Partnern zum Erfolg.","robots":{"index":"index","follow":"follow","max-snippet":"max-snippet:-1","max-image-preview":"max-image-preview:large","max-video-preview":"max-video-preview:-1"},"canonical":"https:\/\/www.comosoft.eu\/de\/unternehmen\/partner\/","og_locale":"de_DE","og_type":"article","og_title":"Mit starken Partnern zum Erfolg \/ Comosoft","og_description":"Durch unser Netzwerk finden wir gemeinsam die besten L\u00f6sungen f\u00fcr Ihre individuellen Anforderungen. Mit starken Partnern zum Erfolg.","og_url":"https:\/\/www.comosoft.eu\/de\/unternehmen\/partner\/","og_site_name":"comosoft.com","article_modified_time":"2024-01-10T10:32:38+00:00","og_image":[{"width":2000,"height":1330,"url":"https:\/\/www.comosoft.eu\/wp-content\/uploads\/2016\/08\/Partner-2.jpg","type":"image\/jpeg"}],"twitter_card":"summary_large_image","schema":{"@context":"https:\/\/schema.org","@graph":[{"@type":"WebPage","@id":"https:\/\/www.comosoft.eu\/de\/unternehmen\/partner\/","url":"https:\/\/www.comosoft.eu\/de\/unternehmen\/partner\/","name":"Mit starken Partnern zum Erfolg \/ Comosoft","isPartOf":{"@id":"https:\/\/www.comosoft.eu\/de\/#website"},"primaryImageOfPage":{"@id":"https:\/\/www.comosoft.eu\/de\/unternehmen\/partner\/#primaryimage"},"image":{"@id":"https:\/\/www.comosoft.eu\/de\/unternehmen\/partner\/#primaryimage"},"thumbnailUrl":"https:\/\/www.comosoft.eu\/wp-content\/uploads\/2016\/08\/Partner-2.jpg","datePublished":"2017-06-26T12:39:07+00:00","dateModified":"2024-01-10T10:32:38+00:00","description":"Durch unser Netzwerk finden wir gemeinsam die besten L\u00f6sungen f\u00fcr Ihre individuellen Anforderungen. Mit starken Partnern zum Erfolg.","breadcrumb":{"@id":"https:\/\/www.comosoft.eu\/de\/unternehmen\/partner\/#breadcrumb"},"inLanguage":"de-DE","potentialAction":[{"@type":"ReadAction","target":["https:\/\/www.comosoft.eu\/de\/unternehmen\/partner\/"]}]},{"@type":"ImageObject","inLanguage":"de-DE","@id":"https:\/\/www.comosoft.eu\/de\/unternehmen\/partner\/#primaryimage","url":"https:\/\/www.comosoft.eu\/wp-content\/uploads\/2016\/08\/Partner-2.jpg","contentUrl":"https:\/\/www.comosoft.eu\/wp-content\/uploads\/2016\/08\/Partner-2.jpg","width":2000,"height":1330,"caption":"Comosoft Netzwerk und Partner"},{"@type":"BreadcrumbList","@id":"https:\/\/www.comosoft.eu\/de\/unternehmen\/partner\/#breadcrumb","itemListElement":[{"@type":"ListItem","position":1,"name":"Home","item":"https:\/\/www.comosoft.eu\/de\/multichannel-software-loesung-lago-von-comosoft\/"},{"@type":"ListItem","position":2,"name":"Unternehmen","item":"https:\/\/www.comosoft.eu\/de\/unternehmen\/"},{"@type":"ListItem","position":3,"name":"Partner"}]},{"@type":"WebSite","@id":"https:\/\/www.comosoft.eu\/de\/#website","url":"https:\/\/www.comosoft.eu\/de\/","name":"Comosoft","description":"Multichannel Solutions","publisher":{"@id":"https:\/\/www.comosoft.eu\/de\/#organization"},"potentialAction":[{"@type":"SearchAction","target":{"@type":"EntryPoint","urlTemplate":"https:\/\/www.comosoft.eu\/de\/?s={search_term_string}"},"query-input":{"@type":"PropertyValueSpecification","valueRequired":true,"valueName":"search_term_string"}}],"inLanguage":"de-DE"},{"@type":"Organization","@id":"https:\/\/www.comosoft.eu\/de\/#organization","name":"Comosoft GmbH","alternateName":"Multichannel Solutions","url":"https:\/\/www.comosoft.eu\/de\/","logo":{"@type":"ImageObject","inLanguage":"de-DE","@id":"https:\/\/www.comosoft.eu\/de\/#\/schema\/logo\/image\/","url":"https:\/\/www.comosoft.eu\/wp-content\/uploads\/2021\/01\/Comosoft-Logo463.png","contentUrl":"https:\/\/www.comosoft.eu\/wp-content\/uploads\/2021\/01\/Comosoft-Logo463.png","width":1654,"height":337,"caption":"Comosoft GmbH"},"image":{"@id":"https:\/\/www.comosoft.eu\/de\/#\/schema\/logo\/image\/"},"sameAs":["https:\/\/de.linkedin.com\/company\/comosoft?original_referer=httpswww.google.com"]}]}},"_links":{"self":[{"href":"https:\/\/www.comosoft.eu\/de\/wp-json\/wp\/v2\/pages\/3572","targetHints":{"allow":["GET"]}}],"collection":[{"href":"https:\/\/www.comosoft.eu\/de\/wp-json\/wp\/v2\/pages"}],"about":[{"href":"https:\/\/www.comosoft.eu\/de\/wp-json\/wp\/v2\/types\/page"}],"author":[{"embeddable":true,"href":"https:\/\/www.comosoft.eu\/de\/wp-json\/wp\/v2\/users\/103"}],"replies":[{"embeddable":true,"href":"https:\/\/www.comosoft.eu\/de\/wp-json\/wp\/v2\/comments?post=3572"}],"version-history":[{"count":19,"href":"https:\/\/www.comosoft.eu\/de\/wp-json\/wp\/v2\/pages\/3572\/revisions"}],"predecessor-version":[{"id":45854,"href":"https:\/\/www.comosoft.eu\/de\/wp-json\/wp\/v2\/pages\/3572\/revisions\/45854"}],"up":[{"embeddable":true,"href":"https:\/\/www.comosoft.eu\/de\/wp-json\/wp\/v2\/pages\/4988"}],"wp:featuredmedia":[{"embeddable":true,"href":"https:\/\/www.comosoft.eu\/de\/wp-json\/wp\/v2\/media\/10888"}],"wp:attachment":[{"href":"https:\/\/www.comosoft.eu\/de\/wp-json\/wp\/v2\/media?parent=3572"}],"curies":[{"name":"wp","href":"https:\/\/api.w.org\/{rel}","templated":true}]}}