{"id":3450,"date":"2017-09-01T14:19:29","date_gmt":"2017-09-01T12:19:29","guid":{"rendered":"https:\/\/www.comosoft.com\/?page_id=3450\/"},"modified":"2025-09-25T10:29:47","modified_gmt":"2025-09-25T08:29:47","slug":"projektmanagement-consulting","status":"publish","type":"page","link":"https:\/\/www.comosoft.eu\/de\/software-loesungen\/projektmanagement-consulting\/","title":{"rendered":"Projektmanagement &#038; Consulting"},"content":{"rendered":"<div class=\"wpb-content-wrapper\"><p>[vc_row][vc_column width=&#8221;1\/1&#8243;][vc_column_text text_lead=&#8221;yes&#8221; uncode_shortcode_id=&#8221;156468&#8243;]<\/p>\n<h2>Analysieren, Optimieren, Produzieren<\/h2>\n<p>Wir legen Wert darauf, unsere Software in Ihren <strong>Workflow, Ihr Datenmodell und in Ihre Prozesse einzubauen<\/strong>. Daf\u00fcr haben wir ein starkes Team aus erfahrenen Projektmanagern, die die <strong>Implementierungsprojekte<\/strong> zusammen mit Ihnen durchf\u00fchren. Dabei kommen sowohl standardisierte, klassische Methoden als auch neue, agile Methoden zum Einsatz, gewonnen aus unserer f\u00fcnfundzwanzigj\u00e4hrigen Erfahrung mit <strong>Neueinf\u00fchrungsprojekten<\/strong>.<\/p>\n<p>Wir starten mit der Discovery \u2013 mit welchem Konzept k\u00f6nnen Sie Ihre <strong>Prozesse verschlanken und effizienter<\/strong> mit <a href=\"https:\/\/www.comosoft.eu\/de\/multichannel-software-lago\/\">LAGO<\/a> machen? <strong>Einsparungen zwischen 20 % und 50 %<\/strong> insbesondere im Grafikbereich sind keine Seltenheit, da jegliche Verschwendung aus den Abl\u00e4ufen entfernt wird \u2013 unser Workflow steuert \u00fcbersichtlich alle Beteiligten. Im anschlie\u00dfenden Development installiert unsere IT das System, in der Deployment Phase bereiten wir alle <strong>User <\/strong>\u00fcber<strong> Trainings<\/strong> auf die Delivery Phase vor. Auch hier lassen wir Sie nicht alleine \u2013 wir begleiten Ihre ersten Produktionen durch <strong>Supporter vor Ort<\/strong>.[\/vc_column_text][\/vc_column][\/vc_row][vc_row row_height_percent=&#8221;0&#8243; override_padding=&#8221;yes&#8221; h_padding=&#8221;2&#8243; top_padding=&#8221;4&#8243; bottom_padding=&#8221;4&#8243; back_color=&#8221;color-nhtu&#8221; overlay_alpha=&#8221;100&#8243; gutter_size=&#8221;4&#8243; shift_y=&#8221;0&#8243;][vc_column column_width_percent=&#8221;100&#8243; position_horizontal=&#8221;left&#8221; gutter_size=&#8221;3&#8243; expand_height=&#8221;yes&#8221; style=&#8221;dark&#8221; overlay_alpha=&#8221;100&#8243; shift_x=&#8221;0&#8243; shift_y=&#8221;0&#8243; z_index=&#8221;0&#8243; medium_width=&#8221;0&#8243; width=&#8221;1\/4&#8243;][uncode_counter value=&#8221;+ 114&#8243; counter_color=&#8221;&#8221; font=&#8221;font-908663&#8243; weight=&#8221;600&#8243; height=&#8221;fontheight-128528&#8243; text=&#8221;INTERNATIONALE BRANDS&#8221; uncode_shortcode_id=&#8221;463807&#8243;][vc_separator sep_color=&#8221;accent&#8221; el_width=&#8221;50%&#8221;][vc_column_text uncode_shortcode_id=&#8221;140620&#8243;]Haben LAGO im Einsatz und produzieren erfolgreich ihre Werbemittel.[\/vc_column_text][\/vc_column][vc_column column_width_percent=&#8221;100&#8243; position_horizontal=&#8221;left&#8221; gutter_size=&#8221;3&#8243; expand_height=&#8221;yes&#8221; style=&#8221;dark&#8221; overlay_alpha=&#8221;50&#8243; shift_x=&#8221;0&#8243; shift_y=&#8221;0&#8243; z_index=&#8221;0&#8243; medium_width=&#8221;0&#8243; width=&#8221;1\/4&#8243;][uncode_counter value=&#8221;+ 30&#8243; counter_color=&#8221;&#8221; font=&#8221;font-908663&#8243; weight=&#8221;600&#8243; height=&#8221;fontheight-128528&#8243; text=&#8221;YEARS OF MULTICHANNEL EXPERIENCE&#8221; uncode_shortcode_id=&#8221;742620&#8243;][vc_separator sep_color=&#8221;accent&#8221; el_width=&#8221;50%&#8221;][vc_column_text uncode_shortcode_id=&#8221;987664&#8243;]Seit drei Jahrzehnten ist Comosoft die Nr. 1 bei der Planung und Produktion von unz\u00e4hligen Retailern[\/vc_column_text][\/vc_column][vc_column column_width_percent=&#8221;100&#8243; align_horizontal=&#8221;align_center&#8221; gutter_size=&#8221;3&#8243; expand_height=&#8221;yes&#8221; style=&#8221;dark&#8221; overlay_alpha=&#8221;50&#8243; shift_x=&#8221;0&#8243; shift_y=&#8221;0&#8243; shift_y_down=&#8221;0&#8243; z_index=&#8221;0&#8243; medium_width=&#8221;0&#8243; mobile_width=&#8221;0&#8243; width=&#8221;1\/2&#8243; uncode_shortcode_id=&#8221;720329&#8243;][vc_single_image media=&#8221;47925&#8243; media_width_percent=&#8221;75&#8243; alignment=&#8221;center&#8221; uncode_shortcode_id=&#8221;701717&#8243;][\/vc_column][\/vc_row][vc_row row_height_percent=&#8221;0&#8243; back_color=&#8221;color-lxmt&#8221; overlay_alpha=&#8221;50&#8243; gutter_size=&#8221;3&#8243; shift_y=&#8221;0&#8243;][vc_column column_width_percent=&#8221;100&#8243; position_vertical=&#8221;middle&#8221; gutter_size=&#8221;3&#8243; override_padding=&#8221;yes&#8221; column_padding=&#8221;0&#8243; overlay_alpha=&#8221;50&#8243; shift_x=&#8221;0&#8243; shift_y=&#8221;0&#8243; z_index=&#8221;0&#8243; medium_width=&#8221;0&#8243; width=&#8221;2\/3&#8243;][vc_column_text text_lead=&#8221;yes&#8221;]<\/p>\n<h2>Unsere Software\u00a0LAGO\u00a0erm\u00f6glicht Ihnen eine automatisierte Werbemittelproduktion<\/h2>\n<p>Ob es um automatisierte Prozesse oder eine multikanale Ausleitung Ihrer Werbemittelproduktion geht, LAGO ist f\u00fcr Ihre Bed\u00fcrfnisse entwickelt.[\/vc_column_text][\/vc_column][vc_column column_width_percent=&#8221;100&#8243; gutter_size=&#8221;3&#8243; overlay_alpha=&#8221;50&#8243; shift_x=&#8221;0&#8243; shift_y=&#8221;0&#8243; shift_y_down=&#8221;0&#8243; z_index=&#8221;0&#8243; medium_width=&#8221;0&#8243; mobile_width=&#8221;0&#8243; css_animation=&#8221;zoom-in&#8221; animation_delay=&#8221;600&#8243; width=&#8221;1\/3&#8243; uncode_shortcode_id=&#8221;156471&#8243;][vc_single_image media=&#8221;12317&#8243; media_width_percent=&#8221;100&#8243;][\/vc_column][\/vc_row][vc_row row_height_percent=&#8221;0&#8243; overlay_alpha=&#8221;50&#8243; gutter_size=&#8221;3&#8243; shift_y=&#8221;0&#8243;][vc_column width=&#8221;1\/1&#8243;][uncode_block id=&#8221;14960&#8243;][\/vc_column][\/vc_row][vc_row][vc_column column_width_percent=&#8221;100&#8243; gutter_size=&#8221;3&#8243; override_padding=&#8221;yes&#8221; column_padding=&#8221;3&#8243; back_color=&#8221;color-lxmt&#8221; overlay_alpha=&#8221;50&#8243; shift_x=&#8221;0&#8243; shift_y=&#8221;0&#8243; z_index=&#8221;0&#8243; medium_width=&#8221;0&#8243; width=&#8221;1\/1&#8243;][vc_row_inner row_inner_height_percent=&#8221;0&#8243; overlay_alpha=&#8221;50&#8243; equal_height=&#8221;yes&#8221; gutter_size=&#8221;3&#8243; shift_y=&#8221;0&#8243;][vc_column_inner column_width_percent=&#8221;100&#8243; position_vertical=&#8221;middle&#8221; gutter_size=&#8221;3&#8243; overlay_alpha=&#8221;50&#8243; shift_x=&#8221;0&#8243; shift_y=&#8221;0&#8243; z_index=&#8221;0&#8243; medium_width=&#8221;0&#8243; width=&#8221;2\/3&#8243;][vc_column_text]<\/p>\n<h2>Comosoft\u00a0 &#8220;verzaubert&#8221; Hawesko in der Medienproduktion \u2013 Hawesko entscheidet sich f\u00fcr LAGO4<\/h2>\n<p class=\"p1\">Deutschlands f\u00fchrender Anbieter hochwertiger Weine &amp; Champagner vertraut zuk\u00fcnftig auf die Comosoft GmbH im Bereich PIM- &amp; Multichannel-Medienproduktionssysteme. Strukturiert, schnell, flexibel und multichannel \u2013 Hawesko setzt in den Disziplinen PIM (Product Information Management), MAM (Media Asset Management) und der Multichannel-Ausgabe auf die Software LAGO4 von Comosoft, um einen durchg\u00e4ngigen Informationsfluss \u00fcber alle Vertriebskan\u00e4le hinweg zu gew\u00e4hrleisten.<\/p>\n<p>[\/vc_column_text][vc_button button_color=&#8221;color-wvjs&#8221; size=&#8221;btn-sm&#8221; outline=&#8221;yes&#8221; border_width=&#8221;0&#8243; link=&#8221;url:https%3A%2F%2Fwww.comosoft.eu%2Fde%2Fpressemitteilung-hawesko%2F&#8221; button_color_type=&#8221;uncode-palette&#8221; uncode_shortcode_id=&#8221;644435&#8243;]zur hawesko Pressemitteilung[\/vc_button][\/vc_column_inner][vc_column_inner column_width_percent=&#8221;100&#8243; position_vertical=&#8221;middle&#8221; gutter_size=&#8221;3&#8243; overlay_alpha=&#8221;50&#8243; shift_x=&#8221;0&#8243; shift_y=&#8221;0&#8243; z_index=&#8221;0&#8243; medium_width=&#8221;0&#8243; mobile_visibility=&#8221;yes&#8221; css_animation=&#8221;bottom-t-top&#8221; width=&#8221;1\/3&#8243;][vc_single_image media=&#8221;2732&#8243; media_width_percent=&#8221;100&#8243;][\/vc_column_inner][\/vc_row_inner][\/vc_column][\/vc_row][vc_row row_height_percent=&#8221;0&#8243; override_padding=&#8221;yes&#8221; h_padding=&#8221;3&#8243; top_padding=&#8221;3&#8243; bottom_padding=&#8221;3&#8243; back_image=&#8221;163&#8243; parallax=&#8221;yes&#8221; overlay_color=&#8221;accent&#8221; overlay_alpha=&#8221;85&#8243; gutter_size=&#8221;0&#8243; shift_y=&#8221;0&#8243;][vc_column column_width_percent=&#8221;100&#8243; position_vertical=&#8221;middle&#8221; gutter_size=&#8221;3&#8243; style=&#8221;dark&#8221; overlay_alpha=&#8221;50&#8243; shift_x=&#8221;0&#8243; shift_y=&#8221;0&#8243; z_index=&#8221;0&#8243; medium_width=&#8221;0&#8243; width=&#8221;1\/1&#8243;][vc_column_text]<\/p>\n<h2><span class=\"font-762333\"><span class=\"font-762333, fontsize-148062\">Vereinbaren Sie eine Live-Demo<\/span><\/span><\/h2>\n<p><strong>Neugierig geworden? Dann vereinbaren Sie jetzt eine LAGO Live-Demo.<\/strong>[\/vc_column_text][\/vc_column][\/vc_row][vc_row row_height_percent=&#8221;0&#8243; back_image=&#8221;2751&#8243; parallax=&#8221;yes&#8221; overlay_color=&#8221;color-lxmt&#8221; overlay_alpha=&#8221;76&#8243; gutter_size=&#8221;3&#8243; shift_y=&#8221;0&#8243;][vc_column column_width_percent=&#8221;100&#8243; gutter_size=&#8221;3&#8243; style=&#8221;light&#8221; overlay_alpha=&#8221;50&#8243; shift_x=&#8221;0&#8243; shift_y=&#8221;0&#8243; z_index=&#8221;0&#8243; medium_width=&#8221;0&#8243; width=&#8221;1\/1&#8243;][vc_row_inner row_inner_height_percent=&#8221;0&#8243; overlay_alpha=&#8221;50&#8243; equal_height=&#8221;yes&#8221; gutter_size=&#8221;3&#8243; shift_y=&#8221;0&#8243;][vc_column_inner column_width_percent=&#8221;100&#8243; gutter_size=&#8221;3&#8243; style=&#8221;light&#8221; overlay_alpha=&#8221;50&#8243; shift_x=&#8221;0&#8243; shift_y=&#8221;0&#8243; z_index=&#8221;0&#8243; medium_width=&#8221;0&#8243; width=&#8221;1\/1&#8243;]\n<div class=\"wpcf7 no-js\" id=\"wpcf7-f12090-o1\" lang=\"en-US\" dir=\"ltr\" data-wpcf7-id=\"12090\">\n<div class=\"screen-reader-response\"><p role=\"status\" aria-live=\"polite\" aria-atomic=\"true\"><\/p> <ul><\/ul><\/div>\n<form action=\"\/de\/wp-json\/wp\/v2\/pages\/3450#wpcf7-f12090-o1\" method=\"post\" class=\"wpcf7-form init\" aria-label=\"Contact form\" novalidate=\"novalidate\" data-status=\"init\">\n<fieldset class=\"hidden-fields-container\"><input type=\"hidden\" name=\"_wpcf7\" value=\"12090\" \/><input type=\"hidden\" name=\"_wpcf7_version\" value=\"6.1.5\" \/><input type=\"hidden\" name=\"_wpcf7_locale\" value=\"en_US\" \/><input type=\"hidden\" name=\"_wpcf7_unit_tag\" value=\"wpcf7-f12090-o1\" \/><input type=\"hidden\" name=\"_wpcf7_container_post\" value=\"0\" \/><input type=\"hidden\" name=\"_wpcf7_posted_data_hash\" value=\"\" \/>\n<\/fieldset>\n<style>\n.style-light input[type=\"text\"],\n.style-light input[type=\"email\"],\n.style-light textarea {\n border-color: #b2b2b2;\n}\nlabel {\n font-weight: bold;\n}\n<\/style>\n<div class=\"row\">\n\t<div class=\"row-inner\">\n\t\t<div class=\"col-lg-6\">\n\t\t\t<p><label> *Vorname<br \/>\n<span class=\"wpcf7-form-control-wrap\" data-name=\"your-firstname\"><input size=\"40\" maxlength=\"400\" class=\"wpcf7-form-control wpcf7-text wpcf7-validates-as-required\" aria-required=\"true\" aria-invalid=\"false\" value=\"\" type=\"text\" name=\"your-firstname\" \/><\/span> <\/label>\n\t\t\t<\/p>\n\t\t<\/div>\n\t\t<div class=\"col-lg-6\" style=\"padding-top: 0;\">\n\t\t\t<p><label> *Name<br \/>\n<span class=\"wpcf7-form-control-wrap\" data-name=\"your-name\"><input size=\"40\" maxlength=\"400\" class=\"wpcf7-form-control wpcf7-text wpcf7-validates-as-required\" aria-required=\"true\" aria-invalid=\"false\" value=\"\" type=\"text\" name=\"your-name\" \/><\/span> <\/label>\n\t\t\t<\/p>\n\t\t<\/div>\n\t<\/div>\n<\/div>\n<div class=\"row\">\n\t<div class=\"row-inner\">\n\t\t<div class=\"col-lg-6\">\n\t\t\t<p><label> *Firma<br \/>\n<span class=\"wpcf7-form-control-wrap\" data-name=\"your-company\"><input size=\"40\" maxlength=\"400\" class=\"wpcf7-form-control wpcf7-text wpcf7-validates-as-required\" aria-required=\"true\" aria-invalid=\"false\" value=\"\" type=\"text\" name=\"your-company\" \/><\/span> <\/label>\n\t\t\t<\/p>\n\t\t<\/div>\n\t\t<div class=\"col-lg-6\" style=\"padding-top: 0;\">\n\t\t\t<p><label> *E-Mail<br \/>\n<span class=\"wpcf7-form-control-wrap\" data-name=\"your-email\"><input size=\"40\" maxlength=\"400\" class=\"wpcf7-form-control wpcf7-email wpcf7-validates-as-required wpcf7-text wpcf7-validates-as-email\" aria-required=\"true\" aria-invalid=\"false\" value=\"\" type=\"email\" name=\"your-email\" \/><\/span> <\/label>\n\t\t\t<\/p>\n\t\t<\/div>\n\t<\/div>\n<\/div>\n<div class=\"row\">\n\t<div class=\"row-inner\">\n\t\t<div class=\"col-lg-12\">\n\t\t\t<p><label> Nachricht<br \/>\n<span class=\"wpcf7-form-control-wrap\" data-name=\"your-message\"><textarea cols=\"40\" rows=\"10\" maxlength=\"2000\" class=\"wpcf7-form-control wpcf7-textarea\" aria-invalid=\"false\" name=\"your-message\"><\/textarea><\/span> <\/label><br \/>\n<span id=\"wpcf7-69de283e1167a-wrapper\" class=\"wpcf7-form-control-wrap website-162-wrap\" ><label for=\"wpcf7-69de283e1167a-field\" class=\"hp-message\">Please leave this field empty.<\/label><input id=\"wpcf7-69de283e1167a-field\"  class=\"wpcf7-form-control wpcf7-text\" type=\"text\" name=\"website-162\" value=\"\" size=\"40\" tabindex=\"-1\" autocomplete=\"new-password\" \/><\/span><br \/>\n<span id=\"wpcf7-69de283e11773-wrapper\" class=\"wpcf7-form-control-wrap email-162-wrap\" ><label for=\"wpcf7-69de283e11773-field\" class=\"hp-message\">Please leave this field empty.<\/label><input id=\"wpcf7-69de283e11773-field\"  class=\"wpcf7-form-control wpcf7-text\" type=\"text\" name=\"email-162\" value=\"\" size=\"40\" tabindex=\"-1\" autocomplete=\"new-password\" \/><\/span>\n\t\t\t<\/p>\n\t\t\t<div>\n\t\t\t\t<p>Ihre Daten aus dem Kontaktformular werden zur Beantwortung Ihrer Anfrage erhoben und verarbeitet. Detaillierte Informationen zum Umgang mit Nutzerdaten finden Sie in unserer\u00a0<a href=\"https:\/\/www.comosoft.eu\/de\/datenschutz\/\">Datenschutzerkl\u00e4rung<\/a>.\n\t\t\t\t<\/p>\n\t\t\t<\/div>\n\t\t<\/div>\n\t<\/div>\n<\/div>\n<div class=\"row\">\n\t<div class=\"row-inner\">\n\t\t<div class=\"col-lg-12\">\n\t\t\t<p><input class=\"wpcf7-form-control wpcf7-submit has-spinner btn btn-accent\" type=\"submit\" value=\"Absenden\" \/>\n\t\t\t<\/p>\n\t\t<\/div>\n\t<\/div>\n<\/div>\n<p><script>\ndocument.addEventListener( 'wpcf7mailsent', function(e) {\n\tif ( '12090' == event.detail.contactFormId ) {\n gtag('event', 'submit', {\n 'event_category': 'Kontakt',\n 'event_label': 'Kontakt DE'\n })};\n}, false );\n<\/script>\n<\/p><div class=\"wpcf7-response-output\" aria-hidden=\"true\"><\/div>\n<\/form>\n<\/div>\n[\/vc_column_inner][\/vc_row_inner][\/vc_column][\/vc_row]<\/p>\n<\/div>","protected":false},"excerpt":{"rendered":"<p>[vc_row][vc_column width=&#8221;1\/1&#8243;][vc_column_text text_lead=&#8221;yes&#8221; uncode_shortcode_id=&#8221;156468&#8243;] Analysieren, Optimieren, Produzieren Wir legen Wert darauf, unsere Software in Ihren Workflow, Ihr Datenmodell und in [&hellip;]<\/p>\n","protected":false},"author":122,"featured_media":10906,"parent":2663,"menu_order":0,"comment_status":"closed","ping_status":"closed","template":"","meta":{"footnotes":""},"class_list":["post-3450","page","type-page","status-publish","has-post-thumbnail","hentry"],"yoast_head":"<!-- This site is optimized with the Yoast SEO plugin v27.3 - https:\/\/yoast.com\/product\/yoast-seo-wordpress\/ -->\n<title>Projektmanagement und Consulting bei der LAGO Implementierung<\/title>\n<meta name=\"description\" content=\"LAGO optimiert Ihre Prozesse von Analyse bis Produktion \u2013 mit bew\u00e4hrtem Workflow und Top-Support f\u00fcr internationale Marken. \u2794 Jetzt informieren\" \/>\n<meta name=\"robots\" content=\"index, follow, max-snippet:-1, max-image-preview:large, max-video-preview:-1\" \/>\n<link rel=\"canonical\" href=\"https:\/\/www.comosoft.eu\/de\/software-loesungen\/projektmanagement-consulting\/\" \/>\n<meta property=\"og:locale\" content=\"de_DE\" \/>\n<meta property=\"og:type\" content=\"article\" \/>\n<meta property=\"og:title\" content=\"Projektmanagement und Consulting bei der LAGO Implementierung\" \/>\n<meta property=\"og:description\" content=\"LAGO optimiert Ihre Prozesse von Analyse bis Produktion \u2013 mit bew\u00e4hrtem Workflow und Top-Support f\u00fcr internationale Marken. \u2794 Jetzt informieren\" \/>\n<meta property=\"og:url\" content=\"https:\/\/www.comosoft.eu\/de\/software-loesungen\/projektmanagement-consulting\/\" \/>\n<meta property=\"og:site_name\" content=\"comosoft.com\" \/>\n<meta property=\"article:modified_time\" content=\"2025-09-25T08:29:47+00:00\" \/>\n<meta property=\"og:image\" content=\"https:\/\/www.comosoft.eu\/wp-content\/uploads\/2016\/08\/Downloads-1.jpg\" \/>\n\t<meta property=\"og:image:width\" content=\"2000\" \/>\n\t<meta property=\"og:image:height\" content=\"1333\" \/>\n\t<meta property=\"og:image:type\" content=\"image\/jpeg\" \/>\n<meta name=\"twitter:card\" content=\"summary_large_image\" \/>\n<!-- \/ Yoast SEO plugin. -->","yoast_head_json":{"title":"Projektmanagement und Consulting bei der LAGO Implementierung","description":"LAGO optimiert Ihre Prozesse von Analyse bis Produktion \u2013 mit bew\u00e4hrtem Workflow und Top-Support f\u00fcr internationale Marken. \u2794 Jetzt informieren","robots":{"index":"index","follow":"follow","max-snippet":"max-snippet:-1","max-image-preview":"max-image-preview:large","max-video-preview":"max-video-preview:-1"},"canonical":"https:\/\/www.comosoft.eu\/de\/software-loesungen\/projektmanagement-consulting\/","og_locale":"de_DE","og_type":"article","og_title":"Projektmanagement und Consulting bei der LAGO Implementierung","og_description":"LAGO optimiert Ihre Prozesse von Analyse bis Produktion \u2013 mit bew\u00e4hrtem Workflow und Top-Support f\u00fcr internationale Marken. \u2794 Jetzt informieren","og_url":"https:\/\/www.comosoft.eu\/de\/software-loesungen\/projektmanagement-consulting\/","og_site_name":"comosoft.com","article_modified_time":"2025-09-25T08:29:47+00:00","og_image":[{"width":2000,"height":1333,"url":"https:\/\/www.comosoft.eu\/wp-content\/uploads\/2016\/08\/Downloads-1.jpg","type":"image\/jpeg"}],"twitter_card":"summary_large_image","schema":{"@context":"https:\/\/schema.org","@graph":[{"@type":"WebPage","@id":"https:\/\/www.comosoft.eu\/de\/software-loesungen\/projektmanagement-consulting\/","url":"https:\/\/www.comosoft.eu\/de\/software-loesungen\/projektmanagement-consulting\/","name":"Projektmanagement und Consulting bei der LAGO Implementierung","isPartOf":{"@id":"https:\/\/www.comosoft.eu\/de\/#website"},"primaryImageOfPage":{"@id":"https:\/\/www.comosoft.eu\/de\/software-loesungen\/projektmanagement-consulting\/#primaryimage"},"image":{"@id":"https:\/\/www.comosoft.eu\/de\/software-loesungen\/projektmanagement-consulting\/#primaryimage"},"thumbnailUrl":"https:\/\/www.comosoft.eu\/wp-content\/uploads\/2016\/08\/Downloads-1.jpg","datePublished":"2017-09-01T12:19:29+00:00","dateModified":"2025-09-25T08:29:47+00:00","description":"LAGO optimiert Ihre Prozesse von Analyse bis Produktion \u2013 mit bew\u00e4hrtem Workflow und Top-Support f\u00fcr internationale Marken. \u2794 Jetzt informieren","breadcrumb":{"@id":"https:\/\/www.comosoft.eu\/de\/software-loesungen\/projektmanagement-consulting\/#breadcrumb"},"inLanguage":"de-DE","potentialAction":[{"@type":"ReadAction","target":["https:\/\/www.comosoft.eu\/de\/software-loesungen\/projektmanagement-consulting\/"]}]},{"@type":"ImageObject","inLanguage":"de-DE","@id":"https:\/\/www.comosoft.eu\/de\/software-loesungen\/projektmanagement-consulting\/#primaryimage","url":"https:\/\/www.comosoft.eu\/wp-content\/uploads\/2016\/08\/Downloads-1.jpg","contentUrl":"https:\/\/www.comosoft.eu\/wp-content\/uploads\/2016\/08\/Downloads-1.jpg","width":2000,"height":1333,"caption":"Comosoft LAGO Consulting"},{"@type":"BreadcrumbList","@id":"https:\/\/www.comosoft.eu\/de\/software-loesungen\/projektmanagement-consulting\/#breadcrumb","itemListElement":[{"@type":"ListItem","position":1,"name":"Home","item":"https:\/\/www.comosoft.eu\/de\/multichannel-software-loesung-lago-von-comosoft\/"},{"@type":"ListItem","position":2,"name":"Software &#038; L\u00f6sungen","item":"https:\/\/www.comosoft.eu\/de\/software-loesungen\/"},{"@type":"ListItem","position":3,"name":"Projektmanagement &#038; Consulting"}]},{"@type":"WebSite","@id":"https:\/\/www.comosoft.eu\/de\/#website","url":"https:\/\/www.comosoft.eu\/de\/","name":"Comosoft","description":"Multichannel Solutions","publisher":{"@id":"https:\/\/www.comosoft.eu\/de\/#organization"},"potentialAction":[{"@type":"SearchAction","target":{"@type":"EntryPoint","urlTemplate":"https:\/\/www.comosoft.eu\/de\/?s={search_term_string}"},"query-input":{"@type":"PropertyValueSpecification","valueRequired":true,"valueName":"search_term_string"}}],"inLanguage":"de-DE"},{"@type":"Organization","@id":"https:\/\/www.comosoft.eu\/de\/#organization","name":"Comosoft GmbH","alternateName":"Multichannel Solutions","url":"https:\/\/www.comosoft.eu\/de\/","logo":{"@type":"ImageObject","inLanguage":"de-DE","@id":"https:\/\/www.comosoft.eu\/de\/#\/schema\/logo\/image\/","url":"https:\/\/www.comosoft.eu\/wp-content\/uploads\/2021\/01\/Comosoft-Logo463.png","contentUrl":"https:\/\/www.comosoft.eu\/wp-content\/uploads\/2021\/01\/Comosoft-Logo463.png","width":1654,"height":337,"caption":"Comosoft GmbH"},"image":{"@id":"https:\/\/www.comosoft.eu\/de\/#\/schema\/logo\/image\/"},"sameAs":["https:\/\/de.linkedin.com\/company\/comosoft?original_referer=httpswww.google.com"]}]}},"_links":{"self":[{"href":"https:\/\/www.comosoft.eu\/de\/wp-json\/wp\/v2\/pages\/3450","targetHints":{"allow":["GET"]}}],"collection":[{"href":"https:\/\/www.comosoft.eu\/de\/wp-json\/wp\/v2\/pages"}],"about":[{"href":"https:\/\/www.comosoft.eu\/de\/wp-json\/wp\/v2\/types\/page"}],"author":[{"embeddable":true,"href":"https:\/\/www.comosoft.eu\/de\/wp-json\/wp\/v2\/users\/122"}],"replies":[{"embeddable":true,"href":"https:\/\/www.comosoft.eu\/de\/wp-json\/wp\/v2\/comments?post=3450"}],"version-history":[{"count":23,"href":"https:\/\/www.comosoft.eu\/de\/wp-json\/wp\/v2\/pages\/3450\/revisions"}],"predecessor-version":[{"id":49668,"href":"https:\/\/www.comosoft.eu\/de\/wp-json\/wp\/v2\/pages\/3450\/revisions\/49668"}],"up":[{"embeddable":true,"href":"https:\/\/www.comosoft.eu\/de\/wp-json\/wp\/v2\/pages\/2663"}],"wp:featuredmedia":[{"embeddable":true,"href":"https:\/\/www.comosoft.eu\/de\/wp-json\/wp\/v2\/media\/10906"}],"wp:attachment":[{"href":"https:\/\/www.comosoft.eu\/de\/wp-json\/wp\/v2\/media?parent=3450"}],"curies":[{"name":"wp","href":"https:\/\/api.w.org\/{rel}","templated":true}]}}