{"id":3359,"date":"2017-09-01T13:45:11","date_gmt":"2017-09-01T11:45:11","guid":{"rendered":"https:\/\/www.comosoft.com\/?page_id=3359\/"},"modified":"2025-09-25T11:14:25","modified_gmt":"2025-09-25T09:14:25","slug":"kundenspezifische-entwicklung","status":"publish","type":"page","link":"https:\/\/www.comosoft.eu\/de\/software-loesungen\/kundenspezifische-entwicklung\/","title":{"rendered":"Kundenspezifische Entwicklung"},"content":{"rendered":"<div class=\"wpb-content-wrapper\"><p>[vc_row][vc_column width=&#8221;1\/1&#8243;][vc_column_text text_lead=&#8221;yes&#8221; uncode_shortcode_id=&#8221;125333&#8243;]<\/p>\n<h2>Standardisierte Softwarel\u00f6sung gemeinsam mit Ihnen weiterentwickeln<\/h2>\n<p>Comosoft bietet Ihnen die Realisierung von <strong>kundenspezifischen L\u00f6sungen<\/strong> auf verschiedenen Ebenen an. Nach eingehender Analyse der Anforderungen mit unseren Consultants schlagen wir den optimalen Weg ein.<br \/>\nUm die Kommunikation der bei Ihnen im Einsatz befindlichen Werkzeuge zu optimieren, kann ein isoliertes Werkzeug zur Aufbereitung der Daten f\u00fcr unsere Standardschnittstellen die L\u00f6sung sein. Die Verwendung unserer <strong>offenen CRUD-API<\/strong> kann f\u00fcr Sie der beste Weg sein, egal ob Sie als Kunde \u00fcber <strong>eigene Entwicklungskapazit\u00e4ten oder einen Dienstleister<\/strong> verf\u00fcgen. F\u00fcr eine tiefe Integration in die vorhandene <a href=\"https:\/\/www.comosoft.eu\/de\/multichannel-software-lago\/\">LAGO<\/a> Core bieten wir Erweiterungen durch unser spezialisiertes Entwicklungsteam an.<br \/>\nDa die Entwicklung bei Comosoft immer aus einem Entwicklungsstrang erfolgt, es also keine kundenspezifischen Versionen oder Pakete gibt, ist die Verf\u00fcgbarkeit Ihrer Entwicklung in <strong>neuen Versionen<\/strong> immer gew\u00e4hrleistet. Allen L\u00f6sungen ist gemeinsam, dass wir bei Comosoft <strong>mit dem agilen Entwicklungspattern &#8220;Scrum&#8221; arbeiten<\/strong> und dementsprechend in kurzen Zyklen denken, konzipieren und entwickeln.[\/vc_column_text][vc_row_inner][vc_column_inner width=&#8221;1\/2&#8243;][uncode_list icon=&#8221;fa fa-check2&#8243; icon_color=&#8221;accent&#8221; uncode_shortcode_id=&#8221;104966&#8243; icon_color_type=&#8221;uncode-palette&#8221;]<\/p>\n<h2>LAGO l\u00f6st Probleme im PIM-System<\/h2>\n<p><b>Machen Sie es wie unsere Kunden und:<\/b><\/p>\n<ul>\n<li>verabschieden Sie sich von inkonsistenten Produktinformationen \u00fcber Ihre verschiedenen Verkaufskan\u00e4le<\/li>\n<li>reduzieren Sie die Aufw\u00e4nde in der Produktdatenbearbeitung drastisch<\/li>\n<li>gewinnen Sie mehr Flexibilit\u00e4t in Ihren Produktinformationen dank Aktualisierung auf Knopfdruck \u2013 selbst kurz vor Druck<\/li>\n<li>eliminieren Sie die typischen Fehlerquellen bei Ihren Daten<\/li>\n<li>verabschieden Sie sich von redundanten Arbeitsschritten aufgrund von Informationsinseln<\/li>\n<li>profitieren Sie von sauber definierten Produktverantwortlichkeiten<\/li>\n<li>bewahren Sie Ihr Unternehmen vor steigenden Kosten in der Werbemittelproduktion aufgrund von unkontrollierbaren Workflows<\/li>\n<\/ul>\n<p>[\/uncode_list][\/vc_column_inner][vc_column_inner width=&#8221;1\/2&#8243;][vc_single_image media=&#8221;44527&#8243; media_width_percent=&#8221;100&#8243; uncode_shortcode_id=&#8221;103875&#8243;][\/vc_column_inner][\/vc_row_inner][\/vc_column][\/vc_row][vc_row row_height_percent=&#8221;0&#8243; override_padding=&#8221;yes&#8221; h_padding=&#8221;2&#8243; top_padding=&#8221;2&#8243; bottom_padding=&#8221;0&#8243; back_color=&#8221;color-lxmt&#8221; overlay_alpha=&#8221;50&#8243; gutter_size=&#8221;3&#8243; shift_y=&#8221;0&#8243;][vc_column column_width_percent=&#8221;100&#8243; position_vertical=&#8221;middle&#8221; gutter_size=&#8221;3&#8243; override_padding=&#8221;yes&#8221; column_padding=&#8221;0&#8243; overlay_alpha=&#8221;50&#8243; shift_x=&#8221;0&#8243; shift_y=&#8221;0&#8243; z_index=&#8221;0&#8243; medium_width=&#8221;0&#8243; width=&#8221;2\/3&#8243;][vc_column_text text_lead=&#8221;yes&#8221;]<\/p>\n<h2>Unsere Consultants helfen Ihnen, die passende L\u00f6sung zu finden<\/h2>\n<p>Ob es um automatisierte Prozesse oder eine multikanale Ausleitung Ihrer Werbemittelproduktion geht, f\u00fcr alle Ihre Fragen stehen Ihnen unsere Experten zur Verf\u00fcgung.\u00a0Trotz Standard-Software geben wir unseren Kunden die n\u00f6tige Flexibilit\u00e4t, um LAGO optimal und kundenorientiert an die jeweiligen Prozesse und die Organisation anzupassen.[\/vc_column_text][vc_button button_color=&#8221;accent&#8221; border_width=&#8221;0&#8243; display=&#8221;inline&#8221; top_margin=&#8221;yes&#8221; link=&#8221;url:https%3A%2F%2Fwww.comosoft.eu%2Fde%2Fsoftware-loesungen%2Fservice%2F&#8221; button_color_type=&#8221;uncode-palette&#8221; uncode_shortcode_id=&#8221;137698&#8243;]Mehr zu unseren Service-Leistungen[\/vc_button][\/vc_column][vc_column column_width_percent=&#8221;100&#8243; position_vertical=&#8221;bottom&#8221; gutter_size=&#8221;3&#8243; override_padding=&#8221;yes&#8221; column_padding=&#8221;0&#8243; overlay_alpha=&#8221;50&#8243; shift_x=&#8221;0&#8243; shift_y=&#8221;0&#8243; z_index=&#8221;0&#8243; medium_width=&#8221;0&#8243; css_animation=&#8221;bottom-t-top&#8221; animation_delay=&#8221;400&#8243; width=&#8221;1\/3&#8243;][vc_single_image media=&#8221;3177&#8243; media_width_percent=&#8221;100&#8243;][\/vc_column][\/vc_row][vc_row row_height_percent=&#8221;0&#8243; override_padding=&#8221;yes&#8221; h_padding=&#8221;3&#8243; top_padding=&#8221;3&#8243; bottom_padding=&#8221;3&#8243; back_image=&#8221;163&#8243; parallax=&#8221;yes&#8221; overlay_color=&#8221;accent&#8221; overlay_alpha=&#8221;85&#8243; gutter_size=&#8221;0&#8243; shift_y=&#8221;0&#8243;][vc_column column_width_percent=&#8221;100&#8243; position_vertical=&#8221;middle&#8221; gutter_size=&#8221;3&#8243; style=&#8221;dark&#8221; overlay_alpha=&#8221;50&#8243; shift_x=&#8221;0&#8243; shift_y=&#8221;0&#8243; z_index=&#8221;0&#8243; medium_width=&#8221;0&#8243; width=&#8221;1\/1&#8243;][vc_column_text]<\/p>\n<h2><span class=\"font-762333\"><span class=\"font-762333, fontsize-148062\">Vereinbaren Sie eine Live-Demo<\/span><\/span><\/h2>\n<p><strong>Neugierig geworden? Dann vereinbaren Sie jetzt eine LAGO Live-Demo.<\/strong>[\/vc_column_text][\/vc_column][\/vc_row][vc_row row_height_percent=&#8221;0&#8243; back_image=&#8221;1078&#8243; overlay_color=&#8221;color-xsdn&#8221; overlay_alpha=&#8221;50&#8243; gutter_size=&#8221;3&#8243; column_width_percent=&#8221;100&#8243; shift_y=&#8221;0&#8243; z_index=&#8221;0&#8243;][vc_column width=&#8221;1\/1&#8243;][vc_row_inner row_inner_height_percent=&#8221;0&#8243; force_width_grid=&#8221;yes&#8221; overlay_alpha=&#8221;50&#8243; gutter_size=&#8221;3&#8243; shift_y=&#8221;0&#8243; z_index=&#8221;0&#8243;][vc_column_inner width=&#8221;1\/1&#8243;]\n<div class=\"wpcf7 no-js\" id=\"wpcf7-f12090-o1\" lang=\"en-US\" dir=\"ltr\" data-wpcf7-id=\"12090\">\n<div class=\"screen-reader-response\"><p role=\"status\" aria-live=\"polite\" aria-atomic=\"true\"><\/p> <ul><\/ul><\/div>\n<form action=\"\/de\/wp-json\/wp\/v2\/pages\/3359#wpcf7-f12090-o1\" method=\"post\" class=\"wpcf7-form init\" aria-label=\"Contact form\" novalidate=\"novalidate\" data-status=\"init\">\n<fieldset class=\"hidden-fields-container\"><input type=\"hidden\" name=\"_wpcf7\" value=\"12090\" \/><input type=\"hidden\" name=\"_wpcf7_version\" value=\"6.1.5\" \/><input type=\"hidden\" name=\"_wpcf7_locale\" value=\"en_US\" \/><input type=\"hidden\" name=\"_wpcf7_unit_tag\" value=\"wpcf7-f12090-o1\" \/><input type=\"hidden\" name=\"_wpcf7_container_post\" value=\"0\" \/><input type=\"hidden\" name=\"_wpcf7_posted_data_hash\" value=\"\" \/>\n<\/fieldset>\n<style>\n.style-light input[type=\"text\"],\n.style-light input[type=\"email\"],\n.style-light textarea {\n border-color: #b2b2b2;\n}\nlabel {\n font-weight: bold;\n}\n<\/style>\n<div class=\"row\">\n\t<div class=\"row-inner\">\n\t\t<div class=\"col-lg-6\">\n\t\t\t<p><label> *Vorname<br \/>\n<span class=\"wpcf7-form-control-wrap\" data-name=\"your-firstname\"><input size=\"40\" maxlength=\"400\" class=\"wpcf7-form-control wpcf7-text wpcf7-validates-as-required\" aria-required=\"true\" aria-invalid=\"false\" value=\"\" type=\"text\" name=\"your-firstname\" \/><\/span> <\/label>\n\t\t\t<\/p>\n\t\t<\/div>\n\t\t<div class=\"col-lg-6\" style=\"padding-top: 0;\">\n\t\t\t<p><label> *Name<br \/>\n<span class=\"wpcf7-form-control-wrap\" data-name=\"your-name\"><input size=\"40\" maxlength=\"400\" class=\"wpcf7-form-control wpcf7-text wpcf7-validates-as-required\" aria-required=\"true\" aria-invalid=\"false\" value=\"\" type=\"text\" name=\"your-name\" \/><\/span> <\/label>\n\t\t\t<\/p>\n\t\t<\/div>\n\t<\/div>\n<\/div>\n<div class=\"row\">\n\t<div class=\"row-inner\">\n\t\t<div class=\"col-lg-6\">\n\t\t\t<p><label> *Firma<br \/>\n<span class=\"wpcf7-form-control-wrap\" data-name=\"your-company\"><input size=\"40\" maxlength=\"400\" class=\"wpcf7-form-control wpcf7-text wpcf7-validates-as-required\" aria-required=\"true\" aria-invalid=\"false\" value=\"\" type=\"text\" name=\"your-company\" \/><\/span> <\/label>\n\t\t\t<\/p>\n\t\t<\/div>\n\t\t<div class=\"col-lg-6\" style=\"padding-top: 0;\">\n\t\t\t<p><label> *E-Mail<br \/>\n<span class=\"wpcf7-form-control-wrap\" data-name=\"your-email\"><input size=\"40\" maxlength=\"400\" class=\"wpcf7-form-control wpcf7-email wpcf7-validates-as-required wpcf7-text wpcf7-validates-as-email\" aria-required=\"true\" aria-invalid=\"false\" value=\"\" type=\"email\" name=\"your-email\" \/><\/span> <\/label>\n\t\t\t<\/p>\n\t\t<\/div>\n\t<\/div>\n<\/div>\n<div class=\"row\">\n\t<div class=\"row-inner\">\n\t\t<div class=\"col-lg-12\">\n\t\t\t<p><label> Nachricht<br \/>\n<span class=\"wpcf7-form-control-wrap\" data-name=\"your-message\"><textarea cols=\"40\" rows=\"10\" maxlength=\"2000\" class=\"wpcf7-form-control wpcf7-textarea\" aria-invalid=\"false\" name=\"your-message\"><\/textarea><\/span> <\/label><br \/>\n<span id=\"wpcf7-69df1f3de4587-wrapper\" class=\"wpcf7-form-control-wrap website-162-wrap\" ><label for=\"wpcf7-69df1f3de4587-field\" class=\"hp-message\">Please leave this field empty.<\/label><input id=\"wpcf7-69df1f3de4587-field\"  class=\"wpcf7-form-control wpcf7-text\" type=\"text\" name=\"website-162\" value=\"\" size=\"40\" tabindex=\"-1\" autocomplete=\"new-password\" \/><\/span><br \/>\n<span id=\"wpcf7-69df1f3de463c-wrapper\" class=\"wpcf7-form-control-wrap email-162-wrap\" ><label for=\"wpcf7-69df1f3de463c-field\" class=\"hp-message\">Please leave this field empty.<\/label><input id=\"wpcf7-69df1f3de463c-field\"  class=\"wpcf7-form-control wpcf7-text\" type=\"text\" name=\"email-162\" value=\"\" size=\"40\" tabindex=\"-1\" autocomplete=\"new-password\" \/><\/span>\n\t\t\t<\/p>\n\t\t\t<div>\n\t\t\t\t<p>Ihre Daten aus dem Kontaktformular werden zur Beantwortung Ihrer Anfrage erhoben und verarbeitet. Detaillierte Informationen zum Umgang mit Nutzerdaten finden Sie in unserer\u00a0<a href=\"https:\/\/www.comosoft.eu\/de\/datenschutz\/\">Datenschutzerkl\u00e4rung<\/a>.\n\t\t\t\t<\/p>\n\t\t\t<\/div>\n\t\t<\/div>\n\t<\/div>\n<\/div>\n<div class=\"row\">\n\t<div class=\"row-inner\">\n\t\t<div class=\"col-lg-12\">\n\t\t\t<p><input class=\"wpcf7-form-control wpcf7-submit has-spinner btn btn-accent\" type=\"submit\" value=\"Absenden\" \/>\n\t\t\t<\/p>\n\t\t<\/div>\n\t<\/div>\n<\/div>\n<p><script>\ndocument.addEventListener( 'wpcf7mailsent', function(e) {\n\tif ( '12090' == event.detail.contactFormId ) {\n gtag('event', 'submit', {\n 'event_category': 'Kontakt',\n 'event_label': 'Kontakt DE'\n })};\n}, false );\n<\/script>\n<\/p><div class=\"wpcf7-response-output\" aria-hidden=\"true\"><\/div>\n<\/form>\n<\/div>\n[\/vc_column_inner][\/vc_row_inner][\/vc_column][\/vc_row][vc_row row_height_percent=&#8221;0&#8243; overlay_alpha=&#8221;50&#8243; gutter_size=&#8221;3&#8243; shift_y=&#8221;0&#8243;][vc_column width=&#8221;1\/1&#8243;][uncode_block id=&#8221;14960&#8243;][\/vc_column][\/vc_row][vc_row][vc_column width=&#8221;1\/1&#8243;][vc_row_inner row_inner_height_percent=&#8221;0&#8243; overlay_alpha=&#8221;50&#8243; equal_height=&#8221;yes&#8221; gutter_size=&#8221;3&#8243; shift_y=&#8221;0&#8243;][vc_column_inner column_width_percent=&#8221;100&#8243; position_vertical=&#8221;middle&#8221; gutter_size=&#8221;3&#8243; overlay_alpha=&#8221;50&#8243; shift_x=&#8221;0&#8243; shift_y=&#8221;0&#8243; z_index=&#8221;0&#8243; medium_width=&#8221;0&#8243; width=&#8221;1\/1&#8243;][vc_column_text]<\/p>\n<blockquote><p><span class=\"font-762333\">Wir haben einen sehr langen und intensiven Auswahlprozess hinter uns und sind 100 % sicher, mit Comosoft einen<br \/>\nenorm innovativen, langfristigen Partner gefunden zu haben. Mit ihm k\u00f6nnen wir die internen Prozesse optimieren und<br \/>\nunsere Wettbewerbsf\u00e4higkeit weiter ausbauen.<\/span><\/p>\n<p><span class=\"font-762333\"><strong>H\u00e9l\u00e8ne Gariba, RAJA MEDIA<\/strong><\/span><\/p><\/blockquote>\n<p>[\/vc_column_text][\/vc_column_inner][\/vc_row_inner][\/vc_column][\/vc_row][vc_row][vc_column column_width_percent=&#8221;100&#8243; gutter_size=&#8221;3&#8243; override_padding=&#8221;yes&#8221; column_padding=&#8221;3&#8243; back_color=&#8221;color-lxmt&#8221; overlay_alpha=&#8221;50&#8243; shift_x=&#8221;0&#8243; shift_y=&#8221;0&#8243; z_index=&#8221;0&#8243; medium_width=&#8221;0&#8243; width=&#8221;1\/1&#8243;][vc_row_inner row_inner_height_percent=&#8221;0&#8243; overlay_alpha=&#8221;50&#8243; equal_height=&#8221;yes&#8221; gutter_size=&#8221;3&#8243; shift_y=&#8221;0&#8243;][vc_column_inner column_width_percent=&#8221;100&#8243; position_vertical=&#8221;middle&#8221; gutter_size=&#8221;3&#8243; overlay_alpha=&#8221;50&#8243; shift_x=&#8221;0&#8243; shift_y=&#8221;0&#8243; z_index=&#8221;0&#8243; medium_width=&#8221;0&#8243; width=&#8221;2\/3&#8243;][vc_column_text]<\/p>\n<h2>Comosoft, f\u00fchrender Anbieter f\u00fcr PIM &amp; Multichannel Media Production Software, gewinnt Europas Nummer 1 f\u00fcr Verpackungen, die RAJA Group<\/h2>\n<p class=\"p1\">Hamburg\/Paris, Oktober 2016 \u2013 Die franz\u00f6sische RAJA Group, Experte f\u00fcr Verpackungen aller Art, hat sich in den vergangenen Jahren zum Multichannel-Player entwickelt. Katalog, Webshops, Telefon und 19 Landesvertriebsgesellschaften sind bisher die wesentlichen Kan\u00e4le, mit denen man \u201eein umfassendes Angebot in hoher Qualit\u00e4t\u201c vertreibt. Um hier weiter expandieren zu k\u00f6nnen, startete das Unternehmen 2015 sein Projekt \u201eRAJAMEDIA Vision\u201c und damit eine sehr umfangreiche Suche nach der\/den dazu passenden Systeml\u00f6sung\/en. Das Ergebnis des vierstufigen Auswahlprozesses: LAGO4 von Comosoft.<\/p>\n<p>[\/vc_column_text][vc_button button_color=&#8221;color-wvjs&#8221; size=&#8221;btn-sm&#8221; outline=&#8221;yes&#8221; border_width=&#8221;0&#8243; link=&#8221;url:https%3A%2F%2Fwww.comosoft.eu%2Fde%2Fpressemitteilung-raja%2F&#8221; button_color_type=&#8221;uncode-palette&#8221; uncode_shortcode_id=&#8221;290632&#8243;]Zur Pressemitteilung von Raja[\/vc_button][\/vc_column_inner][vc_column_inner column_width_percent=&#8221;100&#8243; position_vertical=&#8221;middle&#8221; gutter_size=&#8221;3&#8243; overlay_alpha=&#8221;50&#8243; shift_x=&#8221;0&#8243; shift_y=&#8221;0&#8243; z_index=&#8221;0&#8243; medium_width=&#8221;0&#8243; width=&#8221;1\/3&#8243;][vc_single_image media=&#8221;3278&#8243; media_width_percent=&#8221;100&#8243;][\/vc_column_inner][\/vc_row_inner][\/vc_column][\/vc_row]<\/p>\n<\/div>","protected":false},"excerpt":{"rendered":"<p>[vc_row][vc_column width=&#8221;1\/1&#8243;][vc_column_text text_lead=&#8221;yes&#8221; uncode_shortcode_id=&#8221;125333&#8243;] Standardisierte Softwarel\u00f6sung gemeinsam mit Ihnen weiterentwickeln Comosoft bietet Ihnen die Realisierung von kundenspezifischen L\u00f6sungen auf verschiedenen [&hellip;]<\/p>\n","protected":false},"author":122,"featured_media":0,"parent":2663,"menu_order":0,"comment_status":"closed","ping_status":"closed","template":"","meta":{"footnotes":""},"class_list":["post-3359","page","type-page","status-publish","hentry"],"yoast_head":"<!-- This site is optimized with the Yoast SEO plugin v27.3 - https:\/\/yoast.com\/product\/yoast-seo-wordpress\/ -->\n<title>Kundenspezifische Entwicklung Ihrer Softwarel\u00f6sung \/ Comosoft<\/title>\n<meta name=\"description\" content=\"Ma\u00dfgeschneiderte LAGO-L\u00f6sungen f\u00fcr effizientes PIM und automatisierte Prozesse. Sparen Sie Zeit &amp; Kosten mit Experten an Ihrer Seite. \u2794 Mehr erfahren\" \/>\n<meta name=\"robots\" content=\"index, follow, max-snippet:-1, max-image-preview:large, max-video-preview:-1\" \/>\n<link rel=\"canonical\" href=\"https:\/\/www.comosoft.eu\/de\/software-loesungen\/kundenspezifische-entwicklung\/\" \/>\n<meta property=\"og:locale\" content=\"de_DE\" \/>\n<meta property=\"og:type\" content=\"article\" \/>\n<meta property=\"og:title\" content=\"Kundenspezifische Entwicklung Ihrer Softwarel\u00f6sung \/ Comosoft\" \/>\n<meta property=\"og:description\" content=\"Ma\u00dfgeschneiderte LAGO-L\u00f6sungen f\u00fcr effizientes PIM und automatisierte Prozesse. Sparen Sie Zeit &amp; Kosten mit Experten an Ihrer Seite. \u2794 Mehr erfahren\" \/>\n<meta property=\"og:url\" content=\"https:\/\/www.comosoft.eu\/de\/software-loesungen\/kundenspezifische-entwicklung\/\" \/>\n<meta property=\"og:site_name\" content=\"comosoft.com\" \/>\n<meta property=\"article:modified_time\" content=\"2025-09-25T09:14:25+00:00\" \/>\n<meta property=\"og:image\" content=\"https:\/\/www.comosoft.eu\/wp-content\/uploads\/2021\/01\/Digital-publishing.jpg\" \/>\n\t<meta property=\"og:image:width\" content=\"2000\" \/>\n\t<meta property=\"og:image:height\" content=\"1334\" \/>\n\t<meta property=\"og:image:type\" content=\"image\/jpeg\" \/>\n<meta name=\"twitter:card\" content=\"summary_large_image\" \/>\n<!-- \/ Yoast SEO plugin. -->","yoast_head_json":{"title":"Kundenspezifische Entwicklung Ihrer Softwarel\u00f6sung \/ Comosoft","description":"Ma\u00dfgeschneiderte LAGO-L\u00f6sungen f\u00fcr effizientes PIM und automatisierte Prozesse. Sparen Sie Zeit & Kosten mit Experten an Ihrer Seite. \u2794 Mehr erfahren","robots":{"index":"index","follow":"follow","max-snippet":"max-snippet:-1","max-image-preview":"max-image-preview:large","max-video-preview":"max-video-preview:-1"},"canonical":"https:\/\/www.comosoft.eu\/de\/software-loesungen\/kundenspezifische-entwicklung\/","og_locale":"de_DE","og_type":"article","og_title":"Kundenspezifische Entwicklung Ihrer Softwarel\u00f6sung \/ Comosoft","og_description":"Ma\u00dfgeschneiderte LAGO-L\u00f6sungen f\u00fcr effizientes PIM und automatisierte Prozesse. Sparen Sie Zeit & Kosten mit Experten an Ihrer Seite. \u2794 Mehr erfahren","og_url":"https:\/\/www.comosoft.eu\/de\/software-loesungen\/kundenspezifische-entwicklung\/","og_site_name":"comosoft.com","article_modified_time":"2025-09-25T09:14:25+00:00","og_image":[{"width":2000,"height":1334,"url":"https:\/\/www.comosoft.eu\/wp-content\/uploads\/2021\/01\/Digital-publishing.jpg","type":"image\/jpeg"}],"twitter_card":"summary_large_image","schema":{"@context":"https:\/\/schema.org","@graph":[{"@type":"WebPage","@id":"https:\/\/www.comosoft.eu\/de\/software-loesungen\/kundenspezifische-entwicklung\/","url":"https:\/\/www.comosoft.eu\/de\/software-loesungen\/kundenspezifische-entwicklung\/","name":"Kundenspezifische Entwicklung Ihrer Softwarel\u00f6sung \/ Comosoft","isPartOf":{"@id":"https:\/\/www.comosoft.eu\/de\/#website"},"datePublished":"2017-09-01T11:45:11+00:00","dateModified":"2025-09-25T09:14:25+00:00","description":"Ma\u00dfgeschneiderte LAGO-L\u00f6sungen f\u00fcr effizientes PIM und automatisierte Prozesse. Sparen Sie Zeit & Kosten mit Experten an Ihrer Seite. \u2794 Mehr erfahren","breadcrumb":{"@id":"https:\/\/www.comosoft.eu\/de\/software-loesungen\/kundenspezifische-entwicklung\/#breadcrumb"},"inLanguage":"de-DE","potentialAction":[{"@type":"ReadAction","target":["https:\/\/www.comosoft.eu\/de\/software-loesungen\/kundenspezifische-entwicklung\/"]}]},{"@type":"BreadcrumbList","@id":"https:\/\/www.comosoft.eu\/de\/software-loesungen\/kundenspezifische-entwicklung\/#breadcrumb","itemListElement":[{"@type":"ListItem","position":1,"name":"Home","item":"https:\/\/www.comosoft.eu\/de\/multichannel-software-loesung-lago-von-comosoft\/"},{"@type":"ListItem","position":2,"name":"Software &#038; L\u00f6sungen","item":"https:\/\/www.comosoft.eu\/de\/software-loesungen\/"},{"@type":"ListItem","position":3,"name":"Kundenspezifische Entwicklung"}]},{"@type":"WebSite","@id":"https:\/\/www.comosoft.eu\/de\/#website","url":"https:\/\/www.comosoft.eu\/de\/","name":"Comosoft","description":"Multichannel Solutions","publisher":{"@id":"https:\/\/www.comosoft.eu\/de\/#organization"},"potentialAction":[{"@type":"SearchAction","target":{"@type":"EntryPoint","urlTemplate":"https:\/\/www.comosoft.eu\/de\/?s={search_term_string}"},"query-input":{"@type":"PropertyValueSpecification","valueRequired":true,"valueName":"search_term_string"}}],"inLanguage":"de-DE"},{"@type":"Organization","@id":"https:\/\/www.comosoft.eu\/de\/#organization","name":"Comosoft GmbH","alternateName":"Multichannel Solutions","url":"https:\/\/www.comosoft.eu\/de\/","logo":{"@type":"ImageObject","inLanguage":"de-DE","@id":"https:\/\/www.comosoft.eu\/de\/#\/schema\/logo\/image\/","url":"https:\/\/www.comosoft.eu\/wp-content\/uploads\/2021\/01\/Comosoft-Logo463.png","contentUrl":"https:\/\/www.comosoft.eu\/wp-content\/uploads\/2021\/01\/Comosoft-Logo463.png","width":1654,"height":337,"caption":"Comosoft GmbH"},"image":{"@id":"https:\/\/www.comosoft.eu\/de\/#\/schema\/logo\/image\/"},"sameAs":["https:\/\/de.linkedin.com\/company\/comosoft?original_referer=httpswww.google.com"]}]}},"_links":{"self":[{"href":"https:\/\/www.comosoft.eu\/de\/wp-json\/wp\/v2\/pages\/3359","targetHints":{"allow":["GET"]}}],"collection":[{"href":"https:\/\/www.comosoft.eu\/de\/wp-json\/wp\/v2\/pages"}],"about":[{"href":"https:\/\/www.comosoft.eu\/de\/wp-json\/wp\/v2\/types\/page"}],"author":[{"embeddable":true,"href":"https:\/\/www.comosoft.eu\/de\/wp-json\/wp\/v2\/users\/122"}],"replies":[{"embeddable":true,"href":"https:\/\/www.comosoft.eu\/de\/wp-json\/wp\/v2\/comments?post=3359"}],"version-history":[{"count":17,"href":"https:\/\/www.comosoft.eu\/de\/wp-json\/wp\/v2\/pages\/3359\/revisions"}],"predecessor-version":[{"id":49703,"href":"https:\/\/www.comosoft.eu\/de\/wp-json\/wp\/v2\/pages\/3359\/revisions\/49703"}],"up":[{"embeddable":true,"href":"https:\/\/www.comosoft.eu\/de\/wp-json\/wp\/v2\/pages\/2663"}],"wp:attachment":[{"href":"https:\/\/www.comosoft.eu\/de\/wp-json\/wp\/v2\/media?parent=3359"}],"curies":[{"name":"wp","href":"https:\/\/api.w.org\/{rel}","templated":true}]}}