{"id":132,"date":"2016-08-20T16:36:17","date_gmt":"2016-08-20T14:36:17","guid":{"rendered":"http:\/\/www.comosoft.com\/?page_id=132"},"modified":"2023-10-18T12:02:20","modified_gmt":"2023-10-18T10:02:20","slug":"karriere","status":"publish","type":"page","link":"https:\/\/www.comosoft.eu\/de\/karriere\/","title":{"rendered":"Karriere"},"content":{"rendered":"<div class=\"wpb-content-wrapper\"><p>[vc_row][vc_column width=&#8221;1\/2&#8243;][vc_custom_heading heading_semantic=&#8221;h3&#8243; text_size=&#8221;h3&#8243; uncode_shortcode_id=&#8221;202210&#8243;]<\/p>\n<h2>Karriere<\/h2>\n<p>OFFENE STELLEN[\/vc_custom_heading][vc_column_text text_lead=&#8221;yes&#8221;]Die Comosoft GmbH mit Hauptsitz in Hamburg geh\u00f6rt zu den weltweit f\u00fchrenden Anbietern von PIM-,\u00a0Content-Management- und Database-Publishing-Systemen. Mit eigener Software-Entwicklung in Hamburg, und\u00a0innovativen Partnern setzt Comosoft kontinuierlich neue Ma\u00dfst\u00e4be f\u00fcr die datenbankgest\u00fctzte Werbemittelproduktion\u00a0f\u00fcr E-Commerce, Printkataloge oder Werbebeilagen sowie Mobile Commerce u.v.m..[\/vc_column_text][\/vc_column][vc_column width=&#8221;1\/2&#8243;][vc_empty_space empty_h=&#8221;2&#8243;][uncode_index el_id=&#8221;index-283338&#8243; isotope_mode=&#8221;vertical&#8221; loop=&#8221;size:10|order_by:date|post_type:post|categories:167&#8243; screen_lg=&#8221;1000&#8243; screen_md=&#8221;600&#8243; screen_sm=&#8221;480&#8243; gutter_size=&#8221;3&#8243; post_items=&#8221;title,link|default|small_size|Bewerben,sep-one|full&#8221; single_width=&#8221;3&#8243; single_overlay_color=&#8221;color-nhtu&#8221; single_overlay_opacity=&#8221;50&#8243; single_padding=&#8221;1&#8243; single_text_reduced=&#8221;yes&#8221; single_title_transform=&#8221;uppercase&#8221; single_icon=&#8221;fa fa-paper-plane&#8221;][vc_column_text uncode_shortcode_id=&#8221;184060&#8243;]<em><strong>Zur Zeit haben wir keine offenen Stellen. Schauen Sie gern wieder rein \u2013 sobald wir Vakanzen bei Comosoft ausschreiben, finden Sie sie hier.<\/strong><\/em>[\/vc_column_text][\/vc_column][\/vc_row][vc_row unlock_row_content=&#8221;yes&#8221; row_height_percent=&#8221;50&#8243; override_padding=&#8221;yes&#8221; h_padding=&#8221;0&#8243; top_padding=&#8221;0&#8243; bottom_padding=&#8221;0&#8243; overlay_alpha=&#8221;50&#8243; equal_height=&#8221;yes&#8221; gutter_size=&#8221;0&#8243; shift_y=&#8221;0&#8243;][vc_column column_width_percent=&#8221;75&#8243; position_vertical=&#8221;middle&#8221; align_horizontal=&#8221;align_center&#8221; gutter_size=&#8221;3&#8243; style=&#8221;dark&#8221; font_family=&#8221;font-762333&#8243; back_image=&#8221;6270&#8243; parallax=&#8221;yes&#8221; overlay_color=&#8221;color-jevc&#8221; overlay_alpha=&#8221;50&#8243; shift_x=&#8221;0&#8243; shift_y=&#8221;0&#8243; z_index=&#8221;0&#8243; medium_width=&#8221;0&#8243; width=&#8221;2\/3&#8243;][vc_custom_heading heading_semantic=&#8221;h1&#8243; text_size=&#8221;fontsize-835433&#8243;]ALWAYS LOOKING FOR[\/vc_custom_heading][vc_custom_heading heading_semantic=&#8221;h1&#8243; text_size=&#8221;fontsize-835433&#8243;]<\/p>\n<h3 style=\"text-align: center;\"><span class=\"font-762333\">Wir sind immer auf der Suche nach neuen Gesichtern, die unser international aufgestelltes Team unterst\u00fctzen m\u00f6chten.<\/span><\/h3>\n<p>[\/vc_custom_heading][\/vc_column][vc_column column_width_percent=&#8221;100&#8243; position_vertical=&#8221;middle&#8221; align_horizontal=&#8221;align_center&#8221; gutter_size=&#8221;3&#8243; override_padding=&#8221;yes&#8221; column_padding=&#8221;3&#8243; style=&#8221;dark&#8221; font_family=&#8221;font-762333&#8243; back_color=&#8221;color-nhtu&#8221; overlay_alpha=&#8221;50&#8243; shift_x=&#8221;0&#8243; shift_y=&#8221;0&#8243; z_index=&#8221;0&#8243; align_medium=&#8221;align_center_tablet&#8221; medium_width=&#8221;0&#8243; width=&#8221;1\/3&#8243;][vc_icon icon=&#8221;fa fa-paper-plane&#8221; size=&#8221;fa-3x&#8221; title=&#8221;Einfach bewerben&#8221; uncode_shortcode_id=&#8221;272748&#8243;]Bewerbungen bearbeiten wir ausschlie\u00dflich im PDF-Format per Email an:<\/p>\n<p style=\"text-align: center;\"><a href=\"&#x6d;a&#x69;&#108;&#x74;&#x6f;:&#x63;&#97;&#x72;&#x65;e&#x72;&#64;&#x63;&#x6f;m&#x6f;&#115;&#x6f;&#x66;t&#x2e;&#100;&#x65;\"><span style=\"color: #b6d741;\">&#x63;&#x61;&#114;&#101;e&#x72;&#x40;&#x63;&#111;&#109;o&#x73;&#x6f;&#x66;&#116;&#46;d&#x65;<\/span><\/a><\/p>\n<p>[\/vc_icon][\/vc_column][\/vc_row]<\/p>\n<\/div>","protected":false},"excerpt":{"rendered":"<p>[vc_row][vc_column width=&#8221;1\/2&#8243;][vc_custom_heading heading_semantic=&#8221;h3&#8243; text_size=&#8221;h3&#8243; uncode_shortcode_id=&#8221;202210&#8243;] Karriere OFFENE STELLEN[\/vc_custom_heading][vc_column_text text_lead=&#8221;yes&#8221;]Die Comosoft GmbH mit Hauptsitz in Hamburg geh\u00f6rt zu den weltweit f\u00fchrenden [&hellip;]<\/p>\n","protected":false},"author":103,"featured_media":0,"parent":0,"menu_order":0,"comment_status":"closed","ping_status":"closed","template":"","meta":{"footnotes":""},"class_list":["post-132","page","type-page","status-publish","hentry"],"yoast_head":"<!-- This site is optimized with the Yoast SEO plugin v27.3 - https:\/\/yoast.com\/product\/yoast-seo-wordpress\/ -->\n<title>Karriere - werde ein Star bei Comosoft \/ Comosoft<\/title>\n<meta name=\"description\" content=\"Wir sind immer auf der Suche nach neuen Gesichtern, die unser international aufgestelltes Team unterst\u00fctzen m\u00f6chten.\" \/>\n<meta name=\"robots\" content=\"index, follow, max-snippet:-1, max-image-preview:large, max-video-preview:-1\" \/>\n<link rel=\"canonical\" href=\"https:\/\/www.comosoft.eu\/de\/karriere\/\" \/>\n<meta property=\"og:locale\" content=\"de_DE\" \/>\n<meta property=\"og:type\" content=\"article\" \/>\n<meta property=\"og:title\" content=\"Karriere - werde ein Star bei Comosoft \/ Comosoft\" \/>\n<meta property=\"og:description\" content=\"Wir sind immer auf der Suche nach neuen Gesichtern, die unser international aufgestelltes Team unterst\u00fctzen m\u00f6chten.\" \/>\n<meta property=\"og:url\" content=\"https:\/\/www.comosoft.eu\/de\/karriere\/\" \/>\n<meta property=\"og:site_name\" content=\"comosoft.com\" \/>\n<meta property=\"article:modified_time\" content=\"2023-10-18T10:02:20+00:00\" \/>\n<meta property=\"og:image\" content=\"https:\/\/www.comosoft.eu\/wp-content\/uploads\/2021\/01\/Digital-publishing.jpg\" \/>\n\t<meta property=\"og:image:width\" content=\"2000\" \/>\n\t<meta property=\"og:image:height\" content=\"1334\" \/>\n\t<meta property=\"og:image:type\" content=\"image\/jpeg\" \/>\n<meta name=\"twitter:card\" content=\"summary_large_image\" \/>\n<!-- \/ Yoast SEO plugin. -->","yoast_head_json":{"title":"Karriere - werde ein Star bei Comosoft \/ Comosoft","description":"Wir sind immer auf der Suche nach neuen Gesichtern, die unser international aufgestelltes Team unterst\u00fctzen m\u00f6chten.","robots":{"index":"index","follow":"follow","max-snippet":"max-snippet:-1","max-image-preview":"max-image-preview:large","max-video-preview":"max-video-preview:-1"},"canonical":"https:\/\/www.comosoft.eu\/de\/karriere\/","og_locale":"de_DE","og_type":"article","og_title":"Karriere - werde ein Star bei Comosoft \/ Comosoft","og_description":"Wir sind immer auf der Suche nach neuen Gesichtern, die unser international aufgestelltes Team unterst\u00fctzen m\u00f6chten.","og_url":"https:\/\/www.comosoft.eu\/de\/karriere\/","og_site_name":"comosoft.com","article_modified_time":"2023-10-18T10:02:20+00:00","og_image":[{"width":2000,"height":1334,"url":"https:\/\/www.comosoft.eu\/wp-content\/uploads\/2021\/01\/Digital-publishing.jpg","type":"image\/jpeg"}],"twitter_card":"summary_large_image","schema":{"@context":"https:\/\/schema.org","@graph":[{"@type":"WebPage","@id":"https:\/\/www.comosoft.eu\/de\/karriere\/","url":"https:\/\/www.comosoft.eu\/de\/karriere\/","name":"Karriere - werde ein Star bei Comosoft \/ Comosoft","isPartOf":{"@id":"https:\/\/www.comosoft.eu\/de\/#website"},"datePublished":"2016-08-20T14:36:17+00:00","dateModified":"2023-10-18T10:02:20+00:00","description":"Wir sind immer auf der Suche nach neuen Gesichtern, die unser international aufgestelltes Team unterst\u00fctzen m\u00f6chten.","breadcrumb":{"@id":"https:\/\/www.comosoft.eu\/de\/karriere\/#breadcrumb"},"inLanguage":"de-DE","potentialAction":[{"@type":"ReadAction","target":["https:\/\/www.comosoft.eu\/de\/karriere\/"]}]},{"@type":"BreadcrumbList","@id":"https:\/\/www.comosoft.eu\/de\/karriere\/#breadcrumb","itemListElement":[{"@type":"ListItem","position":1,"name":"Home","item":"https:\/\/www.comosoft.eu\/de\/multichannel-software-loesung-lago-von-comosoft\/"},{"@type":"ListItem","position":2,"name":"Karriere"}]},{"@type":"WebSite","@id":"https:\/\/www.comosoft.eu\/de\/#website","url":"https:\/\/www.comosoft.eu\/de\/","name":"Comosoft","description":"Multichannel Solutions","publisher":{"@id":"https:\/\/www.comosoft.eu\/de\/#organization"},"potentialAction":[{"@type":"SearchAction","target":{"@type":"EntryPoint","urlTemplate":"https:\/\/www.comosoft.eu\/de\/?s={search_term_string}"},"query-input":{"@type":"PropertyValueSpecification","valueRequired":true,"valueName":"search_term_string"}}],"inLanguage":"de-DE"},{"@type":"Organization","@id":"https:\/\/www.comosoft.eu\/de\/#organization","name":"Comosoft GmbH","alternateName":"Multichannel Solutions","url":"https:\/\/www.comosoft.eu\/de\/","logo":{"@type":"ImageObject","inLanguage":"de-DE","@id":"https:\/\/www.comosoft.eu\/de\/#\/schema\/logo\/image\/","url":"https:\/\/www.comosoft.eu\/wp-content\/uploads\/2021\/01\/Comosoft-Logo463.png","contentUrl":"https:\/\/www.comosoft.eu\/wp-content\/uploads\/2021\/01\/Comosoft-Logo463.png","width":1654,"height":337,"caption":"Comosoft GmbH"},"image":{"@id":"https:\/\/www.comosoft.eu\/de\/#\/schema\/logo\/image\/"},"sameAs":["https:\/\/de.linkedin.com\/company\/comosoft?original_referer=httpswww.google.com"]}]}},"_links":{"self":[{"href":"https:\/\/www.comosoft.eu\/de\/wp-json\/wp\/v2\/pages\/132","targetHints":{"allow":["GET"]}}],"collection":[{"href":"https:\/\/www.comosoft.eu\/de\/wp-json\/wp\/v2\/pages"}],"about":[{"href":"https:\/\/www.comosoft.eu\/de\/wp-json\/wp\/v2\/types\/page"}],"author":[{"embeddable":true,"href":"https:\/\/www.comosoft.eu\/de\/wp-json\/wp\/v2\/users\/103"}],"replies":[{"embeddable":true,"href":"https:\/\/www.comosoft.eu\/de\/wp-json\/wp\/v2\/comments?post=132"}],"version-history":[{"count":39,"href":"https:\/\/www.comosoft.eu\/de\/wp-json\/wp\/v2\/pages\/132\/revisions"}],"predecessor-version":[{"id":45527,"href":"https:\/\/www.comosoft.eu\/de\/wp-json\/wp\/v2\/pages\/132\/revisions\/45527"}],"wp:attachment":[{"href":"https:\/\/www.comosoft.eu\/de\/wp-json\/wp\/v2\/media?parent=132"}],"curies":[{"name":"wp","href":"https:\/\/api.w.org\/{rel}","templated":true}]}}