{"id":1108,"date":"2016-09-20T11:09:39","date_gmt":"2016-09-20T09:09:39","guid":{"rendered":"http:\/\/www.comosoft.com\/?page_id=1108"},"modified":"2024-07-17T09:31:14","modified_gmt":"2024-07-17T07:31:14","slug":"faq","status":"publish","type":"page","link":"https:\/\/www.comosoft.eu\/de\/faq\/","title":{"rendered":"FAQ"},"content":{"rendered":"<div class=\"wpb-content-wrapper\"><p>[vc_row][vc_column width=&#8221;1\/1&#8243;][vc_custom_heading]Finden Sie in unseren FAQs\u00a0die passende Antwort[\/vc_custom_heading][vc_accordion][vc_accordion_tab title=&#8221;Wie macht LAGO meine Prozesse effizienter?&#8221; tab_id=&#8221;f58754ce-c80b-8&#8243;][vc_column_text]LAGO kombiniert alle Rollen im Produktmarketing, von Einkauf \u00fcber Produktmanagement bis hin zur Medienproduktion, in einem System. Alle Bilder, Produktinformationen und Marketing Assets werden zentralisiert. \u00c4nderungen an Daten, Bildern oder Assets werden an zentraler Stelle durchgef\u00fchrt und k\u00f6nnen von dort in alle Medien \u00fcbernommen werden.\u00a0Datenbl\u00e4tter, mehrere\u00a0Datenbanken und redundante Aufgaben\u00a0entfallen. Somit wird der gesamte Prozess sicherer und schneller.[\/vc_column_text][\/vc_accordion_tab][vc_accordion_tab title=&#8221;Wird LAGO mit meinem bereits existierenden Systemen wie PIM, MAM oder weiteren zusammen funktionieren?&#8221; tab_id=&#8221;16c4097a-4043-4&#8243;][vc_column_text]H\u00f6chstwahrscheinlich. LAGO unterst\u00fctzt viele Import- und Exportmethoden inklusive Flat-File, Web Services und XML.[\/vc_column_text][\/vc_accordion_tab][vc_accordion_tab title=&#8221;Kann LAGO als Stand-alone-Software erworben werden?&#8221; tab_id=&#8221;23b1eb55-de04-6&#8243;][vc_column_text]LAGO ist enorm flexibel konfigurierbar und verlangt nach einem individuellen Implementierungsplan, daher verkaufen wir LAGO nicht als Out-Of-The-Box-L\u00f6sung.[\/vc_column_text][\/vc_accordion_tab][vc_accordion_tab title=&#8221;Welche Datenbank-Technologie nutzt LAGO?&#8221; tab_id=&#8221;80e5c189-450e-2&#8243;][vc_column_text]LAGO nutzt eine Oracle Datenbank.[\/vc_column_text][\/vc_accordion_tab][vc_accordion_tab title=&#8221;Wird LAGO in-house (von Comosoft) oder von einem Drittanbieter entwickelt?&#8221; tab_id=&#8221;3cc77fc4-8fd0-1&#8243;][vc_column_text]LAGO wird komplett von Comosoft in Hamburg konzipiert und entwickelt.[\/vc_column_text][\/vc_accordion_tab][vc_accordion_tab title=&#8221;Bietet LAGO eine API&#8221; tab_id=&#8221;1551175012370-14-6&#8243;][vc_column_text]Ja. LAGO verf\u00fcgt \u00fcber eine REST-API.[\/vc_column_text][\/vc_accordion_tab][vc_accordion_tab title=&#8221;Gibt es in LAGO eine automatische Aufgabenverteilung?&#8221; tab_id=&#8221;12a3b74e-c671-0&#8243;][vc_column_text]Ja. Workflow Management ist eines der LAGO Key-Features und erm\u00f6glicht es Ihnen, automatisiert Aufgaben, Benachrichtigungen sowie Proofs zu verteilen.[\/vc_column_text][\/vc_accordion_tab][vc_accordion_tab title=&#8221;Kann LAGO in der Cloud betrieben werden?&#8221; tab_id=&#8221;e53aff91-9ba8-1&#8243;][vc_column_text]Ja.[\/vc_column_text][\/vc_accordion_tab][vc_accordion_tab title=&#8221;Bietet Comosoft eine gehostete L\u00f6sung?&#8221; tab_id=&#8221;ab44ad46-5e1c-7&#8243;][vc_column_text]Zwar bieten wir kein Hosting an, jedoch haben wir verschiedene Optionen f\u00fcr Sie im Angebot: Die Erste ist eine \u201eBlack Box\u201c-L\u00f6sung, bei der wir einen Server auf der Client-Seite aufsetzen, jedoch die Administration und Maintenance von Hamburg aus vornehmen. Die zweite Option ist ein Hosting \u00fcber einen unserer Partner aus unserem Portfolio, bestehend aus verschiedenen Marketing-Service- Agenturen.[\/vc_column_text][\/vc_accordion_tab][vc_accordion_tab title=&#8221;Bietet LAGO eine Schnittstelle zu SAP?&#8221; tab_id=&#8221;0c65cb1d-5c2a-5&#8243;][vc_column_text]Ja.[\/vc_column_text][\/vc_accordion_tab][vc_accordion_tab title=&#8221;Kann ich das LAGO InDesign\u00ae Plug-In einzeln erwerben?&#8221; tab_id=&#8221;0c170f7d-086c-9&#8243;][vc_column_text]Nein. LAGO CS ben\u00f6tigt eine LAGO Datenbank um zu funktionieren. Die Anbindung an die Adobe <span class=\"fontstyle0\">InDesign\u00ae<\/span><br \/>\n-Erweiterung ist nahtlos, so dass Updates direkt auf Ihre Seiten flie\u00dfen.[\/vc_column_text][\/vc_accordion_tab][vc_accordion_tab title=&#8221;Bietet Comosoft kundenspezifische Entwicklungen (Customizing)?&#8221; tab_id=&#8221;2d2d5182-26c5-0&#8243;][vc_column_text]Ja, solche Entwicklungen sind flexibel m\u00f6glich. Beispielsweise k\u00f6nnen wir Features realisieren, die heute noch nicht im System enthalten sind.[\/vc_column_text][\/vc_accordion_tab][vc_accordion_tab title=&#8221;Bietet Comosoft Service im Bereich der Datenbankadministration?&#8221; tab_id=&#8221;ba0375ea-9043-0&#8243;][vc_column_text]Ja, wir haben mehrere \u201eOracle certified DBA\u2019s\u201c in unseren Reihen und bieten Ihnen auf Wunsch Leistungen in diesem Bereich. Sprechen Sie uns einfach an.[\/vc_column_text][\/vc_accordion_tab][vc_accordion_tab title=&#8221;Welche Plattformen unterst\u00fctzt LAGO?&#8221; tab_id=&#8221;2addf381-356e-2&#8243;][vc_column_text]Die LAGO Applikationen stehen f\u00fcr beide Plattformen zur Verf\u00fcgung, sowohl Mac als auch Windows PC Umgebungen.[\/vc_column_text][\/vc_accordion_tab][vc_accordion_tab title=&#8221;Bietet Comosoft Dienstleistungen im Bereich der Beratung?&#8221; tab_id=&#8221;75ecf167-0271-10&#8243;][vc_column_text]Ja, wir sind stets verf\u00fcgbar, um Sie zu beraten, Prozesse zu optimieren oder erweitern. Sprechen Sie uns einfach an.[\/vc_column_text][\/vc_accordion_tab][\/vc_accordion][\/vc_column][\/vc_row]<\/p>\n<\/div>","protected":false},"excerpt":{"rendered":"<p>Finden Sie in unseren FAQs\u00a0die passende Antwort. <\/p>\n","protected":false},"author":103,"featured_media":7538,"parent":0,"menu_order":0,"comment_status":"closed","ping_status":"closed","template":"","meta":{"footnotes":""},"class_list":["post-1108","page","type-page","status-publish","has-post-thumbnail","hentry"],"yoast_head":"<!-- This site is optimized with the Yoast SEO plugin v27.3 - https:\/\/yoast.com\/product\/yoast-seo-wordpress\/ -->\n<title>LAGO von Comosoft - H\u00e4ufig gestellte Fragen zu LAGO \/ Comosoft<\/title>\n<meta name=\"description\" content=\"Einkauf \u2713 Produktmanagement \u2713 Medienproduktion \u2713 in einem System mit LAGO \u00bb Finden Sie in unseren FAQs\u00a0die passende Antwort.\" \/>\n<meta name=\"robots\" content=\"index, follow, max-snippet:-1, max-image-preview:large, max-video-preview:-1\" \/>\n<link rel=\"canonical\" href=\"https:\/\/www.comosoft.eu\/de\/faq\/\" \/>\n<meta property=\"og:locale\" content=\"de_DE\" \/>\n<meta property=\"og:type\" content=\"article\" \/>\n<meta property=\"og:title\" content=\"LAGO von Comosoft - H\u00e4ufig gestellte Fragen zu LAGO \/ Comosoft\" \/>\n<meta property=\"og:description\" content=\"Einkauf \u2713 Produktmanagement \u2713 Medienproduktion \u2713 in einem System mit LAGO \u00bb Finden Sie in unseren FAQs\u00a0die passende Antwort.\" \/>\n<meta property=\"og:url\" content=\"https:\/\/www.comosoft.eu\/de\/faq\/\" \/>\n<meta property=\"og:site_name\" content=\"comosoft.com\" \/>\n<meta property=\"article:modified_time\" content=\"2024-07-17T07:31:14+00:00\" \/>\n<meta property=\"og:image\" content=\"https:\/\/www.comosoft.eu\/wp-content\/uploads\/2016\/08\/userphone.jpg\" \/>\n\t<meta property=\"og:image:width\" content=\"1500\" \/>\n\t<meta property=\"og:image:height\" content=\"1000\" \/>\n\t<meta property=\"og:image:type\" content=\"image\/jpeg\" \/>\n<meta name=\"twitter:card\" content=\"summary_large_image\" \/>\n<!-- \/ Yoast SEO plugin. -->","yoast_head_json":{"title":"LAGO von Comosoft - H\u00e4ufig gestellte Fragen zu LAGO \/ Comosoft","description":"Einkauf \u2713 Produktmanagement \u2713 Medienproduktion \u2713 in einem System mit LAGO \u00bb Finden Sie in unseren FAQs\u00a0die passende Antwort.","robots":{"index":"index","follow":"follow","max-snippet":"max-snippet:-1","max-image-preview":"max-image-preview:large","max-video-preview":"max-video-preview:-1"},"canonical":"https:\/\/www.comosoft.eu\/de\/faq\/","og_locale":"de_DE","og_type":"article","og_title":"LAGO von Comosoft - H\u00e4ufig gestellte Fragen zu LAGO \/ Comosoft","og_description":"Einkauf \u2713 Produktmanagement \u2713 Medienproduktion \u2713 in einem System mit LAGO \u00bb Finden Sie in unseren FAQs\u00a0die passende Antwort.","og_url":"https:\/\/www.comosoft.eu\/de\/faq\/","og_site_name":"comosoft.com","article_modified_time":"2024-07-17T07:31:14+00:00","og_image":[{"width":1500,"height":1000,"url":"https:\/\/www.comosoft.eu\/wp-content\/uploads\/2016\/08\/userphone.jpg","type":"image\/jpeg"}],"twitter_card":"summary_large_image","schema":{"@context":"https:\/\/schema.org","@graph":[{"@type":"WebPage","@id":"https:\/\/www.comosoft.eu\/de\/faq\/","url":"https:\/\/www.comosoft.eu\/de\/faq\/","name":"LAGO von Comosoft - H\u00e4ufig gestellte Fragen zu LAGO \/ Comosoft","isPartOf":{"@id":"https:\/\/www.comosoft.eu\/de\/#website"},"primaryImageOfPage":{"@id":"https:\/\/www.comosoft.eu\/de\/faq\/#primaryimage"},"image":{"@id":"https:\/\/www.comosoft.eu\/de\/faq\/#primaryimage"},"thumbnailUrl":"https:\/\/www.comosoft.eu\/wp-content\/uploads\/2016\/08\/userphone.jpg","datePublished":"2016-09-20T09:09:39+00:00","dateModified":"2024-07-17T07:31:14+00:00","description":"Einkauf \u2713 Produktmanagement \u2713 Medienproduktion \u2713 in einem System mit LAGO \u00bb Finden Sie in unseren FAQs\u00a0die passende Antwort.","breadcrumb":{"@id":"https:\/\/www.comosoft.eu\/de\/faq\/#breadcrumb"},"inLanguage":"de-DE","potentialAction":[{"@type":"ReadAction","target":["https:\/\/www.comosoft.eu\/de\/faq\/"]}]},{"@type":"ImageObject","inLanguage":"de-DE","@id":"https:\/\/www.comosoft.eu\/de\/faq\/#primaryimage","url":"https:\/\/www.comosoft.eu\/wp-content\/uploads\/2016\/08\/userphone.jpg","contentUrl":"https:\/\/www.comosoft.eu\/wp-content\/uploads\/2016\/08\/userphone.jpg","width":1500,"height":1000,"caption":"FAQs de Comosoft"},{"@type":"BreadcrumbList","@id":"https:\/\/www.comosoft.eu\/de\/faq\/#breadcrumb","itemListElement":[{"@type":"ListItem","position":1,"name":"Home","item":"https:\/\/www.comosoft.eu\/de\/multichannel-software-loesung-lago-von-comosoft\/"},{"@type":"ListItem","position":2,"name":"FAQ"}]},{"@type":"WebSite","@id":"https:\/\/www.comosoft.eu\/de\/#website","url":"https:\/\/www.comosoft.eu\/de\/","name":"Comosoft","description":"Multichannel Solutions","publisher":{"@id":"https:\/\/www.comosoft.eu\/de\/#organization"},"potentialAction":[{"@type":"SearchAction","target":{"@type":"EntryPoint","urlTemplate":"https:\/\/www.comosoft.eu\/de\/?s={search_term_string}"},"query-input":{"@type":"PropertyValueSpecification","valueRequired":true,"valueName":"search_term_string"}}],"inLanguage":"de-DE"},{"@type":"Organization","@id":"https:\/\/www.comosoft.eu\/de\/#organization","name":"Comosoft GmbH","alternateName":"Multichannel Solutions","url":"https:\/\/www.comosoft.eu\/de\/","logo":{"@type":"ImageObject","inLanguage":"de-DE","@id":"https:\/\/www.comosoft.eu\/de\/#\/schema\/logo\/image\/","url":"https:\/\/www.comosoft.eu\/wp-content\/uploads\/2021\/01\/Comosoft-Logo463.png","contentUrl":"https:\/\/www.comosoft.eu\/wp-content\/uploads\/2021\/01\/Comosoft-Logo463.png","width":1654,"height":337,"caption":"Comosoft GmbH"},"image":{"@id":"https:\/\/www.comosoft.eu\/de\/#\/schema\/logo\/image\/"},"sameAs":["https:\/\/de.linkedin.com\/company\/comosoft?original_referer=httpswww.google.com"]}]}},"_links":{"self":[{"href":"https:\/\/www.comosoft.eu\/de\/wp-json\/wp\/v2\/pages\/1108","targetHints":{"allow":["GET"]}}],"collection":[{"href":"https:\/\/www.comosoft.eu\/de\/wp-json\/wp\/v2\/pages"}],"about":[{"href":"https:\/\/www.comosoft.eu\/de\/wp-json\/wp\/v2\/types\/page"}],"author":[{"embeddable":true,"href":"https:\/\/www.comosoft.eu\/de\/wp-json\/wp\/v2\/users\/103"}],"replies":[{"embeddable":true,"href":"https:\/\/www.comosoft.eu\/de\/wp-json\/wp\/v2\/comments?post=1108"}],"version-history":[{"count":8,"href":"https:\/\/www.comosoft.eu\/de\/wp-json\/wp\/v2\/pages\/1108\/revisions"}],"predecessor-version":[{"id":46964,"href":"https:\/\/www.comosoft.eu\/de\/wp-json\/wp\/v2\/pages\/1108\/revisions\/46964"}],"wp:featuredmedia":[{"embeddable":true,"href":"https:\/\/www.comosoft.eu\/de\/wp-json\/wp\/v2\/media\/7538"}],"wp:attachment":[{"href":"https:\/\/www.comosoft.eu\/de\/wp-json\/wp\/v2\/media?parent=1108"}],"curies":[{"name":"wp","href":"https:\/\/api.w.org\/{rel}","templated":true}]}}